{"id":10595,"date":"2025-07-29T06:53:48","date_gmt":"2025-07-29T06:53:48","guid":{"rendered":"https:\/\/www.largepillow.com\/product\/bean-bag-lounger-sofa-giant-floor-couch-for-adults"},"modified":"2025-07-29T12:28:41","modified_gmt":"2025-07-29T12:28:41","slug":"sedaci-vak-pohovka-obri-podlahova-pohovka-pro-dospele","status":"publish","type":"product","link":"https:\/\/www.largepillow.com\/cs\/product\/bean-bag-lounger-sofa-giant-floor-couch-for-adults","title":{"rendered":"Sedac\u00ed vak \u2013 ob\u0159\u00ed pohovka na podlahu pro dosp\u011bl\u00e9"},"content":{"rendered":"[zc_getpagecontent mb=&#8221;mb_aplus&#8221; apid=&#8221;139&#8243;]\n","protected":false},"excerpt":{"rendered":"<ul>\n<li>Prostorn\u00fd design pro dva (nebo v\u00edce!): Tato nadrozm\u011brn\u00e1 pohovka typu sedac\u00ed vak s rozm\u011bry 167 cm * 137 cm * 43 cm (66\u2033 x 54\u2033 x 17\u2033) pohodln\u011b pojme 2\u20133 dosp\u011bl\u00e9 \u2013 ide\u00e1ln\u00ed pro p\u00e1ry, rodiny nebo p\u0159\u00e1tele. A\u0165 u\u017e je to ob\u00fdvac\u00ed pokoj, lo\u017enice, herna nebo kancel\u00e1\u0159, toto k\u0159eslo do lo\u017enice v\u00e1m poskytne \u00fatuln\u00e9 a pohodln\u00e9 posezen\u00ed, kamkoli ho pot\u0159ebujete.<\/li>\n<li>Ultra pohodln\u00e1 a podp\u016frn\u00e1 v\u00fdpl\u0148: Rozlu\u010dte se s hlu\u010dn\u00fdmi a prov\u011b\u0161en\u00fdmi sedac\u00edmi vaky! Tato pohovka se sedac\u00edm vakem pro dosp\u011bl\u00e9 je vypln\u011bna pr\u00e9miov\u00fdm nad\u00fdchan\u00fdm polyesterov\u00fdm vl\u00e1knem \u2013 nab\u00edz\u00ed lep\u0161\u00ed oporu a vynikaj\u00edc\u00ed tvarovou st\u00e1lost ve srovn\u00e1n\u00ed s tradi\u010dn\u00edmi v\u00fdpln\u011bmi sedac\u00edch vak\u016f. U\u017eijte si ply\u0161ov\u00e9 pohodl\u00ed bez otravn\u00e9ho vrz\u00e1n\u00ed.<\/li>\n<li>Stylov\u00fd upgrade na klasick\u00fd ob\u0159\u00ed sedac\u00ed vak: D\u00edky modern\u00edmu designu a prostorn\u00e9mu sezen\u00ed se nejedn\u00e1 o oby\u010dejn\u00fd sedac\u00ed vak. Unik\u00e1tn\u00ed tvar pohodln\u011b obejme 2\u20133 osoby a vytvo\u0159\u00ed tak soukrom\u00fd z\u00e1\u017eitek z relaxace, odpo\u010dinku a pocitu pln\u00e9 opory.<\/li>\n<li>Luxusn\u011b m\u011bkk\u00e1 ply\u0161ov\u00e1 l\u00e1tka: Tato pohovka s rozkl\u00e1dac\u00edm sedac\u00edm vakem, zabalen\u00e1 v kr\u00e1tk\u00e9 ply\u0161ov\u00e9 l\u00e1tke s \u0161irok\u00fdmi pruhy, je stejn\u011b m\u011bkk\u00e1 jako stylov\u00e1. Texturovan\u00e1 l\u00e1tka nab\u00edz\u00ed v\u00fdjime\u010dnou m\u011bkkost a n\u00e1dech elegance. (Pozn\u00e1mka: M\u016f\u017ee doj\u00edt k minim\u00e1ln\u00edmu olupov\u00e1n\u00ed, ale to neovliv\u0148uje funk\u010dnost ani pohodl\u00ed.)<\/li>\n<li>Snadn\u00e9 nastaven\u00ed a \u00fadr\u017eba: Dod\u00e1v\u00e1no v 1 balen\u00ed pro snadnou p\u0159epravu. Velk\u00fd spodn\u00ed zip umo\u017e\u0148uje snadn\u00e9 sejmut\u00ed a potah lze pr\u00e1t v pra\u010dce pro snadnou \u00fadr\u017ebu.<\/li>\n<\/ul>","protected":false},"featured_media":10582,"comment_status":"open","ping_status":"closed","template":"","meta":[],"product_brand":[],"product_cat":[228],"product_tag":[],"class_list":{"0":"post-10595","1":"product","2":"type-product","3":"status-publish","4":"has-post-thumbnail","6":"product_cat-cushions","8":"first","9":"instock","10":"sold-individually","11":"shipping-taxable","12":"purchasable","13":"product-type-simple"},"_links":{"self":[{"href":"https:\/\/www.largepillow.com\/cs\/wp-json\/wp\/v2\/product\/10595","targetHints":{"allow":["GET"]}}],"collection":[{"href":"https:\/\/www.largepillow.com\/cs\/wp-json\/wp\/v2\/product"}],"about":[{"href":"https:\/\/www.largepillow.com\/cs\/wp-json\/wp\/v2\/types\/product"}],"replies":[{"embeddable":true,"href":"https:\/\/www.largepillow.com\/cs\/wp-json\/wp\/v2\/comments?post=10595"}],"wp:featuredmedia":[{"embeddable":true,"href":"https:\/\/www.largepillow.com\/cs\/wp-json\/wp\/v2\/media\/10582"}],"wp:attachment":[{"href":"https:\/\/www.largepillow.com\/cs\/wp-json\/wp\/v2\/media?parent=10595"}],"wp:term":[{"taxonomy":"product_brand","embeddable":true,"href":"https:\/\/www.largepillow.com\/cs\/wp-json\/wp\/v2\/product_brand?post=10595"},{"taxonomy":"product_cat","embeddable":true,"href":"https:\/\/www.largepillow.com\/cs\/wp-json\/wp\/v2\/product_cat?post=10595"},{"taxonomy":"product_tag","embeddable":true,"href":"https:\/\/www.largepillow.com\/cs\/wp-json\/wp\/v2\/product_tag?post=10595"}],"curies":[{"name":"wp","href":"https:\/\/api.w.org\/{rel}","templated":true}]}}