{"id":11770,"date":"2025-08-19T12:04:29","date_gmt":"2025-08-19T12:04:29","guid":{"rendered":"https:\/\/www.largepillow.com\/product\/side-sleeper-pillow-modular-body-pillow-h-shaped-ergonomic-wedge-pillow"},"modified":"2026-02-03T21:17:01","modified_gmt":"2026-02-03T21:17:01","slug":"polstar-na-spani-na-boku-modularni-telovy-polstar-ergonomicky-klinovy-polstar-ve-tvaru-h","status":"publish","type":"product","link":"https:\/\/www.largepillow.com\/cs\/product\/side-sleeper-pillow-modular-body-pillow-h-shaped-ergonomic-wedge-pillow","title":{"rendered":"Pol\u0161t\u00e1\u0159 na span\u00ed na boku, modul\u00e1rn\u00ed pol\u0161t\u00e1\u0159 na t\u011blo, ergonomick\u00fd kl\u00ednov\u00fd pol\u0161t\u00e1\u0159 ve tvaru H"},"content":{"rendered":"[zc_getpagecontent mb=&#8221;mb_aplus&#8221; apid=&#8221;142&#8243;]\n","protected":false},"excerpt":{"rendered":"<ul>\n<li>Modul\u00e1rn\u00ed design ve tvaru H 4 v 1 \u2013 Obsahuje kl\u00ednovou z\u00e1kladnu, pol\u0161t\u00e1\u0159 na krk a dva bo\u010dn\u00ed pol\u0161t\u00e1\u0159e. Pou\u017e\u00edvejte spole\u010dn\u011b nebo samostatn\u011b dle pot\u0159eby va\u0161\u00ed spac\u00ed polohy a t\u011bla.<\/li>\n<li>Otev\u0159en\u00fd design pro volnost pa\u017e\u00ed \u2013 Nen\u00ed pot\u0159eba \u017e\u00e1dn\u00fd tunel pro pa\u017ee. Umo\u017e\u0148uje voln\u00fd pohyb pa\u017e\u00ed p\u0159i ot\u00e1\u010den\u00ed, sni\u017euje tlak na ramena a zlep\u0161uje pohodl\u00ed p\u0159i span\u00ed na boku.<\/li>\n<li>Pln\u00e1 podpora pro \u00falevu od bolesti \u2013 Ergonomick\u00e1 struktura podporuje krk, z\u00e1da, pas a nohy. Pom\u00e1h\u00e1 zm\u00edrnit bolest zp\u016fsobenou refluxn\u00ed chorobou j\u00edcnu, p\u00e1len\u00edm \u017e\u00e1hy, chr\u00e1p\u00e1n\u00edm a \u0161patn\u00fdm dr\u017een\u00edm t\u011bla.<\/li>\n<li>Prateln\u00fd potah a kvalitn\u00ed v\u00fdpl\u0148 \u2013 Dod\u00e1v\u00e1 se s odn\u00edmateln\u00fdm potahem, kter\u00fd lze pr\u00e1t v pra\u010dce. Vnit\u0159n\u00ed v\u00fdpl\u0148 je m\u011bkk\u00e1, ale z\u00e1rove\u0148 poskytuje dobrou oporu; vnit\u0159n\u00ed j\u00e1dra jsou odn\u00edmateln\u00e1 pro snadn\u00e9 \u010di\u0161t\u011bn\u00ed.<\/li>\n<li>Ergonomick\u00e9 \u0159e\u0161en\u00ed pro span\u00ed \u2013 Navr\u017eeno pro span\u00ed na boku i na z\u00e1dech. Nastaviteln\u00e9 such\u00e9 zipy a p\u0159ekl\u00e1p\u011bc\u00ed kl\u00ednov\u00e1 z\u00e1kladna nab\u00edzej\u00ed flexibiln\u00ed oporu pro lep\u0161\u00ed sp\u00e1nek.<\/li>\n<\/ul>","protected":false},"featured_media":11762,"comment_status":"open","ping_status":"closed","template":"","meta":[],"product_brand":[],"product_cat":[228],"product_tag":[],"class_list":{"0":"post-11770","1":"product","2":"type-product","3":"status-publish","4":"has-post-thumbnail","6":"product_cat-cushions","8":"first","9":"outofstock","10":"sold-individually","11":"shipping-taxable","12":"purchasable","13":"product-type-simple"},"_links":{"self":[{"href":"https:\/\/www.largepillow.com\/cs\/wp-json\/wp\/v2\/product\/11770","targetHints":{"allow":["GET"]}}],"collection":[{"href":"https:\/\/www.largepillow.com\/cs\/wp-json\/wp\/v2\/product"}],"about":[{"href":"https:\/\/www.largepillow.com\/cs\/wp-json\/wp\/v2\/types\/product"}],"replies":[{"embeddable":true,"href":"https:\/\/www.largepillow.com\/cs\/wp-json\/wp\/v2\/comments?post=11770"}],"wp:featuredmedia":[{"embeddable":true,"href":"https:\/\/www.largepillow.com\/cs\/wp-json\/wp\/v2\/media\/11762"}],"wp:attachment":[{"href":"https:\/\/www.largepillow.com\/cs\/wp-json\/wp\/v2\/media?parent=11770"}],"wp:term":[{"taxonomy":"product_brand","embeddable":true,"href":"https:\/\/www.largepillow.com\/cs\/wp-json\/wp\/v2\/product_brand?post=11770"},{"taxonomy":"product_cat","embeddable":true,"href":"https:\/\/www.largepillow.com\/cs\/wp-json\/wp\/v2\/product_cat?post=11770"},{"taxonomy":"product_tag","embeddable":true,"href":"https:\/\/www.largepillow.com\/cs\/wp-json\/wp\/v2\/product_tag?post=11770"}],"curies":[{"name":"wp","href":"https:\/\/api.w.org\/{rel}","templated":true}]}}