{"id":1209,"date":"2022-09-19T03:31:40","date_gmt":"2022-09-19T03:31:40","guid":{"rendered":"https:\/\/www.largepillow.com\/product\/back-support-pillow"},"modified":"2025-12-11T13:44:46","modified_gmt":"2025-12-11T13:44:46","slug":"velka-postel-podhlavnik-polstar","status":"publish","type":"product","link":"https:\/\/www.largepillow.com\/cs\/product\/large-bed-bolster-pillow","title":{"rendered":"Pol\u0161t\u00e1\u0159 s velkou postel\u00ed"},"content":{"rendered":"<p>Najd\u011bte perfektn\u00ed pol\u0161t\u00e1\u0159 na \u010dten\u00ed s velkou podlo\u017ekou postele<\/p>\n<p>Pokud r\u00e1di \u010dtete, d\u00edv\u00e1te se na televizi nebo pracujete v posteli, ale pot\u0159ebujete dal\u0161\u00ed oporu zad, pol\u0161t\u00e1\u0159 s podp\u011brou na velkou postel je perfektn\u00edm \u0159e\u0161en\u00edm. Tento obd\u00e9ln\u00edkov\u00fd pol\u0161t\u00e1\u0159 poskytuje nastavitelnou bedern\u00ed podporu, tak\u017ee m\u016f\u017eete pohodln\u011b sed\u011bt v posteli. <\/p>\n<p>Pol\u0161t\u00e1\u0159 je vyroben z m\u011bkk\u00e9ho, pru\u017en\u00e9ho mikro polyesterov\u00e9ho vl\u00e1kna, udr\u017euje si sv\u016fj tvar a z\u00e1rove\u0148 se p\u0159izp\u016fsob\u00ed va\u0161emu t\u011blu. Dvoucestn\u00fd zip tak\u00e9 usnad\u0148uje sund\u00e1n\u00ed odn\u00edmateln\u00e9ho sametov\u00e9ho potahu a jeho pran\u00ed v pra\u010dce. Se sv\u00fdmi v\u0161\u00edvan\u00fdmi knofl\u00edky a \u010dist\u011b lemovan\u00fdmi okraji prop\u016fj\u010duje tento pol\u0161t\u00e1\u0159 jednoduchou eleganci jak\u00e9mukoli dekoru lo\u017enice. <\/p>\n<p>Z\u00e1kazn\u00edci r\u00e1di pou\u017e\u00edvaj\u00ed tento v\u0161estrann\u00fd pol\u0161t\u00e1\u0159 n\u011bkolika zp\u016fsoby:<\/p>\n<p>\u201eP\u016fvodn\u011b jsem si ho koupila jako pol\u0161t\u00e1\u0159 na \u010dten\u00ed, ale je tak pohodln\u00fd, \u017ee ho nakonec pou\u017e\u00edv\u00e1m, i kdy\u017e ne\u010dtu. Je to perfektn\u00ed pol\u0161t\u00e1\u0159 na op\u011bradlo, a\u0165 u\u017e pracuji na sv\u00e9m notebooku v posteli nebo jen relaxuji u televize.\u201c<\/p>\n<p>\u201eJako t\u011bhotensk\u00fd pol\u0161t\u00e1\u0159 byl dostate\u010dn\u011b nastaviteln\u00fd, aby mi podep\u0159el z\u00e1da nebo se ve\u0161el pod b\u0159icho. A te\u010f, kdy\u017e koj\u00edm, je st\u00e1le u\u017eite\u010dn\u00e9, kdy\u017e se posad\u00edm za mnou, kdy\u017e sed\u00edm v posteli.\u201c  <\/p>\n<p>&quot;Tohle je skv\u011bl\u00fd bedern\u00ed op\u011brn\u00fd pol\u0161t\u00e1\u0159 po m\u00e9 operaci.&quot; Mohu upravit p\u016fdu a kdy\u017e se zotav\u00edm, z\u016fstane za m\u00fdmi z\u00e1dy.\u201c<\/p>\n<p>D\u00edky \u0161esti dostupn\u00fdm velikostem si ur\u010dit\u011b najdete ide\u00e1ln\u00ed rozm\u011bry pro va\u0161e pot\u0159eby. Ceny se pohybuj\u00ed od $XX.XX-$XX.XX v z\u00e1vislosti na velikosti. Vneste do sv\u00e9 lo\u017enice pohodl\u00ed a styl bez n\u00e1mahy s v\u0161estrannou podporou pol\u0161t\u00e1\u0159e Large Bed Bolster Pillow.<\/p>","protected":false},"excerpt":{"rendered":"<ul>\n<li><strong>PERFEKTN\u00cd POL\u0160T\u00c1\u0158 NA \u010cTEN\u00cd:<\/strong> D\u00edky pol\u0161t\u00e1\u0159i obd\u00e9ln\u00edkov\u00e9ho tvaru tento pohodln\u00fd pol\u0161t\u00e1\u0159 na \u010dten\u00ed u postele perfektn\u011b poskytuje m\u011bkkou oporu zad jako bedern\u00ed pol\u0161t\u00e1\u0159, kdy\u017e sed\u00edte na posteli a \u010dtete si, sledujete televizi, prohl\u00ed\u017e\u00edte telefon, surfujete na tabletu, hrajete video hry, cvi\u010d\u00edte j\u00f3gu, koj\u00edte a odpo\u010d\u00edv\u00e1te. po operaci.<\/li>\n<li><strong>POHODLN\u00dd T\u011aLOV\u00dd POL\u0160T\u00c1\u0158:<\/strong> Jako velk\u00fd t\u011blov\u00fd pol\u0161t\u00e1\u0159 nahrad\u00ed v\u0161echny b\u011b\u017en\u00e9 pol\u0161t\u00e1\u0159e na l\u016f\u017eko nebo bedern\u00ed pol\u0161t\u00e1\u0159e, vytv\u00e1\u0159\u00ed v\u00edce poloh jako polohovac\u00ed pol\u0161t\u00e1\u0159 pro podporu zad, ramen, p\u00e1te\u0159e, \u017ealudku, nohou a umo\u017e\u0148uje va\u0161im sval\u016fm z\u016fstat uvoln\u011bn\u00e9. Podporuje vyrovnanou p\u00e1te\u0159 pro ka\u017ed\u00e9ho sp\u00e1\u010de, a\u0165 u\u017e pot\u0159ebujete \u010daloun\u011bn\u00fd pol\u0161t\u00e1\u0159 na op\u011brku postele nebo velk\u00fd pol\u0161t\u00e1\u0159 na podporu zad, pokud pot\u0159ebujete v\u00edce \u010di m\u00e9n\u011b podkrov\u00ed. M\u016f\u017eete jej tak\u00e9 pou\u017e\u00edt jako t\u011bhotensk\u00fd pol\u0161t\u00e1\u0159, kter\u00fd poskytuje podporu r\u016fzn\u00fdm \u010d\u00e1stem t\u011bla a uvol\u0148uje t\u011bhotn\u00e9 bolesti.<\/li>\n<li><strong>ORIGIN\u00c1LN\u011a NAVR\u017dENO S VYSOKOU KVALITOU MATERI\u00c1L\u016e:<\/strong> Obd\u00e9ln\u00edkov\u00fd pol\u0161t\u00e1\u0159 na \u010dten\u00ed je dod\u00e1v\u00e1n s trojrozm\u011brn\u00fdmi pruhy, l\u00e1tkov\u00fdmi knofl\u00edky a pln\u011b lemovan\u00e9 okraje jsou velmi odli\u0161uj\u00edc\u00ed od v\u0161ech ostatn\u00edch b\u011b\u017en\u00fdch pol\u0161t\u00e1\u0159\u016f na op\u011bradlo. I kdy\u017e je dekorativn\u00ed pol\u0161t\u00e1\u0159 s op\u011brkou zad m\u011bkk\u00fd, st\u00e1le si zachov\u00e1v\u00e1 sv\u016fj podp\u016frn\u00fd tvar d\u00edky pln\u00e9mu vyu\u017eit\u00ed v\u00fdhod pru\u017en\u00e9 a flexibiln\u00ed v\u00fdpln\u011b z mikro polyesterov\u00fdch vl\u00e1ken. Dvoucestn\u00fd zip pol\u0161t\u00e1\u0159e u postele, kter\u00fd je velmi pevn\u00fd a odoln\u00fd pro dlouhodob\u00e9 pou\u017e\u00edv\u00e1n\u00ed.<\/li>\n<li><strong>KR\u00c1SN\u00dd LO\u010cN\u00cd DEKORATIVN\u00cd POL\u0160T\u00c1\u0158:<\/strong> Pokud pot\u0159ebujete rychl\u00e9 a snadn\u00e9 \u010delo, tento \u010daloun\u011bn\u00fd pol\u0161t\u00e1\u0159 na \u010dten\u00ed m\u016f\u017ee b\u00fdt pou\u017eit jako alternativn\u00ed n\u00e1hrada a z\u00e1rove\u0148 je kr\u00e1snou dekorac\u00ed postele. Jeho elegantn\u00ed design dod\u00e1 va\u0161\u00ed lo\u017enici p\u0159\u00edjemn\u00fd v\u00fdhled. D\u00edky sv\u00e9mu atraktivn\u00edmu vzhledu je tato origin\u00e1ln\u00ed podlo\u017eka op\u011bradla postele nastaviteln\u00e1 pro lo\u017enici, hotel, nemocnici, sedadlo u okna, pohovku, pohovku, v\u00e1lendu, patrovou postel, postel na koleji, postel na plo\u0161in\u011b.<\/li>\n<li><strong>SN\u00cdMATELN\u00dd POTAH BEDERN\u00cdHO POL\u0160T\u00c1\u0158E A SNADN\u00c9 PRAN\u00cd:<\/strong> Povlak pol\u0161t\u00e1\u0159e na op\u011brku postele m\u016f\u017eete snadno sejmout otev\u0159en\u00edm zipu a uvoln\u011bn\u00edm knofl\u00edk\u016f z povlaku pol\u0161t\u00e1\u0159e na \u010dten\u00ed a nechat jej vyprat v pra\u010dce.<\/li>\n<li><strong>Tkanina:<\/strong> Samet (100% Polyester).<\/li>\n<li><strong>Velikost:<\/strong> 100x50x8cm (3 tla\u010d\u00edtka), 120x50x8cm (4 tla\u010d\u00edtka), 140x50x8cm (4 tla\u010d\u00edtka), 160x50x8cm (5 tla\u010d\u00edtek), 180x50x8cm (6 tla\u010d\u00edtek), 200x50x8cm (7 tla\u010d\u00edtek)<\/li>\n<\/ul>","protected":false},"featured_media":1194,"comment_status":"open","ping_status":"closed","template":"","meta":[],"product_brand":[],"product_cat":[28],"product_tag":[117,60,116,115,114,79,118,59,119,120],"class_list":{"0":"post-1209","1":"product","2":"type-product","3":"status-publish","4":"has-post-thumbnail","6":"product_cat-large-body-pillow","7":"product_tag-back-support-cushion","8":"product_tag-backrest-pillow","9":"product_tag-bed-rest","10":"product_tag-comfortable-body-pillow","11":"product_tag-large-bed-bolster-pillow","12":"product_tag-lumbar-pillow","13":"product_tag-pregnancy-pillow","14":"product_tag-reading-pillow","15":"product_tag-rectangular-reading-pillow","16":"product_tag-velvet-pillow","18":"first","19":"instock","20":"featured","21":"shipping-taxable","22":"purchasable","23":"product-type-variable"},"_links":{"self":[{"href":"https:\/\/www.largepillow.com\/cs\/wp-json\/wp\/v2\/product\/1209","targetHints":{"allow":["GET"]}}],"collection":[{"href":"https:\/\/www.largepillow.com\/cs\/wp-json\/wp\/v2\/product"}],"about":[{"href":"https:\/\/www.largepillow.com\/cs\/wp-json\/wp\/v2\/types\/product"}],"replies":[{"embeddable":true,"href":"https:\/\/www.largepillow.com\/cs\/wp-json\/wp\/v2\/comments?post=1209"}],"wp:featuredmedia":[{"embeddable":true,"href":"https:\/\/www.largepillow.com\/cs\/wp-json\/wp\/v2\/media\/1194"}],"wp:attachment":[{"href":"https:\/\/www.largepillow.com\/cs\/wp-json\/wp\/v2\/media?parent=1209"}],"wp:term":[{"taxonomy":"product_brand","embeddable":true,"href":"https:\/\/www.largepillow.com\/cs\/wp-json\/wp\/v2\/product_brand?post=1209"},{"taxonomy":"product_cat","embeddable":true,"href":"https:\/\/www.largepillow.com\/cs\/wp-json\/wp\/v2\/product_cat?post=1209"},{"taxonomy":"product_tag","embeddable":true,"href":"https:\/\/www.largepillow.com\/cs\/wp-json\/wp\/v2\/product_tag?post=1209"}],"curies":[{"name":"wp","href":"https:\/\/api.w.org\/{rel}","templated":true}]}}