{"id":1249,"date":"2022-09-19T05:36:49","date_gmt":"2022-09-19T05:36:49","guid":{"rendered":"https:\/\/www.largepillow.com\/product\/back-cushion-for-bed"},"modified":"2025-06-07T09:27:52","modified_gmt":"2025-06-07T09:27:52","slug":"polstar-na-cteni","status":"publish","type":"product","link":"https:\/\/www.largepillow.com\/cs\/product\/reading-cushion","title":{"rendered":"Pol\u0161t\u00e1\u0159 na \u010dten\u00ed"},"content":{"rendered":"<p>Pol\u0161t\u00e1\u0159 na \u010dten\u00ed \u2013 v\u00e1\u0161 nov\u00fd obl\u00edben\u00fd dopln\u011bk do va\u0161eho \u00fatuln\u00e9ho koutku na \u010dten\u00ed!<\/p>\n<p>Tento pohodln\u00fd a podp\u016frn\u00fd kl\u00ednov\u00fd pol\u0161t\u00e1\u0159 je vyroben z pr\u00e9miov\u00e9 polyesterov\u00e9 v\u00fdpln\u011b a vysoce kvalitn\u00ed sametov\u00e9 tkaniny, kter\u00e1 zaji\u0161\u0165uje m\u011bkk\u00fd, odoln\u00fd a pohodln\u00fd z\u00e1\u017eitek. Je ide\u00e1ln\u00ed pro poskytov\u00e1n\u00ed stabiln\u00ed podpory zad p\u0159i \u010dten\u00ed, odpo\u010dinku nebo sledov\u00e1n\u00ed televize na posteli nebo pohovce.<\/p>\n<p>\u010ctec\u00ed pol\u0161t\u00e1\u0159ek je nastaviteln\u00fd kl\u00ednov\u00fd pol\u0161t\u00e1\u0159 vybaven\u00fd mal\u00fdm rolovac\u00edm pol\u0161t\u00e1\u0159em, kter\u00fd lze um\u00edstit tam, kde ho pot\u0159ebujete. Pom\u00e1h\u00e1 udr\u017eet va\u0161e z\u00e1da rovn\u00e1, abyste neklesali a vede ke zlep\u0161en\u00ed dr\u017een\u00ed t\u011bla a pohodln\u011bj\u0161\u00edmu z\u00e1\u017eitku. Povlak pol\u0161t\u00e1\u0159e je sn\u00edmateln\u00fd a prateln\u00fd a na boku jsou dv\u011b mal\u00e9 kapsy pro ulo\u017een\u00ed drobnost\u00ed, jako je telefon nebo d\u00e1lkov\u00e9 ovl\u00e1d\u00e1n\u00ed.<\/p>\n<p>Tento pol\u0161t\u00e1\u0159 je ergonomicky navr\u017een tak, aby poskytoval vynikaj\u00edc\u00ed oporu zad, co\u017e m\u016f\u017ee p\u0159edch\u00e1zet a zm\u00edr\u0148ovat bedern\u00ed a cervik\u00e1ln\u00ed onemocn\u011bn\u00ed a uvol\u0148ovat bolesti zad. Velk\u00fd op\u011brn\u00fd pol\u0161t\u00e1\u0159 odpov\u00edd\u00e1 ergonomick\u00e9mu designu a poskytuje pohodlnou oporu pro pas, z\u00e1da a krk.<\/p>\n<p>\u010ctec\u00ed pol\u0161t\u00e1\u0159ek je v\u0161estrann\u00fd, tak\u017ee je ide\u00e1ln\u00ed pro pou\u017eit\u00ed na posteli, pohovce, k\u0159esle nebo pohovce. Je to skv\u011bl\u00fd d\u00e1rek pro sebe, p\u0159\u00e1tele nebo rodinu.<\/p>\n<p>Tento podp\u016frn\u00fd pol\u0161t\u00e1\u0159 se snadno \u010dist\u00ed a m\u00e1 design zap\u00edn\u00e1n\u00ed na zip, d\u00edky kter\u00e9mu lze pouzdro snadno vyjmout a pr\u00e1t v pra\u010dce.<\/p>\n<p>Neberte n\u00e1s za slovo, zde jsou koment\u00e1\u0159e na\u0161ich spokojen\u00fdch z\u00e1kazn\u00edk\u016f:<\/p>\n<p>\u201eMiluji sv\u016fj pol\u0161t\u00e1\u0159 na \u010dten\u00ed! Pom\u00e1h\u00e1 mi sed\u011bt vzp\u0159\u00edmen\u011b a zabra\u0148uje mi, abych se p\u0159i \u010dten\u00ed sesul. Kapsy jsou ide\u00e1ln\u00ed pro ulo\u017een\u00ed m\u00e9ho telefonu nebo d\u00e1lkov\u00e9ho ovl\u00e1d\u00e1n\u00ed.&quot; \u2013 Emily.<\/p>\n<p>\u201eTkanina Velvet je tak m\u011bkk\u00e1 a pol\u0161t\u00e1\u0159 je velmi podp\u016frn\u00fd. V\u0159ele doporu\u010duji Pol\u0161t\u00e1\u0159 na \u010dten\u00ed ka\u017ed\u00e9mu, kdo hled\u00e1 pohodln\u00e9 \u010dten\u00ed.\u201c \u2013 Jacku.<\/p>\n<p>\u201eToto je pro m\u016fj \u010dten\u00e1\u0159sk\u00fd z\u00e1\u017eitek z\u00e1sadn\u00ed zm\u011bna. Je to tak pohodln\u00e9 a podpora, kterou poskytuje m\u00fdm z\u00e1d\u016fm, je \u00fa\u017easn\u00e1. Jsem tak r\u00e1d, \u017ee jsem na\u0161el tento produkt!\u201d \u2013 Sarah.<\/p>\n<p>Na co \u010dek\u00e1\u0161? Vezm\u011bte si do rukou pol\u0161t\u00e1\u0159 na \u010dten\u00ed a posu\u0148te sv\u016fj z\u00e1\u017eitek ze \u010dten\u00ed na dal\u0161\u00ed \u00farove\u0148!<\/p>","protected":false},"excerpt":{"rendered":"<ul>\n<li><strong>Kvalifikovan\u00fd kl\u00ednov\u00fd pol\u0161t\u00e1\u0159:<\/strong> Tento pol\u0161t\u00e1\u0159 na kl\u00ednku je vycpan\u00fd prvot\u0159\u00eddn\u00edm polyesterov\u00fdm vl\u00e1knem, aby poskytoval stabiln\u00ed oporu zad a abyste se c\u00edtili pohodln\u011b p\u0159i \u010dten\u00ed, odpo\u010dinku, sledov\u00e1n\u00ed televize na posteli nebo pohovce. Vysoce kvalitn\u00ed sametov\u00e1 l\u00e1tka je na dotek velmi m\u011bkk\u00e1, odoln\u00e1 a nelze ji snadno deformovat nebo \u017emolkovat.<\/li>\n<li><strong>Nastaviteln\u00fd kl\u00ednov\u00fd pol\u0161t\u00e1\u0159:<\/strong> H\u00e1zac\u00ed pol\u0161t\u00e1\u0159 je dod\u00e1v\u00e1n s mal\u00fdm rolovac\u00edm pol\u0161t\u00e1\u0159em. D\u00e1 se upravit, jak pot\u0159ebujete. Pom\u00e1h\u00e1 udr\u017eet rovn\u00e1 z\u00e1da, abyste neklesli. Povlak pol\u0161t\u00e1\u0159e na \u010dten\u00ed je sn\u00edmateln\u00fd a prateln\u00fd. Na boku jsou 2 mal\u00e9 kapsi\u010dky pro ulo\u017een\u00ed drobn\u00fdch d\u00edl\u016f, jako je pero, mobiln\u00ed telefon, TV d\u00e1lkov\u00e9 ovl\u00e1d\u00e1n\u00ed atd.<\/li>\n<li><strong>Skv\u011bl\u00e1 podpora zad:<\/strong> Velk\u00fd op\u011brn\u00fd pol\u0161t\u00e1\u0159 odpov\u00edd\u00e1 ergonomick\u00e9mu designu, kter\u00fd m\u016f\u017ee poskytnout v\u011bdeckou podporu zad a zlep\u0161it dr\u017een\u00ed t\u011bla. Tyto pol\u0161t\u00e1\u0159e na pohovku poskytuj\u00ed pohodlnou oporu pro pas, z\u00e1da a krk. M\u016f\u017ee tak\u00e9 p\u0159edch\u00e1zet a zm\u00edr\u0148ovat onemocn\u011bn\u00ed bedern\u00ed a kr\u010dn\u00ed p\u00e1te\u0159e a uvol\u0148ovat bolesti zad.<\/li>\n<li><strong>\u0160irok\u00e1 \u0161k\u00e1la pou\u017eit\u00ed:<\/strong> Kl\u00ednov\u00fd pol\u0161t\u00e1\u0159 m\u016f\u017ee poskytnout r\u016fzn\u00e9 vyu\u017eit\u00ed, co\u017e je velmi vhodn\u00e9 pro pou\u017eit\u00ed na posteli, pohovce, k\u0159esle a gau\u010di. Perfektn\u00ed d\u00e1rek pro sebe, p\u0159\u00e1tele nebo rodinu.<\/li>\n<li><strong>Snadno se \u010dist\u00ed:<\/strong> Tento podp\u016frn\u00fd pol\u0161t\u00e1\u0159 se vyzna\u010duje zap\u00edn\u00e1n\u00edm na zip, aby bylo pouzdro snadno vyj\u00edmateln\u00e9 a prateln\u00e9 v pra\u010dce.<\/li>\n<li><strong>Tkanina:<\/strong> Samet (100% Polyester).<\/li>\n<li><strong>Velikost:<\/strong>\u00a0Rozm\u011bry 60 x 50 x 22 cm.<\/li>\n<\/ul>","protected":false},"featured_media":1239,"comment_status":"open","ping_status":"closed","template":"","meta":[],"product_brand":[],"product_cat":[29],"product_tag":[92,60,108,101,110,109,106,59,107,65],"class_list":{"0":"post-1249","1":"product","2":"type-product","3":"status-publish","4":"has-post-thumbnail","6":"product_cat-large-reading-pillow","7":"product_tag-adjustable-wedge-pillow","8":"product_tag-backrest-pillow","9":"product_tag-bed-cushion","10":"product_tag-chair-cushion","11":"product_tag-couch-cushion","12":"product_tag-daybed-cushion","13":"product_tag-reading-cushion","14":"product_tag-reading-pillow","15":"product_tag-sofa-cushion","16":"product_tag-wedge-pillow","18":"first","19":"outofstock","20":"shipping-taxable","21":"purchasable","22":"product-type-simple"},"_links":{"self":[{"href":"https:\/\/www.largepillow.com\/cs\/wp-json\/wp\/v2\/product\/1249","targetHints":{"allow":["GET"]}}],"collection":[{"href":"https:\/\/www.largepillow.com\/cs\/wp-json\/wp\/v2\/product"}],"about":[{"href":"https:\/\/www.largepillow.com\/cs\/wp-json\/wp\/v2\/types\/product"}],"replies":[{"embeddable":true,"href":"https:\/\/www.largepillow.com\/cs\/wp-json\/wp\/v2\/comments?post=1249"}],"wp:featuredmedia":[{"embeddable":true,"href":"https:\/\/www.largepillow.com\/cs\/wp-json\/wp\/v2\/media\/1239"}],"wp:attachment":[{"href":"https:\/\/www.largepillow.com\/cs\/wp-json\/wp\/v2\/media?parent=1249"}],"wp:term":[{"taxonomy":"product_brand","embeddable":true,"href":"https:\/\/www.largepillow.com\/cs\/wp-json\/wp\/v2\/product_brand?post=1249"},{"taxonomy":"product_cat","embeddable":true,"href":"https:\/\/www.largepillow.com\/cs\/wp-json\/wp\/v2\/product_cat?post=1249"},{"taxonomy":"product_tag","embeddable":true,"href":"https:\/\/www.largepillow.com\/cs\/wp-json\/wp\/v2\/product_tag?post=1249"}],"curies":[{"name":"wp","href":"https:\/\/api.w.org\/{rel}","templated":true}]}}