{"id":13105,"date":"2025-09-04T01:20:12","date_gmt":"2025-09-04T01:20:12","guid":{"rendered":"https:\/\/www.largepillow.com\/product\/ergonomic-zero-gravity-bean-bag-lounge-chair-curved-floor-sofa"},"modified":"2025-09-04T01:29:19","modified_gmt":"2025-09-04T01:29:19","slug":"ergonomicke-kreslo-s-nulovou-gravitaci-sedaci-vak-zakrivena-podlahova-pohovka","status":"publish","type":"product","link":"https:\/\/www.largepillow.com\/cs\/product\/ergonomic-zero-gravity-bean-bag-lounge-chair-curved-floor-sofa","title":{"rendered":"Ergonomick\u00e9 k\u0159eslo s nulovou gravitac\u00ed, sedac\u00ed vak, zak\u0159iven\u00e1 podlahov\u00e1 pohovka"},"content":{"rendered":"[zc_getpagecontent mb=&#8221;mb_aplus&#8221; apid=&#8221;143&#8243;]\n","protected":false},"excerpt":{"rendered":"<ul>\n<li>Ergonomick\u00e9 k\u0159ivky inspirovan\u00e9 nulovou gravitac\u00ed: Tato unik\u00e1tn\u011b zak\u0159iven\u00e1 pohovka, navr\u017een\u00e1 tak, aby napodobovala p\u0159irozen\u00e9 dr\u017een\u00ed t\u011bla v nulov\u00e9 gravitaci, nab\u00edz\u00ed c\u00edlenou oporu krku, pasu a nohou \u2013 podporuje tak relaxaci cel\u00e9ho t\u011bla a vyrovn\u00e1n\u00ed p\u00e1te\u0159e.<\/li>\n<li>Prody\u0161n\u00e1 3D ply\u0161ov\u00e1 l\u00e1tka: Povrch pota\u017een\u00fd m\u011bkkou, kr\u00e1tkou 3D ply\u0161ovou l\u00e1tkou je ply\u0161ov\u00fd, ale z\u00e1rove\u0148 prody\u0161n\u00fd, v l\u00e9t\u011b v\u00e1s udr\u017e\u00ed v chladu a v zim\u011b v \u00fatuln\u00e9m prost\u0159ed\u00ed. K dispozici v z\u00e1\u0159iv\u011b b\u00edl\u00e9 a sv\u011b\u017e\u00ed zelen\u00e9 barv\u011b, dod\u00e1 modern\u00ed n\u00e1dech ka\u017ed\u00e9mu obytn\u00e9mu prostoru, od minimalistick\u00e9ho a\u017e po boh\u00e9msk\u00fd styl.<\/li>\n<li>Perfektn\u00ed velikost pro v\u0161estrann\u00e9 prostory: S rozm\u011bry 175 cm (d\u00e9lka) \u00d7 84 cm (\u0161\u00ed\u0159ka) s maxim\u00e1ln\u00ed v\u00fd\u0161kou 54 cm, v\u00fd\u0161kou v pase 24 cm a v\u00fd\u0161kou v nohou 39 cm se bez probl\u00e9m\u016f hod\u00ed do ob\u00fdvac\u00edch pokoj\u016f, lo\u017enic nebo \u010dten\u00e1\u0159sk\u00fdch koutk\u016f. Je kompaktn\u00ed, ale dostate\u010dn\u011b prostorn\u00e1 pro pohodln\u00e9 posezen\u00ed 1\u20132 osob.<\/li>\n<li>Pohovka je vypln\u011bna vysoce kvalitn\u00ed PP bavlnou a nab\u00edz\u00ed dokonalou rovnov\u00e1hu mezi m\u011bkkost\u00ed a oporou. Snadno p\u0159id\u00e1te nebo odeberete v\u00fdpl\u0148 podle po\u017eadovan\u00e9 tvrdosti \u2013 a\u0165 u\u017e m\u00e1te r\u00e1di pocit propadnut\u00ed nebo pevn\u011bj\u0161\u00ed oporu, p\u0159izp\u016fsob\u00ed se va\u0161im zvyklostem.<\/li>\n<li>C\u00edlen\u00e1 \u00faleva pro bedern\u00ed p\u00e1te\u0159 s hlubokou podporou kontur: Navr\u017een\u00e1 zapu\u0161t\u011bn\u00e1 bedern\u00ed z\u00f3na (v\u00fd\u0161ka 25 cm) podp\u00edr\u00e1 spodn\u00ed \u010d\u00e1st zad a zm\u00edr\u0148uje nam\u00e1h\u00e1n\u00ed p\u00e1te\u0159e. A\u0165 u\u017e si zd\u0159\u00edmnete, \u010dtete nebo se budete d\u00edvat na filmy, za\u017eijte ergonomick\u00e9 pohodl\u00ed, kter\u00e9 se v\u00e1m p\u0159izp\u016fsob\u00ed.<\/li>\n<\/ul>","protected":false},"featured_media":13091,"comment_status":"open","ping_status":"closed","template":"","meta":[],"product_brand":[],"product_cat":[228],"product_tag":[],"class_list":{"0":"post-13105","1":"product","2":"type-product","3":"status-publish","4":"has-post-thumbnail","6":"product_cat-cushions","8":"first","9":"instock","10":"sold-individually","11":"shipping-taxable","12":"purchasable","13":"product-type-simple"},"_links":{"self":[{"href":"https:\/\/www.largepillow.com\/cs\/wp-json\/wp\/v2\/product\/13105","targetHints":{"allow":["GET"]}}],"collection":[{"href":"https:\/\/www.largepillow.com\/cs\/wp-json\/wp\/v2\/product"}],"about":[{"href":"https:\/\/www.largepillow.com\/cs\/wp-json\/wp\/v2\/types\/product"}],"replies":[{"embeddable":true,"href":"https:\/\/www.largepillow.com\/cs\/wp-json\/wp\/v2\/comments?post=13105"}],"wp:featuredmedia":[{"embeddable":true,"href":"https:\/\/www.largepillow.com\/cs\/wp-json\/wp\/v2\/media\/13091"}],"wp:attachment":[{"href":"https:\/\/www.largepillow.com\/cs\/wp-json\/wp\/v2\/media?parent=13105"}],"wp:term":[{"taxonomy":"product_brand","embeddable":true,"href":"https:\/\/www.largepillow.com\/cs\/wp-json\/wp\/v2\/product_brand?post=13105"},{"taxonomy":"product_cat","embeddable":true,"href":"https:\/\/www.largepillow.com\/cs\/wp-json\/wp\/v2\/product_cat?post=13105"},{"taxonomy":"product_tag","embeddable":true,"href":"https:\/\/www.largepillow.com\/cs\/wp-json\/wp\/v2\/product_tag?post=13105"}],"curies":[{"name":"wp","href":"https:\/\/api.w.org\/{rel}","templated":true}]}}