{"id":1323,"date":"2022-09-19T06:02:03","date_gmt":"2022-09-19T06:02:03","guid":{"rendered":"https:\/\/www.largepillow.com\/product\/reading-wedges"},"modified":"2024-10-03T16:31:26","modified_gmt":"2024-10-03T16:31:26","slug":"cteci-kliny","status":"publish","type":"product","link":"https:\/\/www.largepillow.com\/cs\/product\/reading-wedges\/","title":{"rendered":"\u010cten\u00ed Wedges"},"content":{"rendered":"<p>Jste knihomol, kter\u00fd si r\u00e1d \u010dte v posteli, ale trp\u00ed nepohodl\u00edm a bolestmi kv\u016fli \u0161patn\u00e9mu dr\u017een\u00ed t\u011bla? Pokud ano, m\u00e1me pro v\u00e1s perfektn\u00ed \u0159e\u0161en\u00ed \u2013 Reading Wedges!<\/p>\n<p>Tento ergonomick\u00fd pol\u0161t\u00e1\u0159 je navr\u017een tak, aby poskytoval oporu a odpru\u017een\u00ed doln\u00ed a horn\u00ed \u010d\u00e1sti zad, krku a ramen a zajistil tak, \u017ee m\u016f\u017eete v posteli \u010d\u00edst v ergonomick\u00e9 poloze. Pol\u0161t\u00e1\u0159 je m\u011bkk\u00fd a pohodln\u00fd a p\u0159itom dostate\u010dn\u011b pevn\u00fd, aby si zachoval sv\u016fj tvar a poskytoval dostate\u010dnou oporu.<\/p>\n<p>Povlak na kl\u00ednov\u00fd pol\u0161t\u00e1\u0159 je vyroben z kvalitn\u00ed pl\u00e1t\u011bn\u00e9 tkaniny, kter\u00e1 je odoln\u00e1 a m\u00e1 v\u00fdbornou prody\u0161nost. Vnit\u0159n\u00ed j\u00e1dro je vypln\u011bno vysoce elastick\u00fdm polyesterov\u00fdm vl\u00e1knem, kter\u00e9 zaji\u0161\u0165uje, \u017ee se pol\u0161t\u00e1\u0159 nesbort\u00ed a dr\u017e\u00ed tvar. Povlak pol\u0161t\u00e1\u0159e je tak\u00e9 sn\u00edmateln\u00fd a prateln\u00fd v pra\u010dce, tak\u017ee se snadno \u010dist\u00ed a udr\u017euje.<\/p>\n<p>Zak\u0159iven\u00fd tvar pol\u0161t\u00e1\u0159e je ide\u00e1ln\u00ed pro udr\u017een\u00ed ur\u010dit\u00fdch \u010d\u00e1st\u00ed t\u011bla ve zvednut\u00e9 poloze, co\u017e je u\u017eite\u010dn\u00e9 p\u0159i zm\u00edr\u0148ov\u00e1n\u00ed zdravotn\u00edch stav\u016f, jako je chr\u00e1p\u00e1n\u00ed nebo kysel\u00fd reflux. T\u011bhotn\u00e9 \u017eeny jej mohou pou\u017e\u00edvat k udr\u017een\u00ed polohy p\u0159i sp\u00e1nku na boku nebo jako bedern\u00ed pol\u0161t\u00e1\u0159 pro sn\u00ed\u017een\u00ed bedern\u00edho tlaku. M\u016f\u017eete jej tak\u00e9 pou\u017e\u00edt na pohovce nebo podlaze, d\u00edky \u010demu\u017e je multifunk\u010dn\u00ed.<\/p>\n<p>Reading Wedges se dod\u00e1vaj\u00ed v r\u016fzn\u00fdch proveden\u00edch, v\u010detn\u011b \u201elesn\u00ed hudby\u201c, \u201estar\u00fdch novin\u201c, \u201emodr\u00e9ho mot\u00fdla\u201c a \u201evelbloud\u00ed mapy\u201c. D\u00edky t\u011bmto z\u00e1\u0159iv\u00fdm barv\u00e1m m\u016f\u017eete naj\u00edt takovou, kter\u00e1 rezonuje s va\u0161\u00ed osobnost\u00ed a dod\u00e1 va\u0161\u00ed lo\u017enici \u0161mrnc. Je to perfektn\u00ed pol\u0161t\u00e1\u0159 na \u010dten\u00ed pro dosp\u011bl\u00e9, chlapce a d\u00edvky, tak\u017ee je skv\u011bl\u00fdm d\u00e1rkem pro d\u011bti, kter\u00e9 miluj\u00ed \u010dten\u00ed.<\/p>\n<p>Neberte n\u00e1s za slovo; zde jsou n\u011bkter\u00e9 koment\u00e1\u0159e na\u0161ich z\u00e1kazn\u00edk\u016f:<\/p>\n<p>\u201eMiluji sv\u00e9 \u010dten\u00e1\u0159sk\u00e9 kl\u00edny; pomohly mi zm\u00edrnit bolesti zad p\u0159i \u010dten\u00ed v posteli.\u201c<\/p>\n<p>&quot;Design pol\u0161t\u00e1\u0159e je vynikaj\u00edc\u00ed a barvy dod\u00e1vaj\u00ed m\u00e9mu pokoji n\u00e1dech elegance.&quot;<\/p>\n<p>&quot;Kl\u00ednky na \u010dten\u00ed jsou multifunk\u010dn\u00ed a pou\u017e\u00edv\u00e1m je tak\u00e9 jako op\u011bradlo, kdy\u017e sed\u00edm na pohovce.&quot;<\/p>\n<p>&quot;Odn\u00edmateln\u00fd povlak na pol\u0161t\u00e1\u0159 m\u011bn\u00ed hru, tak\u017ee je pro m\u011b snadn\u00e9 udr\u017eovat pol\u0161t\u00e1\u0159 \u010dist\u00fd.&quot;<\/p>\n<p>Z\u00e1v\u011brem lze \u0159\u00edci, \u017ee Kl\u00edny na \u010dten\u00ed jsou jako stvo\u0159en\u00e9 pro knihomoly, kte\u0159\u00ed si r\u00e1di \u010dtou v posteli. Jsou pohodln\u00e9, pevn\u00e9 a multifunk\u010dn\u00ed, tak\u017ee je mus\u00edte m\u00edt. Z\u00edskejte sv\u016fj je\u0161t\u011b dnes a rozlu\u010dte se s bolestmi zad a nepohodl\u00edm p\u0159i \u010dten\u00ed v posteli.<\/p>","protected":false},"excerpt":{"rendered":"<ul>\n<li><strong>Ergonomick\u00fd pol\u0161t\u00e1\u0159:<\/strong>\u00a0Pokud si vy a va\u0161i p\u0159\u00e1tel\u00e9 r\u00e1di \u010dtete v posteli, ale m\u00e1te r\u016fzn\u00e9 nepohodl\u00ed zp\u016fsoben\u00e9 nespr\u00e1vn\u00fdm dr\u017een\u00edm t\u011bla: bolesti doln\u00ed a horn\u00ed \u010d\u00e1sti zad, probl\u00e9my s krkem a rameny atd. Pak pros\u00edm pou\u017eijte tento ergonomick\u00fd pol\u0161t\u00e1\u0159, kter\u00fd v\u00e1m pom\u016f\u017ee \u010d\u00edst v ergonomick\u00e9 poloze. Tento pol\u0161t\u00e1\u0159 na \u010dten\u00ed je nejen m\u011bkk\u00fd a pohodln\u00fd, ale tak\u00e9 dostate\u010dn\u011b pevn\u00fd, aby poskytoval odpru\u017een\u00ed a podporu.<\/li>\n<li><strong>Vysoce kvalitn\u00ed materi\u00e1ly:<\/strong>\u00a0Povlak na kl\u00ednov\u00fd pol\u0161t\u00e1\u0159 je vyroben z kvalitn\u00ed pl\u00e1t\u011bn\u00e9 tkaniny, kter\u00e1 je pevn\u00e1 a odoln\u00e1 a m\u00e1 velmi dobrou prody\u0161nost; vyu\u017e\u00edv\u00e1 technologii reaktivn\u00edho tisku a barven\u00ed, kter\u00e1 nevybledne; vnit\u0159n\u00ed j\u00e1dro je vypln\u011bno kvalitn\u00ed vysoce elastickou polyesterovou vl\u00e1knitou v\u00fdpln\u00ed, kter\u00e1 dok\u00e1\u017ee udr\u017eet st\u00e1l\u00fd tvar bez zborcen\u00ed.<\/li>\n<li><strong>Multifunk\u010dn\u00ed pou\u017eit\u00ed:<\/strong>\u00a0Tento zak\u0159iven\u00fd pol\u0161t\u00e1\u0159 m\u016f\u017ee udr\u017eet ur\u010dit\u00e9 \u010d\u00e1sti t\u011bla ve v\u00fd\u0161ce. Proto pom\u00e1h\u00e1 zm\u00edrnit n\u011bkter\u00e9 zdravotn\u00ed stavy, jako je chr\u00e1p\u00e1n\u00ed nebo kysel\u00fd reflux. Krom\u011b toho m\u016f\u017ee tak\u00e9 pomoci t\u011bhotn\u00fdm \u017een\u00e1m vyhnout se p\u0159evr\u00e1cen\u00ed a udr\u017eet si polohu p\u0159i sp\u00e1nku na boku nebo jej pou\u017e\u00edt jako bedern\u00ed pol\u0161t\u00e1\u0159 pro sn\u00ed\u017een\u00ed bedern\u00edho tlaku. Krom\u011b pou\u017eit\u00ed tohoto pol\u0161t\u00e1\u0159e na op\u011bradlo na postel, lze jej pou\u017e\u00edt tak\u00e9 na pohovce, na podlahu d\u011btsk\u00e9ho koutku, venkovn\u00ed zahradn\u00ed n\u00e1bytek.<\/li>\n<li><strong>Vynikaj\u00edc\u00ed design tisku:<\/strong>\u00a0Tato \u0159ada polohovac\u00edch pol\u0161t\u00e1\u0159\u016f zdoben\u00fdch pestr\u00fdmi barvami dodaj\u00ed va\u0161\u00ed lo\u017enici lesk. Past\u00fd\u0159sk\u00fd styl \u201elesn\u00ed hudba\u201c, retro styl \u201estar\u00e9 noviny\u201c, liter\u00e1rn\u00ed styl \u201emodr\u00fd mot\u00fdl\u201c, realistick\u00fd styl \u201evelbloud\u00ed mapa\u201c, jist\u011b najdete barvu, kter\u00e1 se hod\u00ed k va\u0161\u00ed osobnosti. Je to dobr\u00fd pol\u0161t\u00e1\u0159 na \u010dten\u00ed pro chlapce a d\u00edvky nebo dosp\u011bl\u00e9. Je to tak\u00e9 skv\u011bl\u00fd d\u00e1rek pro d\u011bti, kter\u00e9 r\u00e1dy \u010dtou, a jejich pokoj bude vypadat chladn\u011bji.<\/li>\n<li><strong>Odn\u00edmateln\u00fd povlak na pol\u0161t\u00e1\u0159:<\/strong>\u00a0Povlak na pol\u0161t\u00e1\u0159, kter\u00fd m\u00e1 neviditeln\u00fd kovov\u00fd zip, lze snadno sejmout a nainstalovat na pol\u0161t\u00e1\u0159; snadno se \u010dist\u00ed a je vhodn\u00fd pro pran\u00ed v pra\u010dce; praktick\u00e1 bo\u010dn\u00ed kapsa pojme kdykoli mal\u00e9 p\u0159edm\u011bty, jako jsou mobiln\u00ed telefony a br\u00fdle.<\/li>\n<li><strong>Velikost:<\/strong>\u00a0Rozm\u011br 60x20x50 cm.<\/li>\n<\/ul>","protected":false},"featured_media":1316,"comment_status":"open","ping_status":"closed","template":"","meta":[],"product_brand":[],"product_cat":[29],"product_tag":[60,81,78,79,59,83,84],"class_list":{"0":"post-1323","1":"product","2":"type-product","3":"status-publish","4":"has-post-thumbnail","6":"product_cat-large-reading-pillow","7":"product_tag-backrest-pillow","8":"product_tag-curved-shape-pillow","9":"product_tag-ergonomic-pillow","10":"product_tag-lumbar-pillow","11":"product_tag-reading-pillow","12":"product_tag-reading-wedges","13":"product_tag-sofa-pillow","15":"first","16":"instock","17":"featured","18":"shipping-taxable","19":"purchasable","20":"product-type-simple"},"_links":{"self":[{"href":"https:\/\/www.largepillow.com\/cs\/wp-json\/wp\/v2\/product\/1323","targetHints":{"allow":["GET"]}}],"collection":[{"href":"https:\/\/www.largepillow.com\/cs\/wp-json\/wp\/v2\/product"}],"about":[{"href":"https:\/\/www.largepillow.com\/cs\/wp-json\/wp\/v2\/types\/product"}],"replies":[{"embeddable":true,"href":"https:\/\/www.largepillow.com\/cs\/wp-json\/wp\/v2\/comments?post=1323"}],"wp:featuredmedia":[{"embeddable":true,"href":"https:\/\/www.largepillow.com\/cs\/wp-json\/wp\/v2\/media\/1316"}],"wp:attachment":[{"href":"https:\/\/www.largepillow.com\/cs\/wp-json\/wp\/v2\/media?parent=1323"}],"wp:term":[{"taxonomy":"product_brand","embeddable":true,"href":"https:\/\/www.largepillow.com\/cs\/wp-json\/wp\/v2\/product_brand?post=1323"},{"taxonomy":"product_cat","embeddable":true,"href":"https:\/\/www.largepillow.com\/cs\/wp-json\/wp\/v2\/product_cat?post=1323"},{"taxonomy":"product_tag","embeddable":true,"href":"https:\/\/www.largepillow.com\/cs\/wp-json\/wp\/v2\/product_tag?post=1323"}],"curies":[{"name":"wp","href":"https:\/\/api.w.org\/{rel}","templated":true}]}}