{"id":1441,"date":"2022-09-20T02:49:25","date_gmt":"2022-09-20T02:49:25","guid":{"rendered":"https:\/\/www.largepillow.com\/product\/huge-rock-pillows-living-stones-pillows-living-pillows-pebble-pillows-pre-filled-christmas-present-max-size-light-gray-9003"},"modified":"2024-10-03T16:31:34","modified_gmt":"2024-10-03T16:31:34","slug":"livingstones-polstare","status":"publish","type":"product","link":"https:\/\/www.largepillow.com\/cs\/product\/livingstones-pillows","title":{"rendered":"Livingstones Pol\u0161t\u00e1\u0159e"},"content":{"rendered":"[zc_getpagecontent mb=&#8221;mb_aplus&#8221; apid=&#8221;21&#8243;]\n","protected":false},"excerpt":{"rendered":"<ul>\n<li><strong>Podobn\u00fd 3D venkovn\u00ed pol\u0161t\u00e1\u0159:<\/strong> Na prvn\u00ed pohled v\u00e1s nikdy nenapadne, \u017ee jde jen o deko pol\u0161t\u00e1\u0159. D\u00edky d\u016fmysln\u00e9mu designu dokonale kombinujeme \u00fatuln\u00fd pol\u0161t\u00e1\u0159 a \u201ek\u00e1men\u201c. D\u00edky elipsovit\u00e9mu tvaru a \u0161t\u00edhl\u00e9 k\u0159ivce vypadaj\u00ed jako skute\u010dn\u00e9 kameny. M\u00edch\u00e1n\u00ed a slad\u011bn\u00ed tmav\u00fdch a sv\u011btl\u00fdch barev m\u016f\u017ee va\u0161emu pokoji dodat bohat\u00e9 vizu\u00e1ln\u00ed zm\u011bny a ud\u011blat z n\u011bj z\u00e1bavu. Tyto \u017eiv\u00e9 dekora\u010dn\u00ed pol\u0161t\u00e1\u0159e d\u011blaj\u00ed z na\u0161eho domova zaj\u00edmav\u00e9 m\u00edsto.<\/li>\n<li><strong>Dekorativn\u00ed pol\u0161t\u00e1\u0159e pro r\u016fzn\u00e9 p\u0159\u00edle\u017eitosti:<\/strong> Na\u0161e pol\u0161t\u00e1\u0159e mohou b\u00fdt pou\u017eity jako dekorace, aby vyhovovaly va\u0161im r\u016fzn\u00fdm pot\u0159eb\u00e1m p\u0159i n\u011bkolika p\u0159\u00edle\u017eitostech. Um\u00edst\u011bte jej dovnit\u0159, aby m\u00edstnost z\u00edskala p\u0159irozenou chu\u0165.Dejte jej ven na zahradu, terasu, baz\u00e9n atd. M\u016f\u017eete se vr\u00e1tit ke skute\u010dn\u00e9, dokonal\u00e9 integraci a c\u00edtit se pohodln\u011b; Pou\u017e\u00edv\u00e1 se k v\u00fdzdob\u011b d\u011btsk\u00e9ho pokoje, m\u016f\u017ee vytvo\u0159it d\u011btsk\u00fd park.<\/li>\n<li><strong>V\u00edce\u00fa\u010delov\u00e9 kreativn\u00ed pol\u0161t\u00e1\u0159e:<\/strong> Na\u0161e ply\u0161ov\u00e9 pol\u0161t\u00e1\u0159ky lze pou\u017e\u00edt nejen jako dekora\u010dn\u00ed pol\u0161t\u00e1\u0159ky do jak\u00e9hokoli koutu interi\u00e9ru \/ venkovn\u00ed pol\u0161t\u00e1\u0159ky pro venkovn\u00ed pou\u017eit\u00ed, ale lze je pou\u017e\u00edt i jako d\u011btsk\u00e9 hra\u010dky, aby si d\u011bti mohly hr\u00e1t jako ply\u0161ov\u00e9 pol\u0161t\u00e1\u0159ky dle libosti a sv\u00fdch pocit\u016f p\u0159i h\u0159e. Velk\u00e9 pol\u0161t\u00e1\u0159e na pohovku lze tak\u00e9 pou\u017e\u00edt jako kreativn\u00ed sezen\u00ed a mal\u00e9 pol\u0161t\u00e1\u0159e na pohovku. Dekora\u010dn\u00ed pol\u0161t\u00e1\u0159e r\u016fzn\u00fdch tvar\u016f jsou tak\u00e9 dobrou volbou pro fotografick\u00e9 rekvizity.<\/li>\n<li><strong>Vysoce kvalitn\u00ed simula\u010dn\u00ed kamenn\u00fd pol\u0161t\u00e1\u0159:<\/strong> Vybran\u00e9 super m\u011bkk\u00e9 kr\u00e1tk\u00e9 sametov\u00e9 l\u00e1tky, m\u011bkk\u00e9 a pohodln\u00e9. Dekora\u010dn\u00ed pol\u0161t\u00e1\u0159e s v\u00fdpln\u00ed (polyesterov\u00e1 v\u00fdpl\u0148), kter\u00e1 je nad\u00fdchan\u00e1 a m\u011bkk\u00e1 a m\u00e1 dobrou elasticitu. Design neviditeln\u00e9ho zipu, ale tak\u00e9 umo\u017e\u0148uje snadnou demont\u00e1\u017e povlaku na pol\u0161t\u00e1\u0159. D\u00edky technologii reaktivn\u00edho tisku a barven\u00ed, od v\u00fdb\u011bru materi\u00e1lu p\u0159es fixaci barev, desize, tvarov\u00e1n\u00ed a\u017e po hotov\u00fd produkt, je ka\u017ed\u00fd krok p\u0159\u00edsn\u011b implementov\u00e1n.<\/li>\n<li><strong>Balen\u00ed a velikost:<\/strong> ka\u017ed\u00e9 balen\u00ed obsahuje 1 sadu 6 r\u016fzn\u00fdch velikost\u00ed venkovn\u00edch pol\u0161t\u00e1\u0159\u016f, kter\u00e9 jsou navr\u017eeny v nepravideln\u00fdch ov\u00e1ln\u00fdch tvarech, aby p\u0159ipom\u00ednaly sp\u00ed\u0161e kameny. Rozm\u011bry jsou: 100\u00d750 \/ 50\u00d735 \/ 50\u00d725 \/ 35\u00d723 \/ 30\u00d715 \/ 18x10 cm.<\/li>\n<\/ul>","protected":false},"featured_media":1430,"comment_status":"open","ping_status":"closed","template":"","meta":[],"product_brand":[],"product_cat":[30],"product_tag":[58,57,53,56,52,54,51,55,50],"class_list":{"0":"post-1441","1":"product","2":"type-product","3":"status-publish","4":"has-post-thumbnail","6":"product_cat-large-rock-pillow","7":"product_tag-floor-cushion","8":"product_tag-floor-pillow","9":"product_tag-livingstones","10":"product_tag-pebble-cushion","11":"product_tag-pebble-pillow","12":"product_tag-rock-cushion","13":"product_tag-rock-pillow","14":"product_tag-stone-cushion","15":"product_tag-stone-pillow","17":"first","18":"instock","19":"featured","20":"shipping-taxable","21":"purchasable","22":"product-type-variable","23":"has-default-attributes"},"_links":{"self":[{"href":"https:\/\/www.largepillow.com\/cs\/wp-json\/wp\/v2\/product\/1441","targetHints":{"allow":["GET"]}}],"collection":[{"href":"https:\/\/www.largepillow.com\/cs\/wp-json\/wp\/v2\/product"}],"about":[{"href":"https:\/\/www.largepillow.com\/cs\/wp-json\/wp\/v2\/types\/product"}],"replies":[{"embeddable":true,"href":"https:\/\/www.largepillow.com\/cs\/wp-json\/wp\/v2\/comments?post=1441"}],"wp:featuredmedia":[{"embeddable":true,"href":"https:\/\/www.largepillow.com\/cs\/wp-json\/wp\/v2\/media\/1430"}],"wp:attachment":[{"href":"https:\/\/www.largepillow.com\/cs\/wp-json\/wp\/v2\/media?parent=1441"}],"wp:term":[{"taxonomy":"product_brand","embeddable":true,"href":"https:\/\/www.largepillow.com\/cs\/wp-json\/wp\/v2\/product_brand?post=1441"},{"taxonomy":"product_cat","embeddable":true,"href":"https:\/\/www.largepillow.com\/cs\/wp-json\/wp\/v2\/product_cat?post=1441"},{"taxonomy":"product_tag","embeddable":true,"href":"https:\/\/www.largepillow.com\/cs\/wp-json\/wp\/v2\/product_tag?post=1441"}],"curies":[{"name":"wp","href":"https:\/\/api.w.org\/{rel}","templated":true}]}}