{"id":15142,"date":"2025-10-28T03:27:18","date_gmt":"2025-10-28T03:27:18","guid":{"rendered":"https:\/\/www.largepillow.com\/product\/ergonomic-freestanding-back-pillow-for-reading-relaxation-support"},"modified":"2025-10-28T03:31:57","modified_gmt":"2025-10-28T03:31:57","slug":"ergonomicky-volne-stojici-zadovy-polstar-pro-podporu-relaxace-pri-cteni","status":"publish","type":"product","link":"https:\/\/www.largepillow.com\/cs\/product\/ergonomic-freestanding-back-pillow-for-reading-relaxation-support","title":{"rendered":"Ergonomick\u00fd voln\u011b stoj\u00edc\u00ed z\u00e1dov\u00fd pol\u0161t\u00e1\u0159 pro \u010dten\u00ed, relaxaci a oporu"},"content":{"rendered":"[zc_getpagecontent mb=&#8221;mb_aplus&#8221; apid=&#8221;146&#8243;]\n","protected":false},"excerpt":{"rendered":"<ul>\n<li>Unik\u00e1tn\u00ed design karamboly pro p\u0159irozen\u00e9 pohodl\u00ed: Tento pol\u0161t\u00e1\u0159 na z\u00e1da, inspirovan\u00fd m\u011bkk\u00fdm, zaoblen\u00fdm tvarem karamboly, podp\u00edr\u00e1 va\u0161e z\u00e1da a ramena s ergonomickou p\u0159esnost\u00ed. Jeho socha\u0159sk\u00fd design dod\u00e1 va\u0161emu obytn\u00e9mu prostoru pohodl\u00ed i estetick\u00e9 kouzlo.<\/li>\n<li>Samostatn\u00e1 voln\u011b stoj\u00edc\u00ed opora: Na rozd\u00edl od b\u011b\u017en\u00fdch \u010dtec\u00edch pol\u0161t\u00e1\u0159\u016f, kter\u00e9 se mus\u00ed op\u00edrat o ze\u010f nebo \u010delo postele, tento pol\u0161t\u00e1\u0159 stoj\u00ed samostatn\u011b. U\u017eijte si stabiln\u00ed oporu zad na posteli, gau\u010di nebo podlaze \u2013 kdekoli si chcete odpo\u010dinout.<\/li>\n<li>Dvouvrstv\u00e1 v\u00fdpl\u0148, vyv\u00e1\u017een\u00e9 pohodl\u00ed: Vyrobeno z pevn\u00e9ho p\u011bnov\u00e9ho j\u00e1dra obklopen\u00e9ho m\u011bkkou polypropylenovou bavlnou, kter\u00e9 nab\u00edz\u00ed stabilitu i m\u011bkkost. Zachov\u00e1v\u00e1 si sv\u016fj pln\u00fd tvar a oporu i po dlouhodob\u00e9m ka\u017edodenn\u00edm pou\u017e\u00edv\u00e1n\u00ed.<\/li>\n<li>M\u011bkk\u00e1 \u017einylkov\u00e1 tkanina s protiskluzovou spodn\u00ed stranou: Potah z prody\u0161n\u00e9 sm\u011bsi \u017einylkov\u00e9 tkaniny a lnu, kter\u00e1 je p\u0159\u00edjemn\u00e1 a elegantn\u00ed. Texturovan\u00e1 protiskluzov\u00e1 spodn\u00ed strana zaji\u0161\u0165uje, \u017ee b\u011bhem pou\u017e\u00edv\u00e1n\u00ed bezpe\u010dn\u011b dr\u017e\u00ed na m\u00edst\u011b.<\/li>\n<li>Vhodn\u00e9 pro \u010dten\u00ed, relaxaci a leno\u0161en\u00ed: Ide\u00e1ln\u00ed pro dosp\u011bl\u00e9, teenagery a studenty na kolej\u00edch. A\u0165 u\u017e \u010dtete knihu, sledujete televizi nebo si jen tak odpo\u010dinete, tento pol\u0161t\u00e1\u0159 na z\u00e1da vytv\u00e1\u0159\u00ed teplou a sd\u00edlenou komfortn\u00ed z\u00f3nu pro jednoho nebo dva u\u017eivatele.<\/li>\n<\/ul>","protected":false},"featured_media":15132,"comment_status":"open","ping_status":"closed","template":"","meta":[],"product_brand":[],"product_cat":[228],"product_tag":[],"class_list":{"0":"post-15142","1":"product","2":"type-product","3":"status-publish","4":"has-post-thumbnail","6":"product_cat-cushions","8":"first","9":"instock","10":"sold-individually","11":"shipping-taxable","12":"purchasable","13":"product-type-simple"},"_links":{"self":[{"href":"https:\/\/www.largepillow.com\/cs\/wp-json\/wp\/v2\/product\/15142","targetHints":{"allow":["GET"]}}],"collection":[{"href":"https:\/\/www.largepillow.com\/cs\/wp-json\/wp\/v2\/product"}],"about":[{"href":"https:\/\/www.largepillow.com\/cs\/wp-json\/wp\/v2\/types\/product"}],"replies":[{"embeddable":true,"href":"https:\/\/www.largepillow.com\/cs\/wp-json\/wp\/v2\/comments?post=15142"}],"wp:featuredmedia":[{"embeddable":true,"href":"https:\/\/www.largepillow.com\/cs\/wp-json\/wp\/v2\/media\/15132"}],"wp:attachment":[{"href":"https:\/\/www.largepillow.com\/cs\/wp-json\/wp\/v2\/media?parent=15142"}],"wp:term":[{"taxonomy":"product_brand","embeddable":true,"href":"https:\/\/www.largepillow.com\/cs\/wp-json\/wp\/v2\/product_brand?post=15142"},{"taxonomy":"product_cat","embeddable":true,"href":"https:\/\/www.largepillow.com\/cs\/wp-json\/wp\/v2\/product_cat?post=15142"},{"taxonomy":"product_tag","embeddable":true,"href":"https:\/\/www.largepillow.com\/cs\/wp-json\/wp\/v2\/product_tag?post=15142"}],"curies":[{"name":"wp","href":"https:\/\/api.w.org\/{rel}","templated":true}]}}