{"id":15372,"date":"2025-11-08T12:38:12","date_gmt":"2025-11-08T12:38:12","guid":{"rendered":"https:\/\/www.largepillow.com\/product\/ergonomic-reading-pillow-with-arm-rest-for-back-neck-shoulder-support"},"modified":"2025-11-09T08:50:23","modified_gmt":"2025-11-09T08:50:23","slug":"ergonomicky-cteci-polstar-s-loketni-operkou-pro-podporu-zad-krku-a-ramen","status":"publish","type":"product","link":"https:\/\/www.largepillow.com\/cs\/product\/ergonomic-reading-pillow-with-arm-rest-for-back-neck-shoulder-support","title":{"rendered":"Ergonomick\u00fd \u010dtec\u00ed pol\u0161t\u00e1\u0159 s op\u011brkou rukou pro podporu zad, krku a ramen"},"content":{"rendered":"[zc_getpagecontent mb=&#8221;mb_aplus&#8221; apid=&#8221;148&#8243;]\n","protected":false},"excerpt":{"rendered":"<ul>\n<li>Pokro\u010dil\u00e1 verze ve tvaru H: Bo\u010dn\u00ed spac\u00ed pol\u0161t\u00e1\u0159 ve tvaru H je leh\u010d\u00ed a pru\u017en\u011bj\u0161\u00ed ne\u017e pol\u0161t\u00e1\u0159 ve tvaru U, p\u0159i\u010dem\u017e si zachov\u00e1v\u00e1 sv\u00e9 hlavn\u00ed v\u00fdhody. \u0158e\u0161\u00ed probl\u00e9m s d\u00fdch\u00e1n\u00edm pol\u0161t\u00e1\u0159\u016f ve tvaru U, kter\u00e9 nelze nastavit, a nav\u00edc m\u00e1 men\u0161\u00ed v\u00fd\u0161kov\u00e9 omezen\u00ed, tak\u017ee je vhodn\u00fd pro v\u0161echny u\u017eivatele bez ohledu na v\u00fd\u0161ku nebo typ postavy.<\/li>\n<li>Syst\u00e9m 3 v 1 pol\u0161t\u00e1\u0159e pro span\u00ed na boku: Kombinuje kl\u00ednovou podp\u016frnou z\u00e1kladnu, pol\u0161t\u00e1\u0159 ve tvaru H a flexibiln\u00ed pol\u0161t\u00e1\u0159. Kl\u00ednov\u00fd pol\u0161t\u00e1\u0159 zved\u00e1 horn\u00ed \u010d\u00e1st zad a bojuje proti p\u00e1len\u00ed \u017e\u00e1hy. Pol\u0161t\u00e1\u0159 ve tvaru H zaji\u0161\u0165uje stabiln\u00ed oporu po celou noc a ulevuje od bolesti ramen, krku a zad. Syst\u00e9m 3 v 1 dok\u00e1\u017ee efektivn\u011b upravit dr\u017een\u00ed t\u011bla a optimalizovat v\u00e1\u0161 sp\u00e1nkov\u00fd re\u017eim.<\/li>\n<li>Extra pohodln\u00fd pol\u0161t\u00e1\u0159: Poskytuje perfektn\u00ed rovnov\u00e1hu mezi ergonomi\u00ed a personalizovan\u00fdm pohodl\u00edm, oporu pro z\u00e1da, bok, ramena a b\u0159icho, a pom\u00e1h\u00e1 v\u00e1m tak dos\u00e1hnout bla\u017een\u00e9ho sp\u00e1nku, jak\u00fd si zaslou\u017e\u00edte.<\/li>\n<li>Prateln\u00fd potah: V\u00fdrobek m\u00e1 odn\u00edmateln\u00fd a prateln\u00fd design, kter\u00fd se snadno sund\u00e1v\u00e1, co\u017e umo\u017e\u0148uje snadn\u00e9 odstran\u011bn\u00ed prachu a skvrn a udr\u017euje v\u00fdrobek \u010dist\u00fd.<\/li>\n<\/ul>","protected":false},"featured_media":15392,"comment_status":"open","ping_status":"closed","template":"","meta":[],"product_brand":[],"product_cat":[228],"product_tag":[],"class_list":{"0":"post-15372","1":"product","2":"type-product","3":"status-publish","4":"has-post-thumbnail","6":"product_cat-cushions","8":"first","9":"instock","10":"sold-individually","11":"shipping-taxable","12":"purchasable","13":"product-type-variable","14":"has-default-attributes"},"_links":{"self":[{"href":"https:\/\/www.largepillow.com\/cs\/wp-json\/wp\/v2\/product\/15372","targetHints":{"allow":["GET"]}}],"collection":[{"href":"https:\/\/www.largepillow.com\/cs\/wp-json\/wp\/v2\/product"}],"about":[{"href":"https:\/\/www.largepillow.com\/cs\/wp-json\/wp\/v2\/types\/product"}],"replies":[{"embeddable":true,"href":"https:\/\/www.largepillow.com\/cs\/wp-json\/wp\/v2\/comments?post=15372"}],"wp:featuredmedia":[{"embeddable":true,"href":"https:\/\/www.largepillow.com\/cs\/wp-json\/wp\/v2\/media\/15392"}],"wp:attachment":[{"href":"https:\/\/www.largepillow.com\/cs\/wp-json\/wp\/v2\/media?parent=15372"}],"wp:term":[{"taxonomy":"product_brand","embeddable":true,"href":"https:\/\/www.largepillow.com\/cs\/wp-json\/wp\/v2\/product_brand?post=15372"},{"taxonomy":"product_cat","embeddable":true,"href":"https:\/\/www.largepillow.com\/cs\/wp-json\/wp\/v2\/product_cat?post=15372"},{"taxonomy":"product_tag","embeddable":true,"href":"https:\/\/www.largepillow.com\/cs\/wp-json\/wp\/v2\/product_tag?post=15372"}],"curies":[{"name":"wp","href":"https:\/\/api.w.org\/{rel}","templated":true}]}}