{"id":15419,"date":"2025-11-08T13:23:19","date_gmt":"2025-11-08T13:23:19","guid":{"rendered":"https:\/\/www.largepillow.com\/product\/folding-futon-sofa-bed-convertible-sleeper-chair-for-living-room-bedroom"},"modified":"2026-03-12T02:42:39","modified_gmt":"2026-03-12T02:42:39","slug":"skladaci-futonova-rozkladaci-pohovka-rozkladaci-kreslo-do-obyvaciho-pokoje-loznice","status":"publish","type":"product","link":"https:\/\/www.largepillow.com\/cs\/product\/folding-futon-sofa-bed-convertible-sleeper-chair-for-living-room-bedroom","title":{"rendered":"Skl\u00e1dac\u00ed rozkl\u00e1dac\u00ed pohovka Futon, rozkl\u00e1dac\u00ed k\u0159eslo do ob\u00fdvac\u00edho pokoje a lo\u017enice"},"content":{"rendered":"[zc_getpagecontent mb=&#8221;mb_aplus&#8221; apid=&#8221;150&#8243;]\n","protected":false},"excerpt":{"rendered":"<ul>\n<li>Unik\u00e1tn\u00ed estetick\u00fd design: Tato rozkl\u00e1dac\u00ed pohovka se vyzna\u010duje jemn\u00fdm, tepl\u00fdm hn\u011bd\u00fdm a osv\u011b\u017euj\u00edc\u00edm b\u00e9\u017eov\u00fdm designem v barevn\u00fdch blokech. Barevn\u00e1 kombinace je jednoduch\u00e1, ale modern\u00ed a bez probl\u00e9m\u016f se hod\u00ed do r\u016fzn\u00fdch styl\u016f bytov\u00e9ho za\u0159\u00edzen\u00ed. Jej\u00ed jedine\u010dn\u00e9 zaoblen\u00e9 op\u011bradlo a hladk\u00e9, zak\u0159iven\u00e9 bo\u010dn\u00ed linie odli\u0161uj\u00ed strnul\u00fd a nudn\u00fd vzhled tradi\u010dn\u00edch rozkl\u00e1dac\u00edch pohovek a vdechuj\u00ed va\u0161emu obytn\u00e9mu prostoru vyt\u0159\u00edben\u00fd vkus, design a styl.<\/li>\n<li>Snadn\u00e1 p\u0159estavba: Rozkl\u00e1dac\u00ed pohovku lze snadno slo\u017eit a rozlo\u017eit, nebo ji p\u0159em\u00edstit na balkon \u010di terasu, a p\u0159em\u011bnit tak pohodlnou pohovku na prostorn\u00e9 k\u0159eslo. A\u0165 u\u017e sledujete televizi, relaxujete nebo si zd\u0159\u00edmnete, tato rozkl\u00e1dac\u00ed pohovka se okam\u017eit\u011b p\u0159izp\u016fsob\u00ed va\u0161emu \u017eivotn\u00edmu stylu.<\/li>\n<li>Vynikaj\u00edc\u00ed pohodl\u00ed: Rozkl\u00e1dac\u00ed k\u0159eslo je vyrobeno z m\u011bkk\u00e9 a pohodln\u00e9 l\u00e1tky s efektem cloud velvet. Interi\u00e9r je velkoryse vypln\u011bn vysoce kvalitn\u00ed PP bavlnou, kter\u00e1 nab\u00edz\u00ed pohodl\u00ed s \u201cnulov\u00fdm tlakem\u201d a z\u00e1rove\u0148 poskytuje stabiln\u00ed a dlouhotrvaj\u00edc\u00ed oporu, kter\u00e1 odol\u00e1v\u00e1 zplo\u0161t\u011bn\u00ed, a to i po dlouh\u00e9m sezen\u00ed nebo le\u017een\u00ed. \u0160ir\u0161\u00ed a siln\u011bj\u0161\u00ed konstrukce efektivn\u011b rozkl\u00e1d\u00e1 tlak t\u011bla a poskytuje skute\u010dn\u011b hlubok\u00fd relaxa\u010dn\u00ed z\u00e1\u017eitek pro del\u0161\u00ed odpo\u010dinek.<\/li>\n<li>Pou\u017eit\u00ed v r\u016fzn\u00fdch sc\u00e9n\u00e1ch: Op\u011bradlo pohovky se vyzna\u010duje unik\u00e1tn\u00ed, zes\u00edlenou troj\u00faheln\u00edkovou strukturou pro stabiln\u00ed a nedeformuj\u00edc\u00ed se oporu, co\u017e znamen\u00e1, \u017ee ji lze pou\u017e\u00edt kdekoli, ani\u017e byste se museli op\u00edrat o ze\u010f. Je ide\u00e1ln\u00ed pro samostatn\u00e9 byty, ob\u00fdvac\u00ed pokoje, dom\u00e1c\u00ed kancel\u00e1\u0159e, herny, ubytovny nebo pokoje pro hosty, tak\u017ee je ide\u00e1ln\u00ed pro vytvo\u0159en\u00ed va\u0161eho osobn\u00edho \u00fatuln\u00e9ho koutku.<\/li>\n<li>Mont\u00e1\u017e nen\u00ed nutn\u00e1: Rozkl\u00e1dac\u00ed k\u0159eslo je dod\u00e1v\u00e1no v lisovan\u00e9m a vakuov\u011b uzav\u0159en\u00e9m balen\u00ed, tak\u017ee mont\u00e1\u017e nen\u00ed slo\u017eit\u00e1. Sta\u010d\u00ed obal otev\u0159\u00edt, jemn\u011b poklepat na p\u0159edm\u011bt a p\u0159ed pou\u017eit\u00edm nechat 48 hodin, aby se zcela obnovil p\u016fvodn\u00ed tvar.<\/li>\n<\/ul>","protected":false},"featured_media":15409,"comment_status":"open","ping_status":"closed","template":"","meta":[],"product_brand":[],"product_cat":[228],"product_tag":[],"class_list":{"0":"post-15419","1":"product","2":"type-product","3":"status-publish","4":"has-post-thumbnail","6":"product_cat-cushions","8":"first","9":"instock","10":"sold-individually","11":"shipping-taxable","12":"purchasable","13":"product-type-simple"},"_links":{"self":[{"href":"https:\/\/www.largepillow.com\/cs\/wp-json\/wp\/v2\/product\/15419","targetHints":{"allow":["GET"]}}],"collection":[{"href":"https:\/\/www.largepillow.com\/cs\/wp-json\/wp\/v2\/product"}],"about":[{"href":"https:\/\/www.largepillow.com\/cs\/wp-json\/wp\/v2\/types\/product"}],"replies":[{"embeddable":true,"href":"https:\/\/www.largepillow.com\/cs\/wp-json\/wp\/v2\/comments?post=15419"}],"wp:featuredmedia":[{"embeddable":true,"href":"https:\/\/www.largepillow.com\/cs\/wp-json\/wp\/v2\/media\/15409"}],"wp:attachment":[{"href":"https:\/\/www.largepillow.com\/cs\/wp-json\/wp\/v2\/media?parent=15419"}],"wp:term":[{"taxonomy":"product_brand","embeddable":true,"href":"https:\/\/www.largepillow.com\/cs\/wp-json\/wp\/v2\/product_brand?post=15419"},{"taxonomy":"product_cat","embeddable":true,"href":"https:\/\/www.largepillow.com\/cs\/wp-json\/wp\/v2\/product_cat?post=15419"},{"taxonomy":"product_tag","embeddable":true,"href":"https:\/\/www.largepillow.com\/cs\/wp-json\/wp\/v2\/product_tag?post=15419"}],"curies":[{"name":"wp","href":"https:\/\/api.w.org\/{rel}","templated":true}]}}