{"id":15454,"date":"2025-11-08T14:09:25","date_gmt":"2025-11-08T14:09:25","guid":{"rendered":"https:\/\/www.largepillow.com\/product\/plush-recliner-chair-and-ottoman-set-modern-upholstered-lounge-sofa"},"modified":"2026-03-12T02:42:24","modified_gmt":"2026-03-12T02:42:24","slug":"plysove-polohovaci-kreslo-a-taburetka-moderni-calounena-pohovka","status":"publish","type":"product","link":"https:\/\/www.largepillow.com\/cs\/product\/plush-recliner-chair-and-ottoman-set-modern-upholstered-lounge-sofa\/","title":{"rendered":"Ply\u0161ov\u00e9 k\u0159eslo a taburetka, modern\u00ed \u010daloun\u011bn\u00e1 pohovka"},"content":{"rendered":"[zc_getpagecontent mb=&#8221;mb_aplus&#8221; apid=&#8221;153&#8243;]\n","protected":false},"excerpt":{"rendered":"<ul>\n<li>Bezkonkuren\u010dn\u00ed pohodl\u00ed a ply\u0161ov\u00fd design: Za\u017eijte dokonalou relaxaci s polohovac\u00edm k\u0159eslem, promy\u0161len\u011b navr\u017een\u00fdm s v\u00fdpln\u00ed z polyesterov\u00fdch vl\u00e1ken s vysokou hustotou, kter\u00e1 va\u0161e t\u011blo m\u011bkce obejme. Luxusn\u00ed ply\u0161ov\u00e1 l\u00e1tkov\u00e1 pod\u0161\u00edvka jemn\u011b obejme va\u0161i poko\u017eku, zat\u00edmco texturovan\u00fd potah barven\u00fd p\u0159\u00edz\u00ed dod\u00e1v\u00e1 eleganci a odolnost. D\u016fmysln\u011b skl\u00e1dan\u00fd kr\u010dn\u00ed pol\u0161t\u00e1\u0159 umoc\u0148uje vizu\u00e1ln\u00ed atraktivitu a dod\u00e1v\u00e1 nejen luxusn\u00ed n\u00e1dech, ale tak\u00e9 zkr\u00e1\u0161luje ka\u017edou m\u00edstnost.<\/li>\n<li>Pohodln\u00e1 k\u0159esla s taburetem: Toto leh\u00e1tko do interi\u00e9ru se dod\u00e1v\u00e1 ve dvoud\u00edln\u00e9m proveden\u00ed s hlavn\u00edm polohovac\u00edm sed\u00e1kem a odpov\u00eddaj\u00edc\u00edm taburetem pro maxim\u00e1ln\u00ed flexibilitu. Odpov\u00eddaj\u00edc\u00ed taburet zvy\u0161uje va\u0161e pohodl\u00ed a z\u00e1rove\u0148 v p\u0159\u00edpad\u011b pot\u0159eby slou\u017e\u00ed jako dal\u0161\u00ed m\u00edsto k sezen\u00ed. Toto polohovac\u00ed k\u0159eslo v\u00e1m umo\u017en\u00ed nat\u00e1hnout nohy nebo pohodln\u011b sed\u011bt vzp\u0159\u00edmen\u011b.<\/li>\n<li>Ergonomick\u00fd design: Pohovka je ergonomicky navr\u017eena tak, aby podporovala va\u0161e z\u00e1da, krk a hlavu. Strukturovan\u00e9 polohovac\u00ed k\u0159eslo a op\u011brka nohou se dokonale p\u0159izp\u016fsob\u00ed va\u0161emu t\u011blu, co\u017e pom\u00e1h\u00e1 sni\u017eovat \u00fanavu a zvy\u0161ovat relaxaci. A\u0165 u\u017e ji pou\u017e\u00edv\u00e1te jako \u010dtec\u00ed k\u0159eslo, dopln\u011bk do ob\u00fdvac\u00edho pokoje nebo spole\u010dn\u00edka do lo\u017enice, toto leh\u00e1tko do interi\u00e9ru zaji\u0161\u0165uje pohodl\u00ed pro dosp\u011bl\u00e9, teenagery a dokonce i dom\u00e1c\u00ed mazl\u00ed\u010dky.<\/li>\n<li>R\u016fzn\u00e9 vyu\u017eit\u00ed: A\u0165 u\u017e toto leno\u0161ku um\u00edst\u00edte do interi\u00e9ru studentsk\u00e9 lo\u017enice, lo\u017enice, balkonu nebo \u010dtec\u00edho koutku, dod\u00e1 v\u00e1m \u00fatuln\u00fd a modern\u00ed n\u00e1dech. Pohovka je ide\u00e1ln\u00ed pro dosp\u011bl\u00e9, teenagery a dokonce i dom\u00e1c\u00ed mazl\u00ed\u010dky a poskytuje multifunk\u010dn\u00ed a relaxa\u010dn\u00ed \u0159e\u0161en\u00ed sezen\u00ed. Jej\u00ed m\u011bkk\u00fd a hebk\u00fd materi\u00e1l zaji\u0161\u0165uje dlouhodob\u00e9 pohodl\u00ed p\u0159i jak\u00e9koli \u010dinnosti, od pracovn\u00edch p\u0159est\u00e1vek a\u017e po neform\u00e1ln\u00ed relaxaci.<\/li>\n<li>Bez nutnosti mont\u00e1\u017ee: Jednodu\u0161e odstra\u0148te vakuov\u00fd obal a polohovac\u00ed k\u0159eslo i taburet se do 24\u201348 hodin vr\u00e1t\u00ed do p\u016fvodn\u00edho stavu. Upozor\u0148ujeme, \u017ee pohovka bude odesl\u00e1na ve dvou samostatn\u00fdch krabic\u00edch a m\u016f\u017ee dorazit v r\u016fznou dobu. Po \u00fapln\u00e9m rozlo\u017een\u00ed v\u00e1m polohovac\u00ed k\u0159eslo a pohovka poskytnou pohodln\u00e9 \u00fato\u010di\u0161t\u011b, kter\u00e9 v sob\u011b spojuje luxusn\u00ed design, pohodl\u00ed a prakti\u010dnost.<\/li>\n<\/ul>","protected":false},"featured_media":15440,"comment_status":"open","ping_status":"closed","template":"","meta":[],"product_brand":[],"product_cat":[228],"product_tag":[],"class_list":{"0":"post-15454","1":"product","2":"type-product","3":"status-publish","4":"has-post-thumbnail","6":"product_cat-cushions","8":"first","9":"instock","10":"sold-individually","11":"shipping-taxable","12":"purchasable","13":"product-type-simple"},"_links":{"self":[{"href":"https:\/\/www.largepillow.com\/cs\/wp-json\/wp\/v2\/product\/15454","targetHints":{"allow":["GET"]}}],"collection":[{"href":"https:\/\/www.largepillow.com\/cs\/wp-json\/wp\/v2\/product"}],"about":[{"href":"https:\/\/www.largepillow.com\/cs\/wp-json\/wp\/v2\/types\/product"}],"replies":[{"embeddable":true,"href":"https:\/\/www.largepillow.com\/cs\/wp-json\/wp\/v2\/comments?post=15454"}],"wp:featuredmedia":[{"embeddable":true,"href":"https:\/\/www.largepillow.com\/cs\/wp-json\/wp\/v2\/media\/15440"}],"wp:attachment":[{"href":"https:\/\/www.largepillow.com\/cs\/wp-json\/wp\/v2\/media?parent=15454"}],"wp:term":[{"taxonomy":"product_brand","embeddable":true,"href":"https:\/\/www.largepillow.com\/cs\/wp-json\/wp\/v2\/product_brand?post=15454"},{"taxonomy":"product_cat","embeddable":true,"href":"https:\/\/www.largepillow.com\/cs\/wp-json\/wp\/v2\/product_cat?post=15454"},{"taxonomy":"product_tag","embeddable":true,"href":"https:\/\/www.largepillow.com\/cs\/wp-json\/wp\/v2\/product_tag?post=15454"}],"curies":[{"name":"wp","href":"https:\/\/api.w.org\/{rel}","templated":true}]}}