{"id":15464,"date":"2025-11-08T15:02:43","date_gmt":"2025-11-08T15:02:43","guid":{"rendered":"https:\/\/www.largepillow.com\/product\/ergonomic-adjustable-floor-recliner-gaming-and-reading-lounge-chair"},"modified":"2025-12-16T10:33:38","modified_gmt":"2025-12-16T10:33:38","slug":"ergonomicke-nastavitelne-polohovaci-kreslo-pro-hrani-a-cteni","status":"publish","type":"product","link":"https:\/\/www.largepillow.com\/cs\/product\/ergonomic-adjustable-floor-recliner-gaming-and-reading-lounge-chair","title":{"rendered":"Ergonomick\u00e9 nastaviteln\u00e9 polohovac\u00ed k\u0159eslo, hern\u00ed a \u010dtec\u00ed k\u0159eslo"},"content":{"rendered":"[zc_getpagecontent mb=&#8221;mb_aplus&#8221; apid=&#8221;154&#8243;]\n","protected":false},"excerpt":{"rendered":"<ul>\n<li>Nastaviteln\u00e9 pohodl\u00ed v 5 poloh\u00e1ch: Za\u017eijte osobn\u00ed pohodl\u00ed s nastavitelnou podlahovou \u017eidl\u00ed, kter\u00e1 je navr\u017eena s 5 polohami sklonu od vzp\u0159\u00edmen\u00e9 po zcela vodorovnou. A\u0165 u\u017e hrajete hry, \u010dtete si nebo si zd\u0159\u00edmnete, snadno najdete perfektn\u00ed polohu pro podporu zad a p\u00e1te\u0159e. Tato nastaviteln\u00e1 podlahov\u00e1 \u017eidle zaji\u0161\u0165uje ergonomickou relaxaci a nab\u00edz\u00ed ide\u00e1ln\u00ed nastaven\u00ed pro hran\u00ed her na podlaze, meditaci nebo p\u0159\u00edjemn\u00e9 leno\u0161en\u00ed.<\/li>\n<li>Pr\u00e9miov\u00e9 pro\u0161\u00edvan\u00e9 k\u0159eslo: Pono\u0159te se do dokonal\u00e9ho pohodl\u00ed v na\u0161em \u00fatuln\u00e9m \u010dtec\u00edm k\u0159esle s pro\u0161\u00edvan\u00fdm pol\u0161t\u00e1\u0159em a v\u00fdpln\u00ed z vysoce polyesterov\u00e9 bavlny, kter\u00e1 poskytuje hebkou m\u011bkkost a dlouhotrvaj\u00edc\u00ed odolnost. Pol\u0161t\u00e1\u0159 si zachov\u00e1v\u00e1 sv\u016fj tvar i po del\u0161\u00edm pou\u017e\u00edv\u00e1n\u00ed a poskytuje vynikaj\u00edc\u00ed oporu zad a ky\u010dl\u00ed. U\u017eijte si dokonalou rovnov\u00e1hu m\u011bkkosti a pevnosti p\u0159i relaxaci na tomto leno\u0161ce.<\/li>\n<li>Pevn\u00fd ocelov\u00fd r\u00e1m a protiskluzov\u00e1 ochrana: Tato podlahov\u00e1 \u017eidle je vyrobena z odoln\u00e9ho ocelov\u00e9ho r\u00e1mu a poskytuje v\u00fdjime\u010dnou stabilitu a dlouhodob\u00e9 pou\u017e\u00edv\u00e1n\u00ed. Spodn\u00ed \u010d\u00e1st je vybavena protiskluzovou l\u00e1tkou a ochrann\u00fdmi m\u011bkk\u00fdmi podlo\u017ekami, kter\u00e9 zabra\u0148uj\u00ed po\u0161kr\u00e1b\u00e1n\u00ed podlahy a z\u00e1rove\u0148 udr\u017euj\u00ed \u017eidli bezpe\u010dn\u011b na m\u00edst\u011b b\u011bhem pou\u017e\u00edv\u00e1n\u00ed. Jej\u00ed robustn\u00ed vnit\u0159n\u00ed konstrukce zaji\u0161\u0165uje bezpe\u010dnost a oporu, co\u017e z n\u00ed \u010din\u00ed spolehlivou volbu pro dosp\u011bl\u00e9 i teenagery.<\/li>\n<li>Multifunk\u010dn\u00ed \u017eidle: Tato podlahov\u00e1 \u017eidle, dokonale navr\u017een\u00e1 pro modern\u00ed obytn\u00e9 prostory, se p\u0159izp\u016fsob\u00ed va\u0161emu \u017eivotn\u00edmu stylu \u2013 m\u016f\u017eete ji pou\u017e\u00edt jako hern\u00ed \u017eidli, \u00fatuln\u00e9 \u010dtec\u00ed k\u0159eslo nebo leno\u0161ku na podlahu pro meditaci, pr\u00e1ci nebo filmov\u00e9 ve\u010dery. Jej\u00ed minimalistick\u00fd design dopln\u00ed jak\u00fdkoli interi\u00e9r a je ide\u00e1ln\u00ed pro ob\u00fdvac\u00ed pokoje, lo\u017enice, koleje nebo byty. U\u017eijte si multifunk\u010dn\u00ed pohodl\u00ed, a\u0165 u\u017e sed\u00edte kdekoli.<\/li>\n<li>Polohovac\u00ed k\u0159eslo bez nutnosti mont\u00e1\u017ee: P\u0159ipraveno k pou\u017eit\u00ed ihned po vybalen\u00ed z krabice! Nastaviteln\u00e9 k\u0159eslo nevy\u017eaduje \u017e\u00e1dnou mont\u00e1\u017e \u2013 jednodu\u0161e rozlo\u017ete a relaxujte. Kdy\u017e k\u0159eslo nepou\u017e\u00edv\u00e1te, slo\u017ete ho pro kompaktn\u00ed ulo\u017een\u00ed pod postel\u00ed nebo v rohu. Rozm\u011bry v rozlo\u017een\u00e9m stavu: 147 cm (D) x 76 cm (\u0160); ve slo\u017een\u00e9m stavu: 81 cm (D) x 76 cm (\u0160) x 73 cm (V). Toto hern\u00ed k\u0159eslo, navr\u017een\u00e9 pro ka\u017edodenn\u00ed pohodl\u00ed, v sob\u011b spojuje pohodl\u00ed, funk\u010dnost a snadnou p\u0159enosnost.<\/li>\n<\/ul>","protected":false},"featured_media":15455,"comment_status":"open","ping_status":"closed","template":"","meta":[],"product_brand":[],"product_cat":[228],"product_tag":[],"class_list":{"0":"post-15464","1":"product","2":"type-product","3":"status-publish","4":"has-post-thumbnail","6":"product_cat-cushions","8":"first","9":"outofstock","10":"sold-individually","11":"shipping-taxable","12":"purchasable","13":"product-type-simple"},"_links":{"self":[{"href":"https:\/\/www.largepillow.com\/cs\/wp-json\/wp\/v2\/product\/15464","targetHints":{"allow":["GET"]}}],"collection":[{"href":"https:\/\/www.largepillow.com\/cs\/wp-json\/wp\/v2\/product"}],"about":[{"href":"https:\/\/www.largepillow.com\/cs\/wp-json\/wp\/v2\/types\/product"}],"replies":[{"embeddable":true,"href":"https:\/\/www.largepillow.com\/cs\/wp-json\/wp\/v2\/comments?post=15464"}],"wp:featuredmedia":[{"embeddable":true,"href":"https:\/\/www.largepillow.com\/cs\/wp-json\/wp\/v2\/media\/15455"}],"wp:attachment":[{"href":"https:\/\/www.largepillow.com\/cs\/wp-json\/wp\/v2\/media?parent=15464"}],"wp:term":[{"taxonomy":"product_brand","embeddable":true,"href":"https:\/\/www.largepillow.com\/cs\/wp-json\/wp\/v2\/product_brand?post=15464"},{"taxonomy":"product_cat","embeddable":true,"href":"https:\/\/www.largepillow.com\/cs\/wp-json\/wp\/v2\/product_cat?post=15464"},{"taxonomy":"product_tag","embeddable":true,"href":"https:\/\/www.largepillow.com\/cs\/wp-json\/wp\/v2\/product_tag?post=15464"}],"curies":[{"name":"wp","href":"https:\/\/api.w.org\/{rel}","templated":true}]}}