{"id":156,"date":"2022-09-15T06:26:18","date_gmt":"2022-09-15T06:26:18","guid":{"rendered":"https:\/\/www.largepillow.com\/product\/daybed-wedge-pillow"},"modified":"2025-11-05T02:15:25","modified_gmt":"2025-11-05T02:15:25","slug":"postel-podhlavnik-polstar","status":"publish","type":"product","link":"https:\/\/www.largepillow.com\/cs\/product\/bed-bolster-pillow","title":{"rendered":"Pol\u0161t\u00e1\u0159 pod postel"},"content":{"rendered":"<p>Objevte dokonal\u00fd komfort s pol\u0161t\u00e1\u0159em Bed Bolster<\/p>\n<p>U\u017e v\u00e1s nebav\u00ed bojovat s pohodl\u00edm v posteli p\u0159i \u010dten\u00ed nebo sledov\u00e1n\u00ed televize? P\u0159edstavujeme revolu\u010dn\u00ed pol\u0161t\u00e1\u0159 Bed Bolster Pillow, multifunk\u010dn\u00ed pol\u0161t\u00e1\u0159 3 v 1, kter\u00fd posouv\u00e1 relaxaci p\u0159ed span\u00edm do nov\u00fdch v\u00fd\u0161in. <\/p>\n<p>Tento troj\u00faheln\u00edkov\u00fd pol\u0161t\u00e1\u0159, vyroben\u00fd z vysoce kvalitn\u00edch materi\u00e1l\u016f, nab\u00edz\u00ed ergonomickou bedern\u00ed oporu, kter\u00e1 se dokonale p\u0159izp\u016fsob\u00ed va\u0161im z\u00e1d\u016fm a pasu. Prody\u0161n\u00fd polyesterov\u00fd potah a pru\u017en\u00fd vnit\u0159n\u00ed pol\u0161t\u00e1\u0159 poskytuj\u00ed to spr\u00e1vn\u00e9 mno\u017estv\u00ed pro hodiny pohodl\u00ed bez nap\u011bt\u00ed. <\/p>\n<p>Z\u00e1kazn\u00edci miluj\u00ed, jak v\u0161estrann\u00fd je pol\u0161t\u00e1\u0159 Bed Bolster:<\/p>\n<p>\u201ePou\u017e\u00edv\u00e1m sv\u00e9 vzp\u0159\u00edmen\u00e9 jako op\u011bradlo, kdy\u017e sed\u00edm v posteli. Je to mnohem lep\u0161\u00ed, ne\u017e se pot\u00fdkat s ploch\u00fdmi pol\u0161t\u00e1\u0159i, kter\u00e9 neust\u00e1le klou\u017eou dol\u016f.\u201c<\/p>\n<p>\u201eTento kl\u00ednov\u00fd pol\u0161t\u00e1\u0159 je \u00fa\u017easn\u00fd. Spal jsem na boku a um\u00edst\u011bn\u00ed pod nohy mi d\u011blalo z\u00e1zraky na bolesti zad.\u201c  <\/p>\n<p>\u201eR\u00e1d ho pou\u017e\u00edv\u00e1m jako mal\u00fd pol\u0161t\u00e1\u0159ek na pohovku. Je to ide\u00e1ln\u00ed velikost, abychom se s dcerou mohli tulit a spole\u010dn\u011b si \u010d\u00edst.\u201c<\/p>\n<p>S velikostmi od 45 cm a\u017e do prostorn\u00fdch 200 cm se do pol\u0161t\u00e1\u0159e Bed Bolster Pol\u0161t\u00e1\u0159 vejde cokoli od osobn\u00edho pou\u017eit\u00ed a\u017e po spole\u010dn\u00e9 span\u00ed s partnerem. Pohodln\u00e9 bo\u010dn\u00ed kapsy v\u00e1m poskytnou m\u00edsto pro ulo\u017een\u00ed knih, ovlada\u010d\u016f, telefon\u016f a dal\u0161\u00edch, zat\u00edmco odn\u00edmateln\u00fd kryt na zip umo\u017e\u0148uje snadn\u00e9 pran\u00ed. <\/p>\n<p>Pozvedn\u011bte svou relaxaci pomoc\u00ed jedin\u00e9ho pol\u0161t\u00e1\u0159e, kter\u00fd to v\u0161echno zvl\u00e1dne. P\u0159ineste si dom\u016f Bed Bolster Pol\u0161t\u00e1\u0159 a objevte maxim\u00e1ln\u00ed pohodl\u00ed je\u0161t\u011b dnes!<\/p>","protected":false},"excerpt":{"rendered":"<ul>\n<li><strong>Maxim\u00e1ln\u00ed pohodl\u00ed:<\/strong> Tento pol\u0161t\u00e1\u0159 na \u010delo nab\u00edz\u00ed vynikaj\u00edc\u00ed pohodl\u00ed d\u00edky sv\u00e9mu troj\u00faheln\u00edkov\u00e9mu tvaru. Op\u011brn\u00fd pol\u0161t\u00e1\u0159 l\u016f\u017eka p\u011bkn\u011b sed\u00ed na z\u00e1dech a pasu a minimalizuje bedern\u00ed \/ protitlak. Tento pol\u0161t\u00e1\u0159 na \u010dten\u00ed v\u00e1m pom\u016f\u017ee z\u016fstat bez nap\u011bt\u00ed v posteli nebo pohovce, co\u017e je ide\u00e1ln\u00ed pro pr\u00e1ci no\u010dn\u00edch sov, knihomol\u016f a sledov\u00e1n\u00ed televize v posteli. Tento extra velk\u00fd podhlavn\u00edk je jedin\u00fd kl\u00ednov\u00fd pol\u0161t\u00e1\u0159 na \u010delo, kter\u00fd pojme dv\u011b osoby.<\/li>\n<li><strong>Velk\u00fd podhlavn\u00edk 3 v 1:<\/strong> Pol\u0161t\u00e1\u0159 m\u016f\u017eete pou\u017e\u00edt ve vzp\u0159\u00edmen\u00e9 poloze jako op\u011brn\u00fd pol\u0161t\u00e1\u0159 na \u010delo p\u0159i sezen\u00ed v posteli nebo jej polo\u017eit na postel a pou\u017e\u00edt jako velk\u00fd kl\u00ednov\u00fd pol\u0161t\u00e1\u0159 p\u0159i sp\u00e1nku na z\u00e1dech nebo na boku nebo jako pol\u0161t\u00e1\u0159 na nohy pro zvednut\u00ed nohou. Pokud chcete velk\u00fd pol\u0161t\u00e1\u0159 na \u010delo, kter\u00fd poskytuje oporu v\u00e1m i va\u0161emu man\u017eelovi. Je to vynikaj\u00edc\u00ed alternativa.<\/li>\n<li><strong>Multifunk\u010dn\u00ed design:<\/strong> N\u011bkte\u0159\u00ed lid\u00e9 pou\u017e\u00edvaj\u00ed velk\u00fd troj\u00faheln\u00edkov\u00fd pol\u0161t\u00e1\u0159 jako pol\u0161t\u00e1\u0159 na \u010delo, zat\u00edmco jin\u00ed ho pou\u017e\u00edvaj\u00ed jako pol\u0161t\u00e1\u0159 na n\u00e1razn\u00edk, m\u016f\u017ee to b\u00fdt tak\u00e9 pol\u0161t\u00e1\u0159 na pohovku nebo v\u00e1lendu. Je stylov\u00fd a z\u00e1rove\u0148 funk\u010dn\u00ed, tak\u017ee je skv\u011bl\u00fdm dopl\u0148kem ka\u017ed\u00e9 lo\u017enice.<\/li>\n<li><strong>\u0160pi\u010dkov\u00e9 \u0159emesln\u00e9 zpracov\u00e1n\u00ed:<\/strong> Povlak na pol\u0161t\u00e1\u0159 je man\u0161estrov\u00e9ho vzhledu, jeho\u017e slo\u017een\u00ed je polyester 100%. n\u00e1\u0161 pol\u0161t\u00e1\u0159 na \u010delo je dostate\u010dn\u011b prody\u0161n\u00fd a pohodln\u00fd, aby dr\u017eel sv\u016fj tvar a \u010dasem neztr\u00e1cel sv\u016fj tvar. Bo\u010dn\u00ed kapsa na ka\u017ed\u00e9 stran\u011b v\u00e1m umo\u017en\u00ed zasunout knihu nebo telefon.<\/li>\n<li><strong>Snadno omyvateln\u00e9:<\/strong> Povlak na pol\u0161t\u00e1\u0159 na \u010dten\u00ed se k pol\u0161t\u00e1\u0159i p\u0159ipev\u0148uje pomoc\u00ed knofl\u00edk\u016f a lze jej snadno sejmout pomoc\u00ed jednoduch\u00e9ho zipu. D\u00edky tomu je jeho \u010di\u0161t\u011bn\u00ed bezprobl\u00e9mov\u00e9. Sta\u010d\u00ed sundat potah a rychle vyprat v pra\u010dce, aby v\u00e1\u0161 pol\u0161t\u00e1\u0159 vypadal jako nov\u00fd.<\/li>\n<li><strong>Velikost:<\/strong> 45 cm (D45 x \u016020 x V50 | 0 tla\u010d\u00edtek), 60 cm (D60 x \u016020 x V50 | 0 tla\u010d\u00edtek), 80 cm (D80 x \u016020 x V50 | 2 tla\u010d\u00edtka), 100 cm (D100 x \u016020 x V50 | 3 tla\u010d\u00edtka), 120 cm ( D120 x \u016020 x V50 | 4 tla\u010d\u00edtka), 140 cm (D140 x \u016020 x V50 | 4 tla\u010d\u00edtka), 160 cm (D160 x \u016020 x V50 | 5 tla\u010d\u00edtek), 180 cm (D180 x \u016020 x V50 | 6 tla\u010d\u00edtek), 200 cm (L200 x \u016020 x V50 | 7 tla\u010d\u00edtek).<\/li>\n<\/ul>","protected":false},"featured_media":137,"comment_status":"open","ping_status":"closed","template":"","meta":[],"product_brand":[],"product_cat":[15],"product_tag":[66,225,195,206,218,102,75,168,154,199,163,59],"class_list":{"0":"post-156","1":"product","2":"type-product","3":"status-publish","4":"has-post-thumbnail","6":"product_cat-large-wedge-pillow","7":"product_tag-back-support-pillow","8":"product_tag-bed-bolster-pillow","9":"product_tag-brown-pillow","10":"product_tag-bumper-pillow","11":"product_tag-corduroy-pillow","12":"product_tag-couch-pillow","13":"product_tag-daybed-pillow","14":"product_tag-headboard-pillow","15":"product_tag-large-body-pillow","16":"product_tag-large-wedge-pillow","17":"product_tag-leg-pillow","18":"product_tag-reading-pillow","20":"first","21":"instock","22":"featured","23":"shipping-taxable","24":"purchasable","25":"product-type-variable"},"_links":{"self":[{"href":"https:\/\/www.largepillow.com\/cs\/wp-json\/wp\/v2\/product\/156","targetHints":{"allow":["GET"]}}],"collection":[{"href":"https:\/\/www.largepillow.com\/cs\/wp-json\/wp\/v2\/product"}],"about":[{"href":"https:\/\/www.largepillow.com\/cs\/wp-json\/wp\/v2\/types\/product"}],"replies":[{"embeddable":true,"href":"https:\/\/www.largepillow.com\/cs\/wp-json\/wp\/v2\/comments?post=156"}],"wp:featuredmedia":[{"embeddable":true,"href":"https:\/\/www.largepillow.com\/cs\/wp-json\/wp\/v2\/media\/137"}],"wp:attachment":[{"href":"https:\/\/www.largepillow.com\/cs\/wp-json\/wp\/v2\/media?parent=156"}],"wp:term":[{"taxonomy":"product_brand","embeddable":true,"href":"https:\/\/www.largepillow.com\/cs\/wp-json\/wp\/v2\/product_brand?post=156"},{"taxonomy":"product_cat","embeddable":true,"href":"https:\/\/www.largepillow.com\/cs\/wp-json\/wp\/v2\/product_cat?post=156"},{"taxonomy":"product_tag","embeddable":true,"href":"https:\/\/www.largepillow.com\/cs\/wp-json\/wp\/v2\/product_tag?post=156"}],"curies":[{"name":"wp","href":"https:\/\/api.w.org\/{rel}","templated":true}]}}