{"id":16499,"date":"2026-02-08T03:20:01","date_gmt":"2026-02-08T03:20:01","guid":{"rendered":"https:\/\/www.largepillow.com\/product\/stylish-pouf-ottoman-footrest-multi-functional-marble-patterns-dark-green-marble"},"modified":"2026-02-11T02:58:28","modified_gmt":"2026-02-11T02:58:28","slug":"stylovy-puf-podnozka-multifunkcni-mramorove-vzory-tmave-zeleny-mramor","status":"publish","type":"product","link":"https:\/\/www.largepillow.com\/cs\/product\/stylish-pouf-ottoman-footrest-multi-functional-marble-patterns-dark-green-marble","title":{"rendered":"Stylov\u00fd podno\u017en\u00edk s pufem \u2013 multifunk\u010dn\u00ed a mramorov\u00fd vzor (tmav\u011b zelen\u00fd mramor)"},"content":{"rendered":"<p>Prom\u011b\u0148te sv\u016fj obytn\u00fd prostor s t\u00edmto v\u0161estrann\u00fdm a stylov\u00fdm taburetem ve tvaru kostky, kter\u00fd slou\u017e\u00ed jak jako funk\u010dn\u00ed podno\u017eka, tak jako dekorativn\u00ed prvek. Tento taburet s \u00fachvatn\u00fdmi vzory, kter\u00e9 vytv\u00e1\u0159ej\u00ed luxusn\u00ed, p\u0159\u00edrodn\u00ed estetiku, m\u00e1 rozm\u011bry 55*55*40 cm (22 x 22 x 17 palc\u016f) \u2013 ide\u00e1ln\u00ed pro jak\u00e9koli prost\u0159ed\u00ed m\u00edstnosti. Krychlov\u00fd design se vyzna\u010duje slo\u017eit\u00fdmi v\u00ed\u0159iv\u00fdmi vzory v syt\u00fdch hn\u011bd\u00fdch a zlat\u00fdch t\u00f3nech, d\u00edky \u010demu\u017e je ka\u017ed\u00fd kus jedine\u010dn\u00fd. Je vyroben z vysoce kvalitn\u00ed p\u011bnov\u00e9 v\u00fdpln\u011b a poskytuje pohodlnou oporu, a\u0165 u\u017e jej pou\u017eijete jako podno\u017eku, dal\u0161\u00ed sezen\u00ed nebo odkl\u00e1dac\u00ed stolek. Modern\u00ed design se bez n\u00e1mahy hod\u00ed do r\u016fzn\u00fdch styl\u016f interi\u00e9ru, od sou\u010dasn\u00e9ho po rustik\u00e1ln\u00ed. D\u00edky sv\u00fdm rozm\u011br\u016fm je ide\u00e1ln\u00ed volbou jak pro praktick\u00e9 pou\u017eit\u00ed, tak i jako v\u00fdrazn\u00fd prvek ve va\u0161\u00ed dom\u00e1cnosti. K dispozici v r\u016fzn\u00fdch vzorech s mo\u017enost\u00ed vlastn\u00edho n\u00e1vrhu, kter\u00fd odpov\u00edd\u00e1 va\u0161im specifick\u00fdm estetick\u00fdm pot\u0159eb\u00e1m. V\u0161estrann\u00e1 v\u00fd\u0161ka a robustn\u00ed konstrukce zaji\u0161\u0165uj\u00ed, \u017ee tento taburet m\u016f\u017ee slou\u017eit mnoha \u00fa\u010del\u016fm, od pohodln\u00e9 podno\u017eky a\u017e po improvizovan\u00fd konferen\u010dn\u00ed stolek nebo dal\u0161\u00ed sezen\u00ed p\u0159i poho\u0161t\u011bn\u00ed host\u016f.<\/p>","protected":false},"excerpt":{"rendered":"<ul>\n<li>V\u0161estrann\u00fd design: Modern\u00ed kostkov\u00fd taburet, kter\u00fd slou\u017e\u00ed jako podno\u017eka, dal\u0161\u00ed sezen\u00ed nebo dekorativn\u00ed prvek s v\u00fdrazn\u00fdm vzorem kresby d\u0159eva.<\/li>\n<li>Pr\u00e9miov\u00e1 velikost: Rozm\u011bry 55*55*40 cm (22 x 22 x 17 palc\u016f), ide\u00e1ln\u00ed do ob\u00fdvac\u00edch pokoj\u016f, lo\u017enic nebo jak\u00e9hokoli prostoru vy\u017eaduj\u00edc\u00edho stylovou funk\u010dnost.<\/li>\n<li>Mo\u017enosti na zak\u00e1zku: K dispozici v r\u016fzn\u00fdch vzorech s mo\u017enost\u00ed soukrom\u00fdch zak\u00e1zkov\u00fdch vzor\u016f, kter\u00e9 odpov\u00eddaj\u00ed va\u0161im jedine\u010dn\u00fdm pot\u0159eb\u00e1m interi\u00e9rov\u00e9ho designu.<\/li>\n<li>Pohodln\u00e1 opora: Vyrobeno z vysoce kvalitn\u00ed p\u011bnov\u00e9 v\u00fdpln\u011b pro optim\u00e1ln\u00ed pohodl\u00ed a odolnost p\u0159i zachov\u00e1n\u00ed tvaru.<\/li>\n<li>V\u00fdrazn\u00fd kousek: V\u00fdrazn\u00fd vzor v t\u00f3nech vytv\u00e1\u0159\u00ed poutav\u00fd akcent v ka\u017ed\u00e9m interi\u00e9ru.<\/li>\n<\/ul>","protected":false},"featured_media":16492,"comment_status":"open","ping_status":"closed","template":"","meta":[],"product_brand":[],"product_cat":[228],"product_tag":[],"class_list":{"0":"post-16499","1":"product","2":"type-product","3":"status-publish","4":"has-post-thumbnail","6":"product_cat-cushions","8":"first","9":"instock","10":"shipping-taxable","11":"purchasable","12":"product-type-simple"},"_links":{"self":[{"href":"https:\/\/www.largepillow.com\/cs\/wp-json\/wp\/v2\/product\/16499","targetHints":{"allow":["GET"]}}],"collection":[{"href":"https:\/\/www.largepillow.com\/cs\/wp-json\/wp\/v2\/product"}],"about":[{"href":"https:\/\/www.largepillow.com\/cs\/wp-json\/wp\/v2\/types\/product"}],"replies":[{"embeddable":true,"href":"https:\/\/www.largepillow.com\/cs\/wp-json\/wp\/v2\/comments?post=16499"}],"wp:featuredmedia":[{"embeddable":true,"href":"https:\/\/www.largepillow.com\/cs\/wp-json\/wp\/v2\/media\/16492"}],"wp:attachment":[{"href":"https:\/\/www.largepillow.com\/cs\/wp-json\/wp\/v2\/media?parent=16499"}],"wp:term":[{"taxonomy":"product_brand","embeddable":true,"href":"https:\/\/www.largepillow.com\/cs\/wp-json\/wp\/v2\/product_brand?post=16499"},{"taxonomy":"product_cat","embeddable":true,"href":"https:\/\/www.largepillow.com\/cs\/wp-json\/wp\/v2\/product_cat?post=16499"},{"taxonomy":"product_tag","embeddable":true,"href":"https:\/\/www.largepillow.com\/cs\/wp-json\/wp\/v2\/product_tag?post=16499"}],"curies":[{"name":"wp","href":"https:\/\/api.w.org\/{rel}","templated":true}]}}