{"id":16515,"date":"2026-02-08T03:29:28","date_gmt":"2026-02-08T03:29:28","guid":{"rendered":"https:\/\/www.largepillow.com\/product\/versatile-ottoman-foot-stool-modern-cube-pouf-for-home-decor-seating-yellow-wood-grain"},"modified":"2026-02-11T02:58:28","modified_gmt":"2026-02-11T02:58:28","slug":"versatile-ottoman-foot-stool-modern-cube-pouf-for-home-decor-seating-yellow-wood-grain","status":"publish","type":"product","link":"https:\/\/www.largepillow.com\/cs\/product\/versatile-ottoman-foot-stool-modern-cube-pouf-for-home-decor-seating-yellow-wood-grain","title":{"rendered":"V\u0161estrann\u00e1 podno\u017eka s podno\u017ekou, modern\u00ed kostkov\u00fd puf pro bytov\u00e9 dekorace a sezen\u00ed (\u017elut\u00e1 d\u0159ev\u011bn\u00e1 kresba)"},"content":{"rendered":"<p>Rozm\u011bry tohoto modern\u00edho kostkov\u00e9ho taburetu jsou p\u0159ibli\u017en\u011b 55*55*40 cm (22\u2033 D x 22\u2033 \u0160 x 17\u2033 V). Tento kostkov\u00fd taburet v\u00e1m dod\u00e1 realisti\u010dt\u011bj\u0161\u00ed vzhled. Tento taburet neslou\u017e\u00ed jen jako op\u011brka nohou, m\u016f\u017eete ho pou\u017e\u00edt jako sed\u00e1k, konferen\u010dn\u00ed stolek, koncov\u00fd stolek nebo no\u010dn\u00ed stolek. M\u016f\u017ee v\u00e1m p\u0159in\u00e9st p\u0159\u00edjemn\u00e9 pohodl\u00ed do ka\u017edodenn\u00edho \u017eivota a st\u00e1t se tak v\u00edce\u00fa\u010delov\u00fdm dopl\u0148kem, kter\u00fd se p\u0159izp\u016fsob\u00ed pot\u0159eb\u00e1m va\u0161eho obytn\u00e9ho prostoru.<\/p>","protected":false},"excerpt":{"rendered":"<ul>\n<li>V\u0161estrann\u00fd design: Modern\u00ed kostkov\u00fd taburet, kter\u00fd slou\u017e\u00ed jako podno\u017eka, dal\u0161\u00ed m\u00edsto k sezen\u00ed nebo dekorativn\u00ed prvek s v\u00fdrazn\u00fdm vzorem d\u0159eva.<\/li>\n<li>Pr\u00e9miov\u00e1 velikost: Rozm\u011bry 55*55*40 cm (22 x 22 x 17 palc\u016f), ide\u00e1ln\u00ed do ob\u00fdvac\u00edch pokoj\u016f, lo\u017enic nebo jak\u00e9hokoli prostoru vy\u017eaduj\u00edc\u00edho stylovou funk\u010dnost.<\/li>\n<li>Pohodln\u00e1 opora: Vyrobeno z vysoce kvalitn\u00ed p\u011bnov\u00e9 v\u00fdpln\u011b pro optim\u00e1ln\u00ed pohodl\u00ed a odolnost p\u0159i zachov\u00e1n\u00ed tvaru.<\/li>\n<li>V\u00fdrazn\u00fd kousek: V\u00fdrazn\u00fd vzor d\u0159eva v tmav\u00fdch a sv\u011btl\u00fdch t\u00f3nech vytv\u00e1\u0159\u00ed poutav\u00fd akcent v ka\u017ed\u00e9m interi\u00e9ru.<\/li>\n<li>V\u00edce barev K dispozici v r\u016fzn\u00fdch vzorech s mo\u017enost\u00ed p\u0159izp\u016fsoben\u00ed se va\u0161im jedine\u010dn\u00fdm pot\u0159eb\u00e1m interi\u00e9rov\u00e9ho designu.<\/li>\n<\/ul>","protected":false},"featured_media":16508,"comment_status":"open","ping_status":"closed","template":"","meta":[],"product_brand":[],"product_cat":[228],"product_tag":[],"class_list":{"0":"post-16515","1":"product","2":"type-product","3":"status-publish","4":"has-post-thumbnail","6":"product_cat-cushions","8":"first","9":"instock","10":"shipping-taxable","11":"purchasable","12":"product-type-simple"},"_links":{"self":[{"href":"https:\/\/www.largepillow.com\/cs\/wp-json\/wp\/v2\/product\/16515","targetHints":{"allow":["GET"]}}],"collection":[{"href":"https:\/\/www.largepillow.com\/cs\/wp-json\/wp\/v2\/product"}],"about":[{"href":"https:\/\/www.largepillow.com\/cs\/wp-json\/wp\/v2\/types\/product"}],"replies":[{"embeddable":true,"href":"https:\/\/www.largepillow.com\/cs\/wp-json\/wp\/v2\/comments?post=16515"}],"wp:featuredmedia":[{"embeddable":true,"href":"https:\/\/www.largepillow.com\/cs\/wp-json\/wp\/v2\/media\/16508"}],"wp:attachment":[{"href":"https:\/\/www.largepillow.com\/cs\/wp-json\/wp\/v2\/media?parent=16515"}],"wp:term":[{"taxonomy":"product_brand","embeddable":true,"href":"https:\/\/www.largepillow.com\/cs\/wp-json\/wp\/v2\/product_brand?post=16515"},{"taxonomy":"product_cat","embeddable":true,"href":"https:\/\/www.largepillow.com\/cs\/wp-json\/wp\/v2\/product_cat?post=16515"},{"taxonomy":"product_tag","embeddable":true,"href":"https:\/\/www.largepillow.com\/cs\/wp-json\/wp\/v2\/product_tag?post=16515"}],"curies":[{"name":"wp","href":"https:\/\/api.w.org\/{rel}","templated":true}]}}