{"id":16552,"date":"2026-02-08T07:50:38","date_gmt":"2026-02-08T07:50:38","guid":{"rendered":"https:\/\/www.largepillow.com\/product\/convertible-modular-floor-sofa-floor-pillow-couch-lounge-chair-for-home"},"modified":"2026-02-11T02:58:33","modified_gmt":"2026-02-11T02:58:33","slug":"konvertibilni-modularni-podlahova-pohovka-podlahovy-polstar-gauc-kreslo-pro-domacnost","status":"publish","type":"product","link":"https:\/\/www.largepillow.com\/cs\/product\/convertible-modular-floor-sofa-floor-pillow-couch-lounge-chair-for-home","title":{"rendered":"Rozkl\u00e1dac\u00ed modul\u00e1rn\u00ed pohovka, pohovka s pol\u0161t\u00e1\u0159em na podlaze, k\u0159eslo pro dom\u00e1cnost"},"content":{"rendered":"[zc_getpagecontent mb=&#8221;mb_aplus&#8221; apid=&#8221;156&#8243;]\n","protected":false},"excerpt":{"rendered":"<ul>\n<li>Modul\u00e1rn\u00ed a prostorov\u011b \u00fasporn\u00fd design: Tato \u010dty\u0159d\u00edln\u00e1 sada sedac\u00edch souprav obsahuje 2 nadm\u011brn\u011b velk\u00e9 sed\u00e1ky a 2 op\u011bradla \u2013 r\u00e1m nen\u00ed pot\u0159eba! M\u016f\u017eete je libovoln\u011b kombinovat jako pohovku u zdi, pou\u017e\u00edt je jako velk\u00e9 pol\u0161t\u00e1\u0159e na podlahu nebo je p\u0159estav\u011bt na k\u0159eslo, sek\u010dn\u00ed pohovku nebo neform\u00e1ln\u00ed posezen\u00ed podle sv\u00e9ho prostoru. Ide\u00e1ln\u00ed do mal\u00fdch byt\u016f, kolej\u00ed nebo \u00fatuln\u00fdch koutk\u016f, \u0161et\u0159\u00ed m\u00edsto a z\u00e1rove\u0148 nab\u00edz\u00ed maxim\u00e1ln\u00ed pohodl\u00ed.<\/li>\n<li>Inspirov\u00e1no toastem, stvo\u0159eno pro pohodl\u00ed: Tato pohovka na podlahu, inspirovan\u00e1 m\u011bkkou, zlatou texturou \u010derstv\u011b upe\u010den\u00e9ho toastu, se vyzna\u010duje teplou b\u00e9\u017eovo-zlatou barvou a ultra m\u011bkkou v\u00fdpln\u00ed. V okam\u017eiku, kdy se posad\u00edte, budete m\u00edt pocit, jako byste se pot\u00e1p\u011bli do oblaku relaxace \u2013 ide\u00e1ln\u00ed pro vytvo\u0159en\u00ed klidn\u00e9 a \u00fatuln\u00e9 atmosf\u00e9ry v jak\u00e9koli m\u00edstnosti.<\/li>\n<li>Oboustrann\u00e9 barvy a pr\u00e9miov\u00e1 l\u00e1tka: Dvoubarevn\u00e9 oboustrann\u00e9 potahy (oran\u017eov\u00e1 a b\u00e9\u017eov\u00e1) jsou vyrobeny z m\u011bkk\u00e9ho holandsk\u00e9ho sametu a poskytuj\u00ed stylov\u00fd vzhled a \u00fatuln\u00fd n\u00e1dech, kter\u00fd lad\u00ed s va\u0161\u00edm interi\u00e9rem.<\/li>\n<li>Pohodl\u00ed jako v oblaku, podp\u016frn\u00e1 konstrukce: Ka\u017ed\u00fd pol\u0161t\u00e1\u0159 je velkoryse vycpan\u00fd nad\u00fdchanou polypropylenovou bavlnou, kter\u00e1 nab\u00edz\u00ed siln\u00e9, podp\u016frn\u00e9 polstrov\u00e1n\u00ed a vynikaj\u00edc\u00ed odpru\u017een\u00ed. A\u0165 u\u017e \u010dtete, hrajete hry, zd\u0159\u00edmnete si nebo relaxujete, tato pohovka na podlaze poskytuje maxim\u00e1ln\u00ed pohodl\u00ed v \u00farovni zem\u011b.<\/li>\n<li>Flexibiln\u00ed a p\u0159enosn\u00fd: Lehk\u00fd design se skryt\u00fdmi \u00fachyty usnad\u0148uje p\u0159emis\u0165ov\u00e1n\u00ed a zm\u011bnu uspo\u0159\u00e1d\u00e1n\u00ed. Modul\u00e1rn\u00ed pol\u0161t\u00e1\u0159e inspiruj\u00ed kreativitu a flexibilitu ve va\u0161em obytn\u00e9m prostoru.<\/li>\n<li>Snadn\u00e1 \u00fadr\u017eba a instalace: Dod\u00e1v\u00e1 se s odn\u00edmateln\u00fdmi, prateln\u00fdmi potahy pro snadn\u00e9 \u010di\u0161t\u011bn\u00ed. Sada se dod\u00e1v\u00e1 vakuov\u011b balen\u00e1 ve dvou samostatn\u00fdch obalech; po rozbalen\u00ed nechte 24\u201372 hodin, aby se pln\u011b rozlo\u017eila, abyste si mohli vychutnat jej\u00ed skute\u010dnou ply\u0161.<\/li>\n<\/ul>","protected":false},"featured_media":16535,"comment_status":"open","ping_status":"closed","template":"","meta":[],"product_brand":[],"product_cat":[228],"product_tag":[],"class_list":{"0":"post-16552","1":"product","2":"type-product","3":"status-publish","4":"has-post-thumbnail","6":"product_cat-cushions","8":"first","9":"outofstock","10":"sold-individually","11":"shipping-taxable","12":"purchasable","13":"product-type-simple"},"_links":{"self":[{"href":"https:\/\/www.largepillow.com\/cs\/wp-json\/wp\/v2\/product\/16552","targetHints":{"allow":["GET"]}}],"collection":[{"href":"https:\/\/www.largepillow.com\/cs\/wp-json\/wp\/v2\/product"}],"about":[{"href":"https:\/\/www.largepillow.com\/cs\/wp-json\/wp\/v2\/types\/product"}],"replies":[{"embeddable":true,"href":"https:\/\/www.largepillow.com\/cs\/wp-json\/wp\/v2\/comments?post=16552"}],"wp:featuredmedia":[{"embeddable":true,"href":"https:\/\/www.largepillow.com\/cs\/wp-json\/wp\/v2\/media\/16535"}],"wp:attachment":[{"href":"https:\/\/www.largepillow.com\/cs\/wp-json\/wp\/v2\/media?parent=16552"}],"wp:term":[{"taxonomy":"product_brand","embeddable":true,"href":"https:\/\/www.largepillow.com\/cs\/wp-json\/wp\/v2\/product_brand?post=16552"},{"taxonomy":"product_cat","embeddable":true,"href":"https:\/\/www.largepillow.com\/cs\/wp-json\/wp\/v2\/product_cat?post=16552"},{"taxonomy":"product_tag","embeddable":true,"href":"https:\/\/www.largepillow.com\/cs\/wp-json\/wp\/v2\/product_tag?post=16552"}],"curies":[{"name":"wp","href":"https:\/\/api.w.org\/{rel}","templated":true}]}}