{"id":16625,"date":"2026-02-10T03:18:15","date_gmt":"2026-02-10T03:18:15","guid":{"rendered":"https:\/\/www.largepillow.com\/product\/adjustable-face-down-pillow-for-eye-surgery-bbl-massage-sleeping"},"modified":"2026-02-11T03:05:42","modified_gmt":"2026-02-11T03:05:42","slug":"nastavitelny-polstar-s-hlavou-dolu-pro-operaci-oci-masaz-bricha-spani","status":"publish","type":"product","link":"https:\/\/www.largepillow.com\/cs\/product\/adjustable-face-down-pillow-for-eye-surgery-bbl-massage-sleeping","title":{"rendered":"Nastaviteln\u00fd pol\u0161t\u00e1\u0159 s hlavou dol\u016f pro o\u010dn\u00ed chirurgii, BBL, mas\u00e1\u017e, span\u00ed"},"content":{"rendered":"[zc_getpagecontent mb=&#8221;mb_aplus&#8221; apid=&#8221;164&#8243;]\n","protected":false},"excerpt":{"rendered":"<ul>\n<li><strong>Nastaviteln\u00e1 poloha obli\u010deje<\/strong>Velikost a polohu obli\u010deje lze p\u0159izp\u016fsobit individu\u00e1ln\u00edm pot\u0159eb\u00e1m a roz\u0161\u00ed\u0159en\u00e9 dvoukan\u00e1lov\u00e9 ventila\u010dn\u00ed otvory zaji\u0161\u0165uj\u00ed plynul\u00e9 d\u00fdch\u00e1n\u00ed.<\/li>\n<li><strong>3 vrstvy houbov\u00e9ho spojov\u00e1n\u00ed<\/strong>Vrstva 1: M\u011bkk\u00e1 a p\u0159izp\u016fsobiv\u00e1 t\u011blu; Vrstva 2: Pohodln\u00e1 elasticita; Vrstva 3: Zaji\u0161\u0165uje oporu, nastaviteln\u00fd otvor poskytuje dostate\u010dnou oporu pro hlavu, ramena a hrudn\u00edk a udr\u017euje spr\u00e1vn\u00e9 vyrovn\u00e1n\u00ed p\u00e1te\u0159e.<\/li>\n<li><strong>Multifunk\u010dn\u00ed pol\u0161t\u00e1\u0159<\/strong>Mas\u00e1\u017en\u00ed pol\u0161t\u00e1\u0159 s oto\u010den\u00edm obli\u010deje dol\u016f. Pom\u00e1h\u00e1 p\u0159i rekonvalescenci po r\u016fzn\u00fdch operac\u00edch a lze jej tak\u00e9 pou\u017e\u00edt jako dom\u00e1c\u00ed mas\u00e1\u017en\u00ed pol\u0161t\u00e1\u0159, chiropraktickou mas\u00e1\u017e, pro zd\u0159\u00edmnut\u00ed u stolu nebo pro span\u00ed vle\u017ee v noci.<\/li>\n<li><strong>M\u011bkk\u00e9 a pohodln\u00e9<\/strong>Tento pol\u0161t\u00e1\u0159 na le\u017een\u00ed je vyroben z prody\u0161n\u00e9 l\u00e1tky \u0161etrn\u00e9 k poko\u017ece s t\u0159\u00edvrstv\u00fdm houbov\u00fdm designem, kter\u00fd poskytuje oporu i pohodl\u00ed.<\/li>\n<li><strong>Odn\u00edmateln\u00e9 a prateln\u00e9<\/strong>Odn\u00edmateln\u00fd povlak na pol\u0161t\u00e1\u0159 s neviditeln\u00fdm zipem se snadno pere a lze pr\u00e1t v pra\u010dce.<\/li>\n<\/ul>","protected":false},"featured_media":16616,"comment_status":"open","ping_status":"closed","template":"","meta":[],"product_brand":[],"product_cat":[228],"product_tag":[],"class_list":{"0":"post-16625","1":"product","2":"type-product","3":"status-publish","4":"has-post-thumbnail","6":"product_cat-cushions","8":"first","9":"instock","10":"sold-individually","11":"shipping-taxable","12":"purchasable","13":"product-type-variable","14":"has-default-attributes"},"_links":{"self":[{"href":"https:\/\/www.largepillow.com\/cs\/wp-json\/wp\/v2\/product\/16625","targetHints":{"allow":["GET"]}}],"collection":[{"href":"https:\/\/www.largepillow.com\/cs\/wp-json\/wp\/v2\/product"}],"about":[{"href":"https:\/\/www.largepillow.com\/cs\/wp-json\/wp\/v2\/types\/product"}],"replies":[{"embeddable":true,"href":"https:\/\/www.largepillow.com\/cs\/wp-json\/wp\/v2\/comments?post=16625"}],"wp:featuredmedia":[{"embeddable":true,"href":"https:\/\/www.largepillow.com\/cs\/wp-json\/wp\/v2\/media\/16616"}],"wp:attachment":[{"href":"https:\/\/www.largepillow.com\/cs\/wp-json\/wp\/v2\/media?parent=16625"}],"wp:term":[{"taxonomy":"product_brand","embeddable":true,"href":"https:\/\/www.largepillow.com\/cs\/wp-json\/wp\/v2\/product_brand?post=16625"},{"taxonomy":"product_cat","embeddable":true,"href":"https:\/\/www.largepillow.com\/cs\/wp-json\/wp\/v2\/product_cat?post=16625"},{"taxonomy":"product_tag","embeddable":true,"href":"https:\/\/www.largepillow.com\/cs\/wp-json\/wp\/v2\/product_tag?post=16625"}],"curies":[{"name":"wp","href":"https:\/\/api.w.org\/{rel}","templated":true}]}}