{"id":290,"date":"2022-09-15T22:35:06","date_gmt":"2022-09-15T22:35:06","guid":{"rendered":"https:\/\/www.largepillow.com\/product\/daybed-bolster-pillow"},"modified":"2025-11-05T02:15:26","modified_gmt":"2025-11-05T02:15:26","slug":"trojuhelnikovy-klinovy-polstar","status":"publish","type":"product","link":"https:\/\/www.largepillow.com\/cs\/product\/triangular-wedge-pillow","title":{"rendered":"Troj\u00faheln\u00edkov\u00fd kl\u00ednov\u00fd pol\u0161t\u00e1\u0159"},"content":{"rendered":"<p>Objevte maxim\u00e1ln\u00ed pohodl\u00ed s troj\u00faheln\u00edkov\u00fdm kl\u00ednov\u00fdm pol\u0161t\u00e1\u0159em<\/p>\n<p>U\u017e v\u00e1s nebav\u00ed nam\u00e1hat z\u00e1da a krk p\u0159i \u010dten\u00ed nebo sledov\u00e1n\u00ed televize v posteli? P\u0159edstavujeme Triangular Wedge Pillow \u2013 multifunk\u010dn\u00ed pol\u0161t\u00e1\u0159, kter\u00fd posouv\u00e1 relaxaci p\u0159ed span\u00edm na dal\u0161\u00ed \u00farove\u0148. <\/p>\n<p>Tento velk\u00fd pol\u0161t\u00e1\u0159, vyroben\u00fd z materi\u00e1l\u016f nejvy\u0161\u0161\u00ed kvality, se m\u016f\u017ee pochlubit vynikaj\u00edc\u00edm pohodl\u00edm d\u00edky ergonomick\u00e9mu troj\u00faheln\u00edkov\u00e9mu designu, kter\u00fd vyrovn\u00e1 va\u0161e z\u00e1da a pas. Prody\u0161n\u00fd polyesterov\u00fd potah a tvarov\u011b st\u00e1l\u00e1 v\u00fdpl\u0148 poskytuj\u00ed m\u011bkkou, ale pevnou oporu, a\u0165 sed\u00edte vzp\u0159\u00edmen\u011b nebo vle\u017ee.<\/p>\n<p>Z\u00e1kazn\u00edci jej r\u00e1di pou\u017e\u00edvaj\u00ed r\u016fzn\u00fdmi zp\u016fsoby:<\/p>\n<p>\u201ePou\u017e\u00edv\u00e1m ho ka\u017edou noc jako pol\u0161t\u00e1\u0159 na op\u011bradlo. Moje bolesti zad se v\u00fdrazn\u011b sn\u00ed\u017eily!\u201c<\/p>\n<p>\u201eJe dostate\u010dn\u011b \u0161irok\u00fd, abychom se o n\u011bj s man\u017eelkou mohli pohodln\u011b op\u0159\u00edt. U\u017e \u017e\u00e1dn\u00e9 nam\u00e1h\u00e1n\u00ed krku!&quot;  <\/p>\n<p>\u201eD\u00e1v\u00e1m si ho pod nohy, abych pomohl s ob\u011bhov\u00fdmi probl\u00e9my. Tak pohodln\u00e9!\u201d<\/p>\n<p>S dev\u00edti dostupn\u00fdmi velikostmi si ur\u010dit\u011b najdete tu, kter\u00e1 bude vyhovovat va\u0161im pot\u0159eb\u00e1m. U\u017eijte si osobn\u00ed pohodl\u00ed a podporu p\u0159i \u010dten\u00ed, pr\u00e1ci, sledov\u00e1n\u00ed po\u0159ad\u016f nebo jen tak leno\u0161en\u00ed v posteli s t\u00edmto pol\u0161t\u00e1\u0159em na kl\u00ednov\u00e9 \u010delo 3 v 1.  <\/p>\n<p>P\u0159ineste si multifunk\u010dn\u00ed relax dom\u016f je\u0161t\u011b dnes!<\/p>","protected":false},"excerpt":{"rendered":"<ul>\n<li><strong>Maxim\u00e1ln\u00ed pohodl\u00ed:<\/strong> Tento pol\u0161t\u00e1\u0159 na \u010delo nab\u00edz\u00ed vynikaj\u00edc\u00ed pohodl\u00ed d\u00edky sv\u00e9mu troj\u00faheln\u00edkov\u00e9mu tvaru. Op\u011brn\u00fd pol\u0161t\u00e1\u0159 l\u016f\u017eka p\u011bkn\u011b sed\u00ed na z\u00e1dech a pasu a minimalizuje bedern\u00ed \/ protitlak. Tento pol\u0161t\u00e1\u0159 na \u010dten\u00ed v\u00e1m pom\u016f\u017ee z\u016fstat bez nap\u011bt\u00ed v posteli nebo pohovce, co\u017e je ide\u00e1ln\u00ed pro pr\u00e1ci no\u010dn\u00edch sov, knihomol\u016f a sledov\u00e1n\u00ed televize v posteli. Tento extra velk\u00fd podhlavn\u00edk je jedin\u00fd kl\u00ednov\u00fd pol\u0161t\u00e1\u0159 na \u010delo, kter\u00fd pojme dv\u011b osoby.<\/li>\n<li><strong>Velk\u00fd podhlavn\u00edk 3 v 1:<\/strong> Pol\u0161t\u00e1\u0159 m\u016f\u017eete pou\u017e\u00edt ve vzp\u0159\u00edmen\u00e9 poloze jako op\u011brn\u00fd pol\u0161t\u00e1\u0159 na \u010delo p\u0159i sezen\u00ed v posteli nebo jej polo\u017eit na postel a pou\u017e\u00edt jako velk\u00fd kl\u00ednov\u00fd pol\u0161t\u00e1\u0159 p\u0159i sp\u00e1nku na z\u00e1dech nebo na boku nebo jako pol\u0161t\u00e1\u0159 na nohy pro zvednut\u00ed nohou. Pokud chcete velk\u00fd pol\u0161t\u00e1\u0159 na \u010delo, kter\u00fd poskytuje oporu v\u00e1m i va\u0161emu man\u017eelovi. Je to vynikaj\u00edc\u00ed alternativa.<\/li>\n<li><strong>Multifunk\u010dn\u00ed design:<\/strong> N\u011bkte\u0159\u00ed lid\u00e9 pou\u017e\u00edvaj\u00ed velk\u00fd troj\u00faheln\u00edkov\u00fd pol\u0161t\u00e1\u0159 jako pol\u0161t\u00e1\u0159 na \u010delo, zat\u00edmco jin\u00ed ho pou\u017e\u00edvaj\u00ed jako pol\u0161t\u00e1\u0159 na n\u00e1razn\u00edk, m\u016f\u017ee to b\u00fdt tak\u00e9 pol\u0161t\u00e1\u0159 na pohovku nebo v\u00e1lendu. Je stylov\u00fd a z\u00e1rove\u0148 funk\u010dn\u00ed, tak\u017ee je skv\u011bl\u00fdm dopl\u0148kem ka\u017ed\u00e9 lo\u017enice.<\/li>\n<li><strong>\u0160pi\u010dkov\u00e9 \u0159emesln\u00e9 zpracov\u00e1n\u00ed:<\/strong> Povlak na pol\u0161t\u00e1\u0159 je man\u0161estrov\u00e9ho vzhledu, jeho\u017e slo\u017een\u00ed je polyester 100%. n\u00e1\u0161 pol\u0161t\u00e1\u0159 na \u010delo je dostate\u010dn\u011b prody\u0161n\u00fd a pohodln\u00fd, aby dr\u017eel sv\u016fj tvar a \u010dasem neztr\u00e1cel sv\u016fj tvar. Bo\u010dn\u00ed kapsa na ka\u017ed\u00e9 stran\u011b v\u00e1m umo\u017en\u00ed zasunout knihu nebo telefon.<\/li>\n<li><strong>Snadno omyvateln\u00e9:<\/strong> Povlak na pol\u0161t\u00e1\u0159 na \u010dten\u00ed se k pol\u0161t\u00e1\u0159i p\u0159ipev\u0148uje pomoc\u00ed knofl\u00edk\u016f a lze jej snadno sejmout pomoc\u00ed jednoduch\u00e9ho zipu. D\u00edky tomu je jeho \u010di\u0161t\u011bn\u00ed bezprobl\u00e9mov\u00e9. Sta\u010d\u00ed sundat potah a rychle vyprat v pra\u010dce, aby v\u00e1\u0161 pol\u0161t\u00e1\u0159 vypadal jako nov\u00fd.<\/li>\n<li><strong>Velikost:<\/strong> 45 cm (D45 x \u016020 x V50 | 0 tla\u010d\u00edtek), 60 cm (D60 x \u016020 x V50 | 0 tla\u010d\u00edtek), 80 cm (D80 x \u016020 x V50 | 2 tla\u010d\u00edtka), 100 cm (D100 x \u016020 x V50 | 3 tla\u010d\u00edtka), 120 cm ( D120 x \u016020 x V50 | 4 tla\u010d\u00edtka), 140 cm (D140 x \u016020 x V50 | 4 tla\u010d\u00edtka), 160 cm (D160 x \u016020 x V50 | 5 tla\u010d\u00edtek), 180 cm (D180 x \u016020 x V50 | 6 tla\u010d\u00edtek), 200 cm (L200 x \u016020 x V50 | 7 tla\u010d\u00edtek).<\/li>\n<\/ul>","protected":false},"featured_media":271,"comment_status":"open","ping_status":"closed","template":"","meta":[],"product_brand":[],"product_cat":[15],"product_tag":[205,204,206,218,217,209,168,223,199,112,224,68],"class_list":{"0":"post-290","1":"product","2":"type-product","3":"status-publish","4":"has-post-thumbnail","6":"product_cat-large-wedge-pillow","7":"product_tag-back-support-headboard-pillow","8":"product_tag-bed-support-cushion","9":"product_tag-bumper-pillow","10":"product_tag-corduroy-pillow","11":"product_tag-daybed-backrest","12":"product_tag-extra-large-bolster-pillow","13":"product_tag-headboard-pillow","14":"product_tag-large-bolster","15":"product_tag-large-wedge-pillow","16":"product_tag-lumbar-support-pillow","17":"product_tag-red-pillow","18":"product_tag-wedge-reading-pillow","20":"first","21":"instock","22":"shipping-taxable","23":"purchasable","24":"product-type-variable"},"_links":{"self":[{"href":"https:\/\/www.largepillow.com\/cs\/wp-json\/wp\/v2\/product\/290","targetHints":{"allow":["GET"]}}],"collection":[{"href":"https:\/\/www.largepillow.com\/cs\/wp-json\/wp\/v2\/product"}],"about":[{"href":"https:\/\/www.largepillow.com\/cs\/wp-json\/wp\/v2\/types\/product"}],"replies":[{"embeddable":true,"href":"https:\/\/www.largepillow.com\/cs\/wp-json\/wp\/v2\/comments?post=290"}],"wp:featuredmedia":[{"embeddable":true,"href":"https:\/\/www.largepillow.com\/cs\/wp-json\/wp\/v2\/media\/271"}],"wp:attachment":[{"href":"https:\/\/www.largepillow.com\/cs\/wp-json\/wp\/v2\/media?parent=290"}],"wp:term":[{"taxonomy":"product_brand","embeddable":true,"href":"https:\/\/www.largepillow.com\/cs\/wp-json\/wp\/v2\/product_brand?post=290"},{"taxonomy":"product_cat","embeddable":true,"href":"https:\/\/www.largepillow.com\/cs\/wp-json\/wp\/v2\/product_cat?post=290"},{"taxonomy":"product_tag","embeddable":true,"href":"https:\/\/www.largepillow.com\/cs\/wp-json\/wp\/v2\/product_tag?post=290"}],"curies":[{"name":"wp","href":"https:\/\/api.w.org\/{rel}","templated":true}]}}