{"id":318,"date":"2022-09-15T22:37:09","date_gmt":"2022-09-15T22:37:09","guid":{"rendered":"https:\/\/www.largepillow.com\/product\/bed-bolster-wedge"},"modified":"2025-11-05T02:15:26","modified_gmt":"2025-11-05T02:15:26","slug":"zada-polstar-do-luzka","status":"publish","type":"product","link":"https:\/\/www.largepillow.com\/cs\/product\/back-pillow-for-bed","title":{"rendered":"Zadn\u00ed Pol\u0161t\u00e1\u0159 Do Postele"},"content":{"rendered":"<p>Pol\u0161t\u00e1\u0159 na z\u00e1da \u2013 dokonal\u00fd komfortn\u00ed dopln\u011bk pro ty, kte\u0159\u00ed v posteli r\u00e1di \u010dtou, pracuj\u00ed nebo sleduj\u00ed televizi!<\/p>\n<p>Tento pol\u0161t\u00e1\u0159 na \u010delo je navr\u017een v jedine\u010dn\u00e9m troj\u00faheln\u00edkov\u00e9m tvaru, kter\u00fd nab\u00edz\u00ed vynikaj\u00edc\u00ed pohodl\u00ed a podporu pro va\u0161e z\u00e1da a pas a minimalizuje tlak v bedern\u00ed oblasti. Je ide\u00e1ln\u00ed pro no\u010dn\u00ed sovy, knihomoly a ka\u017ed\u00e9ho, kdo r\u00e1d relaxuje v posteli.<\/p>\n<p>Co d\u011bl\u00e1 tento pol\u0161t\u00e1\u0159 je\u0161t\u011b lep\u0161\u00edm, je jeho multifunk\u010dn\u00ed design. M\u016f\u017eete jej pou\u017e\u00edt jako op\u011brn\u00fd pol\u0161t\u00e1\u0159 na \u010delo p\u0159i sezen\u00ed v posteli, polo\u017eit jej naplocho a pou\u017e\u00edt jako velk\u00fd kl\u00ednov\u00fd pol\u0161t\u00e1\u0159, kdy\u017e sp\u00edte na z\u00e1dech nebo na boku, nebo s n\u00edm dokonce zvednout nohy jako pol\u0161t\u00e1\u0159 na nohy! Je to jedin\u00fd kl\u00ednov\u00fd pol\u0161t\u00e1\u0159 na \u010delo, kter\u00fd pojme dv\u011b osoby.<\/p>\n<p>Povlak na pol\u0161t\u00e1\u0159 vyroben\u00fd s prvot\u0159\u00eddn\u00edm \u0159emesln\u00fdm zpracov\u00e1n\u00edm m\u00e1 man\u0161estrov\u00fd vzhled, jeho\u017e slo\u017een\u00ed je polyester 100%, d\u00edky \u010demu\u017e je prody\u0161n\u00e9 a pohodln\u011b dr\u017e\u00ed tvar v pr\u016fb\u011bhu \u010dasu. Bo\u010dn\u00ed kapsa na ka\u017ed\u00e9 stran\u011b umo\u017e\u0148uje vlo\u017eit knihu nebo telefon dovnit\u0159.<\/p>\n<p>\u010ci\u0161t\u011bn\u00ed je jednoduch\u00e9, proto\u017ee povlak pol\u0161t\u00e1\u0159e na \u010dten\u00ed je p\u0159ipevn\u011bn k pol\u0161t\u00e1\u0159i pomoc\u00ed knofl\u00edk\u016f, tak\u017ee jej lze snadno sejmout pomoc\u00ed jednoduch\u00e9ho zipu. Sta\u010d\u00ed sundat potah a rychle vyprat v pra\u010dce, aby v\u00e1\u0161 pol\u0161t\u00e1\u0159 vypadal jako nov\u00fd.<\/p>\n<p>Tento pol\u0161t\u00e1\u0159 je k dispozici v r\u016fzn\u00fdch velikostech postel\u00ed \u2013 45 cm, 60 cm, 80 cm, 100 cm, 120 cm, 140 cm, 160 cm, 180 cm a 200 cm.<\/p>\n<p>Neberte n\u00e1s za slovo, zde je n\u011bkolik recenz\u00ed od spokojen\u00fdch z\u00e1kazn\u00edk\u016f:<\/p>\n<p>\u201eKoupil jsem si ten fialov\u00fd a je n\u00e1dhern\u00fd! Materi\u00e1l je m\u011bkk\u00fd a pohodln\u00fd a je to ide\u00e1ln\u00ed velikost pro moji man\u017eelskou postel. Pou\u017e\u00edv\u00e1m ho ka\u017ed\u00fd ve\u010der ke \u010dten\u00ed p\u0159ed span\u00edm, d\u011bkuji!\u201c<\/p>\n<p>\u201eZ\u00e1dov\u00fd pol\u0161t\u00e1\u0159 je vynikaj\u00edc\u00ed kvality. Koupila jsem ji man\u017eelovi a sob\u011b a ob\u011bma n\u00e1m perfektn\u011b sed\u00ed. Nen\u00ed p\u0159\u00edli\u0161 tvrd\u00fd ani m\u011bkk\u00fd a materi\u00e1l je velmi p\u0159\u00edjemn\u00fd. Tento produkt v\u0159ele doporu\u010duji!\u201d<\/p>\n<p>\u201eTento produkt p\u0159ed\u010dil m\u00e1 o\u010dek\u00e1v\u00e1n\u00ed! Je to velmi pohodln\u00e9 a u\u017eite\u010dn\u00e9 p\u0159i poskytov\u00e1n\u00ed podpory m\u00fdm z\u00e1d\u016fm a noh\u00e1m. Povlak na pol\u0161t\u00e1\u0159 v man\u0161estrov\u00e9m vzhledu dod\u00e1v\u00e1 styl i m\u00e9 posteli!\u201c<\/p>\n<p>Z\u00e1v\u011brem lze \u0159\u00edci, \u017ee Back Pillow For Bed je v\u0161estrann\u00fd a pohodln\u00fd dopln\u011bk, kter\u00fd si nebudete cht\u00edt nechat uj\u00edt. Tak pro\u010d \u010dekat? Objednejte si sv\u016fj je\u0161t\u011b dnes a u\u017eijte si maxim\u00e1ln\u00ed pohodl\u00ed!<\/p>","protected":false},"excerpt":{"rendered":"<ul>\n<li><strong>Maxim\u00e1ln\u00ed pohodl\u00ed:<\/strong> Tento pol\u0161t\u00e1\u0159 na \u010delo nab\u00edz\u00ed vynikaj\u00edc\u00ed pohodl\u00ed d\u00edky sv\u00e9mu troj\u00faheln\u00edkov\u00e9mu tvaru. Op\u011brn\u00fd pol\u0161t\u00e1\u0159 l\u016f\u017eka p\u011bkn\u011b sed\u00ed na z\u00e1dech a pasu a minimalizuje bedern\u00ed \/ protitlak. Tento pol\u0161t\u00e1\u0159 na \u010dten\u00ed v\u00e1m pom\u016f\u017ee z\u016fstat bez nap\u011bt\u00ed v posteli nebo pohovce, co\u017e je ide\u00e1ln\u00ed pro pr\u00e1ci no\u010dn\u00edch sov, knihomol\u016f a sledov\u00e1n\u00ed televize v posteli. Tento extra velk\u00fd podhlavn\u00edk je jedin\u00fd kl\u00ednov\u00fd pol\u0161t\u00e1\u0159 na \u010delo, kter\u00fd pojme dv\u011b osoby.<\/li>\n<li><strong>Velk\u00fd podhlavn\u00edk 3 v 1:<\/strong> Pol\u0161t\u00e1\u0159 m\u016f\u017eete pou\u017e\u00edt ve vzp\u0159\u00edmen\u00e9 poloze jako op\u011brn\u00fd pol\u0161t\u00e1\u0159 na \u010delo p\u0159i sezen\u00ed v posteli nebo jej polo\u017eit na postel a pou\u017e\u00edt jako velk\u00fd kl\u00ednov\u00fd pol\u0161t\u00e1\u0159 p\u0159i sp\u00e1nku na z\u00e1dech nebo na boku nebo jako pol\u0161t\u00e1\u0159 na nohy pro zvednut\u00ed nohou. Pokud chcete velk\u00fd pol\u0161t\u00e1\u0159 na \u010delo, kter\u00fd poskytuje oporu v\u00e1m i va\u0161emu man\u017eelovi. Je to vynikaj\u00edc\u00ed alternativa.<\/li>\n<li><strong>Multifunk\u010dn\u00ed design:<\/strong> N\u011bkte\u0159\u00ed lid\u00e9 pou\u017e\u00edvaj\u00ed velk\u00fd troj\u00faheln\u00edkov\u00fd pol\u0161t\u00e1\u0159 jako pol\u0161t\u00e1\u0159 na \u010delo, zat\u00edmco jin\u00ed ho pou\u017e\u00edvaj\u00ed jako pol\u0161t\u00e1\u0159 na n\u00e1razn\u00edk, m\u016f\u017ee to b\u00fdt tak\u00e9 pol\u0161t\u00e1\u0159 na pohovku nebo v\u00e1lendu. Je stylov\u00fd a z\u00e1rove\u0148 funk\u010dn\u00ed, tak\u017ee je skv\u011bl\u00fdm dopl\u0148kem ka\u017ed\u00e9 lo\u017enice.<\/li>\n<li><strong>\u0160pi\u010dkov\u00e9 \u0159emesln\u00e9 zpracov\u00e1n\u00ed:<\/strong> Povlak na pol\u0161t\u00e1\u0159 je man\u0161estrov\u00e9ho vzhledu, jeho\u017e slo\u017een\u00ed je polyester 100%. n\u00e1\u0161 pol\u0161t\u00e1\u0159 na \u010delo je dostate\u010dn\u011b prody\u0161n\u00fd a pohodln\u00fd, aby dr\u017eel sv\u016fj tvar a \u010dasem neztr\u00e1cel sv\u016fj tvar. Bo\u010dn\u00ed kapsa na ka\u017ed\u00e9 stran\u011b v\u00e1m umo\u017en\u00ed zasunout knihu nebo telefon.<\/li>\n<li><strong>Snadno omyvateln\u00e9:<\/strong> Povlak na pol\u0161t\u00e1\u0159 na \u010dten\u00ed se k pol\u0161t\u00e1\u0159i p\u0159ipev\u0148uje pomoc\u00ed knofl\u00edk\u016f a lze jej snadno sejmout pomoc\u00ed jednoduch\u00e9ho zipu. D\u00edky tomu je jeho \u010di\u0161t\u011bn\u00ed bezprobl\u00e9mov\u00e9. Sta\u010d\u00ed sundat potah a rychle vyprat v pra\u010dce, aby v\u00e1\u0161 pol\u0161t\u00e1\u0159 vypadal jako nov\u00fd.<\/li>\n<li><strong>Velikost:<\/strong> 45 cm (D45 x \u016020 x V50 | 0 tla\u010d\u00edtek), 60 cm (D60 x \u016020 x V50 | 0 tla\u010d\u00edtek), 80 cm (D80 x \u016020 x V50 | 2 tla\u010d\u00edtka), 100 cm (D100 x \u016020 x V50 | 3 tla\u010d\u00edtka), 120 cm ( D120 x \u016020 x V50 | 4 tla\u010d\u00edtka), 140 cm (D140 x \u016020 x V50 | 4 tla\u010d\u00edtka), 160 cm (D160 x \u016020 x V50 | 5 tla\u010d\u00edtek), 180 cm (D180 x \u016020 x V50 | 6 tla\u010d\u00edtek), 200 cm (L200 x \u016020 x V50 | 7 tla\u010d\u00edtek).<\/li>\n<\/ul>","protected":false},"featured_media":300,"comment_status":"open","ping_status":"closed","template":"","meta":[],"product_brand":[],"product_cat":[15],"product_tag":[219,205,204,222,206,218,221,217,209,168,132,199,163,112,190,220,68],"class_list":{"0":"post-318","1":"product","2":"type-product","3":"status-publish","4":"has-post-thumbnail","6":"product_cat-large-wedge-pillow","7":"product_tag-back-pillow-for-bed","8":"product_tag-back-support-headboard-pillow","9":"product_tag-bed-support-cushion","10":"product_tag-breathable-pillow","11":"product_tag-bumper-pillow","12":"product_tag-corduroy-pillow","13":"product_tag-couch-backrest","14":"product_tag-daybed-backrest","15":"product_tag-extra-large-bolster-pillow","16":"product_tag-headboard-pillow","17":"product_tag-large-bolster-pillow","18":"product_tag-large-wedge-pillow","19":"product_tag-leg-pillow","20":"product_tag-lumbar-support-pillow","21":"product_tag-purple-pillow","22":"product_tag-wedge-headboard-pillow","23":"product_tag-wedge-reading-pillow","25":"first","26":"instock","27":"featured","28":"shipping-taxable","29":"purchasable","30":"product-type-variable"},"_links":{"self":[{"href":"https:\/\/www.largepillow.com\/cs\/wp-json\/wp\/v2\/product\/318","targetHints":{"allow":["GET"]}}],"collection":[{"href":"https:\/\/www.largepillow.com\/cs\/wp-json\/wp\/v2\/product"}],"about":[{"href":"https:\/\/www.largepillow.com\/cs\/wp-json\/wp\/v2\/types\/product"}],"replies":[{"embeddable":true,"href":"https:\/\/www.largepillow.com\/cs\/wp-json\/wp\/v2\/comments?post=318"}],"wp:featuredmedia":[{"embeddable":true,"href":"https:\/\/www.largepillow.com\/cs\/wp-json\/wp\/v2\/media\/300"}],"wp:attachment":[{"href":"https:\/\/www.largepillow.com\/cs\/wp-json\/wp\/v2\/media?parent=318"}],"wp:term":[{"taxonomy":"product_brand","embeddable":true,"href":"https:\/\/www.largepillow.com\/cs\/wp-json\/wp\/v2\/product_brand?post=318"},{"taxonomy":"product_cat","embeddable":true,"href":"https:\/\/www.largepillow.com\/cs\/wp-json\/wp\/v2\/product_cat?post=318"},{"taxonomy":"product_tag","embeddable":true,"href":"https:\/\/www.largepillow.com\/cs\/wp-json\/wp\/v2\/product_tag?post=318"}],"curies":[{"name":"wp","href":"https:\/\/api.w.org\/{rel}","templated":true}]}}