{"id":3222,"date":"2024-07-22T04:17:50","date_gmt":"2024-07-22T04:17:50","guid":{"rendered":"https:\/\/www.largepillow.com\/product\/car-seat-booster-seat-for-dogs-pet-travel-bed"},"modified":"2026-03-12T10:57:57","modified_gmt":"2026-03-12T10:57:57","slug":"autosedacka-autosedacka-pro-psy-cestovni-pelisek","status":"publish","type":"product","link":"https:\/\/www.largepillow.com\/cs\/product\/car-seat-booster-seat-for-dogs-pet-travel-bed","title":{"rendered":"Autoseda\u010dka pro psy, cestovn\u00ed postel pro dom\u00e1c\u00ed mazl\u00ed\u010dky"},"content":{"rendered":"[zc_getpagecontent mb=&#8221;mb_aplus&#8221; apid=&#8221;37&#8243;]\n","protected":false},"excerpt":{"rendered":"<ul>\n<li><strong>Vysoce kvalitn\u00ed materi\u00e1l<\/strong>: Vyrobeno z vysoce kvalitn\u00edho bavln\u011bn\u00e9ho pl\u00e1tna, prody\u0161n\u00e9 a pohodln\u00e9, odoln\u00e9 proti kous\u00e1n\u00ed, odoln\u00e9 a snadno se \u010dist\u00ed. Vypln\u011bno pr\u00e9miov\u00fdm polyesterem, vysoce kvalitn\u00ed odolnost\u00ed, kter\u00e1 poskytne pevnou podporu s pohodl\u00edm a m\u011bkkost\u00ed. Udr\u017euje sv\u016fj tvar a pevnost pro dlouhodob\u00e9 pou\u017e\u00edv\u00e1n\u00ed.<\/li>\n<li><strong>V\u00edce\u00fa\u010delov\u00e1 autoseda\u010dka pro psa<\/strong>: Nastaviteln\u00e1 p\u0159ezka autoseda\u010dky pro psa m\u016f\u017ee b\u00fdt tak\u00e9 pou\u017eita jako popruh na ruku, kter\u00fd je vhodn\u00fd pro no\u0161en\u00ed venku, m\u016f\u017ee b\u00fdt tak\u00e9 pou\u017eit jako pel\u00ed\u0161ek pro psa doma; lze jej pou\u017e\u00edt i na pohovku k ochran\u011b pohovky p\u0159ed po\u0161kozen\u00edm psy.<\/li>\n<li><strong>Snadn\u00e1 instalace<\/strong>: Mal\u00e1 autoseda\u010dka pro psa je dod\u00e1v\u00e1na s p\u00e1skem na op\u011bradlo, sta\u010d\u00ed p\u0159ipevnit p\u00e1s na op\u011bradlo k zadn\u00ed \u010d\u00e1sti p\u0159edn\u00edho sedadla a upravit d\u00e9lku p\u00e1s\u016f. Autoseda\u010dku pro psa st\u0159edn\u00ed velikosti lze nainstalovat zav\u011b\u0161en\u00edm dvou nastaviteln\u00fdch p\u0159enosn\u00fdch rukojet\u00ed na p\u0159edn\u00ed a zadn\u00ed sedadla automobilu, vhodn\u00e1 pro r\u016fzn\u00e9 typy automobil\u016f. Protiskluzov\u00e1 spodn\u00ed \u010d\u00e1st zabra\u0148uje klouz\u00e1n\u00ed podsed\u00e1ku pro dom\u00e1c\u00ed mazl\u00ed\u010dky v aut\u011b a poskytuje tak bezpe\u010dn\u011bj\u0161\u00ed prost\u0159ed\u00ed pro dom\u00e1c\u00ed mazl\u00ed\u010dky.<\/li>\n<li><strong>Rozm\u011bry sed\u00e1ku<\/strong>: Mal\u00fd: 52 cm (d\u00e9lka) x 52 cm (\u0161\u00ed\u0159ka) x 42 cm (v\u00fd\u0161ka), Velk\u00fd: 76 cm (d\u00e9lka) x 52 cm (\u0161\u00ed\u0159ka) x 39 cm (v\u00fd\u0161ka). Autoseda\u010dka pro psa velikosti S je vhodn\u00e1 na p\u0159edn\u00ed sedadlo automobilu. Autoseda\u010dka pro psa velikosti L je vhodn\u00e1 pro instalaci na zadn\u00ed sedadlo v\u0161ech druh\u016f automobil\u016f. Autoseda\u010dka pro psa je vybavena bezpe\u010dnostn\u00edmi p\u00e1sy pro zaji\u0161t\u011bn\u00ed bezpe\u010dnosti va\u0161eho mazl\u00ed\u010dka a nemus\u00edte se b\u00e1t, \u017ee by v\u00e1s v\u00e1\u0161 mazl\u00ed\u010dek ru\u0161il p\u0159i j\u00edzd\u011b.<\/li>\n<li><strong>Snadno se \u010dist\u00ed<\/strong>: Tato autoseda\u010dka pro dom\u00e1c\u00ed mazl\u00ed\u010dky je zcela odn\u00edmateln\u00e1, na 4 roz\u00edch jsou neviditeln\u00e9 zipy, sta\u010d\u00ed otev\u0159\u00edt zip a vyjmout PP bavlnu, potah autoseda\u010dky vlo\u017eit do pra\u010dky k \u010di\u0161t\u011bn\u00ed; m\u016f\u017eete tak\u00e9 pou\u017e\u00edt vysava\u010d k vy\u010di\u0161t\u011bn\u00ed povrchov\u00fdch ne\u010distot nebo chlup\u016f autoseda\u010dky p\u0159i ka\u017edodenn\u00edm \u00faklidu.<\/li>\n<li><strong>Tepl\u00e9 tipy<\/strong>: Autoseda\u010dka pro psa vakuov\u011b balen\u00e1 pro p\u0159epravu, tak\u017ee je p\u0159id\u00e1na v\u00fdpl\u0148, aby se zachoval tvar seda\u010dky, aby byla zaji\u0161t\u011bna jej\u00ed odolnost a funk\u010dnost. Pokud m\u00e1te pocit, \u017ee v\u00fdpl\u0148 do autoseda\u010dky je pro dom\u00e1c\u00ed mazl\u00ed\u010dky p\u0159\u00edli\u0161, m\u016f\u017eete \u010d\u00e1st v\u00fdpln\u011b sami odstranit, abyste dos\u00e1hli po\u017eadovan\u00e9 \u00farovn\u011b pohodl\u00ed pro sv\u00e9ho mazl\u00ed\u010dka. Po vybalen\u00ed po\u010dkejte 24\u201348 hodin, ne\u017e se vr\u00e1t\u00ed do p\u016fvodn\u00ed tlou\u0161\u0165ky a tvaru<\/li>\n<\/ul>","protected":false},"featured_media":3569,"comment_status":"open","ping_status":"closed","template":"","meta":[],"product_brand":[],"product_cat":[227],"product_tag":[],"class_list":{"0":"post-3222","1":"product","2":"type-product","3":"status-publish","4":"has-post-thumbnail","6":"product_cat-pet-supplies","8":"first","9":"instock","10":"shipping-taxable","11":"purchasable","12":"product-type-variable","13":"has-default-attributes"},"_links":{"self":[{"href":"https:\/\/www.largepillow.com\/cs\/wp-json\/wp\/v2\/product\/3222","targetHints":{"allow":["GET"]}}],"collection":[{"href":"https:\/\/www.largepillow.com\/cs\/wp-json\/wp\/v2\/product"}],"about":[{"href":"https:\/\/www.largepillow.com\/cs\/wp-json\/wp\/v2\/types\/product"}],"replies":[{"embeddable":true,"href":"https:\/\/www.largepillow.com\/cs\/wp-json\/wp\/v2\/comments?post=3222"}],"wp:featuredmedia":[{"embeddable":true,"href":"https:\/\/www.largepillow.com\/cs\/wp-json\/wp\/v2\/media\/3569"}],"wp:attachment":[{"href":"https:\/\/www.largepillow.com\/cs\/wp-json\/wp\/v2\/media?parent=3222"}],"wp:term":[{"taxonomy":"product_brand","embeddable":true,"href":"https:\/\/www.largepillow.com\/cs\/wp-json\/wp\/v2\/product_brand?post=3222"},{"taxonomy":"product_cat","embeddable":true,"href":"https:\/\/www.largepillow.com\/cs\/wp-json\/wp\/v2\/product_cat?post=3222"},{"taxonomy":"product_tag","embeddable":true,"href":"https:\/\/www.largepillow.com\/cs\/wp-json\/wp\/v2\/product_tag?post=3222"}],"curies":[{"name":"wp","href":"https:\/\/api.w.org\/{rel}","templated":true}]}}