{"id":3259,"date":"2024-07-22T11:53:44","date_gmt":"2024-07-22T11:53:44","guid":{"rendered":"https:\/\/www.largepillow.com\/product\/face-down-pillow-prone-pillow-positioner-for-side-sleeping"},"modified":"2026-05-12T11:34:54","modified_gmt":"2026-05-12T11:34:54","slug":"polstar-licem-dolu-polohovac-polstare-pro-spani-na-boku","status":"publish","type":"product","link":"https:\/\/www.largepillow.com\/cs\/product\/face-down-pillow-prone-pillow-positioner-for-side-sleeping\/","title":{"rendered":"Pol\u0161t\u00e1\u0159 l\u00edcem dol\u016f Polohova\u010d pol\u0161t\u00e1\u0159e na b\u0159i\u0161e pro span\u00ed na boku"},"content":{"rendered":"[zc_getpagecontent mb=&#8221;mb_aplus&#8221; apid=&#8221;140&#8243;]\n","protected":false},"excerpt":{"rendered":"<ul>\n<li><strong>Jedine\u010dn\u00fd design:<\/strong> Vyzkou\u0161ejte inovativn\u00ed design na\u0161eho odn\u00edmateln\u00e9ho pol\u0161t\u00e1\u0159e l\u00edcem dol\u016f. Je pe\u010dliv\u011b vyrobeno tak, aby vyhovovalo ergonomick\u00fdm z\u00e1sad\u00e1m, poskytovalo optim\u00e1ln\u00ed ochranu o\u010d\u00ed, podporu krku a zaji\u0161\u0165ovalo klidn\u00fd a omlazuj\u00edc\u00ed z\u00e1\u017eitek ze sp\u00e1nku.<\/li>\n<li><strong>V\u0161estrann\u00fd pol\u0161t\u00e1\u0159:<\/strong> A\u0165 u\u017e jste v kancel\u00e1\u0159i, hled\u00e1te relaxaci prost\u0159ednictv\u00edm mas\u00e1\u017ee nebo prost\u011b hled\u00e1te pohodln\u00fd sp\u00e1nek, n\u00e1\u0161 pol\u0161t\u00e1\u0159 je navr\u017een tak, aby vyhovoval va\u0161im rozmanit\u00fdm pot\u0159eb\u00e1m. Nab\u00edz\u00ed v\u00fdjime\u010dnou v\u0161estrannost a lze jej pou\u017e\u00edt ve v\u00edce nastaven\u00edch pro r\u016fzn\u00e9 \u00fa\u010dely.<\/li>\n<li><strong>Materi\u00e1ly pr\u00e9miov\u00e9 kvality:<\/strong> Up\u0159ednost\u0148ujeme va\u0161e pohodl\u00ed a pohodu. N\u00e1\u0161 pol\u0161t\u00e1\u0159 je vyroben z prody\u0161n\u00e9 tkaniny z bambusov\u00fdch vl\u00e1ken, kter\u00e1 je zn\u00e1m\u00e1 svou v\u00fdjime\u010dnou prody\u0161nost\u00ed a m\u011bkkost\u00ed \u0161etrnou k poko\u017ece. Sm\u011bs polyesterov\u00fdch vl\u00e1ken a p\u011bnov\u00e9 v\u00fdpln\u011b s vysokou hustotou nab\u00edz\u00ed vynikaj\u00edc\u00ed podporu krku a hlav\u011b a zaji\u0161\u0165uje pohodlnou a dob\u0159e podep\u0159enou polohu sp\u00e1nku.<\/li>\n<li><strong>Pohodln\u00fd design zipu:<\/strong> Ch\u00e1peme d\u016fle\u017eitost snadn\u00e9 \u00fadr\u017eby. N\u00e1\u0161 pol\u0161t\u00e1\u0159 m\u00e1 pohodln\u00fd design se zipem, kter\u00fd umo\u017e\u0148uje snadnou demont\u00e1\u017e a pran\u00ed. Udr\u017eujte sv\u016fj pol\u0161t\u00e1\u0159 \u010dist\u00fd a sv\u011b\u017e\u00ed, zaji\u0161\u0165uj\u00edc\u00ed hygienu a dlouhou \u017eivotnost.<\/li>\n<\/ul>","protected":false},"featured_media":3244,"comment_status":"open","ping_status":"closed","template":"","meta":[],"product_brand":[],"product_cat":[228],"product_tag":[],"class_list":{"0":"post-3259","1":"product","2":"type-product","3":"status-publish","4":"has-post-thumbnail","6":"product_cat-cushions","8":"first","9":"instock","10":"featured","11":"sold-individually","12":"shipping-taxable","13":"purchasable","14":"product-type-simple"},"_links":{"self":[{"href":"https:\/\/www.largepillow.com\/cs\/wp-json\/wp\/v2\/product\/3259","targetHints":{"allow":["GET"]}}],"collection":[{"href":"https:\/\/www.largepillow.com\/cs\/wp-json\/wp\/v2\/product"}],"about":[{"href":"https:\/\/www.largepillow.com\/cs\/wp-json\/wp\/v2\/types\/product"}],"replies":[{"embeddable":true,"href":"https:\/\/www.largepillow.com\/cs\/wp-json\/wp\/v2\/comments?post=3259"}],"wp:featuredmedia":[{"embeddable":true,"href":"https:\/\/www.largepillow.com\/cs\/wp-json\/wp\/v2\/media\/3244"}],"wp:attachment":[{"href":"https:\/\/www.largepillow.com\/cs\/wp-json\/wp\/v2\/media?parent=3259"}],"wp:term":[{"taxonomy":"product_brand","embeddable":true,"href":"https:\/\/www.largepillow.com\/cs\/wp-json\/wp\/v2\/product_brand?post=3259"},{"taxonomy":"product_cat","embeddable":true,"href":"https:\/\/www.largepillow.com\/cs\/wp-json\/wp\/v2\/product_cat?post=3259"},{"taxonomy":"product_tag","embeddable":true,"href":"https:\/\/www.largepillow.com\/cs\/wp-json\/wp\/v2\/product_tag?post=3259"}],"curies":[{"name":"wp","href":"https:\/\/api.w.org\/{rel}","templated":true}]}}