{"id":3344,"date":"2024-07-23T00:52:32","date_gmt":"2024-07-23T00:52:32","guid":{"rendered":"https:\/\/www.largepillow.com\/product\/versatile-and-durable-travel-dog-crate-for-medium-dogs"},"modified":"2024-10-03T16:31:25","modified_gmt":"2024-10-03T16:31:25","slug":"vsestranna-a-odolna-cestovni-prepravka-pro-psy-stredni-velikosti","status":"publish","type":"product","link":"https:\/\/www.largepillow.com\/cs\/product\/versatile-and-durable-travel-dog-crate-for-medium-dogs\/","title":{"rendered":"V\u0161estrann\u00e1 a odoln\u00e1 cestovn\u00ed p\u0159epravka pro st\u0159edn\u00ed psy"},"content":{"rendered":"[zc_getpagecontent mb=&#8221;mb_aplus&#8221; apid=&#8221;62&#8243;]\n","protected":false},"excerpt":{"rendered":"<ul>\n<li>RYCHL\u00c1 20-VTE\u0158INOV\u00c1 MONT\u00c1\u017d: N\u00e1\u0161 travek chl\u00e9b pro st\u0159edn\u00ed psy se vyzna\u010duje bezprobl\u00e9mov\u00fdm designem v\u0161e v jednom, kter\u00fd eliminuje pot\u0159ebu slo\u017eit\u00e9 instalace. Rozlu\u010dte se s frustrac\u00ed p\u0159i mont\u00e1\u017ei a u\u017eijte si pohodl\u00ed snadn\u00e9ho nastaven\u00ed a skladov\u00e1n\u00ed.<\/li>\n<li>V\u0160ESTRANN\u00dd DESIGN Z\u00c1CLONY: Klec pro psy navr\u017een\u00e1 s ohledem na funk\u010dnost, na\u0161e cestovn\u00ed p\u0159epravka pro psy je dod\u00e1v\u00e1na se z\u00e1v\u011bsem, kter\u00fd lze upravit tak, aby vyhovoval r\u016fzn\u00fdm ro\u010dn\u00edm obdob\u00edm. Chra\u0148te sv\u00e9ho mazl\u00ed\u010dka p\u0159ed chladn\u00fdm v\u011btrem v zim\u011b a srolujte jej pro optim\u00e1ln\u00ed ventilaci a pohodl\u00ed v letn\u00edch m\u011bs\u00edc\u00edch.<\/li>\n<li>V\u00cdCE\u00da\u010cELOV\u00c9 POU\u017dIT\u00cd: Tato skl\u00e1dac\u00ed p\u0159epravka pro psy je neuv\u011b\u0159iteln\u011b v\u0161estrann\u00e1 a m\u016f\u017ee slou\u017eit jako \u00fatuln\u00fd domov pro va\u0161eho chlupat\u00e9ho kamar\u00e1da, bezpe\u010dn\u00fd p\u0159epravn\u00edk pro dom\u00e1c\u00ed mazl\u00ed\u010dky na cesty autem, pohodln\u00fd porodn\u00ed stan nebo p\u0159enosn\u00fd venkovn\u00ed p\u0159\u00edst\u0159e\u0161ek pro dobrodru\u017estv\u00ed. U\u017eijte si pohodl\u00ed a komfort, a\u0165 jste kdekoli.<\/li>\n<li>MATERI\u00c1LY PR\u00c9MIOV\u00c9 KVALITY: Tato st\u0159edn\u00ed p\u0159epravka pro psy vyroben\u00e1 z odoln\u00e9, vod\u011bodoln\u00e9 oxfordsk\u00e9 tkaniny, na\u0161e skl\u00e1dac\u00ed p\u0159epravka pro psy je vyrobena tak, aby odolala r\u016fzn\u00fdm pov\u011btrnostn\u00edm podm\u00ednk\u00e1m. Zes\u00edlen\u00e9 rohy zaji\u0161\u0165uj\u00ed prodlou\u017eenou \u017eivotnost produktu, zat\u00edmco protiskluzov\u00e1 spodn\u00ed \u010d\u00e1st poskytuje v\u011bt\u0161\u00ed stabilitu a bezpe\u010dnost.<\/li>\n<li>POHODLN\u00c1 BO\u010cN\u00cd KAPSA: Venkovn\u00ed bouda pro psa je vybavena praktickou bo\u010dn\u00ed kapsou, kter\u00e1 v\u00e1m umo\u017en\u00ed snadno p\u0159en\u00e1\u0161et l\u00e1hev s vodou, sva\u010dinu, hra\u010dky a dal\u0161\u00ed nezbytnosti va\u0161eho mazl\u00ed\u010dka b\u011bhem venkovn\u00edch cest. Z\u016fsta\u0148te organizovan\u00ed a p\u0159ipraveni na jak\u00e9koli dobrodru\u017estv\u00ed s t\u00edmto promy\u0161len\u00fdm designov\u00fdm prvkem.<\/li>\n<\/ul>","protected":false},"featured_media":3331,"comment_status":"open","ping_status":"closed","template":"","meta":[],"product_brand":[],"product_cat":[227],"product_tag":[],"class_list":{"0":"post-3344","1":"product","2":"type-product","3":"status-publish","4":"has-post-thumbnail","6":"product_cat-pet-supplies","8":"first","9":"outofstock","10":"featured","11":"shipping-taxable","12":"purchasable","13":"product-type-simple"},"_links":{"self":[{"href":"https:\/\/www.largepillow.com\/cs\/wp-json\/wp\/v2\/product\/3344","targetHints":{"allow":["GET"]}}],"collection":[{"href":"https:\/\/www.largepillow.com\/cs\/wp-json\/wp\/v2\/product"}],"about":[{"href":"https:\/\/www.largepillow.com\/cs\/wp-json\/wp\/v2\/types\/product"}],"replies":[{"embeddable":true,"href":"https:\/\/www.largepillow.com\/cs\/wp-json\/wp\/v2\/comments?post=3344"}],"wp:featuredmedia":[{"embeddable":true,"href":"https:\/\/www.largepillow.com\/cs\/wp-json\/wp\/v2\/media\/3331"}],"wp:attachment":[{"href":"https:\/\/www.largepillow.com\/cs\/wp-json\/wp\/v2\/media?parent=3344"}],"wp:term":[{"taxonomy":"product_brand","embeddable":true,"href":"https:\/\/www.largepillow.com\/cs\/wp-json\/wp\/v2\/product_brand?post=3344"},{"taxonomy":"product_cat","embeddable":true,"href":"https:\/\/www.largepillow.com\/cs\/wp-json\/wp\/v2\/product_cat?post=3344"},{"taxonomy":"product_tag","embeddable":true,"href":"https:\/\/www.largepillow.com\/cs\/wp-json\/wp\/v2\/product_tag?post=3344"}],"curies":[{"name":"wp","href":"https:\/\/api.w.org\/{rel}","templated":true}]}}