{"id":3360,"date":"2024-07-23T01:00:23","date_gmt":"2024-07-23T01:00:23","guid":{"rendered":"https:\/\/www.largepillow.com\/product\/dog-travel-bag-backpack-with-dog-food-storage-container"},"modified":"2026-02-08T19:30:31","modified_gmt":"2026-02-08T19:30:31","slug":"batoh-cestovni-taska-pro-psy-s-nadobou-na-skladovani-krmiva-pro-psy","status":"publish","type":"product","link":"https:\/\/www.largepillow.com\/cs\/product\/dog-travel-bag-backpack-with-dog-food-storage-container\/","title":{"rendered":"Batoh cestovn\u00ed ta\u0161ka pro psy s n\u00e1dobou na skladov\u00e1n\u00ed krmiva pro psy"},"content":{"rendered":"[zc_getpagecontent mb=&#8221;mb_aplus&#8221; apid=&#8221;64&#8243;]\n","protected":false},"excerpt":{"rendered":"<ul>\n<li>Samostatn\u00fd \u00falo\u017en\u00fd prostor na j\u00eddlo: Tato cestovn\u00ed ta\u0161ka na krmen\u00ed pro psy je vybavena odn\u00edmatelnou ta\u0161kou na krmen\u00ed pro psy o objemu 15 l, kter\u00e1 v\u00e1m umo\u017en\u00ed snadno p\u0159en\u00e1\u0161et dostatek j\u00eddla na kr\u00e1tk\u00e9 v\u00fdlety i del\u0161\u00ed dobrodru\u017estv\u00ed. Navr\u017eeno odd\u011blen\u011b od hlavn\u00edho \u00falo\u017en\u00e9ho prostoru, nezab\u00edr\u00e1 cennou \u00falo\u017enou kapacitu, co\u017e zaji\u0161\u0165uje lep\u0161\u00ed organizaci a skladov\u00e1n\u00ed dal\u0161\u00edch p\u0159edm\u011bt\u016f. D\u00edky designu nez\u00e1visl\u00e9 cestovn\u00ed ta\u0161ky na krmivo pro psy je pro v\u00e1s dopl\u0148ov\u00e1n\u00ed potravy pro va\u0161eho mazl\u00ed\u010dka pohodln\u00e9 a p\u0159ehledn\u00e9.<\/li>\n<li>Usklad\u0148ovac\u00ed design: D\u00edky sv\u00fdm prostorn\u00fdm a dob\u0159e organizovan\u00fdm p\u0159ihr\u00e1dk\u00e1m umo\u017e\u0148uje tento cestovn\u00ed batoh pro psy snadn\u00e9 t\u0159\u00edd\u011bn\u00ed a organizaci. M\u00e1 n\u011bkolik p\u0159ihr\u00e1dek a kapes pro ulo\u017een\u00ed ps\u00edch pamlsk\u016f, hra\u010dek a plen. Nastaviteln\u00e9 p\u0159ep\u00e1\u017eky umo\u017e\u0148uj\u00ed flexibiln\u00ed uspo\u0159\u00e1d\u00e1n\u00ed prostoru. Nastaviteln\u00e9 dvojit\u00e9 ramenn\u00ed popruhy nab\u00edzej\u00ed pohodln\u00e9 no\u0161en\u00ed a zaji\u0161\u0165uj\u00ed p\u0159\u00edjemn\u00fd z\u00e1\u017eitek z cestov\u00e1n\u00ed venku.<\/li>\n<li>Spolehliv\u00e1 kvalita: Tato cestovn\u00ed ta\u0161ka na krmivo pro psy je vyrobena z vysoce kvalitn\u00ed l\u00e1tky Oxford, kter\u00e1 zaji\u0161\u0165uje v\u00fdjime\u010dnou odolnost a spolehlivost. V\u00fdjime\u010dn\u00e1 odolnost tkaniny v\u016f\u010di ne\u010distot\u00e1m a opot\u0159eben\u00ed \u00fa\u010dinn\u011b chr\u00e1n\u00ed ta\u0161ku p\u0159ed skvrnami a ka\u017edodenn\u00edm opot\u0159eben\u00edm a udr\u017euje ji \u010distou a sv\u011b\u017e\u00ed. Krom\u011b toho je ta\u0161ka vybavena pohodlnou ko\u017eenou rukojet\u00ed, kter\u00e1 poskytuje bezpe\u010dn\u00e9 uchopen\u00ed a dod\u00e1v\u00e1 n\u00e1dech sofistikovanosti, praktick\u00e9 i stylov\u00e9.<\/li>\n<li>Praktick\u00fd design pro ka\u017edodenn\u00ed pou\u017eit\u00ed: Tato cestovn\u00ed ta\u0161ka pro psy je v\u0161estrann\u00e1 pro cestov\u00e1n\u00ed i ka\u017edodenn\u00ed pou\u017eit\u00ed. Obsahuje p\u0159edn\u00ed kapsu, kterou lze otev\u0159\u00edt jako podlo\u017eku pro pohodln\u00e9 krmen\u00ed dom\u00e1c\u00edch mazl\u00ed\u010dk\u016f. Ve slo\u017een\u00e9m stavu se do n\u011bj vejde frisbee, tak\u017ee se snadno p\u0159en\u00e1\u0161\u00ed. Krom\u011b toho jsou k dispozici dv\u011b skl\u00e1dac\u00ed misky pro pou\u017eit\u00ed va\u0161eho dom\u00e1c\u00edho mazl\u00ed\u010dka. A\u0165 u\u017e jde o proch\u00e1zku, v\u00edkendov\u00fd v\u00fdlet, v\u00fdlet na pl\u00e1\u017e, turistiku, kempov\u00e1n\u00ed nebo jakoukoli jinou outdoorovou aktivitu, tato cestovn\u00ed ta\u0161ka pro \u0161t\u011bn\u011b je perfektn\u00ed nezbytnost\u00ed pro ps\u00ed v\u00fdlet.<\/li>\n<li>Cestovn\u00ed p\u0159\u00edslu\u0161enstv\u00ed pro velk\u00e9 psy: Tento batoh pro psy o rozm\u011brech 11 x 8 x 15 palc\u016f (D x \u0160 x V) nab\u00edz\u00ed kapacitu 30 l a poskytuje dostatek prostoru pro ulo\u017een\u00ed nezbytnost\u00ed va\u0161eho dom\u00e1c\u00edho mazl\u00ed\u010dka a mal\u00fdch p\u0159edm\u011bt\u016f, jako je vybaven\u00ed pro kempov\u00e1n\u00ed pro psy. Je to ide\u00e1ln\u00ed volba pro majitele dom\u00e1c\u00edch mazl\u00ed\u010dk\u016f a rodiny na cest\u00e1ch. Bez ohledu na to, zda se jedn\u00e1 o proch\u00e1zku, v\u00edkendov\u00fd v\u00fdlet, v\u00fdlet na pl\u00e1\u017e, turistiku, kempov\u00e1n\u00ed nebo jakoukoli jinou outdoorovou aktivitu, tato cestovn\u00ed ta\u0161ka pro psa uspokoj\u00ed v\u0161echny va\u0161e pot\u0159eby. Je to skv\u011bl\u00fd d\u00e1rek pro dom\u00e1c\u00ed mazl\u00ed\u010dky i rodiny, kter\u00e9 miluj\u00ed dom\u00e1c\u00ed mazl\u00ed\u010dky.<\/li>\n<li>Velk\u00e1 kapacita: Ta\u0161ky pro psy na cestov\u00e1n\u00ed umo\u017e\u0148uj\u00ed ulo\u017een\u00ed hra\u010dek pro dom\u00e1c\u00ed mazl\u00ed\u010dky, sva\u010diny a dal\u0161\u00edch nezbytnost\u00ed b\u011bhem venkovn\u00edch v\u00fdlet\u016f. Dostate\u010dn\u00fd prostor cestovn\u00ed ta\u0161ky pro psy na z\u00e1soby pojme v\u0161echny va\u0161e v\u011bci pot\u0159ebn\u00e9 na v\u00fdlet a zajist\u00ed v\u00e1m i va\u0161emu mazl\u00ed\u010dkovi bezprobl\u00e9mov\u00fd z\u00e1\u017eitek.<\/li>\n<li>Praktick\u00e9 p\u0159ihr\u00e1dky: Z\u00e1sobn\u00edk na krmivo pro psy obsahuje dv\u011b p\u0159ihr\u00e1dky, kter\u00e9 rozd\u011bluj\u00ed vnit\u0159ek na t\u0159i \u010d\u00e1sti. Tyto cestovn\u00ed ta\u0161ky pro psy schv\u00e1len\u00e9 leteckou spole\u010dnost\u00ed usnad\u0148uj\u00ed organizaci a z\u00edsk\u00e1v\u00e1n\u00ed v\u011bc\u00ed.<\/li>\n<li>Nastaviteln\u00e9 popruhy: Nastaviteln\u00e9 popruhy tohoto batohu s cestovn\u00ed ta\u0161kou pro psy na pot\u0159eby pro psy lze p\u0159izp\u016fsobit va\u0161im pot\u0159eb\u00e1m, co\u017e umo\u017e\u0148uje no\u0161en\u00ed ve stylu batohu i no\u0161en\u00ed p\u0159es rameno.<\/li>\n<\/ul>","protected":false},"featured_media":3345,"comment_status":"open","ping_status":"closed","template":"","meta":[],"product_brand":[],"product_cat":[227],"product_tag":[],"class_list":{"0":"post-3360","1":"product","2":"type-product","3":"status-publish","4":"has-post-thumbnail","6":"product_cat-pet-supplies","8":"first","9":"outofstock","10":"featured","11":"shipping-taxable","12":"purchasable","13":"product-type-simple"},"_links":{"self":[{"href":"https:\/\/www.largepillow.com\/cs\/wp-json\/wp\/v2\/product\/3360","targetHints":{"allow":["GET"]}}],"collection":[{"href":"https:\/\/www.largepillow.com\/cs\/wp-json\/wp\/v2\/product"}],"about":[{"href":"https:\/\/www.largepillow.com\/cs\/wp-json\/wp\/v2\/types\/product"}],"replies":[{"embeddable":true,"href":"https:\/\/www.largepillow.com\/cs\/wp-json\/wp\/v2\/comments?post=3360"}],"wp:featuredmedia":[{"embeddable":true,"href":"https:\/\/www.largepillow.com\/cs\/wp-json\/wp\/v2\/media\/3345"}],"wp:attachment":[{"href":"https:\/\/www.largepillow.com\/cs\/wp-json\/wp\/v2\/media?parent=3360"}],"wp:term":[{"taxonomy":"product_brand","embeddable":true,"href":"https:\/\/www.largepillow.com\/cs\/wp-json\/wp\/v2\/product_brand?post=3360"},{"taxonomy":"product_cat","embeddable":true,"href":"https:\/\/www.largepillow.com\/cs\/wp-json\/wp\/v2\/product_cat?post=3360"},{"taxonomy":"product_tag","embeddable":true,"href":"https:\/\/www.largepillow.com\/cs\/wp-json\/wp\/v2\/product_tag?post=3360"}],"curies":[{"name":"wp","href":"https:\/\/api.w.org\/{rel}","templated":true}]}}