{"id":3437,"date":"2024-07-25T02:20:33","date_gmt":"2024-07-25T02:20:33","guid":{"rendered":"https:\/\/www.largepillow.com\/product\/adjustable-floor-sofa-bed-multi-piece-folding-recliner"},"modified":"2024-10-03T16:31:25","modified_gmt":"2024-10-03T16:31:25","slug":"nastavitelna-podlaha-rozkladaci-pohovka-vicedilna-skladaci-kreslo","status":"publish","type":"product","link":"https:\/\/www.largepillow.com\/cs\/product\/adjustable-floor-sofa-bed-multi-piece-folding-recliner\/","title":{"rendered":"Nastaviteln\u00e1 podlahov\u00e1 rozkl\u00e1dac\u00ed pohovka, v\u00edced\u00edln\u00e9 skl\u00e1dac\u00ed k\u0159eslo"},"content":{"rendered":"[zc_getpagecontent mb=&#8221;mb_aplus&#8221; apid=&#8221;81&#8243;]\n","protected":false},"excerpt":{"rendered":"<ul>\n<li><strong>Pohodl\u00ed a podpora:<\/strong> Nov\u011b vylep\u0161en\u00e1 skl\u00e1dac\u00ed pohovka na span\u00ed m\u00e1 vrstvenou strukturu s v\u00fdpln\u00ed z houby a polyesterov\u00fdch vl\u00e1ken. Rozkl\u00e1dac\u00ed pohovka je v\u00fdjime\u010dn\u011b vycpan\u00e1 nad\u00fdchan\u00fdm polyesterov\u00fdm vl\u00e1knem, kter\u00e9 nab\u00edz\u00ed pohodln\u00fd a neunavuj\u00edc\u00ed z\u00e1\u017eitek p\u0159i le\u017een\u00ed a relaxaci. Spodn\u00ed \u010d\u00e1st rozkl\u00e1dac\u00ed pohovky na span\u00ed je vypln\u011bna houbou s vysokou hustotou, kter\u00e1 zaji\u0161\u0165uje robustn\u00ed podporu, kter\u00e1 se nezhrout\u00ed ani po dlouh\u00e9m sezen\u00ed.<\/li>\n<li><strong>V\u0161estrann\u00fd a prostorov\u011b \u00fasporn\u00fd design:<\/strong> Na\u0161e skl\u00e1dac\u00ed pohovka se bez n\u00e1mahy p\u0159em\u011bn\u00ed mezi podlahovou pohovku, k\u0159esla a matrace, \u010d\u00edm\u017e spln\u00ed va\u0161e r\u016fznorod\u00e9 pot\u0159eby. Lehk\u00e1 a skl\u00e1dac\u00ed pohovka umo\u017e\u0148uje snadn\u00fd p\u0159esun, skl\u00e1d\u00e1n\u00ed, skladov\u00e1n\u00ed a p\u0159epravu. Je ide\u00e1ln\u00ed volbou pro mal\u00e9 byty, ubytovny nebo jak\u00fdkoli obytn\u00fd prostor s omezen\u00fdm prostorem.<\/li>\n<li><strong>Nastaviteln\u00e1 a bezpe\u010dn\u00e1 op\u011brka zad:<\/strong> Konstrukce spony na obou stran\u00e1ch pra\u017ece podlahov\u00e9 pohovky zaji\u0161\u0165uje pevn\u00e9 upevn\u011bn\u00ed op\u011bradla k sed\u00e1ku. P\u0159i pou\u017eit\u00ed jako l\u016f\u017eko lze z\u00e1dov\u00fd pol\u0161t\u00e1\u0159 snadno p\u0159em\u011bnit na op\u011brku hlavy, kter\u00e1 poskytuje optim\u00e1ln\u00ed podporu. Jako z\u00e1dov\u00e1 op\u011brka nab\u00edz\u00ed vynikaj\u00edc\u00ed bedern\u00ed oporu.<\/li>\n<li><strong>Vysoce kvalitn\u00ed materi\u00e1ly a snadn\u00e1 \u00fadr\u017eba:<\/strong> Vn\u011bj\u0161\u00ed potah rozkl\u00e1dac\u00ed pohovky je vyroben ze sm\u011bsi kr\u00e1tk\u00e9ho ply\u0161e a l\u00e1tky Oxford. Oblasti, kter\u00e9 p\u0159ich\u00e1zej\u00ed do kontaktu s t\u011blem, jsou vyrobeny z neuv\u011b\u0159iteln\u011b jemn\u00e9ho sametu, kter\u00fd zaji\u0161\u0165uje dlouhodob\u00e9 pohodl\u00ed. Odn\u00edmateln\u00fd potah na zip se snadno \u010dist\u00ed a pere, co\u017e zjednodu\u0161uje \u00fadr\u017ebu a \u00fadr\u017ebu.<\/li>\n<li><strong>Vakuov\u011b lisovan\u00e9 balen\u00ed:<\/strong> Pro zaji\u0161t\u011bn\u00ed bezpe\u010dn\u00e9 a efektivn\u00ed p\u0159epravy je na\u0161e rozkl\u00e1dac\u00ed pohovka dod\u00e1v\u00e1na ve vakuov\u011b zabalen\u00e9m stavu, co\u017e m\u016f\u017ee p\u0159i otev\u0159en\u00ed v\u00e9st k m\u00edrn\u00fdm deformac\u00edm. Bu\u010fte si v\u0161ak jisti, \u017ee pohovka na span\u00ed se do 24-72 hodin po rozbalen\u00ed vr\u00e1t\u00ed do p\u016fvodn\u00edho tvaru a nab\u00eddne v\u00e1m ten nejlep\u0161\u00ed z\u00e1\u017eitek.<\/li>\n<\/ul>","protected":false},"featured_media":3427,"comment_status":"open","ping_status":"closed","template":"","meta":[],"product_brand":[],"product_cat":[228],"product_tag":[],"class_list":{"0":"post-3437","1":"product","2":"type-product","3":"status-publish","4":"has-post-thumbnail","6":"product_cat-cushions","8":"first","9":"outofstock","10":"shipping-taxable","11":"purchasable","12":"product-type-simple"},"_links":{"self":[{"href":"https:\/\/www.largepillow.com\/cs\/wp-json\/wp\/v2\/product\/3437","targetHints":{"allow":["GET"]}}],"collection":[{"href":"https:\/\/www.largepillow.com\/cs\/wp-json\/wp\/v2\/product"}],"about":[{"href":"https:\/\/www.largepillow.com\/cs\/wp-json\/wp\/v2\/types\/product"}],"replies":[{"embeddable":true,"href":"https:\/\/www.largepillow.com\/cs\/wp-json\/wp\/v2\/comments?post=3437"}],"wp:featuredmedia":[{"embeddable":true,"href":"https:\/\/www.largepillow.com\/cs\/wp-json\/wp\/v2\/media\/3427"}],"wp:attachment":[{"href":"https:\/\/www.largepillow.com\/cs\/wp-json\/wp\/v2\/media?parent=3437"}],"wp:term":[{"taxonomy":"product_brand","embeddable":true,"href":"https:\/\/www.largepillow.com\/cs\/wp-json\/wp\/v2\/product_brand?post=3437"},{"taxonomy":"product_cat","embeddable":true,"href":"https:\/\/www.largepillow.com\/cs\/wp-json\/wp\/v2\/product_cat?post=3437"},{"taxonomy":"product_tag","embeddable":true,"href":"https:\/\/www.largepillow.com\/cs\/wp-json\/wp\/v2\/product_tag?post=3437"}],"curies":[{"name":"wp","href":"https:\/\/api.w.org\/{rel}","templated":true}]}}