{"id":3491,"date":"2024-07-25T03:29:02","date_gmt":"2024-07-25T03:29:02","guid":{"rendered":"https:\/\/www.largepillow.com\/product\/big-gray-bed-reading-pillow-with-arms-lumbar-support"},"modified":"2024-10-03T16:31:25","modified_gmt":"2024-10-03T16:31:25","slug":"velka-seda-postel-polstar-na-cteni-s-bederni-operkou-pazi","status":"publish","type":"product","link":"https:\/\/www.largepillow.com\/cs\/product\/big-gray-bed-reading-pillow-with-arms-lumbar-support","title":{"rendered":"Velk\u00fd \u0161ed\u00fd pol\u0161t\u00e1\u0159 na \u010dten\u00ed s pa\u017eemi a bedern\u00ed op\u011brkou"},"content":{"rendered":"[zc_getpagecontent mb=&#8221;mb_aplus&#8221; apid=&#8221;68&#8243;]\n","protected":false},"excerpt":{"rendered":"<ul>\n<li>M\u011bkk\u00e1 sametov\u00e1 tkanina: Tento \u0161pi\u010dkov\u00fd pol\u0161t\u00e1\u0159 na \u010dten\u00ed k\u0159esla je vypln\u011bn vysoce kvalitn\u00ed PP bavlnou, kter\u00e1 je m\u011bkk\u00e1 a elastick\u00e1, tak\u017ee se c\u00edt\u00edte neuv\u011b\u0159iteln\u011b pohodln\u011b. Povlak na pol\u0161t\u00e1\u0159 je vyroben z hladk\u00e9 holandsk\u00e9 sametov\u00e9 l\u00e1tky, kter\u00e1 p\u016fsob\u00ed n\u011b\u017en\u011b a \u0161etrn\u011b k poko\u017ece. Ply\u0161ov\u00e9 povlaky na pol\u0161t\u00e1\u0159e jsou sn\u00edmateln\u00e9 a lze je pr\u00e1t v pra\u010dce.<\/li>\n<li>Velikost: Pol\u0161t\u00e1\u0159 m\u011b\u0159\u00ed 56 cm na v\u00fd\u0161ku a 89 cm na \u0161\u00ed\u0159ku a poskytuje pevnou a dostate\u010dnou oporu zad. Ka\u017ed\u00e1 pa\u017ee o tlou\u0161\u0165ce 19 cm pro podporu va\u0161ich ramen a krku, uvol\u0148uje svalov\u00e9 nap\u011bt\u00ed a uvol\u0148uje t\u011blo. Hmotnost: 2,9 kg\u3002 Pran\u00ed: Pran\u00ed v pra\u010dce samostatn\u011b za studena pro snadnou \u00fadr\u017ebu.<\/li>\n<li>Zipy: Spodn\u00ed \u010d\u00e1st povlaku pol\u0161t\u00e1\u0159e tvo\u0159\u00ed barevn\u011b lad\u00edc\u00ed neviditeln\u00fd zip, pro elegantn\u00ed vzhled, snadn\u00e9 vkl\u00e1d\u00e1n\u00ed a pran\u00ed. Dvouvrstv\u00e1 ochrana povlak\u016f na pol\u0161t\u00e1\u0159e a pod\u0161\u00edvky, jednodu\u0161e rozepn\u011bte vnit\u0159n\u00ed pod\u0161\u00edvku a upravte v\u00fdpl\u0148 pro osobn\u00ed \u00farove\u0148 pohodl\u00ed a p\u0159erozd\u011blte ji podle pot\u0159eby pro c\u00edlenou podporu. Pokud po\u017eadujete extra v\u00fdpl\u0148, r\u00e1di v\u00e1m poskytneme dal\u0161\u00ed pp-bavlnu.<\/li>\n<li>Pol\u0161t\u00e1\u0159 na \u010dten\u00ed s pevnou podru\u010dkou poskytuje ur\u010ditou v\u00fd\u0161ku podpory v poloze lokt\u016f. M\u011bkk\u00e1 a tlust\u00e1 z\u00e1dov\u00e1 op\u011brka m\u00e1 dlouhotrvaj\u00edc\u00ed elasticitu, 2 ozdobn\u00e1 tla\u010d\u00edtka, zes\u00edlen\u00e9 pro\u0161\u00edv\u00e1n\u00ed a lemov\u00e1n\u00ed lemuj\u00ed kompletn\u00ed a pln\u00fd vzhled pro ergonomi\u010dt\u011bj\u0161\u00ed k\u0159ivku uvoln\u011bn\u00ed zad. N\u00e1\u0161 pol\u0161t\u00e1\u0159 na \u010dten\u00ed je nejen pohodln\u00fd a roztomil\u00fd, ale tak\u00e9 se vyzna\u010duje jasn\u00fdm a barevn\u00fdm designem, kter\u00fd dod\u00e1 \u0161mrnc ka\u017ed\u00e9 m\u00edstnosti.<\/li>\n<li>Vybalte, u\u017eijte si: Z\u00e1dov\u00fd pol\u0161t\u00e1\u0159 pro sezen\u00ed na posteli je b\u011bhem p\u0159epravy stla\u010den. Jednodu\u0161e jej rozbalte a po\u010dkejte 24\u201348 hodin na pln\u00e9 roz\u0161\u00ed\u0159en\u00ed.<\/li>\n<\/ul>","protected":false},"featured_media":3482,"comment_status":"open","ping_status":"closed","template":"","meta":[],"product_brand":[],"product_cat":[228],"product_tag":[],"class_list":{"0":"post-3491","1":"product","2":"type-product","3":"status-publish","4":"has-post-thumbnail","6":"product_cat-cushions","8":"first","9":"outofstock","10":"shipping-taxable","11":"purchasable","12":"product-type-simple"},"_links":{"self":[{"href":"https:\/\/www.largepillow.com\/cs\/wp-json\/wp\/v2\/product\/3491","targetHints":{"allow":["GET"]}}],"collection":[{"href":"https:\/\/www.largepillow.com\/cs\/wp-json\/wp\/v2\/product"}],"about":[{"href":"https:\/\/www.largepillow.com\/cs\/wp-json\/wp\/v2\/types\/product"}],"replies":[{"embeddable":true,"href":"https:\/\/www.largepillow.com\/cs\/wp-json\/wp\/v2\/comments?post=3491"}],"wp:featuredmedia":[{"embeddable":true,"href":"https:\/\/www.largepillow.com\/cs\/wp-json\/wp\/v2\/media\/3482"}],"wp:attachment":[{"href":"https:\/\/www.largepillow.com\/cs\/wp-json\/wp\/v2\/media?parent=3491"}],"wp:term":[{"taxonomy":"product_brand","embeddable":true,"href":"https:\/\/www.largepillow.com\/cs\/wp-json\/wp\/v2\/product_brand?post=3491"},{"taxonomy":"product_cat","embeddable":true,"href":"https:\/\/www.largepillow.com\/cs\/wp-json\/wp\/v2\/product_cat?post=3491"},{"taxonomy":"product_tag","embeddable":true,"href":"https:\/\/www.largepillow.com\/cs\/wp-json\/wp\/v2\/product_tag?post=3491"}],"curies":[{"name":"wp","href":"https:\/\/api.w.org\/{rel}","templated":true}]}}