{"id":3508,"date":"2024-07-25T03:34:29","date_gmt":"2024-07-25T03:34:29","guid":{"rendered":"https:\/\/www.largepillow.com\/product\/large-folding-daybed-sofa-with-adjustable-headboard"},"modified":"2024-10-03T16:31:25","modified_gmt":"2024-10-03T16:31:25","slug":"velka-rozkladaci-pohovka-s-nastavitelnym-celem","status":"publish","type":"product","link":"https:\/\/www.largepillow.com\/cs\/product\/large-folding-daybed-sofa-with-adjustable-headboard\/","title":{"rendered":"Velk\u00e1 rozkl\u00e1dac\u00ed pohovka s nastaviteln\u00fdm \u010delem"},"content":{"rendered":"","protected":false},"excerpt":{"rendered":"<ul>\n<li>NEJLEP\u0160\u00cd KOMFORT: U\u017eijte si nesrovnateln\u00e9 pohodl\u00ed s polohovatelnou rozkl\u00e1dac\u00ed pohovkou. Tato skl\u00e1dac\u00ed pohovka s polyesterov\u00fdm ln\u011bn\u00fdm potahem a vysoce odolnou p\u011bnovou v\u00fdpln\u00ed zaji\u0161\u0165uje maxim\u00e1ln\u00ed pohodl\u00ed, a\u0165 u\u017e sed\u00edte a odpo\u010d\u00edv\u00e1te, sledujete televizi nebo odpo\u010d\u00edv\u00e1te po n\u00e1ro\u010dn\u00e9m dni.<\/li>\n<li>NEJLEP\u0160\u00cd \u0158EMESLN\u00c9 ZPRACOV\u00c1N\u00cd: S polyesterov\u00fdm ln\u011bn\u00fdm potahem a vysoce odolnou p\u011bnovou v\u00fdpln\u00ed kombinuje tato sek\u010dn\u00ed pohovka prakti\u010dnost a pohodl\u00ed pro luxusn\u00ed a trvanliv\u00fd z\u00e1\u017eitek. Snadno se rozeb\u00edr\u00e1 a sestavuje a zaji\u0161\u0165uje trvalou eleganci v ka\u017ed\u00e9 m\u00edstnosti.<\/li>\n<li>STABILN\u00cd PODPORA: U\u017eijte si klidnou relaxaci s na\u0161\u00ed podlahovou pohovkou. P\u011bna s vysokou hustotou poskytuje vynikaj\u00edc\u00ed podporu a odpru\u017een\u00ed, kter\u00e9 obep\u00edn\u00e1 k\u0159ivky t\u011bla a uvol\u0148uje tlakov\u00e9 body. Stabilita rozkl\u00e1dac\u00ed pohovky zaji\u0161\u0165uje bezpe\u010dnost a spolehlivost, co\u017e v\u00e1m umo\u017en\u00ed u\u017e\u00edvat si dlouhotrvaj\u00edc\u00ed pohodl\u00ed a odolnost.<\/li>\n<li>JEDINE\u010cN\u00dd DESIGN A SNADN\u00c9 \u010cI\u0160T\u011aN\u00cd: Tato pohovka je nejen pohodln\u00e1, ale tak\u00e9 se snadno udr\u017euje v \u010distot\u011b. Design neviditeln\u00e9ho zipu se snadno sund\u00e1v\u00e1 a \u010dist\u00ed, tak\u017ee pohovka z\u016fst\u00e1v\u00e1 uklizen\u00e1. Nechte si u\u017e\u00edt sv\u016fj voln\u00fd \u010das pohodln\u011b.<\/li>\n<li>IDE\u00c1LN\u00cd VELIKOST PRO POHODL\u00cd: Na\u0161e rozkl\u00e1dac\u00ed pohovka m\u011b\u0159\u00ed 190*76*55cm, co\u017e je ide\u00e1ln\u00ed velikost pro k\u0159eslo a snadno se skladuje a \u0161et\u0159\u00ed m\u00edsto.<\/li>\n<\/ul>","protected":false},"featured_media":3492,"comment_status":"open","ping_status":"closed","template":"","meta":[],"product_brand":[],"product_cat":[228],"product_tag":[],"class_list":{"0":"post-3508","1":"product","2":"type-product","3":"status-publish","4":"has-post-thumbnail","6":"product_cat-cushions","8":"first","9":"outofstock","10":"shipping-taxable","11":"purchasable","12":"product-type-simple"},"_links":{"self":[{"href":"https:\/\/www.largepillow.com\/cs\/wp-json\/wp\/v2\/product\/3508","targetHints":{"allow":["GET"]}}],"collection":[{"href":"https:\/\/www.largepillow.com\/cs\/wp-json\/wp\/v2\/product"}],"about":[{"href":"https:\/\/www.largepillow.com\/cs\/wp-json\/wp\/v2\/types\/product"}],"replies":[{"embeddable":true,"href":"https:\/\/www.largepillow.com\/cs\/wp-json\/wp\/v2\/comments?post=3508"}],"wp:featuredmedia":[{"embeddable":true,"href":"https:\/\/www.largepillow.com\/cs\/wp-json\/wp\/v2\/media\/3492"}],"wp:attachment":[{"href":"https:\/\/www.largepillow.com\/cs\/wp-json\/wp\/v2\/media?parent=3508"}],"wp:term":[{"taxonomy":"product_brand","embeddable":true,"href":"https:\/\/www.largepillow.com\/cs\/wp-json\/wp\/v2\/product_brand?post=3508"},{"taxonomy":"product_cat","embeddable":true,"href":"https:\/\/www.largepillow.com\/cs\/wp-json\/wp\/v2\/product_cat?post=3508"},{"taxonomy":"product_tag","embeddable":true,"href":"https:\/\/www.largepillow.com\/cs\/wp-json\/wp\/v2\/product_tag?post=3508"}],"curies":[{"name":"wp","href":"https:\/\/api.w.org\/{rel}","templated":true}]}}