{"id":3516,"date":"2024-07-25T03:42:01","date_gmt":"2024-07-25T03:42:01","guid":{"rendered":"https:\/\/www.largepillow.com\/product\/ear-piercing-pillow-for-side-sleepers-memory-foam-with-holes"},"modified":"2026-04-06T12:03:16","modified_gmt":"2026-04-06T12:03:16","slug":"usni-piercingovy-polstar-pro-space-na-boku-pametova-pena-s-otvory","status":"publish","type":"product","link":"https:\/\/www.largepillow.com\/cs\/product\/ear-piercing-pillow-for-side-sleepers-memory-foam-with-holes","title":{"rendered":"Ucho Piercing Pol\u0161t\u00e1\u0159 pro postrann\u00ed pra\u017ece pam\u011b\u0165ov\u00e1 p\u011bna s otvory"},"content":{"rendered":"[zc_getpagecontent mb=&#8221;mb_aplus&#8221; apid=&#8221;65&#8243;]\n","protected":false},"excerpt":{"rendered":"<ul>\n<li><strong>Detail velikosti:<\/strong> pr\u016fm\u011br u\u0161n\u00edho pol\u0161t\u00e1\u0159e je asi 54 * 35 * 10 cm na d\u00e9lku, \u0161\u00ed\u0159ku a tlou\u0161\u0165ku, vnit\u0159n\u00ed pr\u016fm\u011br u\u0161n\u00edho otvoru je asi 15 * 10 cm na d\u00e9lku a \u0161\u00ed\u0159ku, dva velk\u00e9 otvory znamenaj\u00ed pohodln\u011bj\u0161\u00ed, n\u00e1\u0161 pol\u0161t\u00e1\u0159 nevyv\u00edj\u00ed t\u00e9m\u011b\u0159 \u017e\u00e1dn\u00fd tlak u\u0161i, dop\u0159ejte sv\u00e9mu krku a hlav\u011b \u00fapln\u00e9 uvoln\u011bn\u00ed a eliminujte nap\u011bt\u00ed a stres, abyste mohli rychle p\u0159ej\u00edt do stavu sp\u00e1nku, a p\u0159itom jsou dostate\u010dn\u011b velk\u00e9, aby se do nich ve\u0161ly sluch\u00e1tka pro v\u011bt\u0161\u00ed pohodl\u00ed a pohodl\u00ed<\/li>\n<li><strong>Maxim\u00e1ln\u00ed pohodl\u00ed u\u0161\u00ed:<\/strong> u\u0161n\u00ed piercingov\u00fd pol\u0161t\u00e1\u0159 je vyroben z Memory Foam Pillow Core, kter\u00e9 je m\u011bkk\u00e9 a podp\u016frn\u00e9 dobr\u00e9 vlastnosti, sp\u00ed jako na obl\u00e1\u010dku. Povlak na pol\u0161t\u00e1\u0159 je vyroben z bavln\u011bn\u00e9 tkaniny se vzduchovou vrstvou, kter\u00e1 je m\u011bkk\u00e1, prody\u0161n\u00e1 a chladiv\u00e1. V\u0161echny materi\u00e1ly jsou \u0161etrn\u00e9 k poko\u017ece a bezpe\u010dn\u00e9, tak\u017ee se r\u00e1no probud\u00edte s rozz\u00e1\u0159enou tv\u00e1\u0159\u00ed<\/li>\n<li><strong>\u00daleva od bolesti u\u0161\u00ed:<\/strong> u\u0161n\u00ed piercingov\u00fd pol\u0161t\u00e1\u0159 je velmi u\u017eite\u010dn\u00fd pro \u00falevu od bolesti ucha b\u011bhem sp\u00e1nku. kdy\u017e si prop\u00edchnete u\u0161i nebo si poran\u00edte u\u0161i, Kdy\u017e jste zvykl\u00ed na span\u00ed nosit \u0161punty do u\u0161\u00ed nebo sluch\u00e1tka, daleko od hluku nebo chr\u00e1p\u00e1n\u00ed va\u0161eho partnera, tento pol\u0161t\u00e1\u0159ek do u\u0161\u00ed je pro v\u00e1s zvl\u00e1\u0161tn\u00edm p\u0159ekvapen\u00edm, poskytuje v\u00e1m klidn\u00fd sp\u00e1nek nebo us\u00edn\u00e1n\u00ed p\u0159i hudb\u011b bez bolesti u\u0161\u00ed<\/li>\n<li><strong>V\u0161estrann\u00fd design:<\/strong> bo\u010dn\u00ed sp\u00e1nkov\u00e1 oblast piercingov\u00e9ho pol\u0161t\u00e1\u0159e s dvojit\u00fdm designem u\u0161n\u00edho otvoru pro postrann\u00ed sp\u00e1\u010de, kte\u0159\u00ed nos\u00ed piercing do u\u0161\u00ed a sluch\u00e1tka, pom\u00e1haj\u00ed zm\u00edrnit bolest u\u0161\u00ed. A zadn\u00ed sp\u00e1nkov\u00e1 oblast podporuje v\u00e1\u0161 krk pro sladk\u00fd sp\u00e1nek po celou noc. Zak\u0159iven\u00fd obrysov\u00fd design pro ergonomi\u010dt\u011bj\u0161\u00ed uchycen\u00ed kolem krku a ramen, mal\u00fd otvor uprost\u0159ed pol\u0161t\u00e1\u0159e dokonale padne do u\u0161\u00ed a p\u0159in\u00e1\u0161\u00ed v\u00e1m p\u0159\u00edjemn\u00fd z\u00e1\u017eitek ze sp\u00e1nku<\/li>\n<li><strong>\u0160irok\u00e9 pou\u017eit\u00ed:<\/strong> u\u0161n\u00ed piercingov\u00fd pol\u0161t\u00e1\u0159 je v\u00edce ne\u017e jen pol\u0161t\u00e1\u0159; je to kompletn\u00ed \u0159e\u0161en\u00ed. Velk\u00fd u\u0161n\u00ed otvor pohodln\u011b pojme n\u00e1u\u0161nice, naslouch\u00e1tka, \u0161punty do u\u0161\u00ed s potla\u010den\u00edm hluku a sluch\u00e1tka, co\u017e z n\u011bj d\u011bl\u00e1 ide\u00e1ln\u00ed volbu pro ty, kte\u0159\u00ed maj\u00ed r\u016fzn\u00e9 pot\u0159eby t\u00fdkaj\u00edc\u00ed se u\u0161\u00ed.<\/li>\n<\/ul>","protected":false},"featured_media":3509,"comment_status":"open","ping_status":"closed","template":"","meta":[],"product_brand":[],"product_cat":[228],"product_tag":[],"class_list":{"0":"post-3516","1":"product","2":"type-product","3":"status-publish","4":"has-post-thumbnail","6":"product_cat-cushions","8":"first","9":"instock","10":"shipping-taxable","11":"purchasable","12":"product-type-simple"},"_links":{"self":[{"href":"https:\/\/www.largepillow.com\/cs\/wp-json\/wp\/v2\/product\/3516","targetHints":{"allow":["GET"]}}],"collection":[{"href":"https:\/\/www.largepillow.com\/cs\/wp-json\/wp\/v2\/product"}],"about":[{"href":"https:\/\/www.largepillow.com\/cs\/wp-json\/wp\/v2\/types\/product"}],"replies":[{"embeddable":true,"href":"https:\/\/www.largepillow.com\/cs\/wp-json\/wp\/v2\/comments?post=3516"}],"wp:featuredmedia":[{"embeddable":true,"href":"https:\/\/www.largepillow.com\/cs\/wp-json\/wp\/v2\/media\/3509"}],"wp:attachment":[{"href":"https:\/\/www.largepillow.com\/cs\/wp-json\/wp\/v2\/media?parent=3516"}],"wp:term":[{"taxonomy":"product_brand","embeddable":true,"href":"https:\/\/www.largepillow.com\/cs\/wp-json\/wp\/v2\/product_brand?post=3516"},{"taxonomy":"product_cat","embeddable":true,"href":"https:\/\/www.largepillow.com\/cs\/wp-json\/wp\/v2\/product_cat?post=3516"},{"taxonomy":"product_tag","embeddable":true,"href":"https:\/\/www.largepillow.com\/cs\/wp-json\/wp\/v2\/product_tag?post=3516"}],"curies":[{"name":"wp","href":"https:\/\/api.w.org\/{rel}","templated":true}]}}