{"id":3555,"date":"2024-07-25T04:27:49","date_gmt":"2024-07-25T04:27:49","guid":{"rendered":"https:\/\/www.largepillow.com\/product\/modern-fluffy-cat-small-dog-bed-with-washable-cover"},"modified":"2025-07-15T08:12:33","modified_gmt":"2025-07-15T08:12:33","slug":"moderni-chlupaty-pelisek-pro-kocky-s-pratelnym-potahem","status":"publish","type":"product","link":"https:\/\/www.largepillow.com\/cs\/product\/modern-fluffy-cat-small-dog-bed-with-washable-cover\/","title":{"rendered":"Modern\u00ed nad\u00fdchan\u00fd pel\u00ed\u0161ek pro ko\u010dky a mal\u00e9 psy s prateln\u00fdm potahem"},"content":{"rendered":"[zc_getpagecontent mb=&#8221;mb_aplus&#8221; apid=&#8221;61&#8243;]\n","protected":false},"excerpt":{"rendered":"<ul>\n<li>Jedine\u010dn\u00fd design: Modern\u00ed pohovka pro dom\u00e1c\u00ed mazl\u00ed\u010dky, z\u00e1kladn\u00ed volba pro n\u00e1bytek pro zv\u00ed\u0159ata a stylov\u00fd akcent pro v\u00e1\u0161 domov. Jeho m\u00f3dn\u00ed design a v\u00fdb\u011br jemn\u00fdch barev hladce dopln\u00ed jak\u00fdkoli dom\u00e1c\u00ed dekor.<\/li>\n<li>Pr\u00e9miov\u00e9 materi\u00e1ly: V\u00fdhody sametu z kuku\u0159i\u010dn\u00e9ho zrna \u2013 prody\u0161n\u00fd, m\u011bkk\u00fd, pohodln\u00fd a odoln\u00fd. Pln\u011bno PP bavlnou pro nad\u00fdchan\u00fd pel\u00ed\u0161ek pro psa. Protiskluzov\u00fd design dna zabra\u0148uje pohybu.<\/li>\n<li>Snadno vyj\u00edmateln\u00e9 pro \u010di\u0161t\u011bn\u00ed: Spodn\u00ed \u010d\u00e1st m\u00e1 design se zipem, tak\u017ee jej lze velmi snadno vyjmout a vy\u010distit. Lze jej pr\u00e1t p\u0159\u00edmo v pra\u010dce pro bezprobl\u00e9mov\u00e9 \u010di\u0161t\u011bn\u00ed. Vnit\u0159n\u00ed v\u00fdpl\u0148 pel\u00ed\u0161ku se sedac\u00edm pytlem je rozd\u011blena na 2 odn\u00edmateln\u00e9 d\u00edly, tak\u017ee potah lze snadno vyprat. Mont\u00e1\u017e je tak\u00e9 jednoduch\u00e1, k dispozici je mont\u00e1\u017en\u00ed video.<\/li>\n<li>Vhodn\u00e9 pro v\u00edce dom\u00e1c\u00edch mazl\u00ed\u010dk\u016f: A\u0165 u\u017e m\u00e1te mal\u00e9ho psa, hravou ko\u010dku nebo dokonce zaj\u00ed\u010dka, na\u0161e pohovka pro ko\u010dky je vhodn\u00e1 pro dom\u00e1c\u00ed mazl\u00ed\u010dky do 30 liber. D\u00edky sv\u00e9 prostorn\u00e9 odpo\u010d\u00edvadle a robustn\u00ed konstrukci m\u016f\u017ee pohodln\u011b un\u00e9st v\u00e1hu va\u0161eho mazl\u00ed\u010dka a z\u00e1rove\u0148 poskytnout \u00fatuln\u00e9 m\u00edsto k odpo\u010dinku.<\/li>\n<li>Celoro\u010dn\u00ed pou\u017eit\u00ed: K\u0159eslo pro ko\u010dky bere v \u00favahu r\u016fzn\u00e9 sez\u00f3nn\u00ed pot\u0159eby, aby va\u0161emu mazl\u00ed\u010dkovi v\u017edy poskytlo ten nejlep\u0161\u00ed z\u00e1\u017eitek ze sp\u00e1nku, a\u0165 u\u017e jsou chladn\u00e9 zimn\u00ed dny nebo tepl\u00e1 l\u00e9ta \u2013 vhodn\u00e9 pro pou\u017eit\u00ed po cel\u00fd rok. A na\u0161e pohovka pro psy je vakuov\u011b balen\u00e1 v krabici. P\u0159ed pou\u017eit\u00edm l\u016f\u017eko squishmallow pro ko\u010dky zcela na\u010dechrejte tak, \u017ee ho vyklepete, a po pou\u017eit\u00ed po\u010dkejte 48 hodin, ne\u017e se vr\u00e1t\u00ed do p\u016fvodn\u00edho tvaru jemn\u00fdm zat\u0159ep\u00e1n\u00edm.<\/li>\n<\/ul>","protected":false},"featured_media":3542,"comment_status":"open","ping_status":"closed","template":"","meta":[],"product_brand":[],"product_cat":[227],"product_tag":[],"class_list":{"0":"post-3555","1":"product","2":"type-product","3":"status-publish","4":"has-post-thumbnail","6":"product_cat-pet-supplies","8":"first","9":"instock","10":"shipping-taxable","11":"purchasable","12":"product-type-simple"},"_links":{"self":[{"href":"https:\/\/www.largepillow.com\/cs\/wp-json\/wp\/v2\/product\/3555","targetHints":{"allow":["GET"]}}],"collection":[{"href":"https:\/\/www.largepillow.com\/cs\/wp-json\/wp\/v2\/product"}],"about":[{"href":"https:\/\/www.largepillow.com\/cs\/wp-json\/wp\/v2\/types\/product"}],"replies":[{"embeddable":true,"href":"https:\/\/www.largepillow.com\/cs\/wp-json\/wp\/v2\/comments?post=3555"}],"wp:featuredmedia":[{"embeddable":true,"href":"https:\/\/www.largepillow.com\/cs\/wp-json\/wp\/v2\/media\/3542"}],"wp:attachment":[{"href":"https:\/\/www.largepillow.com\/cs\/wp-json\/wp\/v2\/media?parent=3555"}],"wp:term":[{"taxonomy":"product_brand","embeddable":true,"href":"https:\/\/www.largepillow.com\/cs\/wp-json\/wp\/v2\/product_brand?post=3555"},{"taxonomy":"product_cat","embeddable":true,"href":"https:\/\/www.largepillow.com\/cs\/wp-json\/wp\/v2\/product_cat?post=3555"},{"taxonomy":"product_tag","embeddable":true,"href":"https:\/\/www.largepillow.com\/cs\/wp-json\/wp\/v2\/product_tag?post=3555"}],"curies":[{"name":"wp","href":"https:\/\/api.w.org\/{rel}","templated":true}]}}