{"id":3766,"date":"2024-09-03T04:14:57","date_gmt":"2024-09-03T04:14:57","guid":{"rendered":"https:\/\/www.largepillow.com\/product\/3d-planet-throw-pillows-solar-system-decor-soft-cushion-moon"},"modified":"2025-10-04T12:01:35","modified_gmt":"2025-10-04T12:01:35","slug":"3d-planeta-hodit-polstare-slunecni-soustava-vyzdoba-mekky-polstar-mesic","status":"publish","type":"product","link":"https:\/\/www.largepillow.com\/cs\/product\/3d-planet-throw-pillows-solar-system-decor-soft-cushion-moon","title":{"rendered":"Pol\u0161t\u00e1\u0159e 3D Planet Throw, dekorace slune\u010dn\u00ed soustavy, m\u011bkk\u00fd pol\u0161t\u00e1\u0159 (m\u011bs\u00edc)"},"content":{"rendered":"","protected":false},"excerpt":{"rendered":"<ul>\n<li><strong>Design s motivem planety:<\/strong>\u00a0Vytvo\u0159te si jedine\u010dnou v\u00fdzdobu sv\u00e9ho domova s t\u011bmito pol\u0161t\u00e1\u0159i slune\u010dn\u00ed soustavy se Sluncem, Zem\u00ed, M\u011bs\u00edcem, Venu\u0161\u00ed, Jupiterem, Merkurem, Marsem, Saturnem, Uranem, Neptunem a Plutem. Ka\u017ed\u00fd \u0161ampon m\u00e1 jedine\u010dn\u00fd planet\u00e1rn\u00ed design, kter\u00fd v\u00e1m d\u00e1v\u00e1 svobodu kombinovat a kombinovat pro personalizovan\u00fd vzhled.<\/li>\n<li><strong>Praktick\u00fd pol\u0161t\u00e1\u0159 na podlahu:<\/strong> Tyto planetov\u00e9 pol\u0161t\u00e1\u0159e lze pou\u017e\u00edt jako v\u0161estrann\u00e9 rekvizity ve fotoateli\u00e9ru nebo jako pohodln\u00e9 podlahov\u00e9 pol\u0161t\u00e1\u0159e, pol\u0161t\u00e1\u0159e na pohovku, pol\u0161t\u00e1\u0159e na pohovku, kl\u00ednov\u00e9 pol\u0161t\u00e1\u0159e a pol\u0161t\u00e1\u0159e na pohovku k ozdoben\u00ed va\u0161eho domova, zahrady a \u0161kolky. Nab\u00edzej\u00ed pohodln\u00fd pol\u0161t\u00e1\u0159 pro va\u0161i hlavu nebo z\u00e1da, zat\u00edmco budete relaxovat a odpo\u010d\u00edvat, tak\u017ee jsou ide\u00e1ln\u00ed pro pou\u017eit\u00ed jako dekorativn\u00ed akcent nebo jako dal\u0161\u00ed sezen\u00ed. Skv\u011bl\u00e9 jsou tak\u00e9 na j\u00f3gu nebo meditaci.<\/li>\n<li><strong>Dekorativn\u00ed pol\u0161t\u00e1\u0159 na podlahu:<\/strong> Tyto planetov\u00e9 pol\u0161t\u00e1\u0159e jsou ide\u00e1ln\u00ed pro p\u0159id\u00e1n\u00ed n\u00e1dechu elegance a pohodl\u00ed do va\u0161\u00ed lo\u017enice, ob\u00fdvac\u00edho pokoje nebo jak\u00e9hokoli jin\u00e9ho prostoru ve va\u0161em dom\u011b. \u017div\u00e9 barvy a jedine\u010dn\u00fd design z nich \u010din\u00ed za\u010d\u00e1tek konverzace a lze je snadno sp\u00e1rovat s jin\u00fdmi dekorativn\u00edmi p\u0159edm\u011bty pro soudr\u017en\u00fd vzhled. M\u016f\u017eete kombinovat r\u016fzn\u00e9 styly a vytvo\u0159it si vlastn\u00ed dekor s vesm\u00edrnou t\u00e9matikou, kter\u00fd odr\u00e1\u017e\u00ed va\u0161i osobnost a styl.<\/li>\n<li><strong>Jako d\u00e1rek:<\/strong> Pol\u0161t\u00e1\u0159 s motivem planety je skv\u011bl\u00fdm d\u00e1rkem pro ka\u017ed\u00e9ho, kdo miluje vesm\u00edr, astronomii nebo v\u011bdu. Je ide\u00e1ln\u00ed pro d\u011bti, teenagery, vysoko\u0161kol\u00e1ky nebo dosp\u011bl\u00e9, kte\u0159\u00ed cht\u011bj\u00ed do sv\u00e9ho pokoje p\u0159idat z\u00e1bavn\u00fd a funk\u010dn\u00ed p\u0159edm\u011bt. M\u016f\u017eete jej tak\u00e9 darovat p\u0159i zvl\u00e1\u0161tn\u00edch p\u0159\u00edle\u017eitostech, jako jsou narozeniny, V\u00e1noce nebo promoce.<\/li>\n<li><strong>Pokyny pro pran\u00ed:<\/strong> Pol\u0161t\u00e1\u0159 Planet je vyroben z vysoce kvalitn\u00ed siln\u00e9 sametov\u00e9 tkaniny, kter\u00e1 zaji\u0161\u0165uje odolnost a kvalitu. M\u00e1 zip pro snadn\u00e9 \u010di\u0161t\u011bn\u00ed, tak\u017ee \u00fadr\u017eba je hra\u010dka. V\u00fdpl\u0148 je polyester 100% pro v\u00fdjime\u010dnou pru\u017enost. Pr\u00e1t v pra\u010dce samostatn\u011b za studena, pouze jemn\u00fd cyklus, neb\u011blit, su\u0161it v su\u0161i\u010dce na n\u00edzkou teplotu, v p\u0159\u00edpad\u011b pot\u0159eby su\u0161it v su\u0161i\u010dce na n\u00edzkou teplotu. K poko\u017ece \u0161etrn\u00e1 a m\u011bkk\u00e1 l\u00e1tka bude tou nejlep\u0161\u00ed volbou pro rodinu, p\u0159\u00e1tele a d\u011bti.<\/li>\n<li><strong>Velikost:<\/strong>\u00a0Velk\u00fd (16\u00d716 palc\u016f | 41x41 cm), St\u0159edn\u00ed (10\u00d710 palc\u016f | 25X25 cm)<\/li>\n<\/ul>","protected":false},"featured_media":3757,"comment_status":"open","ping_status":"closed","template":"","meta":[],"product_brand":[],"product_cat":[231],"product_tag":[],"class_list":{"0":"post-3766","1":"product","2":"type-product","3":"status-publish","4":"has-post-thumbnail","6":"product_cat-throw-pillows","8":"first","9":"instock","10":"shipping-taxable","11":"purchasable","12":"product-type-variable","13":"has-default-attributes"},"_links":{"self":[{"href":"https:\/\/www.largepillow.com\/cs\/wp-json\/wp\/v2\/product\/3766","targetHints":{"allow":["GET"]}}],"collection":[{"href":"https:\/\/www.largepillow.com\/cs\/wp-json\/wp\/v2\/product"}],"about":[{"href":"https:\/\/www.largepillow.com\/cs\/wp-json\/wp\/v2\/types\/product"}],"replies":[{"embeddable":true,"href":"https:\/\/www.largepillow.com\/cs\/wp-json\/wp\/v2\/comments?post=3766"}],"wp:featuredmedia":[{"embeddable":true,"href":"https:\/\/www.largepillow.com\/cs\/wp-json\/wp\/v2\/media\/3757"}],"wp:attachment":[{"href":"https:\/\/www.largepillow.com\/cs\/wp-json\/wp\/v2\/media?parent=3766"}],"wp:term":[{"taxonomy":"product_brand","embeddable":true,"href":"https:\/\/www.largepillow.com\/cs\/wp-json\/wp\/v2\/product_brand?post=3766"},{"taxonomy":"product_cat","embeddable":true,"href":"https:\/\/www.largepillow.com\/cs\/wp-json\/wp\/v2\/product_cat?post=3766"},{"taxonomy":"product_tag","embeddable":true,"href":"https:\/\/www.largepillow.com\/cs\/wp-json\/wp\/v2\/product_tag?post=3766"}],"curies":[{"name":"wp","href":"https:\/\/api.w.org\/{rel}","templated":true}]}}