{"id":3919,"date":"2024-09-05T03:12:00","date_gmt":"2024-09-05T03:12:00","guid":{"rendered":"https:\/\/www.largepillow.com\/product\/plush-reading-pillow-for-bed-sofa-dorm-with-back-support"},"modified":"2025-12-07T17:34:58","modified_gmt":"2025-12-07T17:34:58","slug":"plysovy-polstar-na-cteni-do-loznice-s-rozkladaci-pohovkou-a-operkou-zad","status":"publish","type":"product","link":"https:\/\/www.largepillow.com\/cs\/product\/plush-reading-pillow-for-bed-sofa-dorm-with-back-support\/","title":{"rendered":"Ply\u0161ov\u00fd pol\u0161t\u00e1\u0159 na \u010dten\u00ed do postele, pohovky a lo\u017enice s op\u011brkou zad"},"content":{"rendered":"[zc_getpagecontent mb=&#8221;mb_aplus&#8221; apid=&#8221;88&#8243;]\n","protected":false},"excerpt":{"rendered":"<ul>\n<li><strong>Pevn\u00e1 velikost:<\/strong> 95 x 45 x 25 cm pol\u0161t\u00e1\u0159 \u010dela op\u011brky t\u011bla pol\u0161t\u00e1\u0159 op\u011bradla, dostupn\u00fd ve t\u0159ech barv\u00e1ch: \u010dern\u00e1, \u017elut\u00e1 a b\u00edl\u00e1. Potisk nevybledne. \u017d\u00e1dn\u00e1 tla\u010d\u00edtka.<\/li>\n<li><strong>Upgrade materi\u00e1lu:<\/strong> (s pp Cotton Filler) Vyrobeno ze zrnit\u00e9ho sametu, m\u011bkk\u00e9 a pohodln\u00e9. Tato l\u00e1tka byla pe\u010dliv\u011b vybr\u00e1na pro svou kvalitu a pou\u017eitelnost, pro extra pevnost a odolnost. Kr\u00e1tk\u00e1 ply\u0161ov\u00e1 l\u00e1tka zvy\u0161uje komfort poko\u017eky a m\u011bkkost pol\u0161t\u00e1\u0159e, d\u00edky \u010demu\u017e je skv\u011bl\u00fdm pol\u0161t\u00e1\u0159em na z\u00e1dov\u00e9 op\u011brky t\u011bla a dekorace postele.<\/li>\n<li><strong>Pol\u0161t\u00e1\u0159 st\u0159edn\u00ed tlou\u0161\u0165ky:<\/strong> St\u0159edn\u00ed tlou\u0161\u0165ka nezabere mnoho plochy postele a pohovky, tak\u017ee m\u00e1te dostatek m\u00edsta k sezen\u00ed. Pol\u0161t\u00e1\u0159 \u010dela m\u016f\u017ee poskytnout optim\u00e1ln\u00ed zvednut\u00ed horn\u00ed \u010d\u00e1sti t\u011bla, pom\u00e1h\u00e1 p\u0159edch\u00e1zet mnoha zdravotn\u00edm stav\u016fm. R\u016fzn\u00e9 velikosti jsou vhodn\u00e9 pro r\u016fzn\u00e9 sc\u00e9ny, zm\u00edr\u0148uj\u00ed nespavost a bolesti kostern\u00edho svalstva, stejn\u011b jako pom\u00e1haj\u00ed star\u0161\u00edm lidem s k\u0159e\u010dov\u00fdmi \u017eilami a nad\u0161enc\u016fm j\u00f3gy s protahovac\u00edmi cvi\u010den\u00edmi.<\/li>\n<li><strong>Perfektn\u00ed d\u00e1rkov\u00e9 p\u0159ekvapen\u00ed:<\/strong> Pol\u0161t\u00e1\u0159 \u010dela Plush Twin Size zvy\u0161uje trojrozm\u011brn\u00fd dojem a dokonale odr\u00e1\u017e\u00ed ergonomii. Perfektn\u00ed tlou\u0161\u0165ka a podpora pro sezen\u00ed a \u010dten\u00ed v posteli a poskytuje pohodl\u00ed p\u0159i sp\u00e1nku, \u010dten\u00ed a sledov\u00e1n\u00ed televize. \u201eDOBR\u00c1\u201c slova, kter\u00e1 nezmiz\u00ed, l\u00e9pe uvoln\u00ed va\u0161i n\u00e1ladu.<\/li>\n<li><strong>Kr\u00e1sn\u00fd a praktick\u00fd pol\u0161t\u00e1\u0159:<\/strong> N\u00e1\u0161 pol\u0161t\u00e1\u0159 na \u010delo je m\u00f3dn\u00ed dom\u00e1c\u00ed dekorace, vhodn\u00e1 na postel, pohovku, tatami, lavici, k\u0159eslo, okenn\u00ed sedadlo, lo\u017enici, ark\u00fd\u0159ov\u00e9 okno, pokoje pro v\u0161echna ro\u010dn\u00ed obdob\u00ed, kolejn\u00ed postel studentsk\u00e1 postel, d\u011btsk\u00e1 op\u011brka hlavy atd.<\/li>\n<\/ul>","protected":false},"featured_media":3899,"comment_status":"open","ping_status":"closed","template":"","meta":[],"product_brand":[],"product_cat":[228],"product_tag":[],"class_list":{"0":"post-3919","1":"product","2":"type-product","3":"status-publish","4":"has-post-thumbnail","6":"product_cat-cushions","8":"first","9":"instock","10":"shipping-taxable","11":"purchasable","12":"product-type-variable","13":"has-default-attributes"},"_links":{"self":[{"href":"https:\/\/www.largepillow.com\/cs\/wp-json\/wp\/v2\/product\/3919","targetHints":{"allow":["GET"]}}],"collection":[{"href":"https:\/\/www.largepillow.com\/cs\/wp-json\/wp\/v2\/product"}],"about":[{"href":"https:\/\/www.largepillow.com\/cs\/wp-json\/wp\/v2\/types\/product"}],"replies":[{"embeddable":true,"href":"https:\/\/www.largepillow.com\/cs\/wp-json\/wp\/v2\/comments?post=3919"}],"wp:featuredmedia":[{"embeddable":true,"href":"https:\/\/www.largepillow.com\/cs\/wp-json\/wp\/v2\/media\/3899"}],"wp:attachment":[{"href":"https:\/\/www.largepillow.com\/cs\/wp-json\/wp\/v2\/media?parent=3919"}],"wp:term":[{"taxonomy":"product_brand","embeddable":true,"href":"https:\/\/www.largepillow.com\/cs\/wp-json\/wp\/v2\/product_brand?post=3919"},{"taxonomy":"product_cat","embeddable":true,"href":"https:\/\/www.largepillow.com\/cs\/wp-json\/wp\/v2\/product_cat?post=3919"},{"taxonomy":"product_tag","embeddable":true,"href":"https:\/\/www.largepillow.com\/cs\/wp-json\/wp\/v2\/product_tag?post=3919"}],"curies":[{"name":"wp","href":"https:\/\/api.w.org\/{rel}","templated":true}]}}