{"id":4160,"date":"2024-09-12T03:12:48","date_gmt":"2024-09-12T03:12:48","guid":{"rendered":"https:\/\/www.largepillow.com\/product\/headboard-pillow-white-plush-large-wedge-reading-pillow"},"modified":"2025-08-27T10:53:28","modified_gmt":"2025-08-27T10:53:28","slug":"polstar-na-celo-bily-plys-velky-klinovy-polstar-na-cteni","status":"publish","type":"product","link":"https:\/\/www.largepillow.com\/cs\/product\/headboard-pillow-white-plush-large-wedge-reading-pillow","title":{"rendered":"Pol\u0161t\u00e1\u0159 na \u010delo B\u00edl\u00fd ply\u0161ov\u00fd velk\u00fd kl\u00ednov\u00fd pol\u0161t\u00e1\u0159 na \u010dten\u00ed"},"content":{"rendered":"","protected":false},"excerpt":{"rendered":"<ul>\n<li><strong>MULTIFUNK\u010dNOST:<\/strong> N\u00e1\u0161 design pol\u0161t\u00e1\u0159e kl\u00ednov\u00e9ho l\u016f\u017eka je v\u00edce ne\u017e jen pol\u0161t\u00e1\u0159 na \u010delo, podporuje r\u016fzn\u00e9 zp\u016fsoby pou\u017eit\u00ed a lze jej pou\u017e\u00edt jako ide\u00e1ln\u00ed pom\u016fcku pro podporu zad, zved\u00e1n\u00ed nohou, \u010dten\u00ed, sledov\u00e1n\u00ed televize a mnoho dal\u0161\u00edch poloh, kter\u00e9 spln\u00ed va\u0161e rozmanit\u00e9 pot\u0159eby.<\/li>\n<li><strong>ERGONOMICK\u00dd DESIGN:<\/strong> intimn\u00ed p\u00e9\u010de, ergonomick\u00e1 vynal\u00e9zavost. Poskytn\u011bte v\u00e1m tu nejpohodln\u011bj\u0161\u00ed oporu, sni\u017ete tlak na kr\u010dn\u00ed a bedern\u00ed obratle, u\u017eijte si ka\u017ed\u00fd okam\u017eik pohodl\u00ed a pohodl\u00ed.<\/li>\n<li><strong>POHODL\u00cd:<\/strong> Velk\u00fd troj\u00faheln\u00edkov\u00fd kl\u00ednov\u00fd pol\u0161t\u00e1\u0159 je vyroben z vysoce kvalitn\u00edch materi\u00e1l\u016f a jemnou technologi\u00ed zpracov\u00e1n\u00ed, aby byla zaji\u0161t\u011bna m\u011bkkost a pohodl\u00ed pol\u0161t\u00e1\u0159e kl\u00ednov\u00e9 op\u011brky hlavy, abyste si mohli u\u017e\u00edvat intimn\u00edho st\u0159ihu, tepla a pohodl\u00ed.<\/li>\n<li><strong>MATERI\u00c1L:<\/strong> Pol\u0161t\u00e1\u0159e z\u00e1dov\u00e9 pohovky jsou vyrobeny z vysoce kvalitn\u00edch tkanin, m\u011bkk\u00fdch a \u0161etrn\u00fdch k poko\u017ece, odoln\u00fdch proti vr\u00e1sk\u00e1m a opot\u0159eben\u00ed, poskytuj\u00ed v\u00e1m p\u0159\u00edjemn\u00fd dotek a vynikaj\u00edc\u00ed prody\u0161nost, udr\u017e\u00ed v\u00e1s v suchu a pohodl\u00ed.<\/li>\n<li><strong>SNADN\u00c9 \u010cI\u0160T\u011aN\u00cd:<\/strong> Pol\u0161t\u00e1\u0159 na kl\u00ednov\u00e9m l\u016f\u017eku m\u00e1 sn\u00edmateln\u00fd a prateln\u00fd potah pro snadnou \u00fadr\u017ebu, tak\u017ee budete m\u00edt v\u017edy \u010derstv\u00e9 a uklizen\u00e9 prost\u0159ed\u00ed pro odpo\u010dinek.<\/li>\n<li><strong>Velikost:<\/strong> 60cm (60*20*50cm),80cm (80*20*50cm),100cm (100*20*50cm),120cm (120*20*50cm),140cm (140*20*50cm),160cm (160*20) *50cm), 180cm (180*20*50cm), 200cm (200*20*50cm)<\/li>\n<\/ul>","protected":false},"featured_media":4148,"comment_status":"open","ping_status":"closed","template":"","meta":[],"product_brand":[],"product_cat":[15],"product_tag":[],"class_list":{"0":"post-4160","1":"product","2":"type-product","3":"status-publish","4":"has-post-thumbnail","6":"product_cat-large-wedge-pillow","8":"first","9":"instock","10":"shipping-taxable","11":"purchasable","12":"product-type-variable","13":"has-default-attributes"},"_links":{"self":[{"href":"https:\/\/www.largepillow.com\/cs\/wp-json\/wp\/v2\/product\/4160","targetHints":{"allow":["GET"]}}],"collection":[{"href":"https:\/\/www.largepillow.com\/cs\/wp-json\/wp\/v2\/product"}],"about":[{"href":"https:\/\/www.largepillow.com\/cs\/wp-json\/wp\/v2\/types\/product"}],"replies":[{"embeddable":true,"href":"https:\/\/www.largepillow.com\/cs\/wp-json\/wp\/v2\/comments?post=4160"}],"wp:featuredmedia":[{"embeddable":true,"href":"https:\/\/www.largepillow.com\/cs\/wp-json\/wp\/v2\/media\/4148"}],"wp:attachment":[{"href":"https:\/\/www.largepillow.com\/cs\/wp-json\/wp\/v2\/media?parent=4160"}],"wp:term":[{"taxonomy":"product_brand","embeddable":true,"href":"https:\/\/www.largepillow.com\/cs\/wp-json\/wp\/v2\/product_brand?post=4160"},{"taxonomy":"product_cat","embeddable":true,"href":"https:\/\/www.largepillow.com\/cs\/wp-json\/wp\/v2\/product_cat?post=4160"},{"taxonomy":"product_tag","embeddable":true,"href":"https:\/\/www.largepillow.com\/cs\/wp-json\/wp\/v2\/product_tag?post=4160"}],"curies":[{"name":"wp","href":"https:\/\/api.w.org\/{rel}","templated":true}]}}