{"id":4182,"date":"2024-09-12T03:55:25","date_gmt":"2024-09-12T03:55:25","guid":{"rendered":"https:\/\/www.largepillow.com\/product\/triangular-headboard-pillow-for-sleeping-with-side-pocket"},"modified":"2024-10-03T16:31:33","modified_gmt":"2024-10-03T16:31:33","slug":"trojuhelnikovy-hlavovy-polstar-na-spani-s-bocni-kapsou","status":"publish","type":"product","link":"https:\/\/www.largepillow.com\/cs\/product\/triangular-headboard-pillow-for-sleeping-with-side-pocket","title":{"rendered":"Troj\u00faheln\u00edkov\u00fd pol\u0161t\u00e1\u0159 na span\u00ed s bo\u010dn\u00ed kapsou"},"content":{"rendered":"","protected":false},"excerpt":{"rendered":"<ul>\n<li><strong>Vysoce kvalitn\u00ed \u0159emesln\u00e9 zpracov\u00e1n\u00ed:<\/strong> Aby z\u00e1dov\u00e9 pol\u0161t\u00e1\u0159e vypadaly dokonaleji a harmoni\u010dt\u011bji, zvolila design\u00e9rka ozdobn\u00fd knofl\u00edk ve stejn\u00e9 barv\u011b jako povlak na pol\u0161t\u00e1\u0159. Povlak pol\u0161t\u00e1\u0159e je hladk\u00fd a odoln\u00fd a kl\u00ednov\u00fd pol\u0161t\u00e1\u0159 je m\u011bkk\u00fd a elastick\u00fd. Ve spodn\u00ed \u010d\u00e1sti je zip, v\u00fdpl\u0148ov\u00e1 bavlna je balena ve vrstv\u011b vycp\u00e1vky. PP bavlnu lze p\u0159idat nebo sn\u00ed\u017eit dle vlastn\u00edho pocitu b\u011bhem pou\u017e\u00edv\u00e1n\u00ed.<\/li>\n<li><strong>Materi\u00e1l:<\/strong> Poti\u0161t\u011bn\u00fd povlak na pol\u0161t\u00e1\u0159 vyroben\u00fd z bavlny 100%. V\u00fdpl\u0148 tvo\u0159\u00ed polyesterov\u00e9 vl\u00e1kno (PP bavlna). M\u011bkk\u00e9 na dotek, barven\u00e9 zp\u016fsobem \u0161etrn\u00fdm k \u017eivotn\u00edmu prost\u0159ed\u00ed, bez \u017emolkov\u00e1n\u00ed, bez vyblednut\u00ed. Jemn\u00e9 potisky l\u00e9pe zdob\u00ed vnit\u0159n\u00ed prost\u0159ed\u00ed.<\/li>\n<li><strong>Funkce:<\/strong>\u00a0Na\u0161e funk\u010dn\u00ed op\u011brn\u00e9 pol\u0161t\u00e1\u0159e mohou podep\u0159\u00edt va\u0161e z\u00e1da, kdy\u017e pracujete nebo \u010dtete, tak\u017ee se nec\u00edt\u00edte tak unaven\u00ed. Sta\u010d\u00ed si ho vz\u00edt dom\u016f a va\u0161e b\u011b\u017en\u00e9 pohovky a postele budou rafinovan\u011bj\u0161\u00ed. Nav\u00edc n\u00e1\u0161 vzorov\u00fd ply\u0161ov\u00fd pol\u0161t\u00e1\u0159 na \u010delo m\u016f\u017ee dodat sv\u011b\u017e\u00ed a stylov\u00fd vzhled vnit\u0159n\u00edm balkon\u016fm ob\u00fdvac\u00edho pokoje a venkovn\u00edm zahradn\u00edm \u017eidl\u00edm. Do bo\u010dn\u00edch kapes pol\u0161t\u00e1\u0159\u016f lze ulo\u017eit mobiln\u00ed telefony nebo jin\u00e9 v\u011bci ka\u017edodenn\u00ed pot\u0159eby.<\/li>\n<li><strong>Velikost:<\/strong> 60 cm (60*20*50cm), 140cm (140*20*50cm), 180cm (180*20*50cm)<\/li>\n<li>Upozor\u0148ujeme, \u017ee knofl\u00edky nejsou odn\u00edmateln\u00e9 a jsou pevn\u011b v\u0161it\u00e9 do j\u00e1dra pol\u0161t\u00e1\u0159e. Pod ka\u017ed\u00fdm tla\u010d\u00edtkem je otvor, kter\u00fd je z\u00e1m\u011brn\u011b ponech\u00e1n, aby se usnadnilo sejmut\u00ed povlaku pol\u0161t\u00e1\u0159e.<\/li>\n<\/ul>","protected":false},"featured_media":4169,"comment_status":"open","ping_status":"closed","template":"","meta":[],"product_brand":[],"product_cat":[15],"product_tag":[],"class_list":{"0":"post-4182","1":"product","2":"type-product","3":"status-publish","4":"has-post-thumbnail","6":"product_cat-large-wedge-pillow","8":"first","9":"instock","10":"shipping-taxable","11":"purchasable","12":"product-type-variable","13":"has-default-attributes"},"_links":{"self":[{"href":"https:\/\/www.largepillow.com\/cs\/wp-json\/wp\/v2\/product\/4182","targetHints":{"allow":["GET"]}}],"collection":[{"href":"https:\/\/www.largepillow.com\/cs\/wp-json\/wp\/v2\/product"}],"about":[{"href":"https:\/\/www.largepillow.com\/cs\/wp-json\/wp\/v2\/types\/product"}],"replies":[{"embeddable":true,"href":"https:\/\/www.largepillow.com\/cs\/wp-json\/wp\/v2\/comments?post=4182"}],"wp:featuredmedia":[{"embeddable":true,"href":"https:\/\/www.largepillow.com\/cs\/wp-json\/wp\/v2\/media\/4169"}],"wp:attachment":[{"href":"https:\/\/www.largepillow.com\/cs\/wp-json\/wp\/v2\/media?parent=4182"}],"wp:term":[{"taxonomy":"product_brand","embeddable":true,"href":"https:\/\/www.largepillow.com\/cs\/wp-json\/wp\/v2\/product_brand?post=4182"},{"taxonomy":"product_cat","embeddable":true,"href":"https:\/\/www.largepillow.com\/cs\/wp-json\/wp\/v2\/product_cat?post=4182"},{"taxonomy":"product_tag","embeddable":true,"href":"https:\/\/www.largepillow.com\/cs\/wp-json\/wp\/v2\/product_tag?post=4182"}],"curies":[{"name":"wp","href":"https:\/\/api.w.org\/{rel}","templated":true}]}}