{"id":4212,"date":"2024-09-13T00:40:09","date_gmt":"2024-09-13T00:40:09","guid":{"rendered":"https:\/\/www.largepillow.com\/product\/space-themed-backrest-cushion-for-kids-headboard-pillow-moon"},"modified":"2024-10-03T16:31:23","modified_gmt":"2024-10-03T16:31:23","slug":"polstarek-na-operadlo-s-prostorovym-motivem-pro-deti-na-hlavovy-polstar-mesic","status":"publish","type":"product","link":"https:\/\/www.largepillow.com\/cs\/product\/space-themed-backrest-cushion-for-kids-headboard-pillow-moon\/","title":{"rendered":"Pol\u0161t\u00e1\u0159 na op\u011bradlo pro d\u011bti s vesm\u00edrnou t\u00e9matikou \u2013 pol\u0161t\u00e1\u0159 na \u010delo (m\u011bs\u00edc)"},"content":{"rendered":"[zc_getpagecontent mb=&#8221;mb_aplus&#8221; apid=&#8221;90&#8243;]\n","protected":false},"excerpt":{"rendered":"<ul>\n<li><strong>Velikost produktu:<\/strong>\u00a0M\u00e1me k dispozici 3 druhy planet\u00e1rn\u00edch op\u011brn\u00fdch pol\u0161t\u00e1\u0159\u016f, kter\u00fdmi jsou Zem\u011b, M\u011bs\u00edc a Jupiter, o rozm\u011brech asi 39 x 19,6 palce, m\u016f\u017eete si vybrat vzhled sv\u00fdch obl\u00edben\u00fdch pol\u0161t\u00e1\u0159\u016f, aby odpov\u00eddal va\u0161\u00ed n\u00e1lad\u011b; Vytvo\u0159te si zasn\u011bnou a n\u00e1paditou lo\u017enici s t\u00edmto rozko\u0161n\u00fdm pol\u0161t\u00e1\u0159em pro podporu planety, kter\u00fd je navr\u017een tak, aby inspiroval va\u0161e mali\u010dk\u00e9 sny o pr\u016fzkumu vesm\u00edru.<\/li>\n<li><strong>M\u011bkk\u00e9 a pohodln\u00e9:<\/strong>\u00a0\u010ctec\u00ed pol\u0161t\u00e1\u0159 Planet je vyroben z kr\u00e1tk\u00e9 ply\u0161ov\u00e9 l\u00e1tky, m\u011bkk\u00e9 a pohodln\u00e9, nab\u00edz\u00ed hladkou, teplou a p\u0159\u00edjemnou texturu pro v\u00e1s; vnit\u0159n\u00ed materi\u00e1l je PP bavlna, m\u011bkk\u00fd a podep\u0159en\u00fd, lze jej polo\u017eit na postel nebo pohovku, poskytne v\u00e1m z\u00e1da dostatek podpory, ale tak\u00e9 zlep\u0161uje dr\u017een\u00ed t\u011bla a zm\u00edr\u0148uje mechanick\u00e9 bolesti zad.<\/li>\n<li><strong>\u017div\u00fd a \u017eiv\u00fd design:<\/strong>\u00a0N\u00e1\u0161 pol\u0161t\u00e1\u0159 \u010dela planety m\u00e1 oboustrann\u00fd ti\u0161t\u011bn\u00fd design \u00fa\u017easn\u00e9ho motivu planety galaxie vesm\u00edru vesm\u00edru. D\u011bti se mohou dozv\u011bd\u011bt o ka\u017ed\u00e9 planet\u011b pomoc\u00ed texturovan\u00fdch detail\u016f a porovn\u00e1vat jejich velikosti a p\u0159itom leno\u0161it na m\u011bkk\u00fdch pol\u0161t\u00e1\u0159\u00edch, kter\u00e9 jsou ide\u00e1ln\u00ed pro imaginativn\u00ed hru. Tyto skv\u011bl\u00e9 dekorace z vesm\u00edrn\u00e9 galaxie dodaj\u00ed va\u0161emu domovu v galaxii atmosf\u00e9ru galaktick\u00e9ho n\u00e1dechu, Vytvo\u0159te si jedine\u010dn\u00fd pokoj pro zdoben\u00ed planety astronaut\u016f. chlapci, d\u00edvky.<\/li>\n<li><strong>V\u0161estrann\u00e9 pou\u017eit\u00ed:<\/strong>\u00a03D simulovan\u00fd design pol\u0161t\u00e1\u0159\u016f na op\u011bradlech planet se vzorem Vivid s oboustrann\u00fdm tiskem, tyto pol\u0161t\u00e1\u0159e lze pou\u017e\u00edt nejen jako v\u00fdraznou dom\u00e1c\u00ed dekoraci na podlahu, lo\u017enici, pohovku, ob\u00fdvac\u00ed pokoj a n\u00e1bytek, ale tak\u00e9 jako zaj\u00edmav\u00fd pol\u0161t\u00e1\u0159 pro objet\u00ed pro va\u0161i rodinu, vylep\u0161en\u00ed vzhledu mnoha m\u00edst.<\/li>\n<li><strong>Design se skryt\u00fdm zipem:<\/strong>\u00a0Ka\u017ed\u00fd povlak na pol\u0161t\u00e1\u0159 planety je navr\u017een se skryt\u00fdm zipem, co\u017e p\u0159edstavuje bezprobl\u00e9mov\u00fd a jemn\u00fd vzhled; Krom\u011b toho umo\u017e\u0148uje vyj\u00edm\u00e1n\u00ed a vkl\u00e1d\u00e1n\u00ed pol\u0161t\u00e1\u0159\u016f pro \u010di\u0161t\u011bn\u00ed nebo v\u00fdm\u011bnu v\u00e1nku, jedn\u00e1 se o speci\u00e1ln\u00ed kouzeln\u00fd v\u00e1no\u010dn\u00ed d\u00e1rek k narozenin\u00e1m pro chlapce a d\u00edvky.<\/li>\n<\/ul>","protected":false},"featured_media":4204,"comment_status":"open","ping_status":"closed","template":"","meta":[],"product_brand":[],"product_cat":[228],"product_tag":[],"class_list":{"0":"post-4212","1":"product","2":"type-product","3":"status-publish","4":"has-post-thumbnail","6":"product_cat-cushions","8":"first","9":"instock","10":"shipping-taxable","11":"purchasable","12":"product-type-simple"},"_links":{"self":[{"href":"https:\/\/www.largepillow.com\/cs\/wp-json\/wp\/v2\/product\/4212","targetHints":{"allow":["GET"]}}],"collection":[{"href":"https:\/\/www.largepillow.com\/cs\/wp-json\/wp\/v2\/product"}],"about":[{"href":"https:\/\/www.largepillow.com\/cs\/wp-json\/wp\/v2\/types\/product"}],"replies":[{"embeddable":true,"href":"https:\/\/www.largepillow.com\/cs\/wp-json\/wp\/v2\/comments?post=4212"}],"wp:featuredmedia":[{"embeddable":true,"href":"https:\/\/www.largepillow.com\/cs\/wp-json\/wp\/v2\/media\/4204"}],"wp:attachment":[{"href":"https:\/\/www.largepillow.com\/cs\/wp-json\/wp\/v2\/media?parent=4212"}],"wp:term":[{"taxonomy":"product_brand","embeddable":true,"href":"https:\/\/www.largepillow.com\/cs\/wp-json\/wp\/v2\/product_brand?post=4212"},{"taxonomy":"product_cat","embeddable":true,"href":"https:\/\/www.largepillow.com\/cs\/wp-json\/wp\/v2\/product_cat?post=4212"},{"taxonomy":"product_tag","embeddable":true,"href":"https:\/\/www.largepillow.com\/cs\/wp-json\/wp\/v2\/product_tag?post=4212"}],"curies":[{"name":"wp","href":"https:\/\/api.w.org\/{rel}","templated":true}]}}