{"id":4365,"date":"2024-09-13T03:28:21","date_gmt":"2024-09-13T03:28:21","guid":{"rendered":"https:\/\/www.largepillow.com\/product\/large-headboard-reading-pillow-bolster-body-pillow-gray"},"modified":"2024-10-03T16:31:33","modified_gmt":"2024-10-03T16:31:33","slug":"velke-celo-polstar-na-cteni-polstar-na-telo-polstar-sedy","status":"publish","type":"product","link":"https:\/\/www.largepillow.com\/cs\/product\/large-headboard-reading-pillow-bolster-body-pillow-gray","title":{"rendered":"Velk\u00fd pol\u0161t\u00e1\u0159 na \u010dten\u00ed na \u010delo postele Pol\u0161t\u00e1\u0159 na t\u011blo \u0161ed\u00fd"},"content":{"rendered":"[zc_getpagecontent mb=&#8221;mb_aplus&#8221; apid=&#8221;60&#8243;]\n","protected":false},"excerpt":{"rendered":"<ul>\n<li>Modern\u00ed design: Navr\u017eeno s v\u0161\u00edvan\u00fdmi knofl\u00edky a pro\u0161\u00edvan\u00fdmi detaily, rolovan\u00e9 okraje tak\u00e9 dod\u00e1vaj\u00ed dal\u0161\u00ed dekorativn\u00ed n\u00e1dech. Tento nadm\u011brn\u011b velk\u00fd bedern\u00ed pol\u0161t\u00e1\u0159 s velkorysou v\u00fdpln\u00ed dod\u00e1v\u00e1 extra pohodl\u00ed a zaji\u0161\u0165uje, \u017ee budete m\u00edt tu nejlep\u0161\u00ed oporu, kdy\u017e budete sed\u011bt a relaxovat. Pou\u017e\u00edvejte samostatn\u011b jako zd\u016fraz\u0148uj\u00edc\u00ed kousek nebo kombinujte s jin\u00fdmi standardn\u00edmi poti\u0161t\u011bn\u00fdmi\/pevn\u00fdmi nebo jin\u00fdmi vy\u0161\u00edvan\u00fdmi pol\u0161t\u00e1\u0159i pro koordinovan\u00fd vzhled.<\/li>\n<li>Skv\u011bl\u00fd pol\u0161t\u00e1\u0159 na podporu zad: Tento nadm\u011brn\u011b velk\u00fd pol\u0161t\u00e1\u0159 je podp\u011brn\u011bj\u0161\u00ed ne\u017e b\u011b\u017en\u00e9 velk\u00e9 nad\u00fdchan\u00e9 pol\u0161t\u00e1\u0159e, budo\u00e1rov\u00e9 pol\u0161t\u00e1\u0159e nebo euro pol\u0161t\u00e1\u0159e a je odoln\u00fd, aby si udr\u017eel sv\u016fj tvar. Tento nadm\u011brn\u011b velk\u00fd pol\u0161t\u00e1\u0159 na \u010delo postele s velkorysou v\u00fdpln\u00ed zvy\u0161uje pohodl\u00ed a ve spojen\u00ed s m\u011bkkou matrac\u00ed v\u00e1m zajist\u00ed tu nejlep\u0161\u00ed oporu, kdy\u017e se budete op\u00edrat a relaxovat. A tento modern\u00ed velk\u00fd pol\u0161t\u00e1\u0159 na z\u00e1dovou op\u011brku vy\u0159e\u0161\u00ed i probl\u00e9m, \u017ee se va\u0161e pol\u0161t\u00e1\u0159e do postele zasouvaj\u00ed mezi matraci a \u010delo.<\/li>\n<li>V\u00edce\u00fa\u010delov\u00e9 pou\u017eit\u00ed: Pou\u017eijte tento velk\u00fd op\u011brn\u00fd pol\u0161t\u00e1\u0159 jako alternativu \u010dela nebo op\u011bradla pohovky, nebo jej um\u00edst\u011bte na lavici, abyste m\u011bli novou pohovku. Tento dlouh\u00fd pol\u0161t\u00e1\u0159 na postel lze tak\u00e9 pou\u017e\u00edt jako velk\u00fd pol\u0161t\u00e1\u0159 na t\u011blo, kter\u00fd v\u00e1m pom\u016f\u017ee dob\u0159e sp\u00e1t. Tento \u010daloun\u011bn\u00fd pol\u0161t\u00e1\u0159 na \u010delo je tak n\u00e1dhern\u00fd, m\u00e1 vynikaj\u00edc\u00ed kvalitu a je super pohodln\u00fd, aby se o n\u011bj mohl op\u0159\u00edt. Z\u00e1rove\u0148 se dob\u0159e hod\u00ed k r\u016fzn\u00fdm styl\u016fm bytov\u00fdch dekorac\u00ed a dod\u00e1v\u00e1 lo\u017enici h\u0159ejiv\u00fd a \u00fatuln\u00fd pocit.<\/li>\n<li>Vynikaj\u00edc\u00ed \u0159emesln\u00e9 zpracov\u00e1n\u00ed: 100% Polyesterov\u00fd \u0159emesln\u00fd pol\u0161t\u00e1\u0159 s dlouh\u00fdm prohozem je ultra m\u011bkk\u00fd a pohodln\u00fd pro va\u0161i poko\u017eku. Tradi\u010dn\u00ed pol\u0161t\u00e1\u0159e maj\u00ed tendenci se \u010dasem proh\u00fdbat, ale tento pol\u0161t\u00e1\u0159 na \u010dten\u00ed m\u00e1 v\u0161\u00edvan\u00e9 knofl\u00edky, kter\u00e9 nejen\u017ee poskytuj\u00ed modern\u00ed styl, ale tak\u00e9 dr\u017e\u00ed v\u00fdpl\u0148. m\u00edsto pro trvanlivost. Patchworkov\u00e9 pro\u0161\u00edv\u00e1n\u00ed a lemovan\u00e9 okraje tak\u00e9 p\u0159id\u00e1vaj\u00ed dal\u0161\u00ed dekoraci.<\/li>\n<li>Pokyny pro p\u00e9\u010di o povlaky na pol\u0161t\u00e1\u0159e: Povlaky na pol\u0161t\u00e1\u0159e jsou sn\u00edmateln\u00e9, neblednou ani net\u0159ep\u00ed, snadno se udr\u017euj\u00ed a lze je pr\u00e1t v pra\u010dce d\u00edky designu v\u0161\u00edvan\u00fdch knofl\u00edk\u016f a neviditeln\u00e9mu zipu.<\/li>\n<\/ul>","protected":false},"featured_media":4347,"comment_status":"open","ping_status":"closed","template":"","meta":[],"product_brand":[],"product_cat":[28],"product_tag":[],"class_list":{"0":"post-4365","1":"product","2":"type-product","3":"status-publish","4":"has-post-thumbnail","6":"product_cat-large-body-pillow","8":"first","9":"instock","10":"shipping-taxable","11":"purchasable","12":"product-type-variable","13":"has-default-attributes"},"_links":{"self":[{"href":"https:\/\/www.largepillow.com\/cs\/wp-json\/wp\/v2\/product\/4365","targetHints":{"allow":["GET"]}}],"collection":[{"href":"https:\/\/www.largepillow.com\/cs\/wp-json\/wp\/v2\/product"}],"about":[{"href":"https:\/\/www.largepillow.com\/cs\/wp-json\/wp\/v2\/types\/product"}],"replies":[{"embeddable":true,"href":"https:\/\/www.largepillow.com\/cs\/wp-json\/wp\/v2\/comments?post=4365"}],"wp:featuredmedia":[{"embeddable":true,"href":"https:\/\/www.largepillow.com\/cs\/wp-json\/wp\/v2\/media\/4347"}],"wp:attachment":[{"href":"https:\/\/www.largepillow.com\/cs\/wp-json\/wp\/v2\/media?parent=4365"}],"wp:term":[{"taxonomy":"product_brand","embeddable":true,"href":"https:\/\/www.largepillow.com\/cs\/wp-json\/wp\/v2\/product_brand?post=4365"},{"taxonomy":"product_cat","embeddable":true,"href":"https:\/\/www.largepillow.com\/cs\/wp-json\/wp\/v2\/product_cat?post=4365"},{"taxonomy":"product_tag","embeddable":true,"href":"https:\/\/www.largepillow.com\/cs\/wp-json\/wp\/v2\/product_tag?post=4365"}],"curies":[{"name":"wp","href":"https:\/\/api.w.org\/{rel}","templated":true}]}}