{"id":4391,"date":"2024-09-13T04:14:15","date_gmt":"2024-09-13T04:14:15","guid":{"rendered":"https:\/\/www.largepillow.com\/product\/giant-dog-beds-for-adult-humans-large-floor-bed-mattress"},"modified":"2024-10-03T16:31:23","modified_gmt":"2024-10-03T16:31:23","slug":"obri-psi-postele-pro-dospele-lidi-velka-matrace-na-podlaze","status":"publish","type":"product","link":"https:\/\/www.largepillow.com\/cs\/product\/giant-dog-beds-for-adult-humans-large-floor-bed-mattress\/","title":{"rendered":"Ob\u0159\u00ed pel\u00ed\u0161ky pro dosp\u011bl\u00e9 lidi Matrace na velk\u00e9 podlaze"},"content":{"rendered":"[zc_getpagecontent mb=&#8221;mb_aplus&#8221; apid=&#8221;41&#8243;]\n","protected":false},"excerpt":{"rendered":"<ul>\n<li><strong>Maxim\u00e1ln\u00ed relaxace<\/strong>: P\u0159ipravte se na odpo\u010dinek v maxim\u00e1ln\u00edm pohodl\u00ed s na\u0161\u00edm pel\u00ed\u0161kem pro lidsk\u00e9 psy \u2013 perfektn\u00edm m\u00edstem k odpo\u010dinku se sv\u00fdm chlupat\u00fdm nejlep\u0161\u00edm p\u0159\u00edtelem! D\u00edky sv\u00e9mu prostorn\u00e9mu designu a p\u0159\u00edjemn\u00fdm materi\u00e1l\u016fm u\u017e nikdy nebudete cht\u00edt odej\u00edt.<\/li>\n<li><strong>Extr\u00e9mn\u011b bezpe\u010dn\u00e9<\/strong>: N\u00e1\u0161 pel\u00ed\u0161ek pro psy lidsk\u00e9 velikosti je vyroben s jedine\u010dn\u00fdm designem se stahovac\u00ed \u0161\u0148\u016frkou, kter\u00fd v\u00e1m a va\u0161emu chlupat\u00e9mu p\u0159\u00edteli poskytuje jedine\u010dn\u00fd pocit bezpe\u010d\u00ed a pohodl\u00ed. P\u0159itulte se k sob\u011b a za\u017eijte pocit, jako byste byli obklopeni h\u0159ejiv\u00fdm, \u00fatuln\u00fdm objet\u00edm \u2013 podobn\u011b jako ten uklid\u0148uj\u00edc\u00ed pocit spo\u010d\u00edvaj\u00edc\u00ed v mat\u010din\u011b n\u00e1ru\u010di.<\/li>\n<li><strong>Pohodln\u00e9 a snadno se \u010dist\u00ed<\/strong>: Tento pel\u00ed\u0161ek pro \u010dlov\u011bka je vyroben z m\u011bkk\u00e9 sametov\u00e9 l\u00e1tky, snadno se \u010dist\u00ed i chlupy dom\u00e1c\u00edch mazl\u00ed\u010dk\u016f. V\u00fdpl\u0148 z pr\u00e9miov\u00fdch polyesterov\u00fdch vl\u00e1ken poskytuje va\u0161emu mazl\u00ed\u010dkovi tu spr\u00e1vnou podporu p\u0159i odpo\u010dinku a nab\u00edjen\u00ed. A\u0165 u\u017e d\u0159\u00edmaj\u00ed nebo hledaj\u00ed \u00fatuln\u00e9 m\u00edsto, kde by se mohli zachumlat, tato post\u00fdlka je ide\u00e1ln\u00ed pro v\u00e1s a va\u0161eho mazl\u00ed\u010dka.<\/li>\n<li><strong>Pohodln\u00e9 do obchodu<\/strong>: N\u00e1\u0161 obrovsk\u00fd pel\u00ed\u0161ek pro dom\u00e1c\u00ed mazl\u00ed\u010dky je navr\u017een pro maxim\u00e1ln\u00ed pohodl\u00ed d\u00edky odn\u00edmateln\u00e9 funkci. Hlavn\u00ed matraci a stahovac\u00ed plot lze snadno spojit pomoc\u00ed vysoce kvalitn\u00edch zip\u016f, co\u017e umo\u017e\u0148uje rychlou a snadnou mont\u00e1\u017e. Kdy\u017e se nepou\u017e\u00edv\u00e1, jednodu\u0161e odd\u011blte dv\u011b \u010d\u00e1sti a srolujte postel pro kompaktn\u00ed skladov\u00e1n\u00ed. Upozor\u0148ujeme, \u017ee deka na obr\u00e1zku nen\u00ed sou\u010d\u00e1st\u00ed balen\u00ed.<\/li>\n<li><strong>Ide\u00e1ln\u00ed do\u010dasn\u00e1 matrace do postele<\/strong>: N\u00e1\u0161 pel\u00ed\u0161ek pro \u010dlov\u011bka je nejen \u00fatuln\u00fdm m\u00edstem pro odpo\u010dinek va\u0161eho chlupat\u00e9ho p\u0159\u00edtele, ale je tak\u00e9 dokonalou n\u00e1hradou tradi\u010dn\u00edch nafukovac\u00edch nafukovac\u00edch matrac\u00ed. Na rozd\u00edl od t\u011bchto t\u011b\u017ekop\u00e1dn\u00fdch nafukovac\u00edch postel\u00ed nab\u00edz\u00ed tento pel\u00ed\u0161ek pro dom\u00e1c\u00ed mazl\u00ed\u010dky ply\u0161ovou a pohodlnou v\u00fdpl\u0148, kter\u00e1 zajist\u00ed va\u0161emu mazl\u00ed\u010dkovi odpo\u010dinek, kter\u00fd pot\u0159ebuje. Je to skv\u011bl\u00e9, kdy\u017e kempujete, cestujete nebo prost\u011b pot\u0159ebujete do\u010dasn\u00e9 \u0159e\u0161en\u00ed pro pohodl\u00ed va\u0161eho mazl\u00ed\u010dka.<\/li>\n<\/ul>","protected":false},"featured_media":4372,"comment_status":"open","ping_status":"closed","template":"","meta":[],"product_brand":[],"product_cat":[228],"product_tag":[],"class_list":{"0":"post-4391","1":"product","2":"type-product","3":"status-publish","4":"has-post-thumbnail","6":"product_cat-cushions","8":"first","9":"outofstock","10":"shipping-taxable","11":"purchasable","12":"product-type-simple"},"_links":{"self":[{"href":"https:\/\/www.largepillow.com\/cs\/wp-json\/wp\/v2\/product\/4391","targetHints":{"allow":["GET"]}}],"collection":[{"href":"https:\/\/www.largepillow.com\/cs\/wp-json\/wp\/v2\/product"}],"about":[{"href":"https:\/\/www.largepillow.com\/cs\/wp-json\/wp\/v2\/types\/product"}],"replies":[{"embeddable":true,"href":"https:\/\/www.largepillow.com\/cs\/wp-json\/wp\/v2\/comments?post=4391"}],"wp:featuredmedia":[{"embeddable":true,"href":"https:\/\/www.largepillow.com\/cs\/wp-json\/wp\/v2\/media\/4372"}],"wp:attachment":[{"href":"https:\/\/www.largepillow.com\/cs\/wp-json\/wp\/v2\/media?parent=4391"}],"wp:term":[{"taxonomy":"product_brand","embeddable":true,"href":"https:\/\/www.largepillow.com\/cs\/wp-json\/wp\/v2\/product_brand?post=4391"},{"taxonomy":"product_cat","embeddable":true,"href":"https:\/\/www.largepillow.com\/cs\/wp-json\/wp\/v2\/product_cat?post=4391"},{"taxonomy":"product_tag","embeddable":true,"href":"https:\/\/www.largepillow.com\/cs\/wp-json\/wp\/v2\/product_tag?post=4391"}],"curies":[{"name":"wp","href":"https:\/\/api.w.org\/{rel}","templated":true}]}}