{"id":459,"date":"2022-09-16T02:19:51","date_gmt":"2022-09-16T02:19:51","guid":{"rendered":"https:\/\/www.largepillow.com\/product\/large-bolster-cushion"},"modified":"2025-11-05T02:15:31","modified_gmt":"2025-11-05T02:15:31","slug":"postel-podhlavnik","status":"publish","type":"product","link":"https:\/\/www.largepillow.com\/cs\/product\/bed-bolster","title":{"rendered":"Postel podlo\u017eka"},"content":{"rendered":"<p>Objevte dokonal\u00e9 pohodl\u00ed s podlo\u017ekou postele: V\u00e1\u0161 dokonal\u00fd v\u00edce\u00fa\u010delov\u00fd pol\u0161t\u00e1\u0159<\/p>\n<p>V dne\u0161n\u00edm usp\u011bchan\u00e9m sv\u011bt\u011b nebyla relaxace a pohodl\u00ed domova nikdy d\u016fle\u017eit\u011bj\u0161\u00ed. A\u0165 u\u017e jste knihomol, no\u010dn\u00ed sova pracuj\u00edc\u00ed do pozdn\u00edch hodin nebo n\u011bkdo, kdo se r\u00e1d v posteli d\u00edv\u00e1 na sv\u016fj obl\u00edben\u00fd seri\u00e1l, Bed Bolster je tu, aby zm\u011bnil v\u00e1\u0161 z\u00e1\u017eitek. Tento pol\u0161t\u00e1\u0159 na \u010delo postele se sv\u00fdm inovativn\u00edm designem a multifunk\u010dn\u00edm vyu\u017eit\u00edm zaji\u0161\u0165uje, \u017ee pohodl\u00ed nen\u00ed nikdy ohro\u017eeno. Poj\u010fme se pono\u0159it do toho, co d\u011bl\u00e1 Bed Bolster nutnost\u00ed v ka\u017ed\u00e9 modern\u00ed dom\u00e1cnosti.<\/p>\n<p>Maxim\u00e1ln\u00ed pohodl\u00ed s troj\u00faheln\u00edkov\u00fdm tvarem<\/p>\n<p>Bed Bolster, navr\u017een\u00fd s ohledem na va\u0161e maxim\u00e1ln\u00ed pohodl\u00ed, nen\u00ed jen tak oby\u010dejn\u00fd pol\u0161t\u00e1\u0159. Jeho jedine\u010dn\u00fd troj\u00faheln\u00edkov\u00fd tvar je speci\u00e1ln\u011b navr\u017een tak, aby perfektn\u011b sed\u011bl va\u0161im z\u00e1d\u016fm a pasu, poskytoval bezkonkuren\u010dn\u00ed podporu a \u00fa\u010dinn\u011b sni\u017eoval bedern\u00ed a protitlak. Tento extra velk\u00fd podhlavn\u00edk je p\u0159izp\u016fsoben\u00fd pro dv\u011b osoby, tak\u017ee je jedin\u00fdm kl\u00ednov\u00fdm pol\u0161t\u00e1\u0159em na \u010delo, kter\u00fd budete pot\u0159ebovat pro relaxaci bez nap\u011bt\u00ed na posteli nebo pohovce.<\/p>\n<p>V\u0161estrannost v cel\u00e9 sv\u00e9 kr\u00e1se: Velk\u00fd pol\u0161t\u00e1\u0159 na pol\u0161t\u00e1\u0159 3 v 1<\/p>\n<p>Bed Bolster nov\u011b definuje v\u0161estrannost. Pou\u017e\u00edvejte jej ve vzp\u0159\u00edmen\u00e9 poloze jako op\u011brn\u00fd pol\u0161t\u00e1\u0159 pro \u010delo, kdy\u017e sed\u00edte v posteli, polo\u017ete jej naplocho jako velk\u00fd kl\u00ednov\u00fd pol\u0161t\u00e1\u0159 na span\u00ed na z\u00e1dech nebo na boku, nebo dokonce jako pol\u0161t\u00e1\u0159 na nohy pro zvednut\u00ed nohou pro zlep\u0161en\u00ed krevn\u00edho ob\u011bhu. Je to perfektn\u00ed volba pro p\u00e1ry, kter\u00e9 hledaj\u00ed velk\u00fd pol\u0161t\u00e1\u0159 na \u010delo, kter\u00fd poskytuje podporu a pohodl\u00ed ob\u011bma jednotlivc\u016fm sou\u010dasn\u011b.<\/p>\n<p>Multifunk\u010dn\u00ed design pro ka\u017edou pot\u0159ebu<\/p>\n<p>Bed Bolster slou\u017e\u00ed nejen jako pol\u0161t\u00e1\u0159 na \u010delo postele, ale tak\u00e9 jako pol\u0161t\u00e1\u0159 na n\u00e1razn\u00edk a stylov\u00fd pol\u0161t\u00e1\u0159 na pohovku nebo v\u00e1lendu. Jeho multifunk\u010dn\u00ed design zaji\u0161\u0165uje, \u017ee se bez probl\u00e9m\u016f hod\u00ed do ka\u017ed\u00e9 lo\u017enice nebo obytn\u00e9ho prostoru a p\u0159id\u00e1v\u00e1 funk\u010dnost i styl.<\/p>\n<p>\u0158emesln\u00e9 zpracov\u00e1n\u00ed, kter\u00e9 mluv\u00ed za v\u0161e<\/p>\n<p>Bed Bolster se m\u016f\u017ee pochlubit vynikaj\u00edc\u00edm \u0159emesln\u00fdm zpracov\u00e1n\u00edm s polyesterov\u00fdm sametov\u00fdm povlakem na pol\u0161t\u00e1\u0159 100% \u2013 m\u011bkk\u00fd, elegantn\u00ed a p\u0159\u00edjemn\u00fd na dotek. Vypln\u011bn\u00fd vysoce hust\u00fdmi, vysoce kvalitn\u00edmi polyesterov\u00fdmi vl\u00e1kny, slibuje odolnost a pohodl\u00ed bez proh\u00fdb\u00e1n\u00ed i po rozs\u00e1hl\u00e9m pou\u017e\u00edv\u00e1n\u00ed. Praktick\u00e9 bo\u010dn\u00ed kapsy nav\u00edc nab\u00edzej\u00ed praktick\u00e9 m\u00edsto pro ulo\u017een\u00ed knihy nebo telefonu, tak\u017ee nezbytnosti budete m\u00edt na dosah.<\/p>\n<p>Bezprobl\u00e9mov\u00e1 \u00fadr\u017eba<\/p>\n<p>Udr\u017eov\u00e1n\u00ed postele Bed Bolster v \u010distot\u011b je tak snadn\u00e9, jak jen to jde. Povlak pol\u0161t\u00e1\u0159e na \u010dten\u00ed, vybaven\u00fd jednoduch\u00fdm zipem, lze bez n\u00e1mahy sundat a pr\u00e1t v pra\u010dce, tak\u017ee v\u00e1\u0161 pol\u0161t\u00e1\u0159 z\u016fstane v\u017edy sv\u011b\u017e\u00ed a p\u0159\u00edjemn\u00fd.<\/p>\n<p>P\u0159izp\u016fsobeno va\u0161emu prostoru<\/p>\n<p>S velikost\u00ed v rozmez\u00ed od 45 cm do 200 cm na d\u00e9lku a vybaven\u00fd a\u017e 7 tla\u010d\u00edtky pro snadn\u00e9 nastaven\u00ed a podporu je podlo\u017eka postele navr\u017eena tak, aby se perfektn\u011b ve\u0161la do jak\u00e9hokoli prostoru. Vyberte si velikost, kter\u00e1 nejl\u00e9pe vyhovuje va\u0161im pot\u0159eb\u00e1m a u\u017eijte si vlastn\u00ed pocit pohodl\u00ed a podpory.<\/p>\n<p>Co \u0159\u00edkaj\u00ed z\u00e1kazn\u00edci<\/p>\n<p>Z koment\u00e1\u0159\u016f ke zbo\u017e\u00ed je z\u0159ejm\u00e9, \u017ee z\u00e1kazn\u00edci jsou z n\u00e1kupu nad\u0161eni. Mnoz\u00ed vyzdvihuj\u00ed \u201etroj\u00faheln\u00edkov\u00fd podp\u016frn\u00fd pol\u0161t\u00e1\u0159\u201c pro jeho v\u00fdjime\u010dn\u00e9 pohodl\u00ed a podporu, zat\u00edmco jin\u00ed chv\u00e1l\u00ed \u201esamet\u201c pro jeho m\u011bkkost a luxusn\u00ed pocit. Barva \u201ek\u00e1va\u201c se zd\u00e1 b\u00fdt mezi kupuj\u00edc\u00edmi obl\u00edben\u00e1 a dod\u00e1v\u00e1 ka\u017ed\u00e9 m\u00edstnosti n\u00e1dech elegance.<\/p>\n<p>Zabalit se<\/p>\n<p>Bed Bolster je v\u00edc ne\u017e jen pol\u0161t\u00e1\u0159; je to zm\u011bna hry, pokud jde o zlep\u0161en\u00ed va\u0161\u00ed relaxace a pohodl\u00ed doma. Jeho multifunk\u010dn\u00ed design, v\u00fdjime\u010dn\u00e9 \u0159emesln\u00e9 zpracov\u00e1n\u00ed a snadn\u00e1 \u00fadr\u017eba z n\u011bj \u010din\u00ed v\u00fdjime\u010dn\u00fd produkt. Bed Bolster slibuje, \u017ee bude va\u0161\u00edm dokonal\u00fdm spole\u010dn\u00edkem, a\u0165 u\u017e jde o \u010dten\u00ed, pr\u00e1ci nebo jen odpo\u010dinek po dlouh\u00e9m dni. Neberte n\u00e1s za slovo; vyzkou\u0161ejte a za\u017eijte maxim\u00e1ln\u00ed pohodl\u00ed na vlastn\u00ed k\u016f\u017ei!<\/p>","protected":false},"excerpt":{"rendered":"<ul>\n<li><strong>Maxim\u00e1ln\u00ed pohodl\u00ed:<\/strong> Tento pol\u0161t\u00e1\u0159 na \u010delo nab\u00edz\u00ed vynikaj\u00edc\u00ed pohodl\u00ed d\u00edky sv\u00e9mu troj\u00faheln\u00edkov\u00e9mu tvaru. Op\u011brn\u00fd pol\u0161t\u00e1\u0159 l\u016f\u017eka p\u011bkn\u011b sed\u00ed na z\u00e1dech a pasu a minimalizuje bedern\u00ed \/ protitlak. Tento pol\u0161t\u00e1\u0159 na \u010dten\u00ed v\u00e1m pom\u016f\u017ee z\u016fstat bez nap\u011bt\u00ed v posteli nebo pohovce, co\u017e je ide\u00e1ln\u00ed pro pr\u00e1ci no\u010dn\u00edch sov, knihomol\u016f a sledov\u00e1n\u00ed televize v posteli. Tento extra velk\u00fd podhlavn\u00edk je jedin\u00fd kl\u00ednov\u00fd pol\u0161t\u00e1\u0159 na \u010delo, kter\u00fd pojme dv\u011b osoby.<\/li>\n<li><strong>Velk\u00fd podhlavn\u00edk 3 v 1:<\/strong> Pol\u0161t\u00e1\u0159 m\u016f\u017eete pou\u017e\u00edt ve vzp\u0159\u00edmen\u00e9 poloze jako op\u011brn\u00fd pol\u0161t\u00e1\u0159 na \u010delo p\u0159i sezen\u00ed v posteli nebo jej polo\u017eit na postel a pou\u017e\u00edt jako velk\u00fd kl\u00ednov\u00fd pol\u0161t\u00e1\u0159 p\u0159i sp\u00e1nku na z\u00e1dech nebo na boku nebo jako pol\u0161t\u00e1\u0159 na nohy pro zvednut\u00ed nohou. Pokud chcete velk\u00fd pol\u0161t\u00e1\u0159 na \u010delo, kter\u00fd poskytuje oporu v\u00e1m i va\u0161emu man\u017eelovi. Je to vynikaj\u00edc\u00ed alternativa.<\/li>\n<li><strong>Multifunk\u010dn\u00ed design:<\/strong> N\u011bkte\u0159\u00ed lid\u00e9 pou\u017e\u00edvaj\u00ed velk\u00fd troj\u00faheln\u00edkov\u00fd pol\u0161t\u00e1\u0159 jako pol\u0161t\u00e1\u0159 na \u010delo, zat\u00edmco jin\u00ed ho pou\u017e\u00edvaj\u00ed jako pol\u0161t\u00e1\u0159 na n\u00e1razn\u00edk, m\u016f\u017ee to b\u00fdt tak\u00e9 pol\u0161t\u00e1\u0159 na pohovku nebo v\u00e1lendu. Je stylov\u00fd a z\u00e1rove\u0148 funk\u010dn\u00ed, tak\u017ee je skv\u011bl\u00fdm dopl\u0148kem ka\u017ed\u00e9 lo\u017enice.<\/li>\n<li><strong>\u0160pi\u010dkov\u00e9 \u0159emesln\u00e9 zpracov\u00e1n\u00ed:<\/strong> N\u00e1\u0161 povlak na pol\u0161t\u00e1\u0159 je vyroben z polyesterov\u00e9ho sametu 100%, kter\u00fd je m\u011bkk\u00fd, elegantn\u00ed a p\u0159\u00edjemn\u00fd na dotek. Polstrov\u00e1n\u00ed je vyrobeno z vysoce hust\u00fdch, vysoce kvalitn\u00edch polyesterov\u00fdch vl\u00e1ken, kter\u00e9 zabra\u0148uj\u00ed proh\u00fdb\u00e1n\u00ed i po m\u011bs\u00edc\u00edch pou\u017e\u00edv\u00e1n\u00ed. Nav\u00edc m\u00e1 postrann\u00ed kapsy pro va\u0161i knihu nebo telefon.<\/li>\n<li><strong>Snadno se \u010dist\u00ed:<\/strong> Povlak na pol\u0161t\u00e1\u0159 na \u010dten\u00ed se k pol\u0161t\u00e1\u0159i p\u0159ipev\u0148uje pomoc\u00ed knofl\u00edk\u016f a lze jej snadno sejmout pomoc\u00ed jednoduch\u00e9ho zipu. D\u00edky tomu je jeho \u010di\u0161t\u011bn\u00ed bezprobl\u00e9mov\u00e9. Sta\u010d\u00ed sundat potah a rychle vyprat v pra\u010dce, aby v\u00e1\u0161 pol\u0161t\u00e1\u0159 vypadal jako nov\u00fd.<\/li>\n<li><strong>Velikost:<\/strong> 45 cm (D45 x \u016020 x V50 | 0 tla\u010d\u00edtek), 60 cm (D60 x \u016020 x V50 | 0 tla\u010d\u00edtek), 80 cm (D80 x \u016020 x V50 | 2 tla\u010d\u00edtka), 100 cm (D100 x \u016020 x V50 | 3 tla\u010d\u00edtka), 120 cm ( D120 x \u016020 x V50 | 4 tla\u010d\u00edtka), 140 cm (D140 x \u016020 x V50 | 4 tla\u010d\u00edtka), 160 cm (D160 x \u016020 x V50 | 5 tla\u010d\u00edtek), 180 cm (D180 x \u016020 x V50 | 6 tla\u010d\u00edtek), 200 cm (L200 x \u016020 x V50 | 7 tla\u010d\u00edtek).<\/li>\n<\/ul>","protected":false},"featured_media":442,"comment_status":"open","ping_status":"closed","template":"","meta":[],"product_brand":[],"product_cat":[15],"product_tag":[66,210,206,102,75,168,132,163,143,59,120,65],"class_list":{"0":"post-459","1":"product","2":"type-product","3":"status-publish","4":"has-post-thumbnail","6":"product_cat-large-wedge-pillow","7":"product_tag-back-support-pillow","8":"product_tag-bed-bolster","9":"product_tag-bumper-pillow","10":"product_tag-couch-pillow","11":"product_tag-daybed-pillow","12":"product_tag-headboard-pillow","13":"product_tag-large-bolster-pillow","14":"product_tag-leg-pillow","15":"product_tag-multifunctional-pillow","16":"product_tag-reading-pillow","17":"product_tag-velvet-pillow","18":"product_tag-wedge-pillow","20":"first","21":"instock","22":"shipping-taxable","23":"purchasable","24":"product-type-variable"},"_links":{"self":[{"href":"https:\/\/www.largepillow.com\/cs\/wp-json\/wp\/v2\/product\/459","targetHints":{"allow":["GET"]}}],"collection":[{"href":"https:\/\/www.largepillow.com\/cs\/wp-json\/wp\/v2\/product"}],"about":[{"href":"https:\/\/www.largepillow.com\/cs\/wp-json\/wp\/v2\/types\/product"}],"replies":[{"embeddable":true,"href":"https:\/\/www.largepillow.com\/cs\/wp-json\/wp\/v2\/comments?post=459"}],"wp:featuredmedia":[{"embeddable":true,"href":"https:\/\/www.largepillow.com\/cs\/wp-json\/wp\/v2\/media\/442"}],"wp:attachment":[{"href":"https:\/\/www.largepillow.com\/cs\/wp-json\/wp\/v2\/media?parent=459"}],"wp:term":[{"taxonomy":"product_brand","embeddable":true,"href":"https:\/\/www.largepillow.com\/cs\/wp-json\/wp\/v2\/product_brand?post=459"},{"taxonomy":"product_cat","embeddable":true,"href":"https:\/\/www.largepillow.com\/cs\/wp-json\/wp\/v2\/product_cat?post=459"},{"taxonomy":"product_tag","embeddable":true,"href":"https:\/\/www.largepillow.com\/cs\/wp-json\/wp\/v2\/product_tag?post=459"}],"curies":[{"name":"wp","href":"https:\/\/api.w.org\/{rel}","templated":true}]}}