{"id":512,"date":"2022-09-16T02:23:30","date_gmt":"2022-09-16T02:23:30","guid":{"rendered":"https:\/\/www.largepillow.com\/product\/large-bed-pillow"},"modified":"2025-11-05T02:15:31","modified_gmt":"2025-11-05T02:15:31","slug":"velka-postel-klin-polstar","status":"publish","type":"product","link":"https:\/\/www.largepillow.com\/cs\/product\/large-bed-wedge-pillow","title":{"rendered":"Velk\u00fd pol\u0161t\u00e1\u0159 na kl\u00edn do postele"},"content":{"rendered":"<p>\u0158e\u0161en\u00ed maxim\u00e1ln\u00edho pohodl\u00ed: N\u00e1\u0161 velk\u00fd pol\u0161t\u00e1\u0159 na kl\u00edn do postele<\/p>\n<p>Dop\u0159ejte si nesrovnateln\u00e9 pohodl\u00ed s na\u0161\u00edm revolu\u010dn\u00edm velk\u00fdm pol\u0161t\u00e1\u0159em na kl\u00ednu do postele, kter\u00fd je navr\u017een tak, aby poskytoval maxim\u00e1ln\u00ed podporu a relaxaci pro ka\u017edou va\u0161i pot\u0159ebu. Jeho troj\u00faheln\u00edkov\u00fd tvar se dokonale p\u0159izp\u016fsob\u00ed va\u0161im z\u00e1d\u016fm a pasu, zm\u00edr\u0148uje bedern\u00ed a protitlak, zaji\u0161\u0165uje bla\u017een\u00fd sp\u00e1nek nebo p\u0159\u00edjemn\u00e9 \u010dten\u00ed.<\/p>\n<p>V\u0161estrann\u00fd pol\u0161t\u00e1\u0159 3 v 1 pro maxim\u00e1ln\u00ed pohodl\u00ed<\/p>\n<p>Tento v\u0161estrann\u00fd pol\u0161t\u00e1\u0159 nab\u00edz\u00ed nekone\u010dn\u00e9 mo\u017enosti: pou\u017eijte jej vzp\u0159\u00edmen\u011b jako podp\u011bru \u010dela pro pohodln\u00e9 sezen\u00ed v posteli, polo\u017ete jej naplocho jako velk\u00fd kl\u00ednov\u00fd pol\u0161t\u00e1\u0159 na span\u00ed na boku nebo na z\u00e1dech nebo zvedn\u011bte nohy pomoc\u00ed na\u0161eho ergonomick\u00e9ho pol\u0161t\u00e1\u0159e na nohy. A\u0165 u\u017e jste v\u00e1\u0161niv\u00fd \u010dten\u00e1\u0159, no\u010dn\u00ed sova nebo si prost\u011b jen u\u017e\u00edv\u00e1te relax v posteli, tento pol\u0161t\u00e1\u0159 je dokonal\u00fdm spole\u010dn\u00edkem.<\/p>\n<p>V\u00fdjime\u010dn\u00e9 \u0159emesln\u00e9 zpracov\u00e1n\u00ed pro bezkonkuren\u010dn\u00ed pohodl\u00ed<\/p>\n<p>N\u00e1\u0161 ultra m\u011bkk\u00fd a ply\u0161ov\u00fd povlak na pol\u0161t\u00e1\u0159 je vyroben z polyesterov\u00e9ho sametu 100%, kter\u00fd poskytuje elegantn\u00ed a p\u0159\u00edjemn\u00fd dotek. Polstrov\u00e1n\u00ed z polyesterov\u00fdch vl\u00e1ken s vysokou hustotou zaji\u0161\u0165uje optim\u00e1ln\u00ed podporu a zabra\u0148uje proh\u00fdb\u00e1n\u00ed, d\u00edky \u010demu\u017e je tento pol\u0161t\u00e1\u0159 dlouhodobou investic\u00ed do va\u0161eho pohodl\u00ed. Nav\u00edc praktick\u00e9 bo\u010dn\u00ed kapsy udr\u017e\u00ed va\u0161i knihu nebo telefon na dosah ruky.<\/p>\n<p>Snadn\u00e1 \u00fadr\u017eba pro trvalou sv\u011b\u017eest<\/p>\n<p>\u00dadr\u017eba pol\u0161t\u00e1\u0159e nem\u016f\u017ee b\u00fdt jednodu\u0161\u0161\u00ed. Odn\u00edmateln\u00fd povlak na pol\u0161t\u00e1\u0159 je vybaven jednoduch\u00fdm uchycen\u00edm na zip a knofl\u00edk, co\u017e v\u00e1m umo\u017en\u00ed jej bez n\u00e1mahy vyprat v pra\u010dce a zachovat jeho vzhled.<\/p>\n<p>Ohlasy z\u00e1kazn\u00edk\u016f mluv\u00ed za v\u0161e<\/p>\n<p>\u201eTento pol\u0161t\u00e1\u0159 m\u011bn\u00ed hru! Poskytuje \u00fa\u017easnou oporu pro m\u00e9 spodn\u00ed \u010d\u00e1sti zad a \u010dten\u00ed v posteli je tak mnohem p\u0159\u00edjemn\u011bj\u0161\u00ed.\u201c \u2013 Spokojen\u00fd z\u00e1kazn\u00edk<\/p>\n<p>\u201eL\u00edb\u00ed se mi, \u017ee to mohu vyu\u017e\u00edt mnoha zp\u016fsoby. Je perfektn\u00ed jako pol\u0161t\u00e1\u0159 na \u010delo postele nebo jako zved\u00e1k nohou. V\u0159ele doporu\u010duji!\u201d \u2013 Nad\u0161en\u00fd u\u017eivatel<\/p>\n<p>K dispozici v \u0161irok\u00e9 \u0161k\u00e1le velikost\u00ed, kter\u00e9 spln\u00ed va\u0161e pot\u0159eby<\/p>\n<p>Vyberte si z na\u0161eho rozs\u00e1hl\u00e9ho v\u00fdb\u011bru velikost\u00ed a najd\u011bte ten spr\u00e1vn\u00fd st\u0159ih pro va\u0161i postel nebo pohovku:<\/p>\n<p>* 45 cm (D45 x \u016020 x V50 | 0 tla\u010d\u00edtek)<br \/>\n* 60 cm (D60 x \u016020 x V50 | 0 tla\u010d\u00edtek)<br \/>\n* 80 cm (D80 x \u016020 x V50 | 2 tla\u010d\u00edtka)<br \/>\n* 100 cm (D100 x \u016020 x V50 | 3 tla\u010d\u00edtka)<br \/>\n* 120 cm (D120 x \u016020 x V50 | 4 tla\u010d\u00edtka)<br \/>\n* 140 cm (D140 x \u016020 x V50 | 4 tla\u010d\u00edtka)<br \/>\n* 160 cm (D160 x \u016020 x V50 | 5 tla\u010d\u00edtek)<br \/>\n* 180 cm (D180 x \u016020 x V50 | 6 tla\u010d\u00edtek)<br \/>\n* 200 cm (D200 x \u016020 x V50 | 7 tla\u010d\u00edtek)<\/p>\n<p>Pozvedn\u011bte sv\u00e9 pohodl\u00ed na dal\u0161\u00ed \u00farove\u0148 s na\u0161\u00edm velk\u00fdm pol\u0161t\u00e1\u0159em na kl\u00edn do postele je\u0161t\u011b dnes!<\/p>","protected":false},"excerpt":{"rendered":"<ul>\n<li><strong>Maxim\u00e1ln\u00ed pohodl\u00ed:<\/strong> Tento pol\u0161t\u00e1\u0159 na \u010delo nab\u00edz\u00ed vynikaj\u00edc\u00ed pohodl\u00ed d\u00edky sv\u00e9mu troj\u00faheln\u00edkov\u00e9mu tvaru. Op\u011brn\u00fd pol\u0161t\u00e1\u0159 l\u016f\u017eka p\u011bkn\u011b sed\u00ed na z\u00e1dech a pasu a minimalizuje bedern\u00ed \/ protitlak. Tento pol\u0161t\u00e1\u0159 na \u010dten\u00ed v\u00e1m pom\u016f\u017ee z\u016fstat bez nap\u011bt\u00ed v posteli nebo pohovce, co\u017e je ide\u00e1ln\u00ed pro pr\u00e1ci no\u010dn\u00edch sov, knihomol\u016f a sledov\u00e1n\u00ed televize v posteli. Tento extra velk\u00fd podhlavn\u00edk je jedin\u00fd kl\u00ednov\u00fd pol\u0161t\u00e1\u0159 na \u010delo, kter\u00fd pojme dv\u011b osoby.<\/li>\n<li><strong>Velk\u00fd podhlavn\u00edk 3 v 1:<\/strong> Pol\u0161t\u00e1\u0159 m\u016f\u017eete pou\u017e\u00edt ve vzp\u0159\u00edmen\u00e9 poloze jako op\u011brn\u00fd pol\u0161t\u00e1\u0159 na \u010delo p\u0159i sezen\u00ed v posteli nebo jej polo\u017eit na postel a pou\u017e\u00edt jako velk\u00fd kl\u00ednov\u00fd pol\u0161t\u00e1\u0159 p\u0159i sp\u00e1nku na z\u00e1dech nebo na boku nebo jako pol\u0161t\u00e1\u0159 na nohy pro zvednut\u00ed nohou. Pokud chcete velk\u00fd pol\u0161t\u00e1\u0159 na \u010delo, kter\u00fd poskytuje oporu v\u00e1m i va\u0161emu man\u017eelovi. Je to vynikaj\u00edc\u00ed alternativa.<\/li>\n<li><strong>Multifunk\u010dn\u00ed design:<\/strong> N\u011bkte\u0159\u00ed lid\u00e9 pou\u017e\u00edvaj\u00ed velk\u00fd troj\u00faheln\u00edkov\u00fd pol\u0161t\u00e1\u0159 jako pol\u0161t\u00e1\u0159 na \u010delo, zat\u00edmco jin\u00ed ho pou\u017e\u00edvaj\u00ed jako pol\u0161t\u00e1\u0159 na n\u00e1razn\u00edk, m\u016f\u017ee to b\u00fdt tak\u00e9 pol\u0161t\u00e1\u0159 na pohovku nebo v\u00e1lendu. Je stylov\u00fd a z\u00e1rove\u0148 funk\u010dn\u00ed, tak\u017ee je skv\u011bl\u00fdm dopl\u0148kem ka\u017ed\u00e9 lo\u017enice.<\/li>\n<li><strong>\u0160pi\u010dkov\u00e9 \u0159emesln\u00e9 zpracov\u00e1n\u00ed:<\/strong> N\u00e1\u0161 povlak na pol\u0161t\u00e1\u0159 je vyroben z polyesterov\u00e9ho sametu 100%, kter\u00fd je m\u011bkk\u00fd, elegantn\u00ed a p\u0159\u00edjemn\u00fd na dotek. Polstrov\u00e1n\u00ed je vyrobeno z vysoce hust\u00fdch, vysoce kvalitn\u00edch polyesterov\u00fdch vl\u00e1ken, kter\u00e9 zabra\u0148uj\u00ed proh\u00fdb\u00e1n\u00ed i po m\u011bs\u00edc\u00edch pou\u017e\u00edv\u00e1n\u00ed. Nav\u00edc m\u00e1 postrann\u00ed kapsy pro va\u0161i knihu nebo telefon.<\/li>\n<li><strong>Snadno se \u010dist\u00ed:<\/strong> Povlak na pol\u0161t\u00e1\u0159 na \u010dten\u00ed se k pol\u0161t\u00e1\u0159i p\u0159ipev\u0148uje pomoc\u00ed knofl\u00edk\u016f a lze jej snadno sejmout pomoc\u00ed jednoduch\u00e9ho zipu. D\u00edky tomu je jeho \u010di\u0161t\u011bn\u00ed bezprobl\u00e9mov\u00e9. Sta\u010d\u00ed sundat potah a rychle vyprat v pra\u010dce, aby v\u00e1\u0161 pol\u0161t\u00e1\u0159 vypadal jako nov\u00fd.<\/li>\n<li><strong>Velikost:<\/strong> 45 cm (D45 x \u016020 x V50 | 0 tla\u010d\u00edtek), 60 cm (D60 x \u016020 x V50 | 0 tla\u010d\u00edtek), 80 cm (D80 x \u016020 x V50 | 2 tla\u010d\u00edtka), 100 cm (D100 x \u016020 x V50 | 3 tla\u010d\u00edtka), 120 cm ( D120 x \u016020 x V50 | 4 tla\u010d\u00edtka), 140 cm (D140 x \u016020 x V50 | 4 tla\u010d\u00edtka), 160 cm (D160 x \u016020 x V50 | 5 tla\u010d\u00edtek), 180 cm (D180 x \u016020 x V50 | 6 tla\u010d\u00edtek), 200 cm (L200 x \u016020 x V50 | 7 tla\u010d\u00edtek).<\/li>\n<\/ul>","protected":false},"featured_media":498,"comment_status":"open","ping_status":"closed","template":"","meta":[],"product_brand":[],"product_cat":[15],"product_tag":[205,204,206,207,168,203,132,199,163,68],"class_list":{"0":"post-512","1":"product","2":"type-product","3":"status-publish","4":"has-post-thumbnail","6":"product_cat-large-wedge-pillow","7":"product_tag-back-support-headboard-pillow","8":"product_tag-bed-support-cushion","9":"product_tag-bumper-pillow","10":"product_tag-daybed-backrest-bolster-pillow","11":"product_tag-headboard-pillow","12":"product_tag-large-bed-wedge-pillow","13":"product_tag-large-bolster-pillow","14":"product_tag-large-wedge-pillow","15":"product_tag-leg-pillow","16":"product_tag-wedge-reading-pillow","18":"first","19":"instock","20":"shipping-taxable","21":"purchasable","22":"product-type-variable"},"_links":{"self":[{"href":"https:\/\/www.largepillow.com\/cs\/wp-json\/wp\/v2\/product\/512","targetHints":{"allow":["GET"]}}],"collection":[{"href":"https:\/\/www.largepillow.com\/cs\/wp-json\/wp\/v2\/product"}],"about":[{"href":"https:\/\/www.largepillow.com\/cs\/wp-json\/wp\/v2\/types\/product"}],"replies":[{"embeddable":true,"href":"https:\/\/www.largepillow.com\/cs\/wp-json\/wp\/v2\/comments?post=512"}],"wp:featuredmedia":[{"embeddable":true,"href":"https:\/\/www.largepillow.com\/cs\/wp-json\/wp\/v2\/media\/498"}],"wp:attachment":[{"href":"https:\/\/www.largepillow.com\/cs\/wp-json\/wp\/v2\/media?parent=512"}],"wp:term":[{"taxonomy":"product_brand","embeddable":true,"href":"https:\/\/www.largepillow.com\/cs\/wp-json\/wp\/v2\/product_brand?post=512"},{"taxonomy":"product_cat","embeddable":true,"href":"https:\/\/www.largepillow.com\/cs\/wp-json\/wp\/v2\/product_cat?post=512"},{"taxonomy":"product_tag","embeddable":true,"href":"https:\/\/www.largepillow.com\/cs\/wp-json\/wp\/v2\/product_tag?post=512"}],"curies":[{"name":"wp","href":"https:\/\/api.w.org\/{rel}","templated":true}]}}