{"id":538,"date":"2022-09-16T02:24:42","date_gmt":"2022-09-16T02:24:42","guid":{"rendered":"https:\/\/www.largepillow.com\/product\/large-bolster-pillow"},"modified":"2025-11-05T02:15:31","modified_gmt":"2025-11-05T02:15:31","slug":"velky-klin-podhlavnik-polstar","status":"publish","type":"product","link":"https:\/\/www.largepillow.com\/cs\/product\/large-wedge-bolster-pillow","title":{"rendered":"Velk\u00fd pol\u0161t\u00e1\u0159 na kl\u00ednu"},"content":{"rendered":"<p>Dop\u0159ejte si pohodl\u00ed s pol\u0161t\u00e1\u0159em Ultimate Large Wedge Bolster Pillow<\/p>\n<p>Hled\u00e1te pol\u0161t\u00e1\u0159 na \u010delo, kter\u00fd poskytuje v\u00fdjime\u010dn\u00e9 pohodl\u00ed a podporu? Nehledejte nic jin\u00e9ho ne\u017e Large Wedge Bolster Pillow. Tento v\u0161estrann\u00fd pol\u0161t\u00e1\u0159 nab\u00edz\u00ed \u0159adu v\u00fdhod, d\u00edky kter\u00fdm bude v\u00e1\u0161 \u010das v posteli nebo na pohovce opravdov\u00fdm pot\u011b\u0161en\u00edm.<\/p>\n<p>Maxim\u00e1ln\u00ed pohodl\u00ed a podpora<\/p>\n<p>Troj\u00faheln\u00edkov\u00fd tvar pol\u0161t\u00e1\u0159e Large Wedge Bolster Pillow se dokonale p\u0159izp\u016fsob\u00ed kontur\u00e1m va\u0161ich zad a pasu a minimalizuje bedern\u00ed a protitlak. A\u0165 u\u017e \u010dtete knihu, pracujete pozd\u011b nebo sledujete televizi, tento pol\u0161t\u00e1\u0159 v\u00e1s udr\u017e\u00ed bez nap\u011bt\u00ed a pohodl\u00ed. Je tak\u00e9 dostate\u010dn\u011b velk\u00fd, aby se do n\u011bj ve\u0161li dva lid\u00e9, tak\u017ee je ide\u00e1ln\u00ed volbou pro p\u00e1ry.<\/p>\n<p>V\u0161estrannost 3 v 1<\/p>\n<p>Large Wedge Bolster Pillow nen\u00ed jen pol\u0161t\u00e1\u0159 na \u010delo. Je to tak\u00e9 v\u0161estrann\u00fd dopln\u011bk, kter\u00fd lze pou\u017e\u00edt jako kl\u00ednov\u00fd pol\u0161t\u00e1\u0159 na span\u00ed, pol\u0161t\u00e1\u0159 na nohy pro zv\u00fd\u0161en\u00ed v\u00fd\u0161ky nebo dokonce pol\u0161t\u00e1\u0159 pro v\u011bt\u0161\u00ed pohodl\u00ed. Mo\u017enosti jsou nekone\u010dn\u00e9!<\/p>\n<p>\u0160pi\u010dkov\u00e9 \u0159emesln\u00e9 zpracov\u00e1n\u00ed a design<\/p>\n<p>Pol\u0161t\u00e1\u0159 Large Wedge Bolster Pillow, vyroben\u00fd s pe\u010dlivou pozornost\u00ed k detailu, je vyroben z vysoce kvalitn\u00edch materi\u00e1l\u016f. M\u011bkk\u00fd, elegantn\u00ed sametov\u00fd potah je jemn\u00fd na dotek, zat\u00edmco v\u00fdpl\u0148 z polyesterov\u00fdch vl\u00e1ken s vysokou hustotou poskytuje v\u00fdjime\u010dnou podporu, kter\u00e1 se \u010dasem neproh\u00fdb\u00e1. Bo\u010dn\u00ed kapsy nav\u00edc nab\u00edzej\u00ed pohodln\u00e9 ulo\u017een\u00ed va\u0161\u00ed knihy nebo telefonu.<\/p>\n<p>Snadn\u00e1 \u00fadr\u017eba<\/p>\n<p>\u00dadr\u017eba pol\u0161t\u00e1\u0159e Large Wedge Bolster Pillow je hra\u010dka. Povlak na pol\u0161t\u00e1\u0159 je sn\u00edmateln\u00fd pomoc\u00ed knofl\u00edk\u016f a m\u00e1 skryt\u00fd zip pro snadn\u00e9 \u010di\u0161t\u011bn\u00ed. Jednodu\u0161e sejm\u011bte potah a dejte jej do pra\u010dky pro rychl\u00e9 osv\u011b\u017een\u00ed.<\/p>\n<p>Ohlasy z\u00e1kazn\u00edk\u016f<\/p>\n<p>\u201eTento pol\u0161t\u00e1\u0159 m\u011bn\u00ed hru! V\u017edy jsem m\u011bl probl\u00e9m naj\u00edt pol\u0161t\u00e1\u0159 na \u010delo, kter\u00fd poskytuje spr\u00e1vnou podporu, ale tento je perfektn\u00ed. Je to tak pohodln\u00e9 a opravdu mi to pomohlo zlep\u0161it dr\u017een\u00ed t\u011bla.\u201c \u2013 Karen, spokojen\u00e1 z\u00e1kaznice<\/p>\n<p>\u201eMiluji v\u0161estrannost tohoto pol\u0161t\u00e1\u0159e. Je to skv\u011bl\u00fd pol\u0161t\u00e1\u0159 na \u010delo, ale pou\u017e\u00edv\u00e1m ho tak\u00e9 jako kl\u00ednov\u00fd pol\u0161t\u00e1\u0159, kdy\u017e sp\u00edm, a pol\u0161t\u00e1\u0159 na nohy, kdy\u017e relaxuji. Kvalita je \u00fa\u017easn\u00e1 a vydr\u017e\u00ed i po m\u011bs\u00edc\u00edch pou\u017e\u00edv\u00e1n\u00ed.\u201c \u2013 Sarah, dal\u0161\u00ed spokojen\u00e1 z\u00e1kaznice<\/p>\n<p>Z\u00e1v\u011br<\/p>\n<p>Pol\u0161t\u00e1\u0159 Large Wedge Bolster Pillow je perfektn\u00ed volbou pro ka\u017ed\u00e9ho, kdo hled\u00e1 pohodln\u00fd, podp\u016frn\u00fd a v\u0161estrann\u00fd pol\u0161t\u00e1\u0159. D\u00edky sv\u00e9mu vynikaj\u00edc\u00edmu \u0159emesln\u00e9mu zpracov\u00e1n\u00ed, funk\u010dnosti 3 v 1 a snadn\u00e9 \u00fadr\u017eb\u011b je to investice, kter\u00e1 zp\u0159\u00edjemn\u00ed va\u0161i relaxaci na mnoho let. Objednejte si sv\u016fj je\u0161t\u011b dnes a za\u017eijte maxim\u00e1ln\u00ed pohodl\u00ed a podporu!<\/p>","protected":false},"excerpt":{"rendered":"<ul>\n<li><strong>Maxim\u00e1ln\u00ed pohodl\u00ed:<\/strong> Tento pol\u0161t\u00e1\u0159 na \u010delo nab\u00edz\u00ed vynikaj\u00edc\u00ed pohodl\u00ed d\u00edky sv\u00e9mu troj\u00faheln\u00edkov\u00e9mu tvaru. Op\u011brn\u00fd pol\u0161t\u00e1\u0159 l\u016f\u017eka p\u011bkn\u011b sed\u00ed na z\u00e1dech a pasu a minimalizuje bedern\u00ed \/ protitlak. Tento pol\u0161t\u00e1\u0159 na \u010dten\u00ed v\u00e1m pom\u016f\u017ee z\u016fstat bez nap\u011bt\u00ed v posteli nebo pohovce, co\u017e je ide\u00e1ln\u00ed pro pr\u00e1ci no\u010dn\u00edch sov, knihomol\u016f a sledov\u00e1n\u00ed televize v posteli. Tento extra velk\u00fd podhlavn\u00edk je jedin\u00fd kl\u00ednov\u00fd pol\u0161t\u00e1\u0159 na \u010delo, kter\u00fd pojme dv\u011b osoby.<\/li>\n<li><strong>Velk\u00fd podhlavn\u00edk 3 v 1:<\/strong> Pol\u0161t\u00e1\u0159 m\u016f\u017eete pou\u017e\u00edt ve vzp\u0159\u00edmen\u00e9 poloze jako op\u011brn\u00fd pol\u0161t\u00e1\u0159 na \u010delo p\u0159i sezen\u00ed v posteli nebo jej polo\u017eit na postel a pou\u017e\u00edt jako velk\u00fd kl\u00ednov\u00fd pol\u0161t\u00e1\u0159 p\u0159i sp\u00e1nku na z\u00e1dech nebo na boku nebo jako pol\u0161t\u00e1\u0159 na nohy pro zvednut\u00ed nohou. Pokud chcete velk\u00fd pol\u0161t\u00e1\u0159 na \u010delo, kter\u00fd poskytuje oporu v\u00e1m i va\u0161emu man\u017eelovi. Je to vynikaj\u00edc\u00ed alternativa.<\/li>\n<li><strong>Multifunk\u010dn\u00ed design:<\/strong> N\u011bkte\u0159\u00ed lid\u00e9 pou\u017e\u00edvaj\u00ed velk\u00fd troj\u00faheln\u00edkov\u00fd pol\u0161t\u00e1\u0159 jako pol\u0161t\u00e1\u0159 na \u010delo, zat\u00edmco jin\u00ed ho pou\u017e\u00edvaj\u00ed jako pol\u0161t\u00e1\u0159 na n\u00e1razn\u00edk, m\u016f\u017ee to b\u00fdt tak\u00e9 pol\u0161t\u00e1\u0159 na pohovku nebo v\u00e1lendu. Je stylov\u00fd a z\u00e1rove\u0148 funk\u010dn\u00ed, tak\u017ee je skv\u011bl\u00fdm dopl\u0148kem ka\u017ed\u00e9 lo\u017enice.<\/li>\n<li><strong>\u0160pi\u010dkov\u00e9 \u0159emesln\u00e9 zpracov\u00e1n\u00ed:<\/strong> N\u00e1\u0161 povlak na pol\u0161t\u00e1\u0159 je vyroben z polyesterov\u00e9ho sametu 100%, kter\u00fd je m\u011bkk\u00fd, elegantn\u00ed a p\u0159\u00edjemn\u00fd na dotek. Polstrov\u00e1n\u00ed je vyrobeno z vysoce hust\u00fdch, vysoce kvalitn\u00edch polyesterov\u00fdch vl\u00e1ken, kter\u00e9 zabra\u0148uj\u00ed proh\u00fdb\u00e1n\u00ed i po m\u011bs\u00edc\u00edch pou\u017e\u00edv\u00e1n\u00ed. Nav\u00edc m\u00e1 postrann\u00ed kapsy pro va\u0161i knihu nebo telefon.<\/li>\n<li><strong>Snadno se \u010dist\u00ed:<\/strong> Povlak na pol\u0161t\u00e1\u0159 na \u010dten\u00ed se k pol\u0161t\u00e1\u0159i p\u0159ipev\u0148uje pomoc\u00ed knofl\u00edk\u016f a lze jej snadno sejmout pomoc\u00ed jednoduch\u00e9ho zipu. D\u00edky tomu je jeho \u010di\u0161t\u011bn\u00ed bezprobl\u00e9mov\u00e9. Sta\u010d\u00ed sundat potah a rychle vyprat v pra\u010dce, aby v\u00e1\u0161 pol\u0161t\u00e1\u0159 vypadal jako nov\u00fd.<\/li>\n<li><strong>Velikost:<\/strong> 45 cm (D45 x \u016020 x V50 | 0 tla\u010d\u00edtek), 60 cm (D60 x \u016020 x V50 | 0 tla\u010d\u00edtek), 80 cm (D80 x \u016020 x V50 | 2 tla\u010d\u00edtka), 100 cm (D100 x \u016020 x V50 | 3 tla\u010d\u00edtka), 120 cm ( D120 x \u016020 x V50 | 4 tla\u010d\u00edtka), 140 cm (D140 x \u016020 x V50 | 4 tla\u010d\u00edtka), 160 cm (D160 x \u016020 x V50 | 5 tla\u010d\u00edtek), 180 cm (D180 x \u016020 x V50 | 6 tla\u010d\u00edtek), 200 cm (L200 x \u016020 x V50 | 7 tla\u010d\u00edtek).<\/li>\n<\/ul>","protected":false},"featured_media":522,"comment_status":"open","ping_status":"closed","template":"","meta":[],"product_brand":[],"product_cat":[15],"product_tag":[66,70,102,75,168,202,163,112,143,59],"class_list":{"0":"post-538","1":"product","2":"type-product","3":"status-publish","4":"has-post-thumbnail","6":"product_cat-large-wedge-pillow","7":"product_tag-back-support-pillow","8":"product_tag-bed-wedge-pillow","9":"product_tag-couch-pillow","10":"product_tag-daybed-pillow","11":"product_tag-headboard-pillow","12":"product_tag-large-wedge-bolster-pillow","13":"product_tag-leg-pillow","14":"product_tag-lumbar-support-pillow","15":"product_tag-multifunctional-pillow","16":"product_tag-reading-pillow","18":"first","19":"instock","20":"featured","21":"shipping-taxable","22":"purchasable","23":"product-type-variable"},"_links":{"self":[{"href":"https:\/\/www.largepillow.com\/cs\/wp-json\/wp\/v2\/product\/538","targetHints":{"allow":["GET"]}}],"collection":[{"href":"https:\/\/www.largepillow.com\/cs\/wp-json\/wp\/v2\/product"}],"about":[{"href":"https:\/\/www.largepillow.com\/cs\/wp-json\/wp\/v2\/types\/product"}],"replies":[{"embeddable":true,"href":"https:\/\/www.largepillow.com\/cs\/wp-json\/wp\/v2\/comments?post=538"}],"wp:featuredmedia":[{"embeddable":true,"href":"https:\/\/www.largepillow.com\/cs\/wp-json\/wp\/v2\/media\/522"}],"wp:attachment":[{"href":"https:\/\/www.largepillow.com\/cs\/wp-json\/wp\/v2\/media?parent=538"}],"wp:term":[{"taxonomy":"product_brand","embeddable":true,"href":"https:\/\/www.largepillow.com\/cs\/wp-json\/wp\/v2\/product_brand?post=538"},{"taxonomy":"product_cat","embeddable":true,"href":"https:\/\/www.largepillow.com\/cs\/wp-json\/wp\/v2\/product_cat?post=538"},{"taxonomy":"product_tag","embeddable":true,"href":"https:\/\/www.largepillow.com\/cs\/wp-json\/wp\/v2\/product_tag?post=538"}],"curies":[{"name":"wp","href":"https:\/\/api.w.org\/{rel}","templated":true}]}}