{"id":565,"date":"2022-09-16T02:43:46","date_gmt":"2022-09-16T02:43:46","guid":{"rendered":"https:\/\/www.largepillow.com\/product\/bed-wedge-bolster"},"modified":"2026-01-07T18:09:48","modified_gmt":"2026-01-07T18:09:48","slug":"celo-polstar","status":"publish","type":"product","link":"https:\/\/www.largepillow.com\/cs\/product\/headboard-pillow","title":{"rendered":"Pol\u0161t\u00e1\u0159 na \u010delo"},"content":{"rendered":"<p>Maxim\u00e1ln\u00ed pohodl\u00ed a v\u0161estrannost: Pol\u0161t\u00e1\u0159 na \u010delo<\/p>\n<p>P\u0159ipravte se na zv\u00fd\u0161en\u00ed sv\u00e9ho pohodl\u00ed a stylu s na\u0161\u00edm v\u00fdjime\u010dn\u00fdm pol\u0161t\u00e1\u0159em na \u010delo, kter\u00fd je navr\u017een tak, aby v\u00e1m poskytl bezkonkuren\u010dn\u00ed podporu a funk\u010dnost.<\/p>\n<p>Maxim\u00e1ln\u00ed pohodl\u00ed pro ka\u017edou pot\u0159ebu<\/p>\n<p>N\u00e1\u0161 pol\u0161t\u00e1\u0159 na \u010delo je precizn\u011b vyroben tak, aby nab\u00edzel maxim\u00e1ln\u00ed pohodl\u00ed, a\u0165 u\u017e odpo\u010d\u00edv\u00e1te v posteli, leno\u0161\u00edte na gau\u010di nebo si u\u017e\u00edv\u00e1te dobrou knihu. Jeho ply\u0161ov\u00e9 polstrov\u00e1n\u00ed se dokonale p\u0159izp\u016fsob\u00ed va\u0161emu t\u011blu a poskytuje v\u00fdjime\u010dnou podporu va\u0161\u00ed hlav\u011b, krku a z\u00e1dech.<\/p>\n<p>V\u0161estrann\u00e9 n\u00e1vrhy pro r\u016fzn\u00e9 \u00fa\u010dely<\/p>\n<p>Tento multifunk\u010dn\u00ed pol\u0161t\u00e1\u0159 lze pou\u017e\u00edt nes\u010detn\u00fdmi zp\u016fsoby:<\/p>\n<p>* Pol\u0161t\u00e1\u0159 na \u010dten\u00ed s op\u011brkou zad: Podep\u0159ete si ho za sebou pro pohodln\u00e9 \u010dten\u00ed nebo sledov\u00e1n\u00ed televize.<br \/>\n* Dlouh\u00fd kl\u00ednov\u00fd pol\u0161t\u00e1\u0159: Vytvo\u0159te pohodln\u00fd sklon pro span\u00ed nebo zved\u00e1n\u00ed nohou.<br \/>\n* Pol\u0161t\u00e1\u0159 na nohy: Podpo\u0159te nohy a sni\u017ete tlak, abyste zm\u00edrnili otoky a nepohodl\u00ed.<\/p>\n<p>Pr\u00e9miov\u00e9 materi\u00e1ly pro odolnost a styl<\/p>\n<p>N\u00e1\u0161 povlak na pol\u0161t\u00e1\u0159 je vyroben z odoln\u00e9 sm\u011bsi polyesteru a lnu s vynikaj\u00edc\u00edmi stehy a propletenou texturou. Polyesterov\u00e1 vl\u00e1kna s vysokou hustotou v polstrov\u00e1n\u00ed zaji\u0161\u0165uj\u00ed roky pou\u017e\u00edv\u00e1n\u00ed bez prov\u011b\u0161ov\u00e1n\u00ed nebo ztr\u00e1ty tvaru.<\/p>\n<p>Bezprobl\u00e9mov\u00e9 \u010di\u0161t\u011bn\u00ed a pohodl\u00ed<\/p>\n<p>\u00dadr\u017eba pol\u0161t\u00e1\u0159e na \u010delo postele je hra\u010dka. Povlak na pol\u0161t\u00e1\u0159 lze snadno sejmout pomoc\u00ed jednoduch\u00e9ho zipu a hodit do pra\u010dky. Disponuje tak\u00e9 pohodlnou bo\u010dn\u00ed kapsou pro ulo\u017een\u00ed va\u0161ich nezbytnost\u00ed, abyste je m\u011bli st\u00e1le po ruce.<\/p>\n<p>Perfektn\u00ed pro ka\u017edou velikost postele<\/p>\n<p>Vyberte si z \u0159ady velikost\u00ed, kter\u00e9 dokonale dopln\u00ed va\u0161i postel nebo jak\u00fdkoli jin\u00fd kus n\u00e1bytku. Od p\u0159\u00edjemn\u00fdch 45 cm po velkorys\u00fdch 200 cm najdete ide\u00e1ln\u00ed \u0159e\u0161en\u00ed pro va\u0161e pot\u0159eby.<\/p>\n<p>Ohlasy z\u00e1kazn\u00edk\u016f<\/p>\n<p>N\u00e1\u0161 pol\u0161t\u00e1\u0159 na \u010delo si vyslou\u017eil pochvaln\u00e9 recenze od spokojen\u00fdch z\u00e1kazn\u00edk\u016f:<\/p>\n<p>* \u201eTento pol\u0161t\u00e1\u0159 je tak pohodln\u00fd a podp\u016frn\u00fd. Je ide\u00e1ln\u00ed pro \u010dten\u00ed v posteli nebo sledov\u00e1n\u00ed televize. L\u00edb\u00ed se mi, \u017ee ho mohu nastavit do v\u00edce poloh.\u201c<br \/>\n* \u201eL\u00e1tka je m\u011bkk\u00e1 a odoln\u00e1 a pro\u0161\u00edv\u00e1n\u00ed je \u0161pi\u010dkov\u00e9. N\u011bkolikr\u00e1t jsem ho pral a st\u00e1le vypad\u00e1 jako nov\u00fd.&quot;<br \/>\n* \u201eBo\u010dn\u00ed kapsa je geni\u00e1ln\u00ed dopln\u011bk. Je tak pohodln\u00e9 m\u00edt kam ulo\u017eit d\u00e1lkov\u00fd ovlada\u010d, knihy nebo sva\u010dinu.\u201c<\/p>\n<p>Vylep\u0161ete sv\u00e9 pohodl\u00ed a styl je\u0161t\u011b dnes s pol\u0161t\u00e1\u0159em na \u010delo. Je dokonal\u00fdm dopl\u0148kem ka\u017ed\u00e9 lo\u017enice nebo ob\u00fdvac\u00edho prostoru a ur\u010dit\u011b se stane va\u0161\u00edm obl\u00edben\u00fdm m\u00edstem k relaxaci a odpo\u010dinku.<\/p>","protected":false},"excerpt":{"rendered":"<ul>\n<li><strong>Maxim\u00e1ln\u00ed pohodl\u00ed:<\/strong> N\u00e1\u0161 pol\u0161t\u00e1\u0159 na \u010delo je navr\u017een tak, aby v\u00e1m poskytl maxim\u00e1ln\u00ed pohodl\u00ed p\u0159i \u010dten\u00ed, sledov\u00e1n\u00ed televize nebo sp\u00e1nku. Je ide\u00e1ln\u00ed do postele, na pohovku, na v\u00e1lendu a dal\u0161\u00ed!<\/li>\n<li><strong>Multifunk\u010dn\u00ed design:<\/strong> N\u00e1\u0161 velk\u00fd podhlavn\u00edk lze pou\u017e\u00edt mnoha zp\u016fsoby \u2013 jako op\u011brn\u00fd pol\u0161t\u00e1\u0159 na \u010dten\u00ed, dlouh\u00fd kl\u00ednov\u00fd pol\u0161t\u00e1\u0159 nebo pol\u0161t\u00e1\u0159 na nohy pro zvednut\u00ed nohou. Je stylov\u00fd a funk\u010dn\u00ed, tak\u017ee je skv\u011bl\u00fdm dopl\u0148kem ka\u017ed\u00e9 lo\u017enice.<\/li>\n<li><strong>Pr\u00e9miov\u00e9 materi\u00e1ly:<\/strong> N\u00e1\u0161 povlak na pol\u0161t\u00e1\u0159 je vyroben z polyesteru 100% s protkanou texturou a vynikaj\u00edc\u00edmi stehy, kter\u00e9 jsou robustn\u00ed v\u0161ude kolem. Polstrov\u00e1n\u00ed je vyrobeno z vysoce kvalitn\u00edch polyesterov\u00fdch vl\u00e1ken o vysok\u00e9 hustot\u011b, kter\u00e9 zabra\u0148uj\u00ed proh\u00fdb\u00e1n\u00ed i po m\u011bs\u00edc\u00edch pou\u017e\u00edv\u00e1n\u00ed.<\/li>\n<li><strong>Snadno se \u010dist\u00ed:<\/strong> Povlak na pol\u0161t\u00e1\u0159 je p\u0159ipevn\u011bn k pol\u0161t\u00e1\u0159i pomoc\u00ed knofl\u00edk\u016f a lze jej snadno sejmout pomoc\u00ed jednoduch\u00e9ho zipu. Sta\u010d\u00ed sundat potah a rychle vyprat v pra\u010dce, aby v\u00e1\u0161 pol\u0161t\u00e1\u0159 vypadal jako nov\u00fd.<\/li>\n<li><strong>Dokonal\u00e1 \u00falo\u017en\u00e1 kapsa:<\/strong> N\u00e1\u0161 pol\u0161t\u00e1\u0159 na \u010delo m\u00e1 pohodlnou bo\u010dn\u00ed kapsu, kter\u00e1 zajist\u00ed, \u017ee u\u017e nikdy neztrat\u00edte d\u00e1lkov\u00fd ovlada\u010d.<\/li>\n<li><strong>Tkanina:<\/strong>\u00a0Sm\u011bs polyesteru a lnu.<\/li>\n<li><strong>Velikost:<\/strong> 45 cm (D45 x \u016020 x V50 | 0 tla\u010d\u00edtek), 60 cm (D60 x \u016020 x V50 | 0 tla\u010d\u00edtek), 80 cm (D80 x \u016020 x V50 | 2 tla\u010d\u00edtka), 100 cm (D100 x \u016020 x V50 | 3 tla\u010d\u00edtka), 120 cm ( D120 x \u016020 x V50 | 4 tla\u010d\u00edtka), 140 cm (D140 x \u016020 x V50 | 4 tla\u010d\u00edtka), 160 cm (D160 x \u016020 x V50 | 5 tla\u010d\u00edtek), 180 cm (D180 x \u016020 x V50 | 6 tla\u010d\u00edtek), 200 cm (L200 x \u016020 x V50 | 7 tla\u010d\u00edtek).<\/li>\n<\/ul>","protected":false},"featured_media":548,"comment_status":"open","ping_status":"closed","template":"","meta":[],"product_brand":[],"product_cat":[15],"product_tag":[187,102,75,201,168,131,189,184,143,59,65],"class_list":{"0":"post-565","1":"product","2":"type-product","3":"status-publish","4":"has-post-thumbnail","6":"product_cat-large-wedge-pillow","7":"product_tag-back-support-reading-pillow","8":"product_tag-couch-pillow","9":"product_tag-daybed-pillow","10":"product_tag-grey-pillow","11":"product_tag-headboard-pillow","12":"product_tag-leg-support-pillow","13":"product_tag-linen-pillow","14":"product_tag-long-wedge-pillow","15":"product_tag-multifunctional-pillow","16":"product_tag-reading-pillow","17":"product_tag-wedge-pillow","19":"first","20":"instock","21":"shipping-taxable","22":"purchasable","23":"product-type-variable"},"_links":{"self":[{"href":"https:\/\/www.largepillow.com\/cs\/wp-json\/wp\/v2\/product\/565","targetHints":{"allow":["GET"]}}],"collection":[{"href":"https:\/\/www.largepillow.com\/cs\/wp-json\/wp\/v2\/product"}],"about":[{"href":"https:\/\/www.largepillow.com\/cs\/wp-json\/wp\/v2\/types\/product"}],"replies":[{"embeddable":true,"href":"https:\/\/www.largepillow.com\/cs\/wp-json\/wp\/v2\/comments?post=565"}],"wp:featuredmedia":[{"embeddable":true,"href":"https:\/\/www.largepillow.com\/cs\/wp-json\/wp\/v2\/media\/548"}],"wp:attachment":[{"href":"https:\/\/www.largepillow.com\/cs\/wp-json\/wp\/v2\/media?parent=565"}],"wp:term":[{"taxonomy":"product_brand","embeddable":true,"href":"https:\/\/www.largepillow.com\/cs\/wp-json\/wp\/v2\/product_brand?post=565"},{"taxonomy":"product_cat","embeddable":true,"href":"https:\/\/www.largepillow.com\/cs\/wp-json\/wp\/v2\/product_cat?post=565"},{"taxonomy":"product_tag","embeddable":true,"href":"https:\/\/www.largepillow.com\/cs\/wp-json\/wp\/v2\/product_tag?post=565"}],"curies":[{"name":"wp","href":"https:\/\/api.w.org\/{rel}","templated":true}]}}