{"id":5691,"date":"2025-01-09T03:00:25","date_gmt":"2025-01-09T03:00:25","guid":{"rendered":"https:\/\/www.largepillow.com\/product\/soft-small-teddy-bear-birthday-gift-cuddly-stuffed-animal-toy-pink"},"modified":"2025-10-16T01:37:17","modified_gmt":"2025-10-16T01:37:17","slug":"mekky-maly-medvidek-darek-k-narozeninam-plysova-hracka-plysova-ruzova","status":"publish","type":"product","link":"https:\/\/www.largepillow.com\/cs\/product\/soft-small-teddy-bear-birthday-gift-cuddly-stuffed-animal-toy-pink","title":{"rendered":"M\u011bkk\u00fd mal\u00fd ply\u0161ov\u00fd medv\u00eddek d\u00e1rek k narozenin\u00e1m Ply\u0161ov\u00e1 hra\u010dka ply\u0161ov\u00e9ho zv\u00ed\u0159\u00e1tka r\u016f\u017eov\u00e1"},"content":{"rendered":"[zc_getpagecontent mb=&#8221;mb_aplus&#8221; apid=&#8221;15&#8243;]\n","protected":false},"excerpt":{"rendered":"<ul>\n<li>N\u00e1\u0161 medv\u00eddek je pln\u00fd a dostate\u010dn\u011b napln\u011bn\u00fd, m\u016f\u017eeme si b\u00fdt jisti, \u017ee polo\u017eka, kterou obdr\u017e\u00edte, je stejn\u00e1 jako obr\u00e1zky; N\u00e1\u0161 vysoce kvalitn\u00ed medv\u00eddek je ide\u00e1ln\u00edm d\u00e1rkem pro bl\u00edzk\u00e9 a velmi obl\u00edben\u00fd jako d\u00e1rek ke sv\u00e1tk\u016fm jako jsou V\u00e1noce a Valent\u00fdn.<\/li>\n<li>Ob\u0159\u00ed ply\u0161ov\u00fd medv\u00eddek s ultra m\u011bkk\u00fdm ply\u0161ov\u00fdm materi\u00e1lem, velmi nad\u00fdchan\u00fd, kluzk\u00fd, tak\u017ee je super p\u0159izp\u016fsobiv\u00fd pro obj\u00edm\u00e1n\u00ed a mazlen\u00ed.<\/li>\n<li>Obrovsk\u00fd 25cm (10\u2033) ply\u0161ov\u00fd medv\u00eddek je navr\u017een s d\u011btsk\u00fdm zipem na zadn\u00ed stran\u011b, tak\u017ee je bezpe\u010dn\u00fd a snadno omyvateln\u00fd.<\/li>\n<li>Tento medv\u00eddek je slisov\u00e1n do obalu men\u0161\u00edho, ne\u017e je jeho skute\u010dn\u00e1 velikost, rychle se rozt\u00e1hne, jakmile je balic\u00ed s\u00e1\u010dek odstran\u011bn.<\/li>\n<li>Dokonal\u00fd medv\u00eddek na obj\u00edm\u00e1n\u00ed a mazlen\u00ed. Tento roztomil\u00fd medv\u00eddek v\u00e1s m\u016f\u017ee doprov\u00e1zet p\u0159i \u010dten\u00ed knih, sledov\u00e1n\u00ed televize a z\u00e1bav\u011b. M\u016f\u017ee to b\u00fdt dobr\u00fd spole\u010dn\u00edk! Roztomil\u00e1 ply\u0161ov\u00e1 hra\u010dka se rychle stane milovan\u00fdm spole\u010dn\u00edkem pro mal\u00e9 i velk\u00e9.<\/li>\n<li>Medv\u00eddek je tak okouzluj\u00edc\u00ed, \u017ee m\u016f\u017ee ozdobit lo\u017enici nebo hernu. K tomuto medv\u00eddkovi se m\u016f\u017eete p\u0159itulit jako m\u011bkk\u00fd pol\u0161t\u00e1\u0159ek. D\u011bti si mohou hr\u00e1t s t\u00edmto ply\u0161ov\u00fdm medv\u00eddkem, co\u017e m\u016f\u017ee b\u00fdt tak\u00e9 velmi zaj\u00edmav\u00fd \u010das pro rodinnou z\u00e1bavu.<\/li>\n<li>Je to ide\u00e1ln\u00ed volba pro miminka, d\u011bti nebo kamar\u00e1dy. Bude to nejlep\u0161\u00ed d\u00e1rek pro zvl\u00e1\u0161tn\u00ed dny, jako je Den d\u00edk\u016fvzd\u00e1n\u00ed, Valent\u00fdn, V\u00e1noce, narozeniny nebo jak\u00e1koli v\u00fdro\u010d\u00ed.<\/li>\n<li>Tento medv\u00eddek je velmi m\u011bkk\u00fd. Knofl\u00edkov\u00e1 oka jsou velmi pevn\u00e1. Ply\u0161 a v\u00fdpl\u0148 jsou vysoce kvalitn\u00ed.<\/li>\n<li>Ply\u0161 i v\u00fdpl\u0148 jsou kvalitn\u00ed. V\u0161ichni medv\u011bdi jsou odes\u00edl\u00e1ni po p\u0159\u00edsn\u00e9 kontrole kvality. Ply\u0161 je kontrolov\u00e1n autorizovanou jakostn\u00ed strukturou a z\u00edsk\u00e1v\u00e1 certifik\u00e1t CE.<\/li>\n<\/ul>","protected":false},"featured_media":5674,"comment_status":"open","ping_status":"closed","template":"","meta":[],"product_brand":[],"product_cat":[235],"product_tag":[],"class_list":{"0":"post-5691","1":"product","2":"type-product","3":"status-publish","4":"has-post-thumbnail","6":"product_cat-plush-toys","8":"first","9":"outofstock","10":"shipping-taxable","11":"purchasable","12":"product-type-simple"},"_links":{"self":[{"href":"https:\/\/www.largepillow.com\/cs\/wp-json\/wp\/v2\/product\/5691","targetHints":{"allow":["GET"]}}],"collection":[{"href":"https:\/\/www.largepillow.com\/cs\/wp-json\/wp\/v2\/product"}],"about":[{"href":"https:\/\/www.largepillow.com\/cs\/wp-json\/wp\/v2\/types\/product"}],"replies":[{"embeddable":true,"href":"https:\/\/www.largepillow.com\/cs\/wp-json\/wp\/v2\/comments?post=5691"}],"wp:featuredmedia":[{"embeddable":true,"href":"https:\/\/www.largepillow.com\/cs\/wp-json\/wp\/v2\/media\/5674"}],"wp:attachment":[{"href":"https:\/\/www.largepillow.com\/cs\/wp-json\/wp\/v2\/media?parent=5691"}],"wp:term":[{"taxonomy":"product_brand","embeddable":true,"href":"https:\/\/www.largepillow.com\/cs\/wp-json\/wp\/v2\/product_brand?post=5691"},{"taxonomy":"product_cat","embeddable":true,"href":"https:\/\/www.largepillow.com\/cs\/wp-json\/wp\/v2\/product_cat?post=5691"},{"taxonomy":"product_tag","embeddable":true,"href":"https:\/\/www.largepillow.com\/cs\/wp-json\/wp\/v2\/product_tag?post=5691"}],"curies":[{"name":"wp","href":"https:\/\/api.w.org\/{rel}","templated":true}]}}