{"id":5959,"date":"2025-02-02T13:23:53","date_gmt":"2025-02-02T13:23:53","guid":{"rendered":"https:\/\/www.largepillow.com\/product\/side-sleeper-pillow-with-arm-hole-foam-wedge-for-neck-and-shoulder-pain"},"modified":"2025-11-23T05:21:48","modified_gmt":"2025-11-23T05:21:48","slug":"bocni-polstar-na-spani-s-penovym-klinem-s-otvorem-na-ruce-pro-bolesti-krku-a-ramen","status":"publish","type":"product","link":"https:\/\/www.largepillow.com\/cs\/product\/side-sleeper-pillow-with-arm-hole-foam-wedge-for-neck-and-shoulder-pain\/","title":{"rendered":"Bo\u010dn\u00ed pol\u0161t\u00e1\u0159 na span\u00ed s otvorem pro pa\u017ee a p\u011bnov\u00fdm kl\u00ednem proti bolesti krku a ramen"},"content":{"rendered":"[zc_getpagecontent mb=&#8221;mb_aplus&#8221; apid=&#8221;116&#8243;]\n","protected":false},"excerpt":{"rendered":"<ul>\n<li>Pokro\u010dil\u00fd design: N\u00e1\u0161 nov\u00fd bo\u010dn\u00ed pol\u0161t\u00e1\u0159 na span\u00ed proti bolesti ramen se skl\u00e1d\u00e1 ze t\u0159\u00ed z\u00e1kladn\u00edch \u010d\u00e1st\u00ed: p\u011bnov\u00e9ho kl\u00ednov\u00e9ho pol\u0161t\u00e1\u0159e pro stabiln\u00ed oporu, mal\u00e9 op\u011brky hlavy a pohodln\u00e9ho pol\u0161t\u00e1\u0159e na t\u011blo ve tvaru H. Tento revolu\u010dn\u00ed design nab\u00edz\u00ed v\u00fdznamn\u00e1 funk\u010dn\u00ed vylep\u0161en\u00ed oproti tradi\u010dn\u00edm t\u011blov\u00fdm pol\u0161t\u00e1\u0159\u016fm ve tvaru U, co\u017e umo\u017e\u0148uje snadn\u00e9 zm\u011bny stran b\u011bhem sp\u00e1nku.<\/li>\n<li>Vylep\u0161en\u00e1 funk\u010dnost: Na rozd\u00edl od konven\u010dn\u00edho bo\u010dn\u00edho spac\u00edho pol\u0161t\u00e1\u0159e ve tvaru U, kter\u00fd br\u00e1n\u00ed pohybu b\u011bhem sp\u00e1nku, n\u00e1\u0161 t\u011blov\u00fd pol\u0161t\u00e1\u0159 ve tvaru H a samostatn\u00e1 konstrukce op\u011brky hlavy umo\u017e\u0148uj\u00ed snadn\u00fd pohyb pa\u017e\u00ed a zm\u011bny stran. Optimalizovan\u00fd sklon kl\u00ednov\u00e9ho pol\u0161t\u00e1\u0159e zaji\u0161\u0165uje jemnou podporu a uspokojuje r\u016fznorod\u00e9 pot\u0159eby postrann\u00edch pra\u017ec\u016f.<\/li>\n<li>Uvoln\u011bn\u00ed tlaku na pa\u017ei: U\u017eijte si nesrovnateln\u00e9 pohodl\u00ed s chyt\u0159e navr\u017een\u00fdm dvojit\u00fdm otvorem na pa\u017ei v p\u011bnov\u00e9m kl\u00ednov\u00e9m pol\u0161t\u00e1\u0159i. Tento design zm\u00edr\u0148uje tlak v pa\u017e\u00edch, podporuje lep\u0161\u00ed krevn\u00ed ob\u011bh a zaji\u0161\u0165uje klidn\u00fd no\u010dn\u00ed sp\u00e1nek bez nepohodl\u00ed vis\u00edc\u00edch pa\u017e\u00ed.<\/li>\n<li>Maxim\u00e1ln\u00ed pohodl\u00ed: Pol\u0161t\u00e1\u0159 t\u011bla a op\u011brka hlavy ve tvaru H jsou vyrobeny z m\u011bkk\u00e9ho a nad\u00fdchan\u00e9ho polyesterov\u00e9ho vl\u00e1kna a zaru\u010duj\u00ed maxim\u00e1ln\u00ed pohodl\u00ed p\u0159i sp\u00e1nku. Prody\u0161n\u00e1 l\u00e1tka povlaku na pol\u0161t\u00e1\u0159 zaji\u0161\u0165uje klidn\u00fd sp\u00e1nek. Ergonomick\u00fd p\u011bnov\u00fd kl\u00ednov\u00fd pol\u0161t\u00e1\u0159 zved\u00e1 horn\u00ed \u010d\u00e1st t\u011bla a \u00fa\u010dinn\u011b zm\u00edr\u0148uje bolesti zad, kysel\u00fd reflux a p\u00e1len\u00ed \u017e\u00e1hy. Tento pol\u0161t\u00e1\u0159, vypln\u011bn\u00fd p\u011bnou s vysokou hustotou pro dlouhotrvaj\u00edc\u00ed stabilitu, poskytuje pevnou oporu po celou noc a pom\u00e1h\u00e1 postrann\u00edm sp\u00e1\u010d\u016fm rychleji se zotavit.<\/li>\n<li>Komplexn\u00ed podpora: U\u017eijte si podporu cel\u00e9ho t\u011bla s prodlou\u017eenou horn\u00ed \u010d\u00e1st\u00ed ergonomick\u00e9ho pol\u0161t\u00e1\u0159e ve tvaru p\u00edsmene H, kter\u00fd se rozprost\u00edr\u00e1 od hlavy a\u017e k chodidl\u016fm. A\u0165 u\u017e va\u0161e boky, z\u00e1da, krk nebo b\u0159icho vy\u017eaduj\u00ed relaxaci, tento t\u011blov\u00fd pol\u0161t\u00e1\u0159 poskytuje podporu na m\u00edru. Spojovac\u00ed design uprost\u0159ed t\u011bla pol\u0161t\u00e1\u0159e zaji\u0161\u0165uje, \u017ee bo\u010dn\u00ed pol\u0161t\u00e1\u0159e na span\u00ed pro dosp\u011bl\u00e9 se neomotaj\u00ed kolem va\u0161eho t\u011bla, kdy\u017e se p\u0159evr\u00e1t\u00edte.<\/li>\n<\/ul>","protected":false},"featured_media":5945,"comment_status":"open","ping_status":"closed","template":"","meta":[],"product_brand":[],"product_cat":[228],"product_tag":[],"class_list":{"0":"post-5959","1":"product","2":"type-product","3":"status-publish","4":"has-post-thumbnail","6":"product_cat-cushions","8":"first","9":"instock","10":"shipping-taxable","11":"purchasable","12":"product-type-variable","13":"has-default-attributes"},"_links":{"self":[{"href":"https:\/\/www.largepillow.com\/cs\/wp-json\/wp\/v2\/product\/5959","targetHints":{"allow":["GET"]}}],"collection":[{"href":"https:\/\/www.largepillow.com\/cs\/wp-json\/wp\/v2\/product"}],"about":[{"href":"https:\/\/www.largepillow.com\/cs\/wp-json\/wp\/v2\/types\/product"}],"replies":[{"embeddable":true,"href":"https:\/\/www.largepillow.com\/cs\/wp-json\/wp\/v2\/comments?post=5959"}],"wp:featuredmedia":[{"embeddable":true,"href":"https:\/\/www.largepillow.com\/cs\/wp-json\/wp\/v2\/media\/5945"}],"wp:attachment":[{"href":"https:\/\/www.largepillow.com\/cs\/wp-json\/wp\/v2\/media?parent=5959"}],"wp:term":[{"taxonomy":"product_brand","embeddable":true,"href":"https:\/\/www.largepillow.com\/cs\/wp-json\/wp\/v2\/product_brand?post=5959"},{"taxonomy":"product_cat","embeddable":true,"href":"https:\/\/www.largepillow.com\/cs\/wp-json\/wp\/v2\/product_cat?post=5959"},{"taxonomy":"product_tag","embeddable":true,"href":"https:\/\/www.largepillow.com\/cs\/wp-json\/wp\/v2\/product_tag?post=5959"}],"curies":[{"name":"wp","href":"https:\/\/api.w.org\/{rel}","templated":true}]}}