{"id":614,"date":"2022-09-16T03:33:52","date_gmt":"2022-09-16T03:33:52","guid":{"rendered":"https:\/\/www.largepillow.com\/product\/bed-wedge-pillow-2"},"modified":"2026-04-11T08:10:25","modified_gmt":"2026-04-11T08:10:25","slug":"velky-zada-polstar-na-postel","status":"publish","type":"product","link":"https:\/\/www.largepillow.com\/cs\/product\/large-back-pillow-for-bed","title":{"rendered":"Velk\u00fd Pol\u0161t\u00e1\u0159 Na Postel"},"content":{"rendered":"<p>Za\u017eijte maxim\u00e1ln\u00ed pohodl\u00ed s na\u0161\u00edm pr\u00e9miov\u00fdm velk\u00fdm pol\u0161t\u00e1\u0159em na z\u00e1da do postele<\/p>\n<p>Dop\u0159ejte si nesrovnateln\u00e9 pohodl\u00ed s na\u0161\u00edm luxusn\u00edm pol\u0161t\u00e1\u0159em na z\u00e1da s velk\u00fdm z\u00e1dov\u00fdm pol\u0161t\u00e1\u0159em, kter\u00fd je navr\u017een tak, aby povznesl v\u00e1\u0161 z\u00e1\u017eitek p\u0159ed span\u00edm. A\u0165 u\u017e jste knihomol ztracen\u00fd v poh\u00e1dce, filmov\u00fd nad\u0161enec nebo prost\u011b hled\u00e1te \u00fatuln\u00e9 op\u011bradlo, n\u00e1\u0161 pol\u0161t\u00e1\u0159 na \u010delo v\u00e1s pokryje.<\/p>\n<p>V\u0161estrann\u00fd a multifunk\u010dn\u00ed<\/p>\n<p>V\u0161estrannost na\u0161eho podhlavn\u00edku nezn\u00e1 mez\u00ed. Pou\u017eijte jej jako op\u011brku zad p\u0159i \u010dten\u00ed, dlouh\u00fd kl\u00ednov\u00fd pol\u0161t\u00e1\u0159 pro v\u011bt\u0161\u00ed pohodl\u00ed nebo dokonce jako pol\u0161t\u00e1\u0159 na nohy pro uklidn\u011bn\u00ed unaven\u00fdch sval\u016f. Jeho stylov\u00fd design z n\u011bj d\u011bl\u00e1 v\u00edtan\u00fd dopln\u011bk do ka\u017ed\u00e9 lo\u017enice.<\/p>\n<p>Pr\u00e9miov\u00e9 materi\u00e1ly, neochv\u011bjn\u00e1 podpora<\/p>\n<p>N\u00e1\u0161 povlak na pol\u0161t\u00e1\u0159, vyroben\u00fd z prvot\u0159\u00eddn\u00ed sm\u011bsi polyesteru a lnu 100%, se m\u016f\u017ee pochlubit protkanou texturou a vynikaj\u00edc\u00edmi stehy, kter\u00e9 vyza\u0159uj\u00ed odolnost. Vysoce hust\u00e1, vysoce kvalitn\u00ed v\u00fdpl\u0148 z polyesterov\u00fdch vl\u00e1ken zaji\u0161\u0165uje v\u00fdjime\u010dnou podporu a zabra\u0148uje proh\u00fdb\u00e1n\u00ed i po del\u0161\u00edm pou\u017e\u00edv\u00e1n\u00ed.<\/p>\n<p>\u00dadr\u017eba bez n\u00e1mahy<\/p>\n<p>Udr\u017eov\u00e1n\u00ed v p\u016fvodn\u00edm stavu na\u0161eho pol\u0161t\u00e1\u0159e na \u010delo je hra\u010dka. Jednodu\u0161e rozepn\u011bte povlak pol\u0161t\u00e1\u0159e pomoc\u00ed snadno p\u0159\u00edstupn\u00e9ho zipu a dejte jej do pra\u010dky pro snadn\u00e9 \u010di\u0161t\u011bn\u00ed. Je to tak jednoduch\u00e9!<\/p>\n<p>Praktick\u00e1 \u00falo\u017en\u00e1 kapsa<\/p>\n<p>U\u017e nikdy neztrat\u00edte d\u00e1lkov\u00fd ovlada\u010d! N\u00e1\u0161 pol\u0161t\u00e1\u0159 na \u010delo m\u00e1 chytrou bo\u010dn\u00ed kapsu, kter\u00e1 poskytuje bezpe\u010dn\u00e9 a pohodln\u00e9 m\u00edsto pro ulo\u017een\u00ed va\u0161ich nezbytnost\u00ed.<\/p>\n<p>Ohlasy z\u00e1kazn\u00edk\u016f<\/p>\n<p>\u201eTento pol\u0161t\u00e1\u0159 je neuv\u011b\u0159iteln\u011b pohodln\u00fd! Pou\u017e\u00edv\u00e1m ho ke \u010dten\u00ed v posteli a d\u00edky n\u011bmu je moje no\u010dn\u00ed rutina mnohem p\u0159\u00edjemn\u011bj\u0161\u00ed.\u201c \u2013 Sarah J.<\/p>\n<p>\u201eMiluji v\u0161estrannost tohoto pol\u0161t\u00e1\u0159e. Je ide\u00e1ln\u00ed jak na leno\u0161en\u00ed, tak na span\u00ed. \u00dalo\u017en\u00e1 kapsa je fantastick\u00fd bonus!\u201d \u2013 Emily B.<\/p>\n<p>Dostupn\u00e9 velikosti<\/p>\n<p>N\u00e1\u0161 velk\u00fd pol\u0161t\u00e1\u0159 na z\u00e1da se dod\u00e1v\u00e1 v \u0159ad\u011b velikost\u00ed, aby vyhovoval va\u0161im pot\u0159eb\u00e1m:<\/p>\n<p>* 45 cm (D45 x \u016020 x V50)<br \/>\n* 60 cm (D60 x \u016020 x V50)<br \/>\n* 80 cm (D80 x \u016020 x V50)<br \/>\n* 100 cm (D100 x \u016020 x V50)<br \/>\n* 120 cm (D120 x \u016020 x V50)<br \/>\n* 140 cm (D140 x \u016020 x V50)<br \/>\n* 160 cm (D160 x \u016020 x V50)<br \/>\n* 180 cm (D180 x \u016020 x V50)<br \/>\n* 200 cm (D200 x \u016020 x V50)<\/p>\n<p>Vylep\u0161ete sv\u016fj z\u00e1\u017eitek ze span\u00ed a leno\u0161en\u00ed s na\u0161\u00edm velk\u00fdm pol\u0161t\u00e1\u0159em na z\u00e1da do postele je\u0161t\u011b dnes. Objednejte nyn\u00ed a u\u017e\u00edvejte si maxim\u00e1ln\u00ed pohodl\u00ed!<\/p>","protected":false},"excerpt":{"rendered":"<ul>\n<li><strong>Maxim\u00e1ln\u00ed pohodl\u00ed:<\/strong> N\u00e1\u0161 pol\u0161t\u00e1\u0159 na \u010delo je navr\u017een tak, aby v\u00e1m poskytl maxim\u00e1ln\u00ed pohodl\u00ed p\u0159i \u010dten\u00ed, sledov\u00e1n\u00ed televize nebo sp\u00e1nku. Je ide\u00e1ln\u00ed do postele, na pohovku, na v\u00e1lendu a dal\u0161\u00ed!<\/li>\n<li><strong>Multifunk\u010dn\u00ed design:<\/strong> N\u00e1\u0161 velk\u00fd podhlavn\u00edk lze pou\u017e\u00edt mnoha zp\u016fsoby \u2013 jako op\u011brn\u00fd pol\u0161t\u00e1\u0159 na \u010dten\u00ed, dlouh\u00fd kl\u00ednov\u00fd pol\u0161t\u00e1\u0159 nebo pol\u0161t\u00e1\u0159 na nohy pro zvednut\u00ed nohou. Je stylov\u00fd a funk\u010dn\u00ed, tak\u017ee je skv\u011bl\u00fdm dopl\u0148kem ka\u017ed\u00e9 lo\u017enice.<\/li>\n<li><strong>Pr\u00e9miov\u00e9 materi\u00e1ly:<\/strong> N\u00e1\u0161 povlak na pol\u0161t\u00e1\u0159 je vyroben z polyesteru 100% s protkanou texturou a vynikaj\u00edc\u00edmi stehy, kter\u00e9 jsou robustn\u00ed v\u0161ude kolem. Polstrov\u00e1n\u00ed je vyrobeno z vysoce kvalitn\u00edch polyesterov\u00fdch vl\u00e1ken o vysok\u00e9 hustot\u011b, kter\u00e9 zabra\u0148uj\u00ed proh\u00fdb\u00e1n\u00ed i po m\u011bs\u00edc\u00edch pou\u017e\u00edv\u00e1n\u00ed.<\/li>\n<li><strong>Snadno se \u010dist\u00ed:<\/strong> Povlak na pol\u0161t\u00e1\u0159 je p\u0159ipevn\u011bn k pol\u0161t\u00e1\u0159i pomoc\u00ed knofl\u00edk\u016f a lze jej snadno sejmout pomoc\u00ed jednoduch\u00e9ho zipu. Sta\u010d\u00ed sundat potah a rychle vyprat v pra\u010dce, aby v\u00e1\u0161 pol\u0161t\u00e1\u0159 vypadal jako nov\u00fd.<\/li>\n<li><strong>Dokonal\u00e1 \u00falo\u017en\u00e1 kapsa:<\/strong> N\u00e1\u0161 pol\u0161t\u00e1\u0159 na \u010delo m\u00e1 pohodlnou bo\u010dn\u00ed kapsu, kter\u00e1 zajist\u00ed, \u017ee u\u017e nikdy neztrat\u00edte d\u00e1lkov\u00fd ovlada\u010d.<\/li>\n<li><strong>Tkanina:<\/strong>\u00a0Sm\u011bs polyesteru a lnu.<\/li>\n<li><strong>Velikost:<\/strong> 45 cm (D45 x \u016020 x V50 | 0 tla\u010d\u00edtek), 60 cm (D60 x \u016020 x V50 | 0 tla\u010d\u00edtek), 80 cm (D80 x \u016020 x V50 | 2 tla\u010d\u00edtka), 100 cm (D100 x \u016020 x V50 | 3 tla\u010d\u00edtka), 120 cm ( D120 x \u016020 x V50 | 4 tla\u010d\u00edtka), 140 cm (D140 x \u016020 x V50 | 4 tla\u010d\u00edtka), 160 cm (D160 x \u016020 x V50 | 5 tla\u010d\u00edtek), 180 cm (D180 x \u016020 x V50 | 6 tla\u010d\u00edtek), 200 cm (L200 x \u016020 x V50 | 7 tla\u010d\u00edtek).<\/li>\n<\/ul>","protected":false},"featured_media":600,"comment_status":"open","ping_status":"closed","template":"","meta":[],"product_brand":[],"product_cat":[15],"product_tag":[187,75,168,197,189,184,143,59,71,198],"class_list":{"0":"post-614","1":"product","2":"type-product","3":"status-publish","4":"has-post-thumbnail","6":"product_cat-large-wedge-pillow","7":"product_tag-back-support-reading-pillow","8":"product_tag-daybed-pillow","9":"product_tag-headboard-pillow","10":"product_tag-large-back-pillow-for-bed","11":"product_tag-linen-pillow","12":"product_tag-long-wedge-pillow","13":"product_tag-multifunctional-pillow","14":"product_tag-reading-pillow","15":"product_tag-tv-pillow","16":"product_tag-white-pillow","18":"first","19":"instock","20":"featured","21":"shipping-taxable","22":"purchasable","23":"product-type-variable"},"_links":{"self":[{"href":"https:\/\/www.largepillow.com\/cs\/wp-json\/wp\/v2\/product\/614","targetHints":{"allow":["GET"]}}],"collection":[{"href":"https:\/\/www.largepillow.com\/cs\/wp-json\/wp\/v2\/product"}],"about":[{"href":"https:\/\/www.largepillow.com\/cs\/wp-json\/wp\/v2\/types\/product"}],"replies":[{"embeddable":true,"href":"https:\/\/www.largepillow.com\/cs\/wp-json\/wp\/v2\/comments?post=614"}],"wp:featuredmedia":[{"embeddable":true,"href":"https:\/\/www.largepillow.com\/cs\/wp-json\/wp\/v2\/media\/600"}],"wp:attachment":[{"href":"https:\/\/www.largepillow.com\/cs\/wp-json\/wp\/v2\/media?parent=614"}],"wp:term":[{"taxonomy":"product_brand","embeddable":true,"href":"https:\/\/www.largepillow.com\/cs\/wp-json\/wp\/v2\/product_brand?post=614"},{"taxonomy":"product_cat","embeddable":true,"href":"https:\/\/www.largepillow.com\/cs\/wp-json\/wp\/v2\/product_cat?post=614"},{"taxonomy":"product_tag","embeddable":true,"href":"https:\/\/www.largepillow.com\/cs\/wp-json\/wp\/v2\/product_tag?post=614"}],"curies":[{"name":"wp","href":"https:\/\/api.w.org\/{rel}","templated":true}]}}