{"id":640,"date":"2022-09-16T03:40:56","date_gmt":"2022-09-16T03:40:56","guid":{"rendered":"https:\/\/www.largepillow.com\/product\/leg-elevation-pillow-2"},"modified":"2025-11-24T12:37:09","modified_gmt":"2025-11-24T12:37:09","slug":"polstar-pro-celo-postele","status":"publish","type":"product","link":"https:\/\/www.largepillow.com\/cs\/product\/cushion-for-headboard","title":{"rendered":"Pol\u0161t\u00e1\u0159 Na \u010celo"},"content":{"rendered":"<p>Cushion For Headboard \u2013 maxim\u00e1ln\u00ed pohodl\u00ed, kter\u00e9 jste hledali! Tento pol\u0161t\u00e1\u0159 na \u010delo je navr\u017een s ohledem na va\u0161e pohodl\u00ed a je ide\u00e1ln\u00ed pro \u010dten\u00ed, sledov\u00e1n\u00ed televize nebo jen pro dobr\u00fd sp\u00e1nek. Je multifunk\u010dn\u00ed, stylov\u00fd a skv\u011bl\u00fd dopln\u011bk do ka\u017ed\u00e9 lo\u017enice.<\/p>\n<p>N\u00e1\u0161 velk\u00fd podhlavn\u00edk lze pou\u017e\u00edt mnoha zp\u016fsoby \u2013 jako op\u011brn\u00fd pol\u0161t\u00e1\u0159 na \u010dten\u00ed, dlouh\u00fd kl\u00ednov\u00fd pol\u0161t\u00e1\u0159 nebo pol\u0161t\u00e1\u0159 na nohy pro zvednut\u00ed nohou. Je vyrobena z vysoce kvalitn\u00edch polyesterov\u00fdch vl\u00e1ken s vysokou hustotou, kter\u00e1 zabra\u0148uj\u00ed proh\u00fdb\u00e1n\u00ed i po m\u011bs\u00edc\u00edch pou\u017e\u00edv\u00e1n\u00ed. Povlak na pol\u0161t\u00e1\u0159 je vyroben z polyesteru 100% s protkanou texturou a vynikaj\u00edc\u00edmi stehy, kter\u00e9 jsou kolem dokola pevn\u00e9.<\/p>\n<p>Jednou z nejlep\u0161\u00edch vlastnost\u00ed tohoto pol\u0161t\u00e1\u0159e na \u010delo je, \u017ee se snadno \u010dist\u00ed. Jednodu\u0161e sejm\u011bte povlak pomoc\u00ed jednoduch\u00e9ho zipu a rychle vyperte v pra\u010dce, aby v\u00e1\u0161 pol\u0161t\u00e1\u0159 vypadal jako nov\u00fd.<\/p>\n<p>Ale to nen\u00ed v\u0161e \u2013 n\u00e1\u0161 pol\u0161t\u00e1\u0159 na \u010delo m\u00e1 tak\u00e9 pohodlnou bo\u010dn\u00ed kapsu, kter\u00e1 zajist\u00ed, \u017ee u\u017e nikdy neztrat\u00edte d\u00e1lkov\u00fd ovlada\u010d. Je to perfektn\u00ed \u00falo\u017en\u00e1 kapsa pro v\u0161echny va\u0161e nezbytnosti.<\/p>\n<p>Nab\u00edz\u00edme r\u016fzn\u00e9 velikosti tohoto pol\u0161t\u00e1\u0159e, od 45 cm do 200 cm. M\u016f\u017eete si vybrat velikost, kter\u00e1 nejl\u00e9pe vyhovuje va\u0161\u00ed posteli a \u010delu. Pol\u0161t\u00e1\u0159 je vyroben ze sm\u011bsi polyesteru a lnu, co\u017e je pohodln\u00fd a odoln\u00fd materi\u00e1l.<\/p>\n<p>Neberte n\u00e1s za slovo, zde je n\u011bkolik koment\u00e1\u0159\u016f od na\u0161ich spokojen\u00fdch z\u00e1kazn\u00edk\u016f:<\/p>\n<p>&quot;Naprosto miluji tento pol\u0161t\u00e1\u0159. Je to tak pohodln\u00e9 a pevn\u00e9. Pou\u017e\u00edv\u00e1m ho ka\u017edou noc ke \u010dten\u00ed p\u0159ed span\u00edm.\u201c<\/p>\n<p>\u201eL\u00e1tka je vysoce kvalitn\u00ed a pol\u0161t\u00e1\u0159 je kr\u00e1sn\u011b vyroben\u00fd. L\u00edb\u00ed se mi bo\u010dn\u00ed kapsa, proto\u017ee je tak pohodln\u00e1.\u201c<\/p>\n<p>&quot;Tento pol\u0161t\u00e1\u0159 mi ud\u011blal postel mnohem pohodln\u011bj\u0161\u00ed.&quot; Je to jako m\u00edt \u00fatuln\u00e9 hn\u00edzde\u010dko, ve kter\u00e9m se d\u00e1 relaxovat.\u201c<\/p>\n<p>Na z\u00e1v\u011br, pokud hled\u00e1te pohodln\u00fd a multifunk\u010dn\u00ed pol\u0161t\u00e1\u0159 na \u010delo, n\u00e1\u0161 Cushion For Headboard je pro v\u00e1s perfektn\u00ed volbou. Je stylov\u00fd, funk\u010dn\u00ed a snadno se \u010dist\u00ed. Objednejte si sv\u016fj je\u0161t\u011b dnes a za\u017eijte maxim\u00e1ln\u00ed pohodl\u00ed!<\/p>","protected":false},"excerpt":{"rendered":"<ul>\n<li><strong>Maxim\u00e1ln\u00ed pohodl\u00ed:<\/strong> N\u00e1\u0161 pol\u0161t\u00e1\u0159 na \u010delo je navr\u017een tak, aby v\u00e1m poskytl maxim\u00e1ln\u00ed pohodl\u00ed p\u0159i \u010dten\u00ed, sledov\u00e1n\u00ed televize nebo sp\u00e1nku. Je ide\u00e1ln\u00ed do postele, na pohovku, na v\u00e1lendu a dal\u0161\u00ed!<\/li>\n<li><strong>Multifunk\u010dn\u00ed design:<\/strong> N\u00e1\u0161 velk\u00fd podhlavn\u00edk lze pou\u017e\u00edt mnoha zp\u016fsoby \u2013 jako op\u011brn\u00fd pol\u0161t\u00e1\u0159 na \u010dten\u00ed, dlouh\u00fd kl\u00ednov\u00fd pol\u0161t\u00e1\u0159 nebo pol\u0161t\u00e1\u0159 na nohy pro zvednut\u00ed nohou. Je stylov\u00fd a funk\u010dn\u00ed, tak\u017ee je skv\u011bl\u00fdm dopl\u0148kem ka\u017ed\u00e9 lo\u017enice.<\/li>\n<li><strong>Pr\u00e9miov\u00e9 materi\u00e1ly:<\/strong> N\u00e1\u0161 povlak na pol\u0161t\u00e1\u0159 je vyroben z polyesteru 100% s protkanou texturou a vynikaj\u00edc\u00edmi stehy, kter\u00e9 jsou robustn\u00ed v\u0161ude kolem. Polstrov\u00e1n\u00ed je vyrobeno z vysoce kvalitn\u00edch polyesterov\u00fdch vl\u00e1ken o vysok\u00e9 hustot\u011b, kter\u00e9 zabra\u0148uj\u00ed proh\u00fdb\u00e1n\u00ed i po m\u011bs\u00edc\u00edch pou\u017e\u00edv\u00e1n\u00ed.<\/li>\n<li><strong>Snadno se \u010dist\u00ed:<\/strong> Povlak na pol\u0161t\u00e1\u0159 je p\u0159ipevn\u011bn k pol\u0161t\u00e1\u0159i pomoc\u00ed knofl\u00edk\u016f a lze jej snadno sejmout pomoc\u00ed jednoduch\u00e9ho zipu. Sta\u010d\u00ed sundat potah a rychle vyprat v pra\u010dce, aby v\u00e1\u0161 pol\u0161t\u00e1\u0159 vypadal jako nov\u00fd.<\/li>\n<li><strong>Dokonal\u00e1 \u00falo\u017en\u00e1 kapsa:<\/strong> N\u00e1\u0161 pol\u0161t\u00e1\u0159 na \u010delo m\u00e1 pohodlnou bo\u010dn\u00ed kapsu, kter\u00e1 zajist\u00ed, \u017ee u\u017e nikdy neztrat\u00edte d\u00e1lkov\u00fd ovlada\u010d.<\/li>\n<li><strong>Tkanina:<\/strong>\u00a0Sm\u011bs polyesteru a lnu.<\/li>\n<li><strong>Velikost:<\/strong> 45 cm (D45 x \u016020 x V50 | 0 tla\u010d\u00edtek), 60 cm (D60 x \u016020 x V50 | 0 tla\u010d\u00edtek), 80 cm (D80 x \u016020 x V50 | 2 tla\u010d\u00edtka), 100 cm (D100 x \u016020 x V50 | 3 tla\u010d\u00edtka), 120 cm ( D120 x \u016020 x V50 | 4 tla\u010d\u00edtka), 140 cm (D140 x \u016020 x V50 | 4 tla\u010d\u00edtka), 160 cm (D160 x \u016020 x V50 | 5 tla\u010d\u00edtek), 180 cm (D180 x \u016020 x V50 | 6 tla\u010d\u00edtek), 200 cm (L200 x \u016020 x V50 | 7 tla\u010d\u00edtek).<\/li>\n<\/ul>","protected":false},"featured_media":624,"comment_status":"open","ping_status":"closed","template":"","meta":[],"product_brand":[],"product_cat":[15],"product_tag":[66,187,195,196,192,189,184,143,59],"class_list":{"0":"post-640","1":"product","2":"type-product","3":"status-publish","4":"has-post-thumbnail","6":"product_cat-large-wedge-pillow","7":"product_tag-back-support-pillow","8":"product_tag-back-support-reading-pillow","9":"product_tag-brown-pillow","10":"product_tag-cushion-for-headboard","11":"product_tag-headboard-cushion","12":"product_tag-linen-pillow","13":"product_tag-long-wedge-pillow","14":"product_tag-multifunctional-pillow","15":"product_tag-reading-pillow","17":"first","18":"instock","19":"shipping-taxable","20":"purchasable","21":"product-type-variable"},"_links":{"self":[{"href":"https:\/\/www.largepillow.com\/cs\/wp-json\/wp\/v2\/product\/640","targetHints":{"allow":["GET"]}}],"collection":[{"href":"https:\/\/www.largepillow.com\/cs\/wp-json\/wp\/v2\/product"}],"about":[{"href":"https:\/\/www.largepillow.com\/cs\/wp-json\/wp\/v2\/types\/product"}],"replies":[{"embeddable":true,"href":"https:\/\/www.largepillow.com\/cs\/wp-json\/wp\/v2\/comments?post=640"}],"wp:featuredmedia":[{"embeddable":true,"href":"https:\/\/www.largepillow.com\/cs\/wp-json\/wp\/v2\/media\/624"}],"wp:attachment":[{"href":"https:\/\/www.largepillow.com\/cs\/wp-json\/wp\/v2\/media?parent=640"}],"wp:term":[{"taxonomy":"product_brand","embeddable":true,"href":"https:\/\/www.largepillow.com\/cs\/wp-json\/wp\/v2\/product_brand?post=640"},{"taxonomy":"product_cat","embeddable":true,"href":"https:\/\/www.largepillow.com\/cs\/wp-json\/wp\/v2\/product_cat?post=640"},{"taxonomy":"product_tag","embeddable":true,"href":"https:\/\/www.largepillow.com\/cs\/wp-json\/wp\/v2\/product_tag?post=640"}],"curies":[{"name":"wp","href":"https:\/\/api.w.org\/{rel}","templated":true}]}}