{"id":712,"date":"2022-09-16T05:49:00","date_gmt":"2022-09-16T05:49:00","guid":{"rendered":"https:\/\/www.largepillow.com\/product\/triangle-pillow"},"modified":"2025-08-21T14:57:02","modified_gmt":"2025-08-21T14:57:02","slug":"velky-polstar-na-celo-postele","status":"publish","type":"product","link":"https:\/\/www.largepillow.com\/cs\/product\/big-pillow-for-bed-headboard","title":{"rendered":"Velk\u00fd Pol\u0161t\u00e1\u0159 Na \u010celo Postele"},"content":{"rendered":"<p>Zvy\u0161te sv\u00e9 pohodl\u00ed s velk\u00fdm pol\u0161t\u00e1\u0159em pro \u010delo postele: Nezbytn\u00e1 sou\u010d\u00e1st ka\u017ed\u00e9 dom\u00e1cnosti<\/p>\n<p>P\u0159i hled\u00e1n\u00ed maxim\u00e1ln\u00edho pohodl\u00ed v na\u0161ich obytn\u00fdch prostorech vynik\u00e1 \u010delo postele Big Pillow For Bed jako v\u0161estrann\u00fd a nezbytn\u00fd dopln\u011bk ka\u017ed\u00e9 modern\u00ed lo\u017enice, ob\u00fdvac\u00edho pokoje nebo \u00fatuln\u00e9ho koutu. Tento multifunk\u010dn\u00ed pol\u0161t\u00e1\u0159 nen\u00ed jen ozdobou; je to spole\u010dn\u00edk pro chv\u00edle odpo\u010dinku, p\u0159izp\u016fsoben\u00fd tak, aby zv\u00fd\u0161il va\u0161e pohodl\u00ed, a\u0165 u\u017e si dop\u0159\u00e1v\u00e1te svou obl\u00edbenou knihu, doh\u00e1n\u00edte sv\u016fj obl\u00edben\u00fd seri\u00e1l nebo se un\u00e1\u0161\u00edte do klidn\u00e9ho sp\u00e1nku.<\/p>\n<p>P\u0159edefinov\u00e1no maxim\u00e1ln\u00ed pohodl\u00ed<\/p>\n<p>\u010celo postele Big Pillow For Bed, vytvo\u0159en\u00e9 tak, aby vyhovovalo va\u0161im pot\u0159eb\u00e1m v oblasti pohodl\u00ed, je navr\u017eeno tak, aby slou\u017eilo jako v\u00e1\u0161 dokonal\u00fd relaxa\u010dn\u00ed partner. A\u0165 u\u017e je um\u00edst\u011bn proti \u010delu postele, na pohovce nebo v\u00e1lendu, slibuje bezkonkuren\u010dn\u00ed pohodl\u00ed a podporu. Jeho v\u0161estrannost p\u0159esahuje pouhou op\u011brku zad na \u010dten\u00ed; slou\u017e\u00ed jako dlouh\u00fd kl\u00ednov\u00fd pol\u0161t\u00e1\u0159 nebo pol\u0161t\u00e1\u0159 na nohy, kter\u00fd zvedne va\u0161e nohy, zt\u011bles\u0148uje styl a funk\u010dnost v jednom.<\/p>\n<p>Pr\u00e9miov\u00e9 materi\u00e1ly pro trval\u00e9 pohodl\u00ed<\/p>\n<p>D\u00edky pou\u017eit\u00ed polyesteru 100% pro povlak na pol\u0161t\u00e1\u0159 s vynikaj\u00edc\u00ed propletenou texturou a p\u0159esn\u00fdmi stehy je zaru\u010dena odolnost. Polyesterov\u00e1 vl\u00e1kna s vysokou hustotou pou\u017eit\u00e1 jako v\u00fdpl\u0148 zaji\u0161\u0165uj\u00ed, \u017ee pol\u0161t\u00e1\u0159 si zachov\u00e1v\u00e1 sv\u016fj tvar a podporu a zabra\u0148uje proh\u00fdb\u00e1n\u00ed i po del\u0161\u00edm pou\u017e\u00edv\u00e1n\u00ed. Tento z\u00e1vazek ke kvalitn\u00edm materi\u00e1l\u016fm zaji\u0161\u0165uje, \u017ee va\u0161e pohodl\u00ed nebude nikdy ohro\u017eeno.<\/p>\n<p>\u00dadr\u017eba bez n\u00e1mahy<\/p>\n<p>D\u00edky pochopen\u00ed pot\u0159eby jednoduchosti a pohodl\u00ed, zejm\u00e9na v dne\u0161n\u00edm usp\u011bchan\u00e9m sv\u011bt\u011b, m\u00e1 \u010delo postele Big Pillow For Bed potah, kter\u00fd lze bez n\u00e1mahy sundat pomoc\u00ed jednoduch\u00e9ho zipov\u00e9ho mechanismu. Potah se p\u0159ipev\u0148uje pomoc\u00ed knofl\u00edk\u016f a lze jej snadno sundat pro rychl\u00e9 vypr\u00e1n\u00ed v pra\u010dce, p\u0159i\u010dem\u017e pol\u0161t\u00e1\u0159 z\u016fstane sv\u011b\u017e\u00ed a p\u0159\u00edjemn\u00fd.<\/p>\n<p>Navr\u017eeno s ohledem na v\u00e1s<\/p>\n<p>Jednou z v\u00fdjime\u010dn\u00fdch funkc\u00ed je inovativn\u00ed \u00falo\u017en\u00e1 kapsa, d\u016fmysln\u011b navr\u017een\u00e1 tak, aby m\u011bla z\u00e1kladn\u00ed v\u011bci, jako jsou d\u00e1lkov\u00e9 ovlada\u010de, na dosah ruky, \u010d\u00edm\u017e eliminuje frustraci z nespr\u00e1vn\u011b um\u00edst\u011bn\u00fdch p\u0159edm\u011bt\u016f. Nav\u00edc sm\u011bs polyesteru a lnu nab\u00edz\u00ed nejen odolnost, ale tak\u00e9 n\u00e1dech elegance do ka\u017ed\u00e9ho prostoru.<\/p>\n<p>V\u0161estrannost ve velikosti<\/p>\n<p>S \u0159adou velikost\u00ed v rozmez\u00ed od 45 cm do 200 cm, vybaven\u00fdch r\u016fzn\u00fdm po\u010dtem tla\u010d\u00edtek pro estetick\u00e9 a funk\u010dn\u00ed variace, je zde Big Pillow For Bed Headboard p\u0159izp\u016fsoben\u00fd tak, aby vyhovoval v\u0161em pot\u0159eb\u00e1m a prostoru. A\u0165 u\u017e m\u00e1te kompaktn\u00ed jednol\u016f\u017eko nebo rozlehlou man\u017eelskou postel, tento pol\u0161t\u00e1\u0159 na \u010delo lze p\u0159izp\u016fsobit tak, aby odpov\u00eddal.<\/p>\n<p>Ohlas z\u00e1kazn\u00edk\u016f: Skute\u010dn\u00e9 zku\u0161enosti<\/p>\n<p>Na\u0161i z\u00e1kazn\u00edci, zastoupeni \u0159adou pozitivn\u00edch koment\u00e1\u0159\u016f, se pod\u011blili o sv\u00e9 zku\u0161enosti a vyzdvihli vysoce kvalitn\u00ed l\u00e1tkovou sm\u011bs pol\u0161t\u00e1\u0159e \u201etroj\u00faheln\u00edkov\u00fd z\u00e1dov\u00fd pol\u0161t\u00e1\u0159, bavlna a len\u201c, kter\u00e1 dod\u00e1v\u00e1 jejich prostor\u016fm n\u00e1dech luxusu a pohodl\u00ed. Mnoz\u00ed chv\u00e1lili jeho multifunk\u010dn\u00ed design a poznamenali, \u017ee v\u00fdrazn\u011b zv\u00fd\u0161il jejich pohodl\u00ed p\u0159i r\u016fzn\u00fdch \u010dinnostech, jako je \u010dten\u00ed a sp\u00e1nek. Velmi cen\u011bn\u00fdm aspektem byla tak\u00e9 funkce snadn\u00e9ho \u010di\u0161t\u011bn\u00ed, kter\u00e1 podtrhuje kombinaci funk\u010dnosti a jednoduchosti pol\u0161t\u00e1\u0159e.<\/p>\n<p>Z\u00e1v\u011br<\/p>\n<p>Velk\u00fd pol\u0161t\u00e1\u0159 pro \u010delo postele je v\u00edc ne\u017e jen pol\u0161t\u00e1\u0159; je to d\u016fkaz spojen\u00ed funk\u010dnosti, pohodl\u00ed a stylu. Jeho pr\u00e9miov\u00e9 materi\u00e1ly, snadn\u00e1 \u00fadr\u017eba a multifunk\u010dn\u00ed design z n\u011bj \u010din\u00ed nepostradateln\u00fd dopln\u011bk v ka\u017ed\u00e9 dom\u00e1cnosti. Zvy\u0161te sv\u00e9 pohodl\u00ed a dodejte sv\u00e9mu prostoru n\u00e1dech elegance s t\u00edmto pol\u0161t\u00e1\u0159em, kter\u00fd mus\u00edte m\u00edt. Jak ji\u017e na\u0161i spokojen\u00ed z\u00e1kazn\u00edci v\u011bd\u00ed, je to investice do va\u0161eho pohodl\u00ed a estetick\u00e9ho vzhledu va\u0161eho domova.<\/p>","protected":false},"excerpt":{"rendered":"<ul>\n<li><strong>Maxim\u00e1ln\u00ed pohodl\u00ed:<\/strong> N\u00e1\u0161 pol\u0161t\u00e1\u0159 na \u010delo je navr\u017een tak, aby v\u00e1m poskytl maxim\u00e1ln\u00ed pohodl\u00ed p\u0159i \u010dten\u00ed, sledov\u00e1n\u00ed televize nebo sp\u00e1nku. Je ide\u00e1ln\u00ed do postele, na pohovku, na v\u00e1lendu a dal\u0161\u00ed!<\/li>\n<li><strong>Multifunk\u010dn\u00ed design:<\/strong> N\u00e1\u0161 velk\u00fd podhlavn\u00edk lze pou\u017e\u00edt mnoha zp\u016fsoby \u2013 jako op\u011brn\u00fd pol\u0161t\u00e1\u0159 na \u010dten\u00ed, dlouh\u00fd kl\u00ednov\u00fd pol\u0161t\u00e1\u0159 nebo pol\u0161t\u00e1\u0159 na nohy pro zvednut\u00ed nohou. Je stylov\u00fd a funk\u010dn\u00ed, tak\u017ee je skv\u011bl\u00fdm dopl\u0148kem ka\u017ed\u00e9 lo\u017enice.<\/li>\n<li><strong>Pr\u00e9miov\u00e9 materi\u00e1ly:<\/strong> N\u00e1\u0161 povlak na pol\u0161t\u00e1\u0159 je vyroben z polyesteru 100% s protkanou texturou a vynikaj\u00edc\u00edmi stehy, kter\u00e9 jsou robustn\u00ed v\u0161ude kolem. Polstrov\u00e1n\u00ed je vyrobeno z vysoce kvalitn\u00edch polyesterov\u00fdch vl\u00e1ken o vysok\u00e9 hustot\u011b, kter\u00e9 zabra\u0148uj\u00ed proh\u00fdb\u00e1n\u00ed i po m\u011bs\u00edc\u00edch pou\u017e\u00edv\u00e1n\u00ed.<\/li>\n<li><strong>Snadno se \u010dist\u00ed:<\/strong> Povlak na pol\u0161t\u00e1\u0159 je p\u0159ipevn\u011bn k pol\u0161t\u00e1\u0159i pomoc\u00ed knofl\u00edk\u016f a lze jej snadno sejmout pomoc\u00ed jednoduch\u00e9ho zipu. Sta\u010d\u00ed sundat potah a rychle vyprat v pra\u010dce, aby v\u00e1\u0161 pol\u0161t\u00e1\u0159 vypadal jako nov\u00fd.<\/li>\n<li><strong>Dokonal\u00e1 \u00falo\u017en\u00e1 kapsa:<\/strong> N\u00e1\u0161 pol\u0161t\u00e1\u0159 na \u010delo m\u00e1 pohodlnou bo\u010dn\u00ed kapsu, kter\u00e1 zajist\u00ed, \u017ee u\u017e nikdy neztrat\u00edte d\u00e1lkov\u00fd ovlada\u010d.<\/li>\n<li><strong>Tkanina:<\/strong>\u00a0Sm\u011bs polyesteru a lnu.<\/li>\n<li><strong>Velikost:<\/strong> 45 cm (D45 x \u016020 x V50 | 0 tla\u010d\u00edtek), 60 cm (D60 x \u016020 x V50 | 0 tla\u010d\u00edtek), 80 cm (D80 x \u016020 x V50 | 2 tla\u010d\u00edtka), 100 cm (D100 x \u016020 x V50 | 3 tla\u010d\u00edtka), 120 cm ( D120 x \u016020 x V50 | 4 tla\u010d\u00edtka), 140 cm (D140 x \u016020 x V50 | 4 tla\u010d\u00edtka), 160 cm (D160 x \u016020 x V50 | 5 tla\u010d\u00edtek), 180 cm (D180 x \u016020 x V50 | 6 tla\u010d\u00edtek), 200 cm (L200 x \u016020 x V50 | 7 tla\u010d\u00edtek).<\/li>\n<\/ul>","protected":false},"featured_media":698,"comment_status":"open","ping_status":"closed","template":"","meta":[],"product_brand":[],"product_cat":[15],"product_tag":[187,186,185,75,168,163,184,143],"class_list":{"0":"post-712","1":"product","2":"type-product","3":"status-publish","4":"has-post-thumbnail","6":"product_cat-large-wedge-pillow","7":"product_tag-back-support-reading-pillow","8":"product_tag-bed-headboard","9":"product_tag-big-pillow","10":"product_tag-daybed-pillow","11":"product_tag-headboard-pillow","12":"product_tag-leg-pillow","13":"product_tag-long-wedge-pillow","14":"product_tag-multifunctional-pillow","16":"first","17":"instock","18":"shipping-taxable","19":"purchasable","20":"product-type-variable"},"_links":{"self":[{"href":"https:\/\/www.largepillow.com\/cs\/wp-json\/wp\/v2\/product\/712","targetHints":{"allow":["GET"]}}],"collection":[{"href":"https:\/\/www.largepillow.com\/cs\/wp-json\/wp\/v2\/product"}],"about":[{"href":"https:\/\/www.largepillow.com\/cs\/wp-json\/wp\/v2\/types\/product"}],"replies":[{"embeddable":true,"href":"https:\/\/www.largepillow.com\/cs\/wp-json\/wp\/v2\/comments?post=712"}],"wp:featuredmedia":[{"embeddable":true,"href":"https:\/\/www.largepillow.com\/cs\/wp-json\/wp\/v2\/media\/698"}],"wp:attachment":[{"href":"https:\/\/www.largepillow.com\/cs\/wp-json\/wp\/v2\/media?parent=712"}],"wp:term":[{"taxonomy":"product_brand","embeddable":true,"href":"https:\/\/www.largepillow.com\/cs\/wp-json\/wp\/v2\/product_brand?post=712"},{"taxonomy":"product_cat","embeddable":true,"href":"https:\/\/www.largepillow.com\/cs\/wp-json\/wp\/v2\/product_cat?post=712"},{"taxonomy":"product_tag","embeddable":true,"href":"https:\/\/www.largepillow.com\/cs\/wp-json\/wp\/v2\/product_tag?post=712"}],"curies":[{"name":"wp","href":"https:\/\/api.w.org\/{rel}","templated":true}]}}