{"id":7330,"date":"2025-05-14T03:08:46","date_gmt":"2025-05-14T03:08:46","guid":{"rendered":"https:\/\/www.largepillow.com\/product\/back-support-reading-pillow-for-bed-headboard-cushion"},"modified":"2025-06-01T00:00:00","modified_gmt":"2025-06-01T00:00:00","slug":"polstar-na-cteni-s-operkou-zad-na-celo-postele","status":"publish","type":"product","link":"https:\/\/www.largepillow.com\/cs\/product\/back-support-reading-pillow-for-bed-headboard-cushion\/","title":{"rendered":"\u010ctec\u00ed pol\u0161t\u00e1\u0159 s op\u011brkou zad pro pol\u0161t\u00e1\u0159 na \u010delo postele"},"content":{"rendered":"[zc_getpagecontent mb=&#8221;mb_aplus&#8221; apid=&#8221;125&#8243;]\n","protected":false},"excerpt":{"rendered":"<ul>\n<li>Maxim\u00e1ln\u00ed pohodl\u00ed: Tento pol\u0161t\u00e1\u0159 k \u010delu postele je navr\u017een tak, aby v\u00e1m poskytl maxim\u00e1ln\u00ed pohodl\u00ed p\u0159i \u010dten\u00ed, sledov\u00e1n\u00ed televize nebo span\u00ed. Je vhodn\u00fd do postele, pohovky, denn\u00ed postele a dal\u0161\u00edch prostor!<\/li>\n<li>Tento velk\u00fd troj\u00faheln\u00edkov\u00fd pol\u0161t\u00e1\u0159 s vynikaj\u00edc\u00edm designem v\u0161\u00edvan\u00fdch knofl\u00edk\u016f. Tip na \u010di\u0161t\u011bn\u00ed: Povlak na pol\u0161t\u00e1\u0159 je odn\u00edmateln\u00fd a pod ka\u017ed\u00fdm knofl\u00edkem m\u00e1 knofl\u00edkov\u00e9 d\u00edrky, ale knofl\u00edkov\u00e9 d\u00edrky na skl\u00e1dan\u00e9 l\u00e1tce jsou men\u0161\u00ed, co\u017e zt\u011b\u017euje v\u00fdm\u011bnu povlaku na pol\u0161t\u00e1\u0159.<\/li>\n<li>V\u00edce\u00fa\u010delov\u00fd: N\u011bkte\u0159\u00ed lid\u00e9 pou\u017e\u00edvaj\u00ed op\u011brn\u00fd pol\u0161t\u00e1\u0159 jako \u010delo postele, jin\u00ed jej pou\u017e\u00edvaj\u00ed jako matraci, m\u016f\u017ee tak\u00e9 slou\u017eit jako pol\u0161t\u00e1\u0159 na op\u011bradlo pohovky, denn\u00ed postele nebo rohov\u00fd pol\u0161t\u00e1\u0159 na pohovku. Je stylov\u00fd i funk\u010dn\u00ed, tak\u017ee je skv\u011bl\u00fdm dopl\u0148kem do ka\u017ed\u00e9 lo\u017enice.<\/li>\n<li>Vysoce kvalitn\u00ed materi\u00e1l: Sko\u0159epina je vyrobena z hladk\u00e9ho a m\u011bkk\u00e9ho materi\u00e1lu, potah pol\u0161t\u00e1\u0159e na op\u011bradlo multifunk\u010dn\u00ed postele je prody\u0161n\u00fd, jemn\u00fd na dotek a odoln\u00fd proti opot\u0159eben\u00ed; troj\u00faheln\u00edkov\u00e1 vlo\u017eka pol\u0161t\u00e1\u0159e je vypln\u011bna PP bavlnou, kter\u00e1 m\u00e1 dobrou pru\u017enost a je m\u011bkk\u00e1, co\u017e je mnohem m\u011bk\u010d\u00ed ne\u017e pam\u011b\u0165ov\u00e1 p\u011bna.<\/li>\n<li>Bionick\u00fd kl\u00ednov\u00fd pol\u0161t\u00e1\u0159: Ergonomick\u00fd pol\u0161t\u00e1\u0159 dok\u00e1\u017ee podpo\u0159it p\u0159irozen\u00e9 zak\u0159iven\u00ed zad a poskytnout optim\u00e1ln\u00ed polohu horn\u00ed \u010d\u00e1sti t\u011bla, co\u017e pom\u00e1h\u00e1 p\u0159edch\u00e1zet mnoha zdravotn\u00edm probl\u00e9m\u016fm. Tak\u00e9 v\u00e1m usnad\u0148uje odpo\u010dinek p\u0159i \u010dten\u00ed nebo hran\u00ed u po\u010d\u00edta\u010de a uvol\u0148uje stres. Pol\u0161t\u00e1\u0159 poskytuje vynikaj\u00edc\u00ed oporu pro z\u00e1da a krk, sni\u017euje stres v z\u00e1dech a ramenou, poskytuje oporu a pohodl\u00ed p\u0159i \u010dten\u00ed a sledov\u00e1n\u00ed televize.<\/li>\n<li>Velikost: D\u00e9lka 140 cm * \u0160\u00ed\u0159ka u z\u00e1kladny 24 cm * V\u00fd\u0161ka 50 cm<\/li>\n<\/ul>","protected":false},"featured_media":7324,"comment_status":"open","ping_status":"closed","template":"","meta":[],"product_brand":[],"product_cat":[15],"product_tag":[],"class_list":{"0":"post-7330","1":"product","2":"type-product","3":"status-publish","4":"has-post-thumbnail","6":"product_cat-large-wedge-pillow","8":"first","9":"instock","10":"shipping-taxable","11":"purchasable","12":"product-type-variable","13":"has-default-attributes"},"_links":{"self":[{"href":"https:\/\/www.largepillow.com\/cs\/wp-json\/wp\/v2\/product\/7330","targetHints":{"allow":["GET"]}}],"collection":[{"href":"https:\/\/www.largepillow.com\/cs\/wp-json\/wp\/v2\/product"}],"about":[{"href":"https:\/\/www.largepillow.com\/cs\/wp-json\/wp\/v2\/types\/product"}],"replies":[{"embeddable":true,"href":"https:\/\/www.largepillow.com\/cs\/wp-json\/wp\/v2\/comments?post=7330"}],"wp:featuredmedia":[{"embeddable":true,"href":"https:\/\/www.largepillow.com\/cs\/wp-json\/wp\/v2\/media\/7324"}],"wp:attachment":[{"href":"https:\/\/www.largepillow.com\/cs\/wp-json\/wp\/v2\/media?parent=7330"}],"wp:term":[{"taxonomy":"product_brand","embeddable":true,"href":"https:\/\/www.largepillow.com\/cs\/wp-json\/wp\/v2\/product_brand?post=7330"},{"taxonomy":"product_cat","embeddable":true,"href":"https:\/\/www.largepillow.com\/cs\/wp-json\/wp\/v2\/product_cat?post=7330"},{"taxonomy":"product_tag","embeddable":true,"href":"https:\/\/www.largepillow.com\/cs\/wp-json\/wp\/v2\/product_tag?post=7330"}],"curies":[{"name":"wp","href":"https:\/\/api.w.org\/{rel}","templated":true}]}}