{"id":735,"date":"2022-09-16T06:11:33","date_gmt":"2022-09-16T06:11:33","guid":{"rendered":"https:\/\/www.largepillow.com\/product\/wedge-pillow-for-acid-reflux_37"},"modified":"2024-10-03T16:31:35","modified_gmt":"2024-10-03T16:31:35","slug":"velke-celo-polstar","status":"publish","type":"product","link":"https:\/\/www.largepillow.com\/cs\/product\/large-headboard-pillow","title":{"rendered":"Velk\u00fd pol\u0161t\u00e1\u0159 na \u010delo"},"content":{"rendered":"<p>Velk\u00fd pol\u0161t\u00e1\u0159 na \u010delo \u2013 dokonal\u00fd spole\u010dn\u00edk pro va\u0161i postel nebo pohovku! A\u0165 u\u017e \u010dtete, sledujete televizi nebo sp\u00edte, tento pol\u0161t\u00e1\u0159 je navr\u017een tak, aby v\u00e1m poskytl v\u00fdjime\u010dn\u00e9 pohodl\u00ed a podporu.<\/p>\n<p>Tento velk\u00fd podhlavn\u00edk se m\u016f\u017ee pochlubit multifunk\u010dn\u00edm designem, kter\u00fd v\u00e1m umo\u017e\u0148uje pou\u017e\u00edvat jej mnoha zp\u016fsoby. M\u016f\u017eete si ho op\u0159\u00edt o \u010delo postele, abyste vytvo\u0159ili pohodln\u00fd pol\u0161t\u00e1\u0159 na \u010dten\u00ed pro z\u00e1da, pou\u017e\u00edt ho jako dlouh\u00fd kl\u00ednov\u00fd pol\u0161t\u00e1\u0159 na podep\u0159en\u00ed nohou nebo dokonce jako pol\u0161t\u00e1\u0159 na nohy, abyste nohy zvedli. Je stylov\u00fd a funk\u010dn\u00ed, tak\u017ee je skv\u011bl\u00fdm dopl\u0148kem ka\u017ed\u00e9 lo\u017enice.<\/p>\n<p>Pr\u00e9miov\u00e9 materi\u00e1ly pou\u017eit\u00e9 k v\u00fdrob\u011b tohoto pol\u0161t\u00e1\u0159e jsou bezkonkuren\u010dn\u00ed. Povlak na pol\u0161t\u00e1\u0159 je vyroben ze sm\u011bsi polyesteru a lnu 100% s propletenou texturou a vynikaj\u00edc\u00edmi stehy, kter\u00e9 jsou pevn\u00e9 v\u0161ude kolem. Polstrov\u00e1n\u00ed je vyrobeno z vysoce kvalitn\u00edch polyesterov\u00fdch vl\u00e1ken o vysok\u00e9 hustot\u011b, kter\u00e9 zabra\u0148uj\u00ed proh\u00fdb\u00e1n\u00ed i po m\u011bs\u00edc\u00edch pou\u017e\u00edv\u00e1n\u00ed.<\/p>\n<p>Udr\u017eov\u00e1n\u00ed pol\u0161t\u00e1\u0159e v \u010distot\u011b je hra\u010dka d\u00edky snadno sn\u00edmateln\u00e9mu potahu, kter\u00fd je k pol\u0161t\u00e1\u0159i p\u0159ipevn\u011bn pomoc\u00ed tla\u010d\u00edtek. Jednodu\u0161e potah rozepn\u011bte a dejte do pra\u010dky, aby v\u00e1\u0161 pol\u0161t\u00e1\u0159 vypadal jako nov\u00fd. Praktick\u00e1 bo\u010dn\u00ed kapsa nav\u00edc umo\u017e\u0148uje m\u00edt d\u00e1lkov\u00fd ovlada\u010d nebo jin\u00e9 mal\u00e9 p\u0159edm\u011bty po ruce.<\/p>\n<p>Ale neberte n\u00e1s jen za slovo. Zde je n\u011bkolik koment\u00e1\u0159\u016f od spokojen\u00fdch z\u00e1kazn\u00edk\u016f:<\/p>\n<p>- &quot;Tento pol\u0161t\u00e1\u0159 je tak pohodln\u00fd, nem\u016f\u017eu uv\u011b\u0159it, \u017ee jsem bez n\u011bj n\u011bkdy \u017eil!&quot;<br \/>\n- &quot;Tkanina je m\u011bkk\u00e1 a luxusn\u00ed a samotn\u00fd pol\u0161t\u00e1\u0159 je velmi podp\u016frn\u00fd.&quot;<br \/>\n\u2013 \u201eMiluji mo\u017enosti velikosti \u2013 dok\u00e1zal jsem naj\u00edt takovou, kter\u00e1 se perfektn\u011b hod\u00ed k m\u00e9 kr\u00e1lovsk\u00e9 posteli.\u201c<br \/>\n- &quot;\u010cerven\u00e1 barva je z\u00e1\u0159iv\u00e1 a vypad\u00e1 skv\u011ble v m\u00e9 lo\u017enici.&quot;<br \/>\n\u2013 \u201eKapsa m\u011bn\u00ed hru \u2013 je tak pohodln\u00e9 m\u00edt d\u00e1lkov\u00fd ovlada\u010d na dosah.\u201c<\/p>\n<p>Tento velk\u00fd pol\u0161t\u00e1\u0159 na \u010delo, kter\u00fd je k dispozici ve velikostech od 45 cm do 200 cm, je perfektn\u00edm dopl\u0148kem do va\u0161\u00ed lo\u017enice nebo ob\u00fdvac\u00edho pokoje. Ne\u010dekejte, objednejte si sv\u016fj je\u0161t\u011b dnes a za\u017eijte maxim\u00e1ln\u00ed komfort a pohodl\u00ed!<\/p>","protected":false},"excerpt":{"rendered":"<ul>\n<li><strong>Maxim\u00e1ln\u00ed pohodl\u00ed:<\/strong> N\u00e1\u0161 pol\u0161t\u00e1\u0159 na \u010delo je navr\u017een tak, aby v\u00e1m poskytl maxim\u00e1ln\u00ed pohodl\u00ed p\u0159i \u010dten\u00ed, sledov\u00e1n\u00ed televize nebo sp\u00e1nku. Je ide\u00e1ln\u00ed do postele, na pohovku, na v\u00e1lendu a dal\u0161\u00ed!<\/li>\n<li><strong>Multifunk\u010dn\u00ed design:<\/strong> N\u00e1\u0161 velk\u00fd podhlavn\u00edk lze pou\u017e\u00edt mnoha zp\u016fsoby \u2013 jako op\u011brn\u00fd pol\u0161t\u00e1\u0159 na \u010dten\u00ed, dlouh\u00fd kl\u00ednov\u00fd pol\u0161t\u00e1\u0159 nebo pol\u0161t\u00e1\u0159 na nohy pro zvednut\u00ed nohou. Je stylov\u00fd a funk\u010dn\u00ed, tak\u017ee je skv\u011bl\u00fdm dopl\u0148kem ka\u017ed\u00e9 lo\u017enice.<\/li>\n<li><strong>Pr\u00e9miov\u00e9 materi\u00e1ly:<\/strong> N\u00e1\u0161 povlak na pol\u0161t\u00e1\u0159 je vyroben z polyesteru 100% s protkanou texturou a vynikaj\u00edc\u00edmi stehy, kter\u00e9 jsou robustn\u00ed v\u0161ude kolem. Polstrov\u00e1n\u00ed je vyrobeno z vysoce kvalitn\u00edch polyesterov\u00fdch vl\u00e1ken o vysok\u00e9 hustot\u011b, kter\u00e9 zabra\u0148uj\u00ed proh\u00fdb\u00e1n\u00ed i po m\u011bs\u00edc\u00edch pou\u017e\u00edv\u00e1n\u00ed.<\/li>\n<li><strong>Snadno se \u010dist\u00ed:<\/strong> Povlak na pol\u0161t\u00e1\u0159 je p\u0159ipevn\u011bn k pol\u0161t\u00e1\u0159i pomoc\u00ed knofl\u00edk\u016f a lze jej snadno sejmout pomoc\u00ed jednoduch\u00e9ho zipu. Sta\u010d\u00ed sundat potah a rychle vyprat v pra\u010dce, aby v\u00e1\u0161 pol\u0161t\u00e1\u0159 vypadal jako nov\u00fd.<\/li>\n<li><strong>Dokonal\u00e1 \u00falo\u017en\u00e1 kapsa:<\/strong> N\u00e1\u0161 pol\u0161t\u00e1\u0159 na \u010delo m\u00e1 pohodlnou bo\u010dn\u00ed kapsu, kter\u00e1 zajist\u00ed, \u017ee u\u017e nikdy neztrat\u00edte d\u00e1lkov\u00fd ovlada\u010d.<\/li>\n<li><strong>Tkanina:<\/strong>\u00a0Sm\u011bs polyesteru a lnu.<\/li>\n<li><strong>Velikost:<\/strong> 45 cm (D45 x \u016020 x V50 | 0 tla\u010d\u00edtek), 60 cm (D60 x \u016020 x V50 | 0 tla\u010d\u00edtek), 80 cm (D80 x \u016020 x V50 | 2 tla\u010d\u00edtka), 100 cm (D100 x \u016020 x V50 | 3 tla\u010d\u00edtka), 120 cm ( D120 x \u016020 x V50 | 4 tla\u010d\u00edtka), 140 cm (D140 x \u016020 x V50 | 4 tla\u010d\u00edtka), 160 cm (D160 x \u016020 x V50 | 5 tla\u010d\u00edtek), 180 cm (D180 x \u016020 x V50 | 6 tla\u010d\u00edtek), 200 cm (L200 x \u016020 x V50 | 7 tla\u010d\u00edtek).<\/li>\n<\/ul>","protected":false},"featured_media":722,"comment_status":"open","ping_status":"closed","template":"","meta":[],"product_brand":[],"product_cat":[15],"product_tag":[66,75,168,163,184,59],"class_list":{"0":"post-735","1":"product","2":"type-product","3":"status-publish","4":"has-post-thumbnail","6":"product_cat-large-wedge-pillow","7":"product_tag-back-support-pillow","8":"product_tag-daybed-pillow","9":"product_tag-headboard-pillow","10":"product_tag-leg-pillow","11":"product_tag-long-wedge-pillow","12":"product_tag-reading-pillow","14":"first","15":"instock","16":"featured","17":"shipping-taxable","18":"purchasable","19":"product-type-variable"},"_links":{"self":[{"href":"https:\/\/www.largepillow.com\/cs\/wp-json\/wp\/v2\/product\/735","targetHints":{"allow":["GET"]}}],"collection":[{"href":"https:\/\/www.largepillow.com\/cs\/wp-json\/wp\/v2\/product"}],"about":[{"href":"https:\/\/www.largepillow.com\/cs\/wp-json\/wp\/v2\/types\/product"}],"replies":[{"embeddable":true,"href":"https:\/\/www.largepillow.com\/cs\/wp-json\/wp\/v2\/comments?post=735"}],"wp:featuredmedia":[{"embeddable":true,"href":"https:\/\/www.largepillow.com\/cs\/wp-json\/wp\/v2\/media\/722"}],"wp:attachment":[{"href":"https:\/\/www.largepillow.com\/cs\/wp-json\/wp\/v2\/media?parent=735"}],"wp:term":[{"taxonomy":"product_brand","embeddable":true,"href":"https:\/\/www.largepillow.com\/cs\/wp-json\/wp\/v2\/product_brand?post=735"},{"taxonomy":"product_cat","embeddable":true,"href":"https:\/\/www.largepillow.com\/cs\/wp-json\/wp\/v2\/product_cat?post=735"},{"taxonomy":"product_tag","embeddable":true,"href":"https:\/\/www.largepillow.com\/cs\/wp-json\/wp\/v2\/product_tag?post=735"}],"curies":[{"name":"wp","href":"https:\/\/api.w.org\/{rel}","templated":true}]}}