{"id":7541,"date":"2025-05-19T02:51:40","date_gmt":"2025-05-19T02:51:40","guid":{"rendered":"https:\/\/www.largepillow.com\/product\/cloud-shaped-dog-cat-bed-with-removable-cover-easy-clean"},"modified":"2025-05-19T04:14:09","modified_gmt":"2025-05-19T04:14:09","slug":"pelisek-pro-psy-a-kocky-ve-tvaru-mraku-s-odnimatelnym-potahem-snadno-se-cisti","status":"publish","type":"product","link":"https:\/\/www.largepillow.com\/cs\/product\/cloud-shaped-dog-cat-bed-with-removable-cover-easy-clean\/","title":{"rendered":"Pel\u00ed\u0161ek pro psy a ko\u010dky ve tvaru mraku s odn\u00edmateln\u00fdm potahem, snadno se \u010dist\u00ed"},"content":{"rendered":"[zc_getpagecontent mb=&#8221;mb_aplus&#8221; apid=&#8221;127&#8243;]\n","protected":false},"excerpt":{"rendered":"<ul>\n<li>Elegantn\u00ed design s oblaky: Tento ps\u00ed pel\u00ed\u0161ek st\u0159edn\u00ed velikosti se py\u0161n\u00ed okouzluj\u00edc\u00edm designem inspirovan\u00fdm oblaky, kter\u00fd nejen zachycuje podstatu p\u0159irozen\u00e9ho odpo\u010dinku dom\u00e1c\u00edho mazl\u00ed\u010dka na obloze, ale tak\u00e9 slou\u017e\u00ed jako p\u0159\u00edjemn\u00fd dopl\u0148kov\u00fd prvek ve va\u0161\u00ed dom\u00e1cnosti; Jeho m\u011bkk\u00e9, nepravideln\u00e9 okraje napodobuj\u00ed nad\u00fdchan\u00fd vzhled skute\u010dn\u00e9ho oblaku a poskytuj\u00ed vizu\u00e1ln\u011b p\u0159ita\u017eliv\u00fd a p\u0159\u00edjemn\u00fd prostor pro odpo\u010dinek va\u0161eho mazl\u00ed\u010dka.<\/li>\n<li>Pohodl\u00ed a opora: Pel\u00ed\u0161ek je vyroben z houbovit\u00e9 z\u00e1kladny s vysokou hustotou a vysokou oporou a nab\u00edz\u00ed t\u011blu va\u0161eho mazl\u00ed\u010dka pevnou, ale pohodlnou oporu; Okoln\u00ed pol\u0161t\u00e1\u0159 je vypln\u011bn m\u011bkkou PP bavlnou, kter\u00e1 nejen p\u0159isp\u00edv\u00e1 k celkov\u00e9mu pohodl\u00ed, ale tak\u00e9 poskytuje jemn\u00fd pol\u0161t\u00e1\u0159 po okraj\u00edch, d\u00edky \u010demu\u017e se v\u00e1\u0161 mazl\u00ed\u010dek c\u00edt\u00ed bezpe\u010dn\u011b a pohodln\u011b.<\/li>\n<li>Odoln\u00e1 s protiskluzovou z\u00e1kladnou: Pel\u00ed\u0161ek je vyroben z odoln\u00e9, m\u011bkk\u00e9 b\u00edl\u00e9 l\u00e1tky, kterou lze snadno sundat, vyprat a udr\u017eovat, zat\u00edmco protiskluzov\u00e1 spodn\u00ed strana zaji\u0161\u0165uje, \u017ee pel\u00ed\u0161ek z\u016fstane na m\u00edst\u011b i na hladk\u00e9 podlaze, \u010d\u00edm\u017e se sni\u017euje riziko, \u017ee ho v\u00e1\u0161 mazl\u00ed\u010dek bude b\u011bhem pou\u017e\u00edv\u00e1n\u00ed tla\u010dit nebo klouzat.<\/li>\n<li>Dostatek prostoru pro v\u00edce dom\u00e1c\u00edch mazl\u00ed\u010dk\u016f: Tento ps\u00ed pel\u00ed\u0161ek ve tvaru mraku, navr\u017een\u00fd s velkorys\u00fdm vnit\u0159n\u00edm prostorem 80 \u00d7 40 centimetr\u016f, je dostate\u010dn\u011b prostorn\u00fd pro pohodln\u00e9 ubytov\u00e1n\u00ed jednoho st\u0159edn\u011b velk\u00e9ho psa nebo a\u017e t\u0159\u00ed mal\u00fdch ps\u016f, co\u017e z n\u011bj \u010din\u00ed vynikaj\u00edc\u00ed volbu pro majitele v\u00edce dom\u00e1c\u00edch mazl\u00ed\u010dk\u016f, kte\u0159\u00ed cht\u011bj\u00ed ka\u017ed\u00e9mu z nich poskytnout pohodln\u00fd a sd\u00edlen\u00fd odpo\u010dinkov\u00fd prostor.<\/li>\n<li>V\u0161estrann\u00fd a stylov\u00fd: D\u00edky sv\u00e9mu estetick\u00e9ho vzhledu a praktick\u00e9mu designu je vhodn\u00fd pro um\u00edst\u011bn\u00ed v jak\u00e9koli m\u00edstnosti domu, v\u010detn\u011b ob\u00fdvac\u00edch pokoj\u016f, lo\u017enic a dokonce i sluncem zalit\u00fdch balkon\u016f, ani\u017e by do\u0161lo ke kompromis\u016fm v oblasti stylu nebo pohodl\u00ed.<\/li>\n<\/ul>","protected":false},"featured_media":7532,"comment_status":"open","ping_status":"closed","template":"","meta":[],"product_brand":[],"product_cat":[227],"product_tag":[],"class_list":{"0":"post-7541","1":"product","2":"type-product","3":"status-publish","4":"has-post-thumbnail","6":"product_cat-pet-supplies","8":"first","9":"outofstock","10":"shipping-taxable","11":"purchasable","12":"product-type-simple"},"_links":{"self":[{"href":"https:\/\/www.largepillow.com\/cs\/wp-json\/wp\/v2\/product\/7541","targetHints":{"allow":["GET"]}}],"collection":[{"href":"https:\/\/www.largepillow.com\/cs\/wp-json\/wp\/v2\/product"}],"about":[{"href":"https:\/\/www.largepillow.com\/cs\/wp-json\/wp\/v2\/types\/product"}],"replies":[{"embeddable":true,"href":"https:\/\/www.largepillow.com\/cs\/wp-json\/wp\/v2\/comments?post=7541"}],"wp:featuredmedia":[{"embeddable":true,"href":"https:\/\/www.largepillow.com\/cs\/wp-json\/wp\/v2\/media\/7532"}],"wp:attachment":[{"href":"https:\/\/www.largepillow.com\/cs\/wp-json\/wp\/v2\/media?parent=7541"}],"wp:term":[{"taxonomy":"product_brand","embeddable":true,"href":"https:\/\/www.largepillow.com\/cs\/wp-json\/wp\/v2\/product_brand?post=7541"},{"taxonomy":"product_cat","embeddable":true,"href":"https:\/\/www.largepillow.com\/cs\/wp-json\/wp\/v2\/product_cat?post=7541"},{"taxonomy":"product_tag","embeddable":true,"href":"https:\/\/www.largepillow.com\/cs\/wp-json\/wp\/v2\/product_tag?post=7541"}],"curies":[{"name":"wp","href":"https:\/\/api.w.org\/{rel}","templated":true}]}}