{"id":7579,"date":"2025-05-19T04:00:06","date_gmt":"2025-05-19T04:00:06","guid":{"rendered":"https:\/\/www.largepillow.com\/product\/high-side-washable-calming-beds-for-dogs-cats"},"modified":"2026-02-05T21:14:43","modified_gmt":"2026-02-05T21:14:43","slug":"pratelne-uklidnujici-pelisky-s-vysokymi-boky-pro-psy-a-kocky","status":"publish","type":"product","link":"https:\/\/www.largepillow.com\/cs\/product\/high-side-washable-calming-beds-for-dogs-cats\/","title":{"rendered":"Prateln\u00e9 uklid\u0148uj\u00edc\u00ed pel\u00ed\u0161ky High-Side pro psy a ko\u010dky"},"content":{"rendered":"[zc_getpagecontent mb=&#8221;mb_aplus&#8221; apid=&#8221;121&#8243;]\n","protected":false},"excerpt":{"rendered":"<ul>\n<li>Vysok\u00e9 bo\u010dnice pro maxim\u00e1ln\u00ed bezpe\u010dnost \u2013 Tento pel\u00ed\u0161ek proti \u00fazkosti s vysok\u00fdmi pol\u0161t\u00e1\u0159i vytv\u00e1\u0159\u00ed \u00fatuln\u00fd a bezpe\u010dn\u00fd prostor pro va\u0161e mal\u00e9 psy a ko\u0165ata. Vyv\u00fd\u0161en\u00e9 st\u011bny nab\u00edzej\u00ed pocit pohodl\u00ed a napodobuj\u00ed v\u0159el\u00e9 objet\u00ed, co\u017e pom\u00e1h\u00e1 dom\u00e1c\u00edm mazl\u00ed\u010dk\u016fm c\u00edtit se bezpe\u010dn\u011b a uvoln\u011bn\u011b a podporuje hlub\u0161\u00ed a klidn\u011bj\u0161\u00ed sp\u00e1nek.<\/li>\n<li>Hlubok\u00fd sp\u00e1nek a uklid\u0148uj\u00edc\u00ed \u00fa\u010dinek \u2013 Tento uklid\u0148uj\u00edc\u00ed pel\u00ed\u0161ek pro psy, vyroben\u00fd pro podporu hlubok\u00e9ho a neru\u0161en\u00e9ho sp\u00e1nku, je ide\u00e1ln\u00ed pro dom\u00e1c\u00ed mazl\u00ed\u010dky, kte\u0159\u00ed pot\u0159ebuj\u00ed klidn\u00e9 m\u00edsto k odpo\u010dinku. M\u011bkk\u00e9 a ply\u0161ov\u00e9 materi\u00e1ly v kombinaci s vysok\u00fdmi boky uklid\u0148uj\u00ed \u00fazkostliv\u00e9 mazl\u00ed\u010dky, co\u017e z n\u011bj \u010din\u00ed ide\u00e1ln\u00ed volbu pro ty, kte\u0159\u00ed jsou n\u00e1chyln\u00ed ke stresu nebo hyperaktivit\u011b.<\/li>\n<li>Prateln\u00fd pro bezprobl\u00e9movou \u00fadr\u017ebu \u2013 Pohodln\u00fd pel\u00ed\u0161ek je dod\u00e1v\u00e1n s odn\u00edmateln\u00fdm a prateln\u00fdm potahem, kter\u00fd zaji\u0161\u0165uje snadn\u00e9 \u010di\u0161t\u011bn\u00ed a hygienick\u00e9 prost\u0159ed\u00ed pro va\u0161e chlupat\u00e9 kamar\u00e1dy. Jednodu\u0161e sejm\u011bte potah a vho\u010fte ho do pra\u010dky, aby pel\u00ed\u0161ek z\u016fstal sv\u011b\u017e\u00ed a bez ne\u010distot, chlup\u016f a pach\u016f.<\/li>\n<li>Ide\u00e1ln\u00ed pro mal\u00e9 psy a ko\u0165ata \u2013 Tato pel\u00ed\u0161ek, navr\u017een\u00e1 s ohledem na mal\u00e9 psy a ko\u0165ata, nab\u00edz\u00ed p\u0159esn\u011b to spr\u00e1vn\u00e9 mno\u017estv\u00ed prostoru k relaxaci a schoulen\u00ed se v klub\u00ed\u010dku. D\u00edky sv\u00fdm kompaktn\u00edm rozm\u011br\u016fm je vhodn\u00fd do r\u016fzn\u00fdch obytn\u00fdch prostor, a\u0165 u\u017e je to \u00fatuln\u00fd koutek v lo\u017enici nebo m\u00edsto v ob\u00fdvac\u00edm pokoji.<\/li>\n<li>Robustn\u00ed a odoln\u00e1 konstrukce \u2013 Tento pel\u00ed\u0161ek pro dom\u00e1c\u00ed mazl\u00ed\u010dky je vyroben z vysoce kvalitn\u00edch materi\u00e1l\u016f, v\u010detn\u011b robustn\u00ed z\u00e1kladny z houbov\u00e9ho pol\u0161t\u00e1\u0159e a odoln\u00fdch sametov\u00fdch bok\u016f, tak\u017ee je vyroben tak, aby vydr\u017eel; Protiskluzov\u00e9 dno udr\u017euje pel\u00ed\u0161ek na m\u00edst\u011b a zabra\u0148uje jeho posouv\u00e1n\u00ed p\u0159i pohybu va\u0161eho mazl\u00ed\u010dka, co\u017e zaji\u0161\u0165uje dlouhodob\u00e9 pou\u017e\u00edv\u00e1n\u00ed a stabilitu.<\/li>\n<li>Odn\u00edmateln\u00e1 podhlava pro p\u0159izp\u016fsobiteln\u00e9 pohodl\u00ed \u2013 Vysok\u00e1 podhlava tohoto pel\u00ed\u0161ku pro dom\u00e1c\u00ed mazl\u00ed\u010dky je prakticky odn\u00edmateln\u00e1, co\u017e v\u00e1m umo\u017e\u0148uje p\u0159izp\u016fsobit nastaven\u00ed pel\u00ed\u0161ku preferenc\u00edm va\u0161eho mazl\u00ed\u010dka; podhlavn\u00edk se bezpe\u010dn\u011b p\u0159ipev\u0148uje k z\u00e1kladn\u00ed podlo\u017ece. Po odejmut\u00ed lze z\u00e1kladn\u00ed podlo\u017eku pou\u017e\u00edvat samostatn\u011b, co\u017e p\u0159edstavuje v\u0161estrannou mo\u017enost pro r\u016fzn\u00e9 pot\u0159eby va\u0161eho mazl\u00ed\u010dka.<\/li>\n<\/ul>","protected":false},"featured_media":7572,"comment_status":"open","ping_status":"closed","template":"","meta":[],"product_brand":[],"product_cat":[227],"product_tag":[],"class_list":{"0":"post-7579","1":"product","2":"type-product","3":"status-publish","4":"has-post-thumbnail","6":"product_cat-pet-supplies","8":"first","9":"instock","10":"shipping-taxable","11":"purchasable","12":"product-type-simple"},"_links":{"self":[{"href":"https:\/\/www.largepillow.com\/cs\/wp-json\/wp\/v2\/product\/7579","targetHints":{"allow":["GET"]}}],"collection":[{"href":"https:\/\/www.largepillow.com\/cs\/wp-json\/wp\/v2\/product"}],"about":[{"href":"https:\/\/www.largepillow.com\/cs\/wp-json\/wp\/v2\/types\/product"}],"replies":[{"embeddable":true,"href":"https:\/\/www.largepillow.com\/cs\/wp-json\/wp\/v2\/comments?post=7579"}],"wp:featuredmedia":[{"embeddable":true,"href":"https:\/\/www.largepillow.com\/cs\/wp-json\/wp\/v2\/media\/7572"}],"wp:attachment":[{"href":"https:\/\/www.largepillow.com\/cs\/wp-json\/wp\/v2\/media?parent=7579"}],"wp:term":[{"taxonomy":"product_brand","embeddable":true,"href":"https:\/\/www.largepillow.com\/cs\/wp-json\/wp\/v2\/product_brand?post=7579"},{"taxonomy":"product_cat","embeddable":true,"href":"https:\/\/www.largepillow.com\/cs\/wp-json\/wp\/v2\/product_cat?post=7579"},{"taxonomy":"product_tag","embeddable":true,"href":"https:\/\/www.largepillow.com\/cs\/wp-json\/wp\/v2\/product_tag?post=7579"}],"curies":[{"name":"wp","href":"https:\/\/api.w.org\/{rel}","templated":true}]}}