{"id":759,"date":"2022-09-16T07:57:41","date_gmt":"2022-09-16T07:57:41","guid":{"rendered":"https:\/\/www.largepillow.com\/product\/wedge-pillow-for-acid-reflux_37_38"},"modified":"2026-02-07T07:41:51","modified_gmt":"2026-02-07T07:41:51","slug":"velky-celni-polstar-polstar","status":"publish","type":"product","link":"https:\/\/www.largepillow.com\/cs\/product\/large-headboard-cushion","title":{"rendered":"Velk\u00fd pol\u0161t\u00e1\u0159 na \u010delo"},"content":{"rendered":"<p>Objevte pohodl\u00ed s velk\u00fdm pol\u0161t\u00e1\u0159em na \u010delo<\/p>\n<p>Pokud v posteli r\u00e1di \u010dtete nebo se d\u00edv\u00e1te na televizi, ale sna\u017e\u00edte se z\u00edskat pohodl\u00ed, velk\u00fd pol\u0161t\u00e1\u0159 na \u010delo postele je perfektn\u00edm \u0159e\u0161en\u00edm. Tento nadrozm\u011brn\u00fd pol\u0161t\u00e1\u0159 prom\u011bn\u00ed va\u0161i postel v relaxa\u010dn\u00ed o\u00e1zu. <\/p>\n<p>D\u00edky sv\u00e9mu zak\u0159iven\u00e9mu tvaru a zv\u00fd\u0161en\u00e9mu dvou\u0159ad\u00e9mu designu op\u011bradla v\u00e1s pol\u0161t\u00e1\u0159 Large Headboard Cushion pojme ply\u0161ovou oporou. Polyesterov\u00fd potah 100% a vysoce odoln\u00e1 vl\u00e1knit\u00e1 v\u00fdpl\u0148 nab\u00edzej\u00ed m\u011bkkost, kter\u00e1 vydr\u017e\u00ed. Jak \u0159ekl jeden z\u00e1kazn\u00edk: &quot;Tento pol\u0161t\u00e1\u0159 je extr\u00e9mn\u011b pohodln\u00fd a poskytuje skv\u011blou oporu zad p\u0159i sezen\u00ed v posteli.&quot;<\/p>\n<p>Bez ohledu na to, jak r\u00e1di relaxujete, pol\u0161t\u00e1\u0159 Large Headboard Cushion v\u00e1s pokryje. Pou\u017e\u00edvejte jej ve vzp\u0159\u00edmen\u00e9 poloze jako op\u011bradlo pro \u010dten\u00ed, op\u0159ete se o n\u011bj, abyste mohli sledovat filmy bez pou\u017eit\u00ed rukou, nebo si jej um\u00edst\u011bte pod nohy pro v\u011bt\u0161\u00ed pohodl\u00ed. Jeden recenzent poznamenal: \u201eL\u00edb\u00ed se mi, \u017ee m\u00e1m mo\u017enost to pou\u017e\u00edvat tolika r\u016fzn\u00fdmi zp\u016fsoby.\u201c  <\/p>\n<p>Tento v\u0161estrann\u00fd pol\u0161t\u00e1\u0159 m\u00e1 tak\u00e9 bo\u010dn\u00ed kapsy pro ulo\u017een\u00ed ovlada\u010d\u016f, knih a za\u0159\u00edzen\u00ed na dosah ruky. Dod\u00e1v\u00e1 se v \u0159ad\u011b velikost\u00ed od 100 cm do 200 cm \u0161\u00ed\u0159ky, aby se ve\u0161la do ka\u017ed\u00e9 postele. Odn\u00edmateln\u00fd potah usnad\u0148uje \u010di\u0161t\u011bn\u00ed \u2013 sta\u010d\u00ed rozepnout zip a vyprat v pra\u010dce.<\/p>\n<p>D\u00edky vynikaj\u00edc\u00edmu pohodl\u00ed a \u0159emesln\u00e9mu zpracov\u00e1n\u00ed je velk\u00fd pol\u0161t\u00e1\u0159 na \u010delo postele pot\u011b\u0161it. Z\u00e1kazn\u00edk \u0161\u00edlel: &quot;Tento pol\u0161t\u00e1\u0159 d\u011bl\u00e1 z leno\u0161en\u00ed v posteli tak luxusn\u00ed z\u00e1\u017eitek!&quot;<\/p>\n<p>Pozvedn\u011bte svou relaxaci pomoc\u00ed v\u00edce\u00fa\u010delov\u00e9ho pohodl\u00ed pol\u0161t\u00e1\u0159e Large Headboard Cushion. Objednejte si sv\u016fj je\u0161t\u011b dnes!<\/p>","protected":false},"excerpt":{"rendered":"<ul>\n<li><strong>Maxim\u00e1ln\u00ed pohodl\u00ed:<\/strong> Tento xl zv\u00fd\u0161en\u00fd pol\u0161t\u00e1\u0159 na \u010delo nab\u00edz\u00ed vynikaj\u00edc\u00ed pohodl\u00ed d\u00edky sv\u00e9mu zak\u0159iven\u00e9mu tvaru. Tento pol\u0161t\u00e1\u0159 na \u010dten\u00ed na \u010delo postele v\u00e1m pom\u016f\u017ee z\u016fstat bez nap\u011bt\u00ed na pohovce nebo pohovce, co\u017e je ide\u00e1ln\u00ed pro pracuj\u00edc\u00ed no\u010dn\u00ed sovy, knihomoly a sledov\u00e1n\u00ed televize v posteli.<\/li>\n<li><strong>Design zv\u00fd\u0161en\u00e9 op\u011brky zad:<\/strong> U\u017eijte si bezkonkuren\u010dn\u00ed pohodl\u00ed s jedine\u010dn\u00fdm dvou\u0159ad\u00fdm designem zv\u00fd\u0161en\u00e9ho op\u011bradla na\u0161eho pol\u0161t\u00e1\u0159e na \u010delo. Pol\u0161t\u00e1\u0159 vyv\u00fd\u0161en\u00e9ho op\u011bradla poskytuje vynikaj\u00edc\u00ed oporu pro v\u00e1\u0161 krk a z\u00e1da, tak\u017ee je ide\u00e1ln\u00edm m\u00edstem pro odpo\u010dinek a \u010dten\u00ed v posteli.<\/li>\n<li><strong>Multifunk\u010dn\u00ed pol\u0161t\u00e1\u0159:<\/strong> D\u00edky t\u0159em r\u016fzn\u00fdm zp\u016fsob\u016fm pou\u017eit\u00ed je n\u00e1\u0161 pol\u0161t\u00e1\u0159 perfektn\u00ed pro ka\u017edou situaci. A\u0165 u\u017e jej rad\u011bji pou\u017e\u00edv\u00e1te jako vzp\u0159\u00edmen\u00fd pol\u0161t\u00e1\u0159 na z\u00e1da, kl\u00ednov\u00fd pol\u0161t\u00e1\u0159 nebo pol\u0161t\u00e1\u0159 na nohy pro zv\u00fd\u0161enou oporu, je to ide\u00e1ln\u00ed dopln\u011bk pro pohodln\u00fd odpo\u010dinek a relaxaci.<\/li>\n<li><strong>\u0160pi\u010dkov\u00e9 \u0159emesln\u00e9 zpracov\u00e1n\u00ed:<\/strong> N\u00e1\u0161 pol\u0161t\u00e1\u0159 na \u010delo je vyroben z tkaniny ln\u011bn\u00e9ho vzhledu, jej\u00ed\u017e slo\u017een\u00ed je polyester 100%, je vypln\u011bno ekologicky \u0161etrnou a vysoce odolnou v\u00fdpln\u00ed z polyesterov\u00fdch vl\u00e1ken. Odn\u00edmateln\u00fd polstrovan\u00fd pol\u0161t\u00e1\u0159 lze snadno pr\u00e1t v pra\u010dce, zat\u00edmco mal\u00e9 bo\u010dn\u00ed kapsy dod\u00e1vaj\u00ed tomuto ji\u017e tak luxusn\u00edmu produktu prakti\u010dnost.<\/li>\n<li><strong>Snadno omyvateln\u00e9:<\/strong> Povlak na pol\u0161t\u00e1\u0159 je p\u0159ipevn\u011bn k vnit\u0159ku pol\u0161t\u00e1\u0159e pomoc\u00ed knofl\u00edk\u016f a lze jej snadno sejmout pomoc\u00ed jednoduch\u00e9ho zipu. D\u00edky tomu je jeho \u010di\u0161t\u011bn\u00ed bezprobl\u00e9mov\u00e9. Sta\u010d\u00ed sundat potah a rychle vyprat v pra\u010dce, aby v\u00e1\u0161 pol\u0161t\u00e1\u0159 vypadal jako nov\u00fd.<\/li>\n<li><strong>Velikost:<\/strong> 100cm (D100 x \u016026 x V55 | 3 sloupkov\u00e1 tla\u010d\u00edtka), 120cm (D120 x \u016026 x V55 | 4 sloupkov\u00e1 tla\u010d\u00edtka), 140cm (D140 x \u016026 x V55 | 4 sloupcov\u00e1 tla\u010d\u00edtka), 160cm (D160 x \u016026 x V55 | ), 180 cm (D180 x \u016026 x V55 | 6 sloupcov\u00fdch tla\u010d\u00edtek), 200 cm (D200 x \u016026 x V55 | 7 sloupkov\u00fdch tla\u010d\u00edtek).<\/li>\n<\/ul>","protected":false},"featured_media":745,"comment_status":"open","ping_status":"closed","template":"","meta":[],"product_brand":[],"product_cat":[15],"product_tag":[66,164,161,171,143,59,162],"class_list":{"0":"post-759","1":"product","2":"type-product","3":"status-publish","4":"has-post-thumbnail","6":"product_cat-large-wedge-pillow","7":"product_tag-back-support-pillow","8":"product_tag-detachable-bolster-bed-cushion","9":"product_tag-elevated-headboard-pillow","10":"product_tag-large-headboard-cushion","11":"product_tag-multifunctional-pillow","12":"product_tag-reading-pillow","13":"product_tag-upright-back-pillow","15":"first","16":"instock","17":"featured","18":"shipping-taxable","19":"purchasable","20":"product-type-variable"},"_links":{"self":[{"href":"https:\/\/www.largepillow.com\/cs\/wp-json\/wp\/v2\/product\/759","targetHints":{"allow":["GET"]}}],"collection":[{"href":"https:\/\/www.largepillow.com\/cs\/wp-json\/wp\/v2\/product"}],"about":[{"href":"https:\/\/www.largepillow.com\/cs\/wp-json\/wp\/v2\/types\/product"}],"replies":[{"embeddable":true,"href":"https:\/\/www.largepillow.com\/cs\/wp-json\/wp\/v2\/comments?post=759"}],"wp:featuredmedia":[{"embeddable":true,"href":"https:\/\/www.largepillow.com\/cs\/wp-json\/wp\/v2\/media\/745"}],"wp:attachment":[{"href":"https:\/\/www.largepillow.com\/cs\/wp-json\/wp\/v2\/media?parent=759"}],"wp:term":[{"taxonomy":"product_brand","embeddable":true,"href":"https:\/\/www.largepillow.com\/cs\/wp-json\/wp\/v2\/product_brand?post=759"},{"taxonomy":"product_cat","embeddable":true,"href":"https:\/\/www.largepillow.com\/cs\/wp-json\/wp\/v2\/product_cat?post=759"},{"taxonomy":"product_tag","embeddable":true,"href":"https:\/\/www.largepillow.com\/cs\/wp-json\/wp\/v2\/product_tag?post=759"}],"curies":[{"name":"wp","href":"https:\/\/api.w.org\/{rel}","templated":true}]}}