{"id":802,"date":"2022-09-17T13:48:56","date_gmt":"2022-09-17T13:48:56","guid":{"rendered":"https:\/\/www.largepillow.com\/product\/wedge-pillow-for-acid-reflux_37_38_39_40"},"modified":"2026-03-13T16:55:31","modified_gmt":"2026-03-13T16:55:31","slug":"klin-podhlavnik-polstar","status":"publish","type":"product","link":"https:\/\/www.largepillow.com\/cs\/product\/wedge-bolster-pillow","title":{"rendered":"Pol\u0161t\u00e1\u0159 s kl\u00ednov\u00fdm podhlavn\u00edkem"},"content":{"rendered":"<p>Ultim\u00e1tn\u00ed pohodln\u00fd pol\u0161t\u00e1\u0159 s kl\u00ednov\u00fdm podhlavn\u00edkem<\/p>\n<p>Hled\u00e1te perfektn\u00ed pol\u0161t\u00e1\u0159 na \u010dten\u00ed nebo sledov\u00e1n\u00ed televize? Dovolte n\u00e1m, abychom v\u00e1m p\u0159edstavili pol\u0161t\u00e1\u0159 Wedge Bolster Pillow \u2013 ultim\u00e1tn\u00ed zv\u00fd\u0161en\u00fd pol\u0161t\u00e1\u0159 na \u010delo pro vynikaj\u00edc\u00ed pohodl\u00ed a podporu.<\/p>\n<p>D\u00edky sv\u00e9mu zak\u0159iven\u00e9mu tvaru a dvou\u0159ad\u00e9mu designu se zv\u00fd\u0161en\u00fdm op\u011bradlem tento XL pol\u0161t\u00e1\u0159 spr\u00e1vn\u011b podp\u00edr\u00e1 v\u00e1\u0161 krk a z\u00e1da p\u0159i sezen\u00ed v posteli. Multifunk\u010dn\u00ed design skv\u011ble funguje jako vzp\u0159\u00edmen\u00fd pol\u0161t\u00e1\u0159 na z\u00e1da, kl\u00ednov\u00fd pol\u0161t\u00e1\u0159 nebo pol\u0161t\u00e1\u0159 na nohy. <\/p>\n<p>L\u00e1tka je vyrobena z polyesteru 100% s v\u00fdpln\u00ed z polyesterov\u00fdch vl\u00e1ken \u0161etrn\u00fdch k \u017eivotn\u00edmu prost\u0159ed\u00ed a m\u00e1 ln\u011bn\u00fd vzhled, kter\u00fd se hod\u00ed do ka\u017ed\u00e9 lo\u017enice. Sn\u00edmateln\u00fd potah lze pr\u00e1t v pra\u010dce pro snadnou \u00fadr\u017ebu. Tento nadm\u011brn\u011b velk\u00fd pol\u0161t\u00e1\u0159 na \u010delo m\u00e1 tak\u00e9 mal\u00e9 bo\u010dn\u00ed kapsy na knihy, ovlada\u010de, telefony a dal\u0161\u00ed. <\/p>\n<p>Zde je to, co \u0159ekli n\u011bkte\u0159\u00ed z\u00e1kazn\u00edci:<\/p>\n<p>\u201eMiluji vzhled a dojem z tohoto kl\u00ednov\u00e9ho pol\u0161t\u00e1\u0159e. Ln\u011bn\u00e1 l\u00e1tka je velmi m\u011bkk\u00e1 a barva vypad\u00e1 skv\u011ble v m\u00e9 lo\u017enici.\u201c<\/p>\n<p>\u201eTento pol\u0161t\u00e1\u0159 na \u010dten\u00ed nab\u00edz\u00ed fantastickou podporu zad. Dok\u00e1\u017eu sed\u011bt v posteli cel\u00e9 hodiny bez bolesti krku nebo zad.\u201c<\/p>\n<p>\u201eVyv\u00fd\u0161en\u00fd design je ide\u00e1ln\u00ed pro \u010dten\u00ed nebo pr\u00e1ci na m\u00e9m notebooku v posteli. Je to skv\u011bl\u00e9 op\u011bradlo, kter\u00e9 m\u011b pohodln\u011b dr\u017e\u00ed ve vzp\u0159\u00edmen\u00e9 poloze.\u201c<\/p>\n<p>\u201eM\u00e1m velikost 160 cm a zab\u00edr\u00e1 mi celou hlavovou \u010d\u00e1st postele. Dost velk\u00fd na sezen\u00ed a sledov\u00e1n\u00ed film\u016f.\u201c<\/p>\n<p>S dostupn\u00fdmi d\u00e9lkami od 100 cm do 200 cm si jist\u011b najdete velikost pol\u0161t\u00e1\u0159e Wedge Bolster, kter\u00e1 se hod\u00ed do va\u0161eho prostoru. Dop\u0159ejte sv\u00fdm z\u00e1d\u016fm, krku a noh\u00e1m pohodl\u00ed, kter\u00e9 si zaslou\u017e\u00ed! Po\u0159i\u010fte si sv\u016fj multifunk\u010dn\u00ed pol\u0161t\u00e1\u0159 na \u010delo je\u0161t\u011b dnes.<\/p>","protected":false},"excerpt":{"rendered":"<ul>\n<li><strong>Maxim\u00e1ln\u00ed pohodl\u00ed:<\/strong> Tento xl zv\u00fd\u0161en\u00fd pol\u0161t\u00e1\u0159 na \u010delo nab\u00edz\u00ed vynikaj\u00edc\u00ed pohodl\u00ed d\u00edky sv\u00e9mu zak\u0159iven\u00e9mu tvaru. Tento pol\u0161t\u00e1\u0159 na \u010dten\u00ed na \u010delo postele v\u00e1m pom\u016f\u017ee z\u016fstat bez nap\u011bt\u00ed na pohovce nebo pohovce, co\u017e je ide\u00e1ln\u00ed pro pracuj\u00edc\u00ed no\u010dn\u00ed sovy, knihomoly a sledov\u00e1n\u00ed televize v posteli.<\/li>\n<li><strong>Design zv\u00fd\u0161en\u00e9 op\u011brky zad:<\/strong> U\u017eijte si bezkonkuren\u010dn\u00ed pohodl\u00ed s jedine\u010dn\u00fdm dvou\u0159ad\u00fdm designem zv\u00fd\u0161en\u00e9ho op\u011bradla na\u0161eho pol\u0161t\u00e1\u0159e na \u010delo. Pol\u0161t\u00e1\u0159 vyv\u00fd\u0161en\u00e9ho op\u011bradla poskytuje vynikaj\u00edc\u00ed oporu pro v\u00e1\u0161 krk a z\u00e1da, tak\u017ee je ide\u00e1ln\u00edm m\u00edstem pro odpo\u010dinek a \u010dten\u00ed v posteli.<\/li>\n<li><strong>Multifunk\u010dn\u00ed pol\u0161t\u00e1\u0159:<\/strong> D\u00edky t\u0159em r\u016fzn\u00fdm zp\u016fsob\u016fm pou\u017eit\u00ed je n\u00e1\u0161 pol\u0161t\u00e1\u0159 perfektn\u00ed pro ka\u017edou situaci. A\u0165 u\u017e jej rad\u011bji pou\u017e\u00edv\u00e1te jako vzp\u0159\u00edmen\u00fd pol\u0161t\u00e1\u0159 na z\u00e1da, kl\u00ednov\u00fd pol\u0161t\u00e1\u0159 nebo pol\u0161t\u00e1\u0159 na nohy pro zv\u00fd\u0161enou oporu, je to ide\u00e1ln\u00ed dopln\u011bk pro pohodln\u00fd odpo\u010dinek a relaxaci.<\/li>\n<li><strong>\u0160pi\u010dkov\u00e9 \u0159emesln\u00e9 zpracov\u00e1n\u00ed:<\/strong> N\u00e1\u0161 pol\u0161t\u00e1\u0159 na \u010delo je vyroben z tkaniny ln\u011bn\u00e9ho vzhledu, jej\u00ed\u017e slo\u017een\u00ed je polyester 100%, je vypln\u011bno ekologicky \u0161etrnou a vysoce odolnou v\u00fdpln\u00ed z polyesterov\u00fdch vl\u00e1ken. Odn\u00edmateln\u00fd polstrovan\u00fd pol\u0161t\u00e1\u0159 lze snadno pr\u00e1t v pra\u010dce, zat\u00edmco mal\u00e9 bo\u010dn\u00ed kapsy dod\u00e1vaj\u00ed tomuto ji\u017e tak luxusn\u00edmu produktu prakti\u010dnost.<\/li>\n<li><strong>Snadno omyvateln\u00e9:<\/strong> Povlak na pol\u0161t\u00e1\u0159 je p\u0159ipevn\u011bn k vnit\u0159ku pol\u0161t\u00e1\u0159e pomoc\u00ed knofl\u00edk\u016f a lze jej snadno sejmout pomoc\u00ed jednoduch\u00e9ho zipu. D\u00edky tomu je jeho \u010di\u0161t\u011bn\u00ed bezprobl\u00e9mov\u00e9. Sta\u010d\u00ed sundat potah a rychle vyprat v pra\u010dce, aby v\u00e1\u0161 pol\u0161t\u00e1\u0159 vypadal jako nov\u00fd.<\/li>\n<li><strong>Velikost:<\/strong> 100cm (D100 x \u016026 x V55 | 3 sloupkov\u00e1 tla\u010d\u00edtka), 120cm (D120 x \u016026 x V55 | 4 sloupkov\u00e1 tla\u010d\u00edtka), 140cm (D140 x \u016026 x V55 | 4 sloupcov\u00e1 tla\u010d\u00edtka), 160cm (D160 x \u016026 x V55 | ), 180 cm (D180 x \u016026 x V55 | 6 sloupcov\u00fdch tla\u010d\u00edtek), 200 cm (D200 x \u016026 x V55 | 7 sloupkov\u00fdch tla\u010d\u00edtek).<\/li>\n<\/ul>","protected":false},"featured_media":788,"comment_status":"open","ping_status":"closed","template":"","meta":[],"product_brand":[],"product_cat":[15],"product_tag":[164,161,168,163,143,169,162,167,65],"class_list":{"0":"post-802","1":"product","2":"type-product","3":"status-publish","4":"has-post-thumbnail","6":"product_cat-large-wedge-pillow","7":"product_tag-detachable-bolster-bed-cushion","8":"product_tag-elevated-headboard-pillow","9":"product_tag-headboard-pillow","10":"product_tag-leg-pillow","11":"product_tag-multifunctional-pillow","12":"product_tag-support-pillow","13":"product_tag-upright-back-pillow","14":"product_tag-wedge-bolster-pillow","15":"product_tag-wedge-pillow","17":"first","18":"instock","19":"shipping-taxable","20":"purchasable","21":"product-type-variable"},"_links":{"self":[{"href":"https:\/\/www.largepillow.com\/cs\/wp-json\/wp\/v2\/product\/802","targetHints":{"allow":["GET"]}}],"collection":[{"href":"https:\/\/www.largepillow.com\/cs\/wp-json\/wp\/v2\/product"}],"about":[{"href":"https:\/\/www.largepillow.com\/cs\/wp-json\/wp\/v2\/types\/product"}],"replies":[{"embeddable":true,"href":"https:\/\/www.largepillow.com\/cs\/wp-json\/wp\/v2\/comments?post=802"}],"wp:featuredmedia":[{"embeddable":true,"href":"https:\/\/www.largepillow.com\/cs\/wp-json\/wp\/v2\/media\/788"}],"wp:attachment":[{"href":"https:\/\/www.largepillow.com\/cs\/wp-json\/wp\/v2\/media?parent=802"}],"wp:term":[{"taxonomy":"product_brand","embeddable":true,"href":"https:\/\/www.largepillow.com\/cs\/wp-json\/wp\/v2\/product_brand?post=802"},{"taxonomy":"product_cat","embeddable":true,"href":"https:\/\/www.largepillow.com\/cs\/wp-json\/wp\/v2\/product_cat?post=802"},{"taxonomy":"product_tag","embeddable":true,"href":"https:\/\/www.largepillow.com\/cs\/wp-json\/wp\/v2\/product_tag?post=802"}],"curies":[{"name":"wp","href":"https:\/\/api.w.org\/{rel}","templated":true}]}}